{"id":749,"date":"2016-05-26T15:16:53","date_gmt":"2016-05-26T15:16:53","guid":{"rendered":"http:\/\/prueba2.com\/cefobi\/?page_id=749"},"modified":"2021-01-28T13:16:19","modified_gmt":"2021-01-28T16:16:19","slug":"historia","status":"publish","type":"page","link":"https:\/\/www.cefobi-conicet.gov.ar\/en\/historia\/","title":{"rendered":"About us"},"content":{"rendered":"<p>El CEFOBI es un instituto de investigaci\u00f3n b\u00e1sica y aplicada en el \u00e1rea de las ciencias biol\u00f3gicas. Fue creado en el a\u00f1o 1976 sobre la base del departamento de Bioqu\u00edmica de la Facultad de Ciencias Bioqu\u00edmicas y Farmac\u00e9uticas de la Universidad Nacional de Rosario por convenio entre \u00e9sta, el CONICET y la Fundaci\u00f3n Miguel Lillo. Dicho departamento fue organizado por una comisi\u00f3n de la Universidad de Buenos Aires presidida por el Dr. Luis F. Leloir, inicialmente en dos n\u00facleos de docencia-investigaci\u00f3n dirigidos por los Dres. Ruben H. Vallejos y Juan J. Cazzulo. Constituye el primer instituto de CONICET en la ciudad de Rosario.<\/p>\n\n\n\n<p>En su primera etapa los proyectos estuvieron relacionados al estudio de la fotos\u00edntesis y a la enzimolog\u00eda, y se cont\u00f3 con la colaboraci\u00f3n de prestigiosos cient\u00edficos del exterior. Con el transcurso del tiempo, la investigaci\u00f3n se extendi\u00f3 al proceso de fijaci\u00f3n fotosint\u00e9tica de CO<sub>2<\/sub> y se puso en marcha un proyecto para promover fuentes de energ\u00eda no convencionales, enfocado en la producci\u00f3n de metano a partir de la biomasa flotante del r\u00edo Paran\u00e1. La investigaci\u00f3n aplicada se intensific\u00f3 en la d\u00e9cada del \u00b490 con la formaci\u00f3n de un grupo de biotecnolog\u00eda vegetal, que posicion\u00f3 al CEFOBI como uno de los primeros laboratorios en conseguir la transformaci\u00f3n gen\u00e9tica de ma\u00edz, trigo y algod\u00f3n.<\/p>\n\n\n\n<p>A partir del 2005, el CEFOBI experiment\u00f3 un gran aumento en su personal, lo cual permiti\u00f3 la apertura de nuevas l\u00edneas de investigaci\u00f3n y se vio reflejado en un sustancial incremento en la cantidad de publicaciones y en la adquisici\u00f3n de nuevos equipamientos. Sus dos primeros directores fueron el Dr. Vallejos y el Dr. Carlos S. Andreo, quienes se desempe\u00f1aron en esa funci\u00f3n hasta sus respectivas jubilaciones en 2006 y 2016. Est\u00e1 proyectado una mudanza del CEFOBI a un edificio actualmente en construcci\u00f3n en el predio del CCT Rosario, el cual alberga no s\u00f3lo a los institutos de CONICET sino tambi\u00e9n a empresas y otras instituciones relacionadas al \u00e1mbito cient\u00edfico.<\/p>","protected":false},"excerpt":{"rendered":"<p>El CEFOBI es un instituto de investigaci\u00f3n b\u00e1sica y aplicada en el \u00e1rea de las ciencias biol\u00f3gicas. Fue creado en el a\u00f1o 1976 sobre la base del departamento de Bioqu\u00edmica de la Facultad de Ciencias Bioqu\u00edmicas y Farmac\u00e9uticas de la &hellip; <a href=\"https:\/\/www.cefobi-conicet.gov.ar\/en\/historia\/\">Continued<\/a><\/p>","protected":false},"author":5,"featured_media":0,"parent":0,"menu_order":0,"comment_status":"closed","ping_status":"closed","template":"","meta":{"kt_blocks_editor_width":"","footnotes":""},"class_list":["post-749","page","type-page","status-publish","hentry"],"_links":{"self":[{"href":"https:\/\/www.cefobi-conicet.gov.ar\/en\/wp-json\/wp\/v2\/pages\/749","targetHints":{"allow":["GET"]}}],"collection":[{"href":"https:\/\/www.cefobi-conicet.gov.ar\/en\/wp-json\/wp\/v2\/pages"}],"about":[{"href":"https:\/\/www.cefobi-conicet.gov.ar\/en\/wp-json\/wp\/v2\/types\/page"}],"author":[{"embeddable":true,"href":"https:\/\/www.cefobi-conicet.gov.ar\/en\/wp-json\/wp\/v2\/users\/5"}],"replies":[{"embeddable":true,"href":"https:\/\/www.cefobi-conicet.gov.ar\/en\/wp-json\/wp\/v2\/comments?post=749"}],"version-history":[{"count":21,"href":"https:\/\/www.cefobi-conicet.gov.ar\/en\/wp-json\/wp\/v2\/pages\/749\/revisions"}],"predecessor-version":[{"id":2884,"href":"https:\/\/www.cefobi-conicet.gov.ar\/en\/wp-json\/wp\/v2\/pages\/749\/revisions\/2884"}],"wp:attachment":[{"href":"https:\/\/www.cefobi-conicet.gov.ar\/en\/wp-json\/wp\/v2\/media?parent=749"}],"curies":[{"name":"wp","href":"https:\/\/api.w.org\/{rel}","templated":true}]}}