{"id":4507,"date":"2025-12-17T14:13:26","date_gmt":"2025-12-17T17:13:26","guid":{"rendered":"https:\/\/www.cefobi-conicet.gov.ar\/?page_id=4507"},"modified":"2025-12-17T14:15:33","modified_gmt":"2025-12-17T17:15:33","slug":"gid-muller","status":"publish","type":"page","link":"https:\/\/www.cefobi-conicet.gov.ar\/en\/gid-muller\/","title":{"rendered":"GID &#8211; Muller"},"content":{"rendered":"<div class=\"wp-block-media-text alignwide has-media-on-the-right is-stacked-on-mobile is-image-fill-element\" style=\"grid-template-columns:auto 20%\"><div class=\"wp-block-media-text__content\">\n<p class=\"has-text-align-center has-large-font-size\"><strong><strong><strong><strong><strong><strong><strong><strong><strong>Aplicaci\u00f3n de herramientas moleculares en industrias estrat\u00e9gicas: desarrollo de servicios, transferencia tecnol\u00f3gica y vinculaci\u00f3n cient\u00edfica<\/strong><\/strong><\/strong><\/strong><\/strong><\/strong><\/strong><\/strong><\/strong><\/p>\n<\/div><figure class=\"wp-block-media-text__media\"><img loading=\"lazy\" decoding=\"async\" width=\"135\" height=\"135\" src=\"https:\/\/www.cefobi-conicet.gov.ar\/wp-content\/uploads\/2025\/12\/GID-Muller.png\" alt=\"\" class=\"wp-image-4475 size-full\" style=\"object-position:50% 50%\" srcset=\"https:\/\/www.cefobi-conicet.gov.ar\/wp-content\/uploads\/2025\/12\/GID-Muller.png 135w, https:\/\/www.cefobi-conicet.gov.ar\/wp-content\/uploads\/2025\/12\/GID-Muller-12x12.png 12w\" sizes=\"auto, (max-width: 135px) 100vw, 135px\" \/><\/figure><\/div>\n\n\n<style>.kb-row-layout-id4507_02b5aa-47 > .kt-row-column-wrap{align-content:center;}:where(.kb-row-layout-id4507_02b5aa-47 > .kt-row-column-wrap) > .wp-block-kadence-column{justify-content:center;}.kb-row-layout-id4507_02b5aa-47 > .kt-row-column-wrap{column-gap:var(--global-kb-gap-md, 2rem);row-gap:var(--global-kb-gap-sm, 1rem);max-width:1200px;margin-left:auto;margin-right:auto;padding-top:0px;padding-bottom:10px;grid-template-columns:minmax(0, 1fr);}.kb-row-layout-id4507_02b5aa-47 > .kt-row-layout-overlay{opacity:0.30;}.kb-row-layout-id4507_02b5aa-47 .kt-row-layout-bottom-sep{height:100px;}.kb-row-layout-id4507_02b5aa-47 .kt-row-layout-bottom-sep svg{width:100%;}.kb-row-layout-id4507_02b5aa-47 .kt-row-layout-bottom-sep svg{fill:#ffffff!important;}@media all and (max-width: 1024px){.kb-row-layout-id4507_02b5aa-47 > .kt-row-column-wrap{grid-template-columns:minmax(0, 1fr);}}@media all and (max-width: 1024px){.kb-row-layout-id4507_02b5aa-47 .kt-row-layout-bottom-sep{height:px;}}@media all and (max-width: 1024px){.kb-row-layout-id4507_02b5aa-47 .kt-row-layout-bottom-sep svg{width:%;}}@media all and (max-width: 767px){.kb-row-layout-id4507_02b5aa-47 > .kt-row-column-wrap{grid-template-columns:minmax(0, 1fr);}.kb-row-layout-id4507_02b5aa-47 .kt-row-layout-bottom-sep{height:px;}.kb-row-layout-id4507_02b5aa-47 .kt-row-layout-bottom-sep svg{width:%;}}<\/style><div class=\"kb-row-layout-wrap kb-row-layout-id4507_02b5aa-47 alignfull wp-block-kadence-rowlayout\"><div class=\"kt-row-column-wrap kt-has-1-columns kt-row-layout-equal kt-tab-layout-inherit kt-mobile-layout-row kt-row-valign-middle\">\n<style>.kadence-column4507_70dfe2-a1 > .kt-inside-inner-col,.kadence-column4507_70dfe2-a1 > .kt-inside-inner-col:before{border-top-left-radius:0px;border-top-right-radius:0px;border-bottom-right-radius:0px;border-bottom-left-radius:0px;}.kadence-column4507_70dfe2-a1 > .kt-inside-inner-col{column-gap:var(--global-kb-gap-sm, 1rem);}.kadence-column4507_70dfe2-a1 > .kt-inside-inner-col{flex-direction:column;}.kadence-column4507_70dfe2-a1 > .kt-inside-inner-col > .aligncenter{width:100%;}.kadence-column4507_70dfe2-a1 > .kt-inside-inner-col:before{opacity:0.3;}.kadence-column4507_70dfe2-a1{position:relative;}@media all and (max-width: 1024px){.kadence-column4507_70dfe2-a1 > .kt-inside-inner-col{flex-direction:column;justify-content:center;}}@media all and (max-width: 767px){.kadence-column4507_70dfe2-a1 > .kt-inside-inner-col{flex-direction:column;justify-content:center;}}<\/style>\n<div class=\"wp-block-kadence-column kadence-column4507_70dfe2-a1\"><div class=\"kt-inside-inner-col\">\n<p class=\".texto-justificado\">En esta l\u00ednea hemos orientado la aplicaci\u00f3n de herramientas de la biolog\u00eda molecular y bioqu\u00edmica a sectores productivos estrat\u00e9gicos, como la industria del petr\u00f3leo y gas (O&amp;G), la industria alimentaria y el agro. Este enfoque se materializa a trav\u00e9s del desarrollo de Servicios Tecnol\u00f3gicos de Alto Nivel (STAN), convenios de vinculaci\u00f3n tecnol\u00f3gica y asesoramientos espec\u00edficos a empresas, particularmente YPF Tecnolog\u00eda (YTEC), Clarity Lab, y otras vinculadas a los sectores alimentario y veterinario.<\/p>\n\n\n\n<p class=\".texto-justificado\">Estas actividades combinan investigaci\u00f3n aplicada, desarrollo metodol\u00f3gico, formaci\u00f3n de recursos humanos, transferencia de conocimiento y extensi\u00f3n tecnol\u00f3gica, consolidando un modelo de articulaci\u00f3n efectiva entre el sistema cient\u00edfico y el entramado productivo. En la actualidad, se est\u00e1n ampliando estos servicios hacia nuevas \u00e1reas como la cuantificaci\u00f3n de prote\u00ednas, amino\u00e1cidos, creatina entre otras mol\u00e9culas de inter\u00e9s en matrices alimentarias complejas y la evaluaci\u00f3n de microorganismos funcionales o pat\u00f3genos en suelos agr\u00edcolas mediante metagen\u00f3mica y qPCR y asesoramiento en planes de acci\u00f3n. Este perfil tecnol\u00f3gico se enmarca en una estrategia orientada a fortalecer la vinculaci\u00f3n cient\u00edfica con impacto territorial y multisectorial, potenciando el rol del CONICET como agente activo de innovaci\u00f3n y desarrollo productivo.<\/p>\n<\/div><\/div>\n\n<\/div><\/div>\n\n<style>.kb-row-layout-id4507_23ee64-ad > .kt-row-column-wrap{align-content:start;}:where(.kb-row-layout-id4507_23ee64-ad > .kt-row-column-wrap) > .wp-block-kadence-column{justify-content:start;}.kb-row-layout-id4507_23ee64-ad > .kt-row-column-wrap{column-gap:var(--global-kb-gap-md, 2rem);row-gap:var(--global-kb-gap-md, 2rem);max-width:1200px;margin-left:auto;margin-right:auto;padding-top:var(--global-kb-spacing-sm, 1.5rem);padding-bottom:var(--global-kb-spacing-sm, 1.5rem);grid-template-columns:minmax(0, 2fr) minmax(0, 1fr);}.kb-row-layout-id4507_23ee64-ad{background-color:rgba(0,0,0,0.03);}.kb-row-layout-id4507_23ee64-ad > .kt-row-layout-overlay{opacity:0.30;}.kb-row-layout-id4507_23ee64-ad .kt-row-layout-bottom-sep{height:100px;}.kb-row-layout-id4507_23ee64-ad .kt-row-layout-bottom-sep svg{width:100%;}.kb-row-layout-id4507_23ee64-ad .kt-row-layout-bottom-sep svg{fill:#000!important;}@media all and (max-width: 1024px){.kb-row-layout-id4507_23ee64-ad > .kt-row-column-wrap{grid-template-columns:minmax(0, 2fr) minmax(0, 1fr);}}@media all and (max-width: 1024px){.kb-row-layout-id4507_23ee64-ad .kt-row-layout-bottom-sep{height:px;}}@media all and (max-width: 1024px){.kb-row-layout-id4507_23ee64-ad .kt-row-layout-bottom-sep svg{width:%;}}@media all and (max-width: 767px){.kb-row-layout-id4507_23ee64-ad > .kt-row-column-wrap{grid-template-columns:minmax(0, 1fr);}.kb-row-layout-id4507_23ee64-ad .kt-row-layout-bottom-sep{height:px;}.kb-row-layout-id4507_23ee64-ad .kt-row-layout-bottom-sep svg{width:%;}}<\/style><div class=\"kb-row-layout-wrap kb-row-layout-id4507_23ee64-ad alignwide kt-row-has-bg wp-block-kadence-rowlayout\"><div class=\"kt-row-column-wrap kt-has-2-columns kt-row-layout-left-golden kt-tab-layout-inherit kt-mobile-layout-row kt-row-valign-top\">\n<style>.kadence-column4507_13c19c-ee > .kt-inside-inner-col{border-right:1px solid #000;}.kadence-column4507_13c19c-ee > .kt-inside-inner-col,.kadence-column4507_13c19c-ee > .kt-inside-inner-col:before{border-top-left-radius:0px;border-top-right-radius:0px;border-bottom-right-radius:0px;border-bottom-left-radius:0px;}.kadence-column4507_13c19c-ee > .kt-inside-inner-col{column-gap:var(--global-kb-gap-sm, 1rem);}.kadence-column4507_13c19c-ee > .kt-inside-inner-col{flex-direction:column;}.kadence-column4507_13c19c-ee > .kt-inside-inner-col > .aligncenter{width:100%;}.kadence-column4507_13c19c-ee > .kt-inside-inner-col:before{opacity:0.3;}.kadence-column4507_13c19c-ee{position:relative;}@media all and (max-width: 1024px){.kadence-column4507_13c19c-ee > .kt-inside-inner-col{border-right:1px solid #000;flex-direction:column;justify-content:center;}}@media all and (max-width: 767px){.kadence-column4507_13c19c-ee > .kt-inside-inner-col{border-right:1px solid #000;flex-direction:column;justify-content:center;}}<\/style>\n<div class=\"wp-block-kadence-column kadence-column4507_13c19c-ee inner-column-1\"><div class=\"kt-inside-inner-col\">\n<div class=\"wp-block-columns are-vertically-aligned-top is-layout-flex wp-container-core-columns-is-layout-9d6595d7 wp-block-columns-is-layout-flex\">\n<div class=\"wp-block-column is-vertically-aligned-top is-layout-flow wp-block-column-is-layout-flow\" style=\"flex-basis:100%\">\n<div class=\"wp-block-group\"><div class=\"wp-block-group__inner-container is-layout-flow wp-block-group-is-layout-flow\"><style>.kb-row-layout-wrap.wp-block-kadence-rowlayout.kb-row-layout-id4507_aab2e7-ec{margin-top:0px;margin-bottom:0px;}.kb-row-layout-id4507_aab2e7-ec > .kt-row-column-wrap{align-content:start;}:where(.kb-row-layout-id4507_aab2e7-ec > .kt-row-column-wrap) > .wp-block-kadence-column{justify-content:start;}.kb-row-layout-id4507_aab2e7-ec > .kt-row-column-wrap{column-gap:var(--global-kb-gap-md, 2rem);row-gap:var(--global-kb-gap-md, 2rem);padding-top:0px;padding-right:30px;padding-bottom:0px;padding-left:0px;grid-template-columns:minmax(0, 1fr);}.kb-row-layout-id4507_aab2e7-ec > .kt-row-layout-overlay{opacity:0.30;}.kb-row-layout-id4507_aab2e7-ec .kt-row-layout-bottom-sep{height:100px;}.kb-row-layout-id4507_aab2e7-ec .kt-row-layout-bottom-sep svg{width:100%;}.kb-row-layout-id4507_aab2e7-ec .kt-row-layout-bottom-sep svg{fill:#ffffff!important;}@media all and (max-width: 1024px){.kb-row-layout-id4507_aab2e7-ec > .kt-row-column-wrap{grid-template-columns:minmax(0, 1fr);}}@media all and (max-width: 1024px){.kb-row-layout-id4507_aab2e7-ec .kt-row-layout-bottom-sep{height:px;}}@media all and (max-width: 1024px){.kb-row-layout-id4507_aab2e7-ec .kt-row-layout-bottom-sep svg{width:%;}}@media all and (max-width: 767px){.kb-row-layout-id4507_aab2e7-ec > .kt-row-column-wrap{grid-template-columns:minmax(0, 1fr);}.kb-row-layout-id4507_aab2e7-ec .kt-row-layout-bottom-sep{height:px;}.kb-row-layout-id4507_aab2e7-ec .kt-row-layout-bottom-sep svg{width:%;}}<\/style><div class=\"kb-row-layout-wrap kb-row-layout-id4507_aab2e7-ec aligncenter wp-block-kadence-rowlayout\"><div class=\"kt-row-column-wrap kt-has-1-columns kt-row-layout-equal kt-tab-layout-inherit kt-mobile-layout-row kt-row-valign-top\">\n<style>.kadence-column4507_a72580-0d > .kt-inside-inner-col,.kadence-column4507_a72580-0d > .kt-inside-inner-col:before{border-top-left-radius:0px;border-top-right-radius:0px;border-bottom-right-radius:0px;border-bottom-left-radius:0px;}.kadence-column4507_a72580-0d > .kt-inside-inner-col{column-gap:var(--global-kb-gap-sm, 1rem);}.kadence-column4507_a72580-0d > .kt-inside-inner-col{flex-direction:column;}.kadence-column4507_a72580-0d > .kt-inside-inner-col > .aligncenter{width:100%;}.kadence-column4507_a72580-0d > .kt-inside-inner-col:before{opacity:0.3;}.kadence-column4507_a72580-0d{position:relative;}@media all and (max-width: 1024px){.kadence-column4507_a72580-0d > .kt-inside-inner-col{flex-direction:column;justify-content:center;}}@media all and (max-width: 767px){.kadence-column4507_a72580-0d > .kt-inside-inner-col{flex-direction:column;justify-content:center;}}<\/style>\n<div class=\"wp-block-kadence-column kadence-column4507_a72580-0d inner-column-1\"><div class=\"kt-inside-inner-col\">\n<p><strong><em>&#8211;<\/em><\/strong><strong><em>Vinculaci\u00f3n tecnol\u00f3gica a trav\u00e9s de Servicios Tecnol\u00f3gicos de Alto Nivel (STAN) y convenios:<\/em><\/strong><\/p>\n\n\n\n<p><em>1. <\/em><em>STANs<\/em><em> 2939, 2761 y 5499: i) la cuantificaci\u00f3n de microorganismos relacionados a procesos de corrosi\u00f3n inducida en sistemas industriales mediante <\/em><em>qPCR<\/em><em>; <\/em><em>ii<\/em><em>) Cuantificaci\u00f3n y caracterizaci\u00f3n de en alimentos, suplementos deportivos y productos de uso medicinal; y <\/em><em>iii<\/em><em>) el asesoramiento en el uso de tecnolog\u00edas de secuenciaci\u00f3n por <\/em><em>nanoporos<\/em><em> aplicadas al an\u00e1lisis metagen\u00f3mico de muestras provenientes de ambientes industriales.<\/em><\/p>\n\n\n\n<p><em>2. Convenio PR4134 CONICET-Y-TEC Tecnolog\u00eda S.A.: \u201cDESARROLLO DE ESTRATEGIAS DE MONITOREO DE MICROORGANISMOS DE ALTA CRITICIDAD PARA MIC &#8211; ETAPA I\u201d.<\/em><\/p>\n<\/div><\/div>\n\n<\/div><\/div><\/div><\/div>\n<\/div>\n<\/div>\n<\/div><\/div>\n\n\n<style>.kadence-column4507_5ae35f-ac > .kt-inside-inner-col{border-right:1px solid transparent;}.kadence-column4507_5ae35f-ac > .kt-inside-inner-col,.kadence-column4507_5ae35f-ac > .kt-inside-inner-col:before{border-top-left-radius:0px;border-top-right-radius:0px;border-bottom-right-radius:0px;border-bottom-left-radius:0px;}.kadence-column4507_5ae35f-ac > .kt-inside-inner-col{column-gap:var(--global-kb-gap-sm, 1rem);}.kadence-column4507_5ae35f-ac > .kt-inside-inner-col{flex-direction:column;}.kadence-column4507_5ae35f-ac > .kt-inside-inner-col > .aligncenter{width:100%;}.kadence-column4507_5ae35f-ac > .kt-inside-inner-col:before{opacity:0.3;}.kadence-column4507_5ae35f-ac{position:relative;}@media all and (max-width: 1024px){.kadence-column4507_5ae35f-ac > .kt-inside-inner-col{border-right:1px solid transparent;flex-direction:column;justify-content:center;}}@media all and (max-width: 767px){.kadence-column4507_5ae35f-ac > .kt-inside-inner-col{border-right:1px solid transparent;flex-direction:column;justify-content:center;}}<\/style>\n<div class=\"wp-block-kadence-column kadence-column4507_5ae35f-ac inner-column-2\"><div class=\"kt-inside-inner-col\">\n<p><strong>Researcher<\/strong><br><a href=\"https:\/\/www.cefobi-conicet.gov.ar\/en\/muller\/\" data-type=\"link\" data-id=\"https:\/\/www.cefobi-conicet.gov.ar\/muller\" target=\"_blank\" rel=\"noreferrer noopener\">Gabriela L. M\u00fcller<\/a><\/p>\n\n\n\n<figure class=\"wp-block-image size-full\"><img loading=\"lazy\" decoding=\"async\" width=\"61\" height=\"70\" src=\"https:\/\/www.cefobi-conicet.gov.ar\/wp-content\/uploads\/2025\/12\/GLMuller.png\" alt=\"\" class=\"wp-image-4510\" srcset=\"https:\/\/www.cefobi-conicet.gov.ar\/wp-content\/uploads\/2025\/12\/GLMuller.png 61w, https:\/\/www.cefobi-conicet.gov.ar\/wp-content\/uploads\/2025\/12\/GLMuller-10x12.png 10w\" sizes=\"auto, (max-width: 61px) 100vw, 61px\" \/><\/figure>\n\n\n\n<p><\/p>\n\n\n\n<p><\/p>\n<\/div><\/div>\n\n<\/div><\/div>\n\n\n<p><\/p>","protected":false},"excerpt":{"rendered":"<p>Aplicaci\u00f3n de herramientas moleculares en industrias estrat\u00e9gicas: desarrollo de servicios, transferencia tecnol\u00f3gica y vinculaci\u00f3n cient\u00edfica En esta l\u00ednea hemos orientado la aplicaci\u00f3n de herramientas de la biolog\u00eda molecular y bioqu\u00edmica a sectores productivos estrat\u00e9gicos, como la industria del petr\u00f3leo y &hellip; <a href=\"https:\/\/www.cefobi-conicet.gov.ar\/en\/gid-muller\/\">Continued<\/a><\/p>","protected":false},"author":5,"featured_media":0,"parent":0,"menu_order":0,"comment_status":"closed","ping_status":"closed","template":"","meta":{"kt_blocks_editor_width":"","footnotes":""},"class_list":["post-4507","page","type-page","status-publish","hentry"],"_links":{"self":[{"href":"https:\/\/www.cefobi-conicet.gov.ar\/en\/wp-json\/wp\/v2\/pages\/4507","targetHints":{"allow":["GET"]}}],"collection":[{"href":"https:\/\/www.cefobi-conicet.gov.ar\/en\/wp-json\/wp\/v2\/pages"}],"about":[{"href":"https:\/\/www.cefobi-conicet.gov.ar\/en\/wp-json\/wp\/v2\/types\/page"}],"author":[{"embeddable":true,"href":"https:\/\/www.cefobi-conicet.gov.ar\/en\/wp-json\/wp\/v2\/users\/5"}],"replies":[{"embeddable":true,"href":"https:\/\/www.cefobi-conicet.gov.ar\/en\/wp-json\/wp\/v2\/comments?post=4507"}],"version-history":[{"count":2,"href":"https:\/\/www.cefobi-conicet.gov.ar\/en\/wp-json\/wp\/v2\/pages\/4507\/revisions"}],"predecessor-version":[{"id":4511,"href":"https:\/\/www.cefobi-conicet.gov.ar\/en\/wp-json\/wp\/v2\/pages\/4507\/revisions\/4511"}],"wp:attachment":[{"href":"https:\/\/www.cefobi-conicet.gov.ar\/en\/wp-json\/wp\/v2\/media?parent=4507"}],"curies":[{"name":"wp","href":"https:\/\/api.w.org\/{rel}","templated":true}]}}