{"id":4501,"date":"2025-12-17T14:10:27","date_gmt":"2025-12-17T17:10:27","guid":{"rendered":"https:\/\/www.cefobi-conicet.gov.ar\/?page_id=4501"},"modified":"2025-12-17T14:12:24","modified_gmt":"2025-12-17T17:12:24","slug":"gid-bustamante","status":"publish","type":"page","link":"https:\/\/www.cefobi-conicet.gov.ar\/en\/gid-bustamante\/","title":{"rendered":"GID &#8211; Bustamante"},"content":{"rendered":"<div class=\"wp-block-media-text alignwide has-media-on-the-right is-stacked-on-mobile is-image-fill-element\" style=\"grid-template-columns:auto 20%\"><div class=\"wp-block-media-text__content\">\n<p class=\"has-text-align-center has-large-font-size\"><strong><strong><strong><strong><strong><strong><strong><strong><strong>Calidad y resistencia al da\u00f1o por fr\u00edo de frutos carnosos<\/strong><\/strong><\/strong><\/strong><\/strong><\/strong><\/strong><\/strong><\/strong><\/p>\n<\/div><figure class=\"wp-block-media-text__media\"><img loading=\"lazy\" decoding=\"async\" width=\"214\" height=\"159\" src=\"https:\/\/www.cefobi-conicet.gov.ar\/wp-content\/uploads\/2025\/12\/GID-Bustamante.jpg\" alt=\"\" class=\"wp-image-4474 size-full\" style=\"object-position:50% 50%\" srcset=\"https:\/\/www.cefobi-conicet.gov.ar\/wp-content\/uploads\/2025\/12\/GID-Bustamante.jpg 214w, https:\/\/www.cefobi-conicet.gov.ar\/wp-content\/uploads\/2025\/12\/GID-Bustamante-16x12.jpg 16w\" sizes=\"auto, (max-width: 214px) 100vw, 214px\" \/><\/figure><\/div>\n\n\n<style>.kb-row-layout-id4501_ecb699-c9 > .kt-row-column-wrap{align-content:center;}:where(.kb-row-layout-id4501_ecb699-c9 > .kt-row-column-wrap) > .wp-block-kadence-column{justify-content:center;}.kb-row-layout-id4501_ecb699-c9 > .kt-row-column-wrap{column-gap:var(--global-kb-gap-md, 2rem);row-gap:var(--global-kb-gap-sm, 1rem);max-width:1200px;margin-left:auto;margin-right:auto;padding-top:0px;padding-bottom:10px;grid-template-columns:minmax(0, 1fr);}.kb-row-layout-id4501_ecb699-c9 > .kt-row-layout-overlay{opacity:0.30;}.kb-row-layout-id4501_ecb699-c9 .kt-row-layout-bottom-sep{height:100px;}.kb-row-layout-id4501_ecb699-c9 .kt-row-layout-bottom-sep svg{width:100%;}.kb-row-layout-id4501_ecb699-c9 .kt-row-layout-bottom-sep svg{fill:#ffffff!important;}@media all and (max-width: 1024px){.kb-row-layout-id4501_ecb699-c9 > .kt-row-column-wrap{grid-template-columns:minmax(0, 1fr);}}@media all and (max-width: 1024px){.kb-row-layout-id4501_ecb699-c9 .kt-row-layout-bottom-sep{height:px;}}@media all and (max-width: 1024px){.kb-row-layout-id4501_ecb699-c9 .kt-row-layout-bottom-sep svg{width:%;}}@media all and (max-width: 767px){.kb-row-layout-id4501_ecb699-c9 > .kt-row-column-wrap{grid-template-columns:minmax(0, 1fr);}.kb-row-layout-id4501_ecb699-c9 .kt-row-layout-bottom-sep{height:px;}.kb-row-layout-id4501_ecb699-c9 .kt-row-layout-bottom-sep svg{width:%;}}<\/style><div class=\"kb-row-layout-wrap kb-row-layout-id4501_ecb699-c9 alignfull wp-block-kadence-rowlayout\"><div class=\"kt-row-column-wrap kt-has-1-columns kt-row-layout-equal kt-tab-layout-inherit kt-mobile-layout-row kt-row-valign-middle\">\n<style>.kadence-column4501_5abdcf-00 > .kt-inside-inner-col,.kadence-column4501_5abdcf-00 > .kt-inside-inner-col:before{border-top-left-radius:0px;border-top-right-radius:0px;border-bottom-right-radius:0px;border-bottom-left-radius:0px;}.kadence-column4501_5abdcf-00 > .kt-inside-inner-col{column-gap:var(--global-kb-gap-sm, 1rem);}.kadence-column4501_5abdcf-00 > .kt-inside-inner-col{flex-direction:column;}.kadence-column4501_5abdcf-00 > .kt-inside-inner-col > .aligncenter{width:100%;}.kadence-column4501_5abdcf-00 > .kt-inside-inner-col:before{opacity:0.3;}.kadence-column4501_5abdcf-00{position:relative;}@media all and (max-width: 1024px){.kadence-column4501_5abdcf-00 > .kt-inside-inner-col{flex-direction:column;justify-content:center;}}@media all and (max-width: 767px){.kadence-column4501_5abdcf-00 > .kt-inside-inner-col{flex-direction:column;justify-content:center;}}<\/style>\n<div class=\"wp-block-kadence-column kadence-column4501_5abdcf-00\"><div class=\"kt-inside-inner-col\">\n<p class=\".texto-justificado\"><strong><strong><strong><strong><strong>En esta l\u00ednea de trabajo, estudiamos las bases bioqu\u00edmicas de la calidad de frutos carnosos, los cuales tienen gran importancia agron\u00f3mica, alimenticia y comercial y son fuentes importantes de fitoqu\u00edmicos con importantes ventajas para la alimentaci\u00f3n y salud humana. Mediante diversas herramientas bioqu\u00edmicas y moleculares identificamos metabolitos y prote\u00ednas que juegan rol central en la calidad final del fruto y estudiamos sus roles funcionales, enfoc\u00e1ndonos principalmente en durazno (<em>Prunus persica<\/em>) y tomate (<em>Solanum lycopersicum<\/em>). Mediante la utilizaci\u00f3n de diversas herramientas biotecnol\u00f3gicas, modificamos los niveles de los blancos identificados y analizamos el impacto de dicha modificaci\u00f3n en la calidad del fruto.<\/strong><\/strong><\/strong><\/strong><\/strong><\/p>\n<\/div><\/div>\n\n<\/div><\/div>\n\n<style>.kb-row-layout-id4501_da53fc-84 > .kt-row-column-wrap{align-content:start;}:where(.kb-row-layout-id4501_da53fc-84 > .kt-row-column-wrap) > .wp-block-kadence-column{justify-content:start;}.kb-row-layout-id4501_da53fc-84 > .kt-row-column-wrap{column-gap:var(--global-kb-gap-md, 2rem);row-gap:var(--global-kb-gap-md, 2rem);max-width:1200px;margin-left:auto;margin-right:auto;padding-top:var(--global-kb-spacing-sm, 1.5rem);padding-bottom:var(--global-kb-spacing-sm, 1.5rem);grid-template-columns:minmax(0, 2fr) minmax(0, 1fr);}.kb-row-layout-id4501_da53fc-84{background-color:rgba(0,0,0,0.03);}.kb-row-layout-id4501_da53fc-84 > .kt-row-layout-overlay{opacity:0.30;}.kb-row-layout-id4501_da53fc-84 .kt-row-layout-bottom-sep{height:100px;}.kb-row-layout-id4501_da53fc-84 .kt-row-layout-bottom-sep svg{width:100%;}.kb-row-layout-id4501_da53fc-84 .kt-row-layout-bottom-sep svg{fill:#000!important;}@media all and (max-width: 1024px){.kb-row-layout-id4501_da53fc-84 > .kt-row-column-wrap{grid-template-columns:minmax(0, 2fr) minmax(0, 1fr);}}@media all and (max-width: 1024px){.kb-row-layout-id4501_da53fc-84 .kt-row-layout-bottom-sep{height:px;}}@media all and (max-width: 1024px){.kb-row-layout-id4501_da53fc-84 .kt-row-layout-bottom-sep svg{width:%;}}@media all and (max-width: 767px){.kb-row-layout-id4501_da53fc-84 > .kt-row-column-wrap{grid-template-columns:minmax(0, 1fr);}.kb-row-layout-id4501_da53fc-84 .kt-row-layout-bottom-sep{height:px;}.kb-row-layout-id4501_da53fc-84 .kt-row-layout-bottom-sep svg{width:%;}}<\/style><div class=\"kb-row-layout-wrap kb-row-layout-id4501_da53fc-84 alignwide kt-row-has-bg wp-block-kadence-rowlayout\"><div class=\"kt-row-column-wrap kt-has-2-columns kt-row-layout-left-golden kt-tab-layout-inherit kt-mobile-layout-row kt-row-valign-top\">\n<style>.kadence-column4501_a0dd54-36 > .kt-inside-inner-col{border-right:1px solid #000;}.kadence-column4501_a0dd54-36 > .kt-inside-inner-col,.kadence-column4501_a0dd54-36 > .kt-inside-inner-col:before{border-top-left-radius:0px;border-top-right-radius:0px;border-bottom-right-radius:0px;border-bottom-left-radius:0px;}.kadence-column4501_a0dd54-36 > .kt-inside-inner-col{column-gap:var(--global-kb-gap-sm, 1rem);}.kadence-column4501_a0dd54-36 > .kt-inside-inner-col{flex-direction:column;}.kadence-column4501_a0dd54-36 > .kt-inside-inner-col > .aligncenter{width:100%;}.kadence-column4501_a0dd54-36 > .kt-inside-inner-col:before{opacity:0.3;}.kadence-column4501_a0dd54-36{position:relative;}@media all and (max-width: 1024px){.kadence-column4501_a0dd54-36 > .kt-inside-inner-col{border-right:1px solid #000;flex-direction:column;justify-content:center;}}@media all and (max-width: 767px){.kadence-column4501_a0dd54-36 > .kt-inside-inner-col{border-right:1px solid #000;flex-direction:column;justify-content:center;}}<\/style>\n<div class=\"wp-block-kadence-column kadence-column4501_a0dd54-36 inner-column-1\"><div class=\"kt-inside-inner-col\">\n<div class=\"wp-block-columns are-vertically-aligned-top is-layout-flex wp-container-core-columns-is-layout-9d6595d7 wp-block-columns-is-layout-flex\">\n<div class=\"wp-block-column is-vertically-aligned-top is-layout-flow wp-block-column-is-layout-flow\" style=\"flex-basis:100%\">\n<div class=\"wp-block-group\"><div class=\"wp-block-group__inner-container is-layout-flow wp-block-group-is-layout-flow\"><style>.kb-row-layout-wrap.wp-block-kadence-rowlayout.kb-row-layout-id4501_89fa92-bf{margin-top:0px;margin-bottom:0px;}.kb-row-layout-id4501_89fa92-bf > .kt-row-column-wrap{align-content:start;}:where(.kb-row-layout-id4501_89fa92-bf > .kt-row-column-wrap) > .wp-block-kadence-column{justify-content:start;}.kb-row-layout-id4501_89fa92-bf > .kt-row-column-wrap{column-gap:var(--global-kb-gap-md, 2rem);row-gap:var(--global-kb-gap-md, 2rem);padding-top:0px;padding-right:30px;padding-bottom:0px;padding-left:0px;grid-template-columns:minmax(0, 1fr);}.kb-row-layout-id4501_89fa92-bf > .kt-row-layout-overlay{opacity:0.30;}.kb-row-layout-id4501_89fa92-bf .kt-row-layout-bottom-sep{height:100px;}.kb-row-layout-id4501_89fa92-bf .kt-row-layout-bottom-sep svg{width:100%;}.kb-row-layout-id4501_89fa92-bf .kt-row-layout-bottom-sep svg{fill:#ffffff!important;}@media all and (max-width: 1024px){.kb-row-layout-id4501_89fa92-bf > .kt-row-column-wrap{grid-template-columns:minmax(0, 1fr);}}@media all and (max-width: 1024px){.kb-row-layout-id4501_89fa92-bf .kt-row-layout-bottom-sep{height:px;}}@media all and (max-width: 1024px){.kb-row-layout-id4501_89fa92-bf .kt-row-layout-bottom-sep svg{width:%;}}@media all and (max-width: 767px){.kb-row-layout-id4501_89fa92-bf > .kt-row-column-wrap{grid-template-columns:minmax(0, 1fr);}.kb-row-layout-id4501_89fa92-bf .kt-row-layout-bottom-sep{height:px;}.kb-row-layout-id4501_89fa92-bf .kt-row-layout-bottom-sep svg{width:%;}}<\/style><div class=\"kb-row-layout-wrap kb-row-layout-id4501_89fa92-bf aligncenter wp-block-kadence-rowlayout\"><div class=\"kt-row-column-wrap kt-has-1-columns kt-row-layout-equal kt-tab-layout-inherit kt-mobile-layout-row kt-row-valign-top\">\n<style>.kadence-column4501_874bfb-42 > .kt-inside-inner-col,.kadence-column4501_874bfb-42 > .kt-inside-inner-col:before{border-top-left-radius:0px;border-top-right-radius:0px;border-bottom-right-radius:0px;border-bottom-left-radius:0px;}.kadence-column4501_874bfb-42 > .kt-inside-inner-col{column-gap:var(--global-kb-gap-sm, 1rem);}.kadence-column4501_874bfb-42 > .kt-inside-inner-col{flex-direction:column;}.kadence-column4501_874bfb-42 > .kt-inside-inner-col > .aligncenter{width:100%;}.kadence-column4501_874bfb-42 > .kt-inside-inner-col:before{opacity:0.3;}.kadence-column4501_874bfb-42{position:relative;}@media all and (max-width: 1024px){.kadence-column4501_874bfb-42 > .kt-inside-inner-col{flex-direction:column;justify-content:center;}}@media all and (max-width: 767px){.kadence-column4501_874bfb-42 > .kt-inside-inner-col{flex-direction:column;justify-content:center;}}<\/style>\n<div class=\"wp-block-kadence-column kadence-column4501_874bfb-42 inner-column-1\"><div class=\"kt-inside-inner-col\">\n<p><strong><em>-Publicaciones destacadas<\/em><\/strong><\/p>\n\n\n\n<p><em>1. <\/em><em>Gismondi<\/em><em> et al (2025) <\/em><em>Characterization<\/em><em> of ZAT12 <\/em><em>protein<\/em><em> <\/em><em>from<\/em><em> <\/em><em>Prunus<\/em><em> <\/em><em>persica<\/em><em>: role in <\/em><em>fruit<\/em><em> <\/em><em>chilling<\/em><em> <\/em><em>injury<\/em><em> <\/em><em>tolerance<\/em><em> and <\/em><em>identification<\/em><em> of gene targets. Planta 261, 14.<\/em><\/p>\n\n\n\n<p><em>2. <\/em><em>Gismondi<\/em><em> et al (2020) <\/em><em>Generation<\/em><em> of <\/em><em>fruit<\/em><em> <\/em><em>postharvest<\/em><em> gene <\/em><em>datasets<\/em><em> and a novel <\/em><em>motif<\/em><em> <\/em><em>analysis<\/em><em> <\/em><em>tool<\/em><em> <\/em><em>for<\/em><em> <\/em><em>functional<\/em><em> <\/em><em>studies<\/em><em>: <\/em><em>uncovering<\/em><em> links <\/em><em>between<\/em><em> <\/em><em>peach<\/em><em> <\/em><em>fruit<\/em><em> <\/em><em>heat<\/em><em> <\/em><em>treatment<\/em><em> and <\/em><em>cold<\/em><em> <\/em><em>storage<\/em><em> responses. Planta 251, 53.<\/em><\/p>\n<\/div><\/div>\n\n<\/div><\/div><\/div><\/div>\n<\/div>\n<\/div>\n<\/div><\/div>\n\n\n<style>.kadence-column4501_240b35-66 > .kt-inside-inner-col{border-right:1px solid transparent;}.kadence-column4501_240b35-66 > .kt-inside-inner-col,.kadence-column4501_240b35-66 > .kt-inside-inner-col:before{border-top-left-radius:0px;border-top-right-radius:0px;border-bottom-right-radius:0px;border-bottom-left-radius:0px;}.kadence-column4501_240b35-66 > .kt-inside-inner-col{column-gap:var(--global-kb-gap-sm, 1rem);}.kadence-column4501_240b35-66 > .kt-inside-inner-col{flex-direction:column;}.kadence-column4501_240b35-66 > .kt-inside-inner-col > .aligncenter{width:100%;}.kadence-column4501_240b35-66 > .kt-inside-inner-col:before{opacity:0.3;}.kadence-column4501_240b35-66{position:relative;}@media all and (max-width: 1024px){.kadence-column4501_240b35-66 > .kt-inside-inner-col{border-right:1px solid transparent;flex-direction:column;justify-content:center;}}@media all and (max-width: 767px){.kadence-column4501_240b35-66 > .kt-inside-inner-col{border-right:1px solid transparent;flex-direction:column;justify-content:center;}}<\/style>\n<div class=\"wp-block-kadence-column kadence-column4501_240b35-66 inner-column-2\"><div class=\"kt-inside-inner-col\">\n<p><strong>Researcher<\/strong><br><a href=\"https:\/\/www.cefobi-conicet.gov.ar\/en\/bustamante\/\" data-type=\"link\" data-id=\"https:\/\/www.cefobi-conicet.gov.ar\/bustamante\/\" target=\"_blank\" rel=\"noreferrer noopener\">Claudia A. Bustamante<\/a><\/p>\n\n\n\n<figure class=\"wp-block-image size-full\"><img loading=\"lazy\" decoding=\"async\" width=\"125\" height=\"130\" src=\"https:\/\/www.cefobi-conicet.gov.ar\/wp-content\/uploads\/2025\/12\/CABustamante.jpg\" alt=\"\" class=\"wp-image-4504\" srcset=\"https:\/\/www.cefobi-conicet.gov.ar\/wp-content\/uploads\/2025\/12\/CABustamante.jpg 125w, https:\/\/www.cefobi-conicet.gov.ar\/wp-content\/uploads\/2025\/12\/CABustamante-12x12.jpg 12w\" sizes=\"auto, (max-width: 125px) 100vw, 125px\" \/><\/figure>\n\n\n\n<p><\/p>\n\n\n\n<p><\/p>\n<\/div><\/div>\n\n<\/div><\/div>\n\n\n<p><\/p>","protected":false},"excerpt":{"rendered":"<p>Calidad y resistencia al da\u00f1o por fr\u00edo de frutos carnosos En esta l\u00ednea de trabajo, estudiamos las bases bioqu\u00edmicas de la calidad de frutos carnosos, los cuales tienen gran importancia agron\u00f3mica, alimenticia y comercial y son fuentes importantes de fitoqu\u00edmicos &hellip; <a href=\"https:\/\/www.cefobi-conicet.gov.ar\/en\/gid-bustamante\/\">Continued<\/a><\/p>","protected":false},"author":5,"featured_media":0,"parent":0,"menu_order":0,"comment_status":"closed","ping_status":"closed","template":"","meta":{"kt_blocks_editor_width":"","footnotes":""},"class_list":["post-4501","page","type-page","status-publish","hentry"],"_links":{"self":[{"href":"https:\/\/www.cefobi-conicet.gov.ar\/en\/wp-json\/wp\/v2\/pages\/4501","targetHints":{"allow":["GET"]}}],"collection":[{"href":"https:\/\/www.cefobi-conicet.gov.ar\/en\/wp-json\/wp\/v2\/pages"}],"about":[{"href":"https:\/\/www.cefobi-conicet.gov.ar\/en\/wp-json\/wp\/v2\/types\/page"}],"author":[{"embeddable":true,"href":"https:\/\/www.cefobi-conicet.gov.ar\/en\/wp-json\/wp\/v2\/users\/5"}],"replies":[{"embeddable":true,"href":"https:\/\/www.cefobi-conicet.gov.ar\/en\/wp-json\/wp\/v2\/comments?post=4501"}],"version-history":[{"count":2,"href":"https:\/\/www.cefobi-conicet.gov.ar\/en\/wp-json\/wp\/v2\/pages\/4501\/revisions"}],"predecessor-version":[{"id":4505,"href":"https:\/\/www.cefobi-conicet.gov.ar\/en\/wp-json\/wp\/v2\/pages\/4501\/revisions\/4505"}],"wp:attachment":[{"href":"https:\/\/www.cefobi-conicet.gov.ar\/en\/wp-json\/wp\/v2\/media?parent=4501"}],"curies":[{"name":"wp","href":"https:\/\/api.w.org\/{rel}","templated":true}]}}