{"id":4483,"date":"2025-12-17T13:53:56","date_gmt":"2025-12-17T16:53:56","guid":{"rendered":"https:\/\/www.cefobi-conicet.gov.ar\/?page_id=4483"},"modified":"2025-12-17T13:59:44","modified_gmt":"2025-12-17T16:59:44","slug":"gid-drincovich","status":"publish","type":"page","link":"https:\/\/www.cefobi-conicet.gov.ar\/en\/gid-drincovich\/","title":{"rendered":"GID &#8211; Drincovich"},"content":{"rendered":"<div class=\"wp-block-media-text alignwide has-media-on-the-right is-stacked-on-mobile is-image-fill-element\" style=\"grid-template-columns:auto 20%\"><div class=\"wp-block-media-text__content\">\n<p class=\"has-text-align-center has-large-font-size\"><strong><strong><strong><strong><strong><strong><strong>Estrategias biotecnol\u00f3gicas para incrementar la resiliencia y productividad de cultivos con impacto positivo sobre el medio ambiente<\/strong><\/strong><\/strong><\/strong><\/strong><\/strong><\/strong><\/p>\n<\/div><figure class=\"wp-block-media-text__media\"><img loading=\"lazy\" decoding=\"async\" width=\"264\" height=\"170\" src=\"https:\/\/www.cefobi-conicet.gov.ar\/wp-content\/uploads\/2025\/12\/GID-Drincovick.png\" alt=\"\" class=\"wp-image-4468 size-full\" style=\"object-position:50% 50%\" srcset=\"https:\/\/www.cefobi-conicet.gov.ar\/wp-content\/uploads\/2025\/12\/GID-Drincovick.png 264w, https:\/\/www.cefobi-conicet.gov.ar\/wp-content\/uploads\/2025\/12\/GID-Drincovick-18x12.png 18w\" sizes=\"auto, (max-width: 264px) 100vw, 264px\" \/><\/figure><\/div>\n\n\n<style>.kb-row-layout-id4483_988261-5e > .kt-row-column-wrap{align-content:center;}:where(.kb-row-layout-id4483_988261-5e > .kt-row-column-wrap) > .wp-block-kadence-column{justify-content:center;}.kb-row-layout-id4483_988261-5e > .kt-row-column-wrap{column-gap:var(--global-kb-gap-md, 2rem);row-gap:var(--global-kb-gap-sm, 1rem);max-width:1200px;margin-left:auto;margin-right:auto;padding-top:0px;padding-bottom:10px;grid-template-columns:minmax(0, 1fr);}.kb-row-layout-id4483_988261-5e > .kt-row-layout-overlay{opacity:0.30;}.kb-row-layout-id4483_988261-5e .kt-row-layout-bottom-sep{height:100px;}.kb-row-layout-id4483_988261-5e .kt-row-layout-bottom-sep svg{width:100%;}.kb-row-layout-id4483_988261-5e .kt-row-layout-bottom-sep svg{fill:#ffffff!important;}@media all and (max-width: 1024px){.kb-row-layout-id4483_988261-5e > .kt-row-column-wrap{grid-template-columns:minmax(0, 1fr);}}@media all and (max-width: 1024px){.kb-row-layout-id4483_988261-5e .kt-row-layout-bottom-sep{height:px;}}@media all and (max-width: 1024px){.kb-row-layout-id4483_988261-5e .kt-row-layout-bottom-sep svg{width:%;}}@media all and (max-width: 767px){.kb-row-layout-id4483_988261-5e > .kt-row-column-wrap{grid-template-columns:minmax(0, 1fr);}.kb-row-layout-id4483_988261-5e .kt-row-layout-bottom-sep{height:px;}.kb-row-layout-id4483_988261-5e .kt-row-layout-bottom-sep svg{width:%;}}<\/style><div class=\"kb-row-layout-wrap kb-row-layout-id4483_988261-5e alignfull wp-block-kadence-rowlayout\"><div class=\"kt-row-column-wrap kt-has-1-columns kt-row-layout-equal kt-tab-layout-inherit kt-mobile-layout-row kt-row-valign-middle\">\n<style>.kadence-column4483_6e8d35-52 > .kt-inside-inner-col,.kadence-column4483_6e8d35-52 > .kt-inside-inner-col:before{border-top-left-radius:0px;border-top-right-radius:0px;border-bottom-right-radius:0px;border-bottom-left-radius:0px;}.kadence-column4483_6e8d35-52 > .kt-inside-inner-col{column-gap:var(--global-kb-gap-sm, 1rem);}.kadence-column4483_6e8d35-52 > .kt-inside-inner-col{flex-direction:column;}.kadence-column4483_6e8d35-52 > .kt-inside-inner-col > .aligncenter{width:100%;}.kadence-column4483_6e8d35-52 > .kt-inside-inner-col:before{opacity:0.3;}.kadence-column4483_6e8d35-52{position:relative;}@media all and (max-width: 1024px){.kadence-column4483_6e8d35-52 > .kt-inside-inner-col{flex-direction:column;justify-content:center;}}@media all and (max-width: 767px){.kadence-column4483_6e8d35-52 > .kt-inside-inner-col{flex-direction:column;justify-content:center;}}<\/style>\n<div class=\"wp-block-kadence-column kadence-column4483_6e8d35-52\"><div class=\"kt-inside-inner-col\">\n<p class=\".texto-justificado\"><strong><strong><strong><strong><strong>El objetivo general de esta l\u00ednea es contribuir a una agricultura m\u00e1s sostenible frente a los cambios ambientales, en un contexto local y global que demanda una mayor producci\u00f3n de alimentos y productos vegetales. Para ello, exploramos estrategias biotecnol\u00f3gicas orientadas a incrementar la productividad de los cultivos y optimizar el uso del agua en condiciones adversas, buscando al mismo tiempo un impacto ambiental positivo. En particular, trabajamos en el dise\u00f1o de modificaciones gen\u00e9ticas en cultivos como arroz y soja que mejoren la producci\u00f3n y eficiencia fotosint\u00e9tica a trav\u00e9s de cambios en el transporte de fotoasimilados y la regulaci\u00f3n estom\u00e1tica, entre otros.<\/strong><\/strong><\/strong><\/strong><\/strong><\/p>\n<\/div><\/div>\n\n<\/div><\/div>\n\n<style>.kb-row-layout-id4483_cc59d0-ff > .kt-row-column-wrap{align-content:start;}:where(.kb-row-layout-id4483_cc59d0-ff > .kt-row-column-wrap) > .wp-block-kadence-column{justify-content:start;}.kb-row-layout-id4483_cc59d0-ff > .kt-row-column-wrap{column-gap:var(--global-kb-gap-md, 2rem);row-gap:var(--global-kb-gap-md, 2rem);max-width:1200px;margin-left:auto;margin-right:auto;padding-top:var(--global-kb-spacing-sm, 1.5rem);padding-bottom:var(--global-kb-spacing-sm, 1.5rem);grid-template-columns:minmax(0, 2fr) minmax(0, 1fr);}.kb-row-layout-id4483_cc59d0-ff{background-color:rgba(0,0,0,0.03);}.kb-row-layout-id4483_cc59d0-ff > .kt-row-layout-overlay{opacity:0.30;}.kb-row-layout-id4483_cc59d0-ff .kt-row-layout-bottom-sep{height:100px;}.kb-row-layout-id4483_cc59d0-ff .kt-row-layout-bottom-sep svg{width:100%;}.kb-row-layout-id4483_cc59d0-ff .kt-row-layout-bottom-sep svg{fill:#000!important;}@media all and (max-width: 1024px){.kb-row-layout-id4483_cc59d0-ff > .kt-row-column-wrap{grid-template-columns:minmax(0, 2fr) minmax(0, 1fr);}}@media all and (max-width: 1024px){.kb-row-layout-id4483_cc59d0-ff .kt-row-layout-bottom-sep{height:px;}}@media all and (max-width: 1024px){.kb-row-layout-id4483_cc59d0-ff .kt-row-layout-bottom-sep svg{width:%;}}@media all and (max-width: 767px){.kb-row-layout-id4483_cc59d0-ff > .kt-row-column-wrap{grid-template-columns:minmax(0, 1fr);}.kb-row-layout-id4483_cc59d0-ff .kt-row-layout-bottom-sep{height:px;}.kb-row-layout-id4483_cc59d0-ff .kt-row-layout-bottom-sep svg{width:%;}}<\/style><div class=\"kb-row-layout-wrap kb-row-layout-id4483_cc59d0-ff alignwide kt-row-has-bg wp-block-kadence-rowlayout\"><div class=\"kt-row-column-wrap kt-has-2-columns kt-row-layout-left-golden kt-tab-layout-inherit kt-mobile-layout-row kt-row-valign-top\">\n<style>.kadence-column4483_026426-ef > .kt-inside-inner-col{border-right:1px solid #000;}.kadence-column4483_026426-ef > .kt-inside-inner-col,.kadence-column4483_026426-ef > .kt-inside-inner-col:before{border-top-left-radius:0px;border-top-right-radius:0px;border-bottom-right-radius:0px;border-bottom-left-radius:0px;}.kadence-column4483_026426-ef > .kt-inside-inner-col{column-gap:var(--global-kb-gap-sm, 1rem);}.kadence-column4483_026426-ef > .kt-inside-inner-col{flex-direction:column;}.kadence-column4483_026426-ef > .kt-inside-inner-col > .aligncenter{width:100%;}.kadence-column4483_026426-ef > .kt-inside-inner-col:before{opacity:0.3;}.kadence-column4483_026426-ef{position:relative;}@media all and (max-width: 1024px){.kadence-column4483_026426-ef > .kt-inside-inner-col{border-right:1px solid #000;flex-direction:column;justify-content:center;}}@media all and (max-width: 767px){.kadence-column4483_026426-ef > .kt-inside-inner-col{border-right:1px solid #000;flex-direction:column;justify-content:center;}}<\/style>\n<div class=\"wp-block-kadence-column kadence-column4483_026426-ef inner-column-1\"><div class=\"kt-inside-inner-col\">\n<div class=\"wp-block-columns are-vertically-aligned-top is-layout-flex wp-container-core-columns-is-layout-9d6595d7 wp-block-columns-is-layout-flex\">\n<div class=\"wp-block-column is-vertically-aligned-top is-layout-flow wp-block-column-is-layout-flow\" style=\"flex-basis:100%\">\n<div class=\"wp-block-group\"><div class=\"wp-block-group__inner-container is-layout-flow wp-block-group-is-layout-flow\"><style>.kb-row-layout-wrap.wp-block-kadence-rowlayout.kb-row-layout-id4483_9a1c11-70{margin-top:0px;margin-bottom:0px;}.kb-row-layout-id4483_9a1c11-70 > .kt-row-column-wrap{align-content:start;}:where(.kb-row-layout-id4483_9a1c11-70 > .kt-row-column-wrap) > .wp-block-kadence-column{justify-content:start;}.kb-row-layout-id4483_9a1c11-70 > .kt-row-column-wrap{column-gap:var(--global-kb-gap-md, 2rem);row-gap:var(--global-kb-gap-md, 2rem);padding-top:0px;padding-right:30px;padding-bottom:0px;padding-left:0px;grid-template-columns:minmax(0, 1fr);}.kb-row-layout-id4483_9a1c11-70 > .kt-row-layout-overlay{opacity:0.30;}.kb-row-layout-id4483_9a1c11-70 .kt-row-layout-bottom-sep{height:100px;}.kb-row-layout-id4483_9a1c11-70 .kt-row-layout-bottom-sep svg{width:100%;}.kb-row-layout-id4483_9a1c11-70 .kt-row-layout-bottom-sep svg{fill:#ffffff!important;}@media all and (max-width: 1024px){.kb-row-layout-id4483_9a1c11-70 > .kt-row-column-wrap{grid-template-columns:minmax(0, 1fr);}}@media all and (max-width: 1024px){.kb-row-layout-id4483_9a1c11-70 .kt-row-layout-bottom-sep{height:px;}}@media all and (max-width: 1024px){.kb-row-layout-id4483_9a1c11-70 .kt-row-layout-bottom-sep svg{width:%;}}@media all and (max-width: 767px){.kb-row-layout-id4483_9a1c11-70 > .kt-row-column-wrap{grid-template-columns:minmax(0, 1fr);}.kb-row-layout-id4483_9a1c11-70 .kt-row-layout-bottom-sep{height:px;}.kb-row-layout-id4483_9a1c11-70 .kt-row-layout-bottom-sep svg{width:%;}}<\/style><div class=\"kb-row-layout-wrap kb-row-layout-id4483_9a1c11-70 aligncenter wp-block-kadence-rowlayout\"><div class=\"kt-row-column-wrap kt-has-1-columns kt-row-layout-equal kt-tab-layout-inherit kt-mobile-layout-row kt-row-valign-top\">\n<style>.kadence-column4483_0b0231-a8 > .kt-inside-inner-col,.kadence-column4483_0b0231-a8 > .kt-inside-inner-col:before{border-top-left-radius:0px;border-top-right-radius:0px;border-bottom-right-radius:0px;border-bottom-left-radius:0px;}.kadence-column4483_0b0231-a8 > .kt-inside-inner-col{column-gap:var(--global-kb-gap-sm, 1rem);}.kadence-column4483_0b0231-a8 > .kt-inside-inner-col{flex-direction:column;}.kadence-column4483_0b0231-a8 > .kt-inside-inner-col > .aligncenter{width:100%;}.kadence-column4483_0b0231-a8 > .kt-inside-inner-col:before{opacity:0.3;}.kadence-column4483_0b0231-a8{position:relative;}@media all and (max-width: 1024px){.kadence-column4483_0b0231-a8 > .kt-inside-inner-col{flex-direction:column;justify-content:center;}}@media all and (max-width: 767px){.kadence-column4483_0b0231-a8 > .kt-inside-inner-col{flex-direction:column;justify-content:center;}}<\/style>\n<div class=\"wp-block-kadence-column kadence-column4483_0b0231-a8 inner-column-1\"><div class=\"kt-inside-inner-col\">\n<p><strong><em>-Publicaciones destacadas<\/em><\/strong><\/p>\n\n\n\n<p><em>1. Patente AR072885B1: \u201cM\u00e9todo para inducir el crecimiento y\/o floraci\u00f3n temprana en plantas\u201d; M\u00fcller, Lara; G <\/em><em>Maurino<\/em><em>; Drincovich; CS Andreo. Patente con convenio de Licencia CONICET \u2013 UNIVERSIDAD NACIONAL DE ROSARIO \u2013 BIOCERES<\/em><\/p>\n\n\n\n<p><em>2. <\/em><em>Muller<\/em><em> et al (2018) <\/em><em>Improved<\/em><em> <\/em><em>water<\/em><em> use <\/em><em>efficiency<\/em><em> and <\/em><em>shorter<\/em><em> <\/em><em>life<\/em><em> <\/em><em>cycle<\/em><em> <\/em><em>of<\/em><em> <\/em><em>Nicotiana<\/em><em> <\/em><em>tabacum<\/em><em> <\/em><em>due<\/em><em> <\/em><em>to<\/em><em> <\/em><em>modification<\/em><em> <\/em><em>of<\/em><em> <\/em><em>guard<\/em><em> and vascular <\/em><em>companion<\/em><em> <\/em><em>cells<\/em><em>. <\/em><em>Scientific<\/em><em> <\/em><em>Reports<\/em><em> 8, 4380<\/em><\/p>\n\n\n\n<p><em>3. <\/em><em>Oitaven<\/em><em> et al (2024) <\/em><em>Drought<\/em><em> <\/em><em>resistance<\/em><em> and <\/em><em>improved<\/em><em> <\/em><em>yield<\/em><em> <\/em><em>result<\/em><em> <\/em><em>from<\/em><em> <\/em><em>modified<\/em><em> malate <\/em><em>metabolism<\/em><em> in <\/em><em>guard<\/em><em> and vascular <\/em><em>companion<\/em><em> <\/em><em>cells<\/em><em>. <\/em><em>bioRxiv<\/em><em> <\/em><em>preprint<\/em><em> <\/em><em>doi<\/em><em>: https:\/\/doi.org\/10.1101\/2024.06.24.600218<\/em><\/p>\n\n\n\n<p><strong><em>Subsidios vigentes<\/em><\/strong><\/p>\n\n\n\n<p><em>1. Redes Federales de Alto Impacto: Red Federal de Agrobiotecnolog\u00eda Traslacional (<\/em><em>AgroBiotecAR<\/em><em>) 2023-2027. Monto total: 1.000.000 d\u00f3lares. Coordinadoras: Raquel Chan; Maria Fabiana Drincovich<\/em><\/p>\n\n\n\n<p><em>2. Agencia Santafesina de Ciencia, Tecnolog\u00eda e Innovaci\u00f3n; Investigaci\u00f3n Orientada IO-2025-171 2025-2027. Obtenci\u00f3n y caracterizaci\u00f3n de plantas de soja mejoradas en su rendimiento utilizando construcciones gen\u00e9ticas combinadas. Raquel Chan; Mar\u00eda Fabiana Drincovich<\/em><\/p>\n\n\n\n<p><em>3. Proyectos de Investigaci\u00f3n Estrat\u00e9gica Territorial en Red (PIET-R) 2025. Mejoramiento de soja por edici\u00f3n g\u00e9nica para incrementar la productividad en condiciones de estr\u00e9s abi\u00f3tico. Gabriela Soto; Raquel Chan; Mar\u00eda Fabiana Drincovich<\/em><\/p>\n<\/div><\/div>\n\n<\/div><\/div><\/div><\/div>\n<\/div>\n<\/div>\n<\/div><\/div>\n\n\n<style>.kadence-column4483_3865d8-77 > .kt-inside-inner-col{border-right:1px solid transparent;}.kadence-column4483_3865d8-77 > .kt-inside-inner-col,.kadence-column4483_3865d8-77 > .kt-inside-inner-col:before{border-top-left-radius:0px;border-top-right-radius:0px;border-bottom-right-radius:0px;border-bottom-left-radius:0px;}.kadence-column4483_3865d8-77 > .kt-inside-inner-col{column-gap:var(--global-kb-gap-sm, 1rem);}.kadence-column4483_3865d8-77 > .kt-inside-inner-col{flex-direction:column;}.kadence-column4483_3865d8-77 > .kt-inside-inner-col > .aligncenter{width:100%;}.kadence-column4483_3865d8-77 > .kt-inside-inner-col:before{opacity:0.3;}.kadence-column4483_3865d8-77{position:relative;}@media all and (max-width: 1024px){.kadence-column4483_3865d8-77 > .kt-inside-inner-col{border-right:1px solid transparent;flex-direction:column;justify-content:center;}}@media all and (max-width: 767px){.kadence-column4483_3865d8-77 > .kt-inside-inner-col{border-right:1px solid transparent;flex-direction:column;justify-content:center;}}<\/style>\n<div class=\"wp-block-kadence-column kadence-column4483_3865d8-77 inner-column-2\"><div class=\"kt-inside-inner-col\">\n<p><strong>Researcher<\/strong><br><a href=\"https:\/\/www.cefobi-conicet.gov.ar\/en\/drincovich\/\">Maria Fabiana Drincovich<\/a><\/p>\n\n\n\n<figure class=\"wp-block-image size-full\"><img loading=\"lazy\" decoding=\"async\" width=\"287\" height=\"318\" src=\"https:\/\/www.cefobi-conicet.gov.ar\/wp-content\/uploads\/2025\/12\/MFDrincovich.jpg\" alt=\"\" class=\"wp-image-4487\" srcset=\"https:\/\/www.cefobi-conicet.gov.ar\/wp-content\/uploads\/2025\/12\/MFDrincovich.jpg 287w, https:\/\/www.cefobi-conicet.gov.ar\/wp-content\/uploads\/2025\/12\/MFDrincovich-271x300.jpg 271w, https:\/\/www.cefobi-conicet.gov.ar\/wp-content\/uploads\/2025\/12\/MFDrincovich-11x12.jpg 11w\" sizes=\"auto, (max-width: 287px) 100vw, 287px\" \/><\/figure>\n\n\n\n<p><\/p>\n\n\n\n<p><\/p>\n<\/div><\/div>\n\n<\/div><\/div>\n\n\n<p><\/p>","protected":false},"excerpt":{"rendered":"<p>Estrategias biotecnol\u00f3gicas para incrementar la resiliencia y productividad de cultivos con impacto positivo sobre el medio ambiente El objetivo general de esta l\u00ednea es contribuir a una agricultura m\u00e1s sostenible frente a los cambios ambientales, en un contexto local y &hellip; <a href=\"https:\/\/www.cefobi-conicet.gov.ar\/en\/gid-drincovich\/\">Continued<\/a><\/p>","protected":false},"author":5,"featured_media":0,"parent":0,"menu_order":0,"comment_status":"closed","ping_status":"closed","template":"","meta":{"kt_blocks_editor_width":"","footnotes":""},"class_list":["post-4483","page","type-page","status-publish","hentry"],"_links":{"self":[{"href":"https:\/\/www.cefobi-conicet.gov.ar\/en\/wp-json\/wp\/v2\/pages\/4483","targetHints":{"allow":["GET"]}}],"collection":[{"href":"https:\/\/www.cefobi-conicet.gov.ar\/en\/wp-json\/wp\/v2\/pages"}],"about":[{"href":"https:\/\/www.cefobi-conicet.gov.ar\/en\/wp-json\/wp\/v2\/types\/page"}],"author":[{"embeddable":true,"href":"https:\/\/www.cefobi-conicet.gov.ar\/en\/wp-json\/wp\/v2\/users\/5"}],"replies":[{"embeddable":true,"href":"https:\/\/www.cefobi-conicet.gov.ar\/en\/wp-json\/wp\/v2\/comments?post=4483"}],"version-history":[{"count":2,"href":"https:\/\/www.cefobi-conicet.gov.ar\/en\/wp-json\/wp\/v2\/pages\/4483\/revisions"}],"predecessor-version":[{"id":4488,"href":"https:\/\/www.cefobi-conicet.gov.ar\/en\/wp-json\/wp\/v2\/pages\/4483\/revisions\/4488"}],"wp:attachment":[{"href":"https:\/\/www.cefobi-conicet.gov.ar\/en\/wp-json\/wp\/v2\/media?parent=4483"}],"curies":[{"name":"wp","href":"https:\/\/api.w.org\/{rel}","templated":true}]}}