{"id":4425,"date":"2025-11-27T14:08:54","date_gmt":"2025-11-27T17:08:54","guid":{"rendered":"https:\/\/www.cefobi-conicet.gov.ar\/?page_id=4425"},"modified":"2025-11-27T14:32:53","modified_gmt":"2025-11-27T17:32:53","slug":"administracion","status":"publish","type":"page","link":"https:\/\/www.cefobi-conicet.gov.ar\/en\/administracion\/","title":{"rendered":"Administration"},"content":{"rendered":"<style>.kb-row-layout-id4425_f6ad01-b5 > .kt-row-column-wrap{align-content:start;}:where(.kb-row-layout-id4425_f6ad01-b5 > .kt-row-column-wrap) > .wp-block-kadence-column{justify-content:start;}.kb-row-layout-id4425_f6ad01-b5 > .kt-row-column-wrap{column-gap:var(--global-kb-gap-md, 2rem);row-gap:var(--global-kb-gap-md, 2rem);padding-top:var(--global-kb-spacing-sm, 1.5rem);padding-bottom:var(--global-kb-spacing-sm, 1.5rem);grid-template-columns:repeat(2, minmax(0, 1fr));}.kb-row-layout-id4425_f6ad01-b5 > .kt-row-layout-overlay{opacity:0.30;}@media all and (max-width: 1024px){.kb-row-layout-id4425_f6ad01-b5 > .kt-row-column-wrap{grid-template-columns:repeat(2, minmax(0, 1fr));}}@media all and (max-width: 767px){.kb-row-layout-id4425_f6ad01-b5 > .kt-row-column-wrap{grid-template-columns:minmax(0, 1fr);}}<\/style><div class=\"kb-row-layout-wrap kb-row-layout-id4425_f6ad01-b5 alignnone wp-block-kadence-rowlayout\"><div class=\"kt-row-column-wrap kt-has-2-columns kt-row-layout-equal kt-tab-layout-inherit kt-mobile-layout-row kt-row-valign-top\">\n<style>.kadence-column4425_24fd1d-4e > .kt-inside-inner-col,.kadence-column4425_24fd1d-4e > .kt-inside-inner-col:before{border-top-left-radius:0px;border-top-right-radius:0px;border-bottom-right-radius:0px;border-bottom-left-radius:0px;}.kadence-column4425_24fd1d-4e > .kt-inside-inner-col{column-gap:var(--global-kb-gap-sm, 1rem);}.kadence-column4425_24fd1d-4e > .kt-inside-inner-col{flex-direction:column;}.kadence-column4425_24fd1d-4e > .kt-inside-inner-col > .aligncenter{width:100%;}.kadence-column4425_24fd1d-4e > .kt-inside-inner-col:before{opacity:0.3;}.kadence-column4425_24fd1d-4e{position:relative;}@media all and (max-width: 1024px){.kadence-column4425_24fd1d-4e > .kt-inside-inner-col{flex-direction:column;justify-content:center;}}@media all and (max-width: 767px){.kadence-column4425_24fd1d-4e > .kt-inside-inner-col{flex-direction:column;justify-content:center;}}<\/style>\n<div class=\"wp-block-kadence-column kadence-column4425_24fd1d-4e inner-column-1\"><div class=\"kt-inside-inner-col\">\n<p><\/p>\n\n\n\n<p>El funcionamiento administrativo del CEFOBI requiere una gesti\u00f3n precisa y continua de los recursos econ\u00f3micos del Instituto, que incluye la formulaci\u00f3n, ejecuci\u00f3n y seguimiento del presupuesto anual, as\u00ed como la correcta imputaci\u00f3n de los gastos provenientes de fondos STAN (Servicios de Transferencia de Alto Nivel) y convenios espec\u00edficos. Estas tareas contemplan el registro de la ejecuci\u00f3n presupuestaria, la confecci\u00f3n de \u00f3rdenes de pago y la clasificaci\u00f3n de facturas y documentos liquidables seg\u00fan la normativa vigente. Adem\u00e1s, demanda el uso de aplicativos y sistemas inform\u00e1ticos actualizados en materia de presupuesto y finanzas, y la aplicaci\u00f3n de t\u00e9cnicas y procedimientos que permiten acompa\u00f1ar proyectos de diversa relevancia y complejidad, brindando soporte administrativo a las distintas \u00e1reas del Instituto.<\/p>\n\n\n\n<p>Para estas funciones contamos con personal administrativo capacitado, responsable de asegurar la gesti\u00f3n presupuestaria y financiera del Instituto y de asistir en las tareas propias del \u00e1rea cuando sea necesario.<\/p>\n\n\n\n<p><strong>Resposible<\/strong>: Asistente de Presupuesto y Finanzas &#8211; Yolanda Carnibella<\/p>\n\n\n\n<p>Yolanda trabaja en CEFOBI desde el a\u00f1o 2013 acompa\u00f1ando los procesos administrativos del instituto y de los proyectos  de sus investigadores.<\/p>\n\n\n\n<p><strong>Contact<\/strong>: <a href=\"mailto:carnibella@cefobi-conicet.gov.ar\">carnibella@cefobi-conicet.gov.ar<\/a><\/p>\n<\/div><\/div>\n\n\n<style>.kadence-column4425_890316-c8 > .kt-inside-inner-col,.kadence-column4425_890316-c8 > .kt-inside-inner-col:before{border-top-left-radius:0px;border-top-right-radius:0px;border-bottom-right-radius:0px;border-bottom-left-radius:0px;}.kadence-column4425_890316-c8 > .kt-inside-inner-col{column-gap:var(--global-kb-gap-sm, 1rem);}.kadence-column4425_890316-c8 > .kt-inside-inner-col{flex-direction:column;}.kadence-column4425_890316-c8 > .kt-inside-inner-col > .aligncenter{width:100%;}.kadence-column4425_890316-c8 > .kt-inside-inner-col:before{opacity:0.3;}.kadence-column4425_890316-c8{position:relative;}@media all and (max-width: 1024px){.kadence-column4425_890316-c8 > .kt-inside-inner-col{flex-direction:column;justify-content:center;}}@media all and (max-width: 767px){.kadence-column4425_890316-c8 > .kt-inside-inner-col{flex-direction:column;justify-content:center;}}<\/style>\n<div class=\"wp-block-kadence-column kadence-column4425_890316-c8\"><div class=\"kt-inside-inner-col\">\n<figure class=\"wp-block-image size-large is-resized\"><a href=\"https:\/\/www.cefobi-conicet.gov.ar\/wp-content\/uploads\/2025\/11\/Foto-para-Web-CEFOBI-.jpeg\"><img loading=\"lazy\" decoding=\"async\" width=\"818\" height=\"1024\" src=\"https:\/\/www.cefobi-conicet.gov.ar\/wp-content\/uploads\/2025\/11\/Foto-para-Web-CEFOBI--818x1024.jpeg\" alt=\"\" class=\"wp-image-4426\" style=\"width:276px;height:auto\" srcset=\"https:\/\/www.cefobi-conicet.gov.ar\/wp-content\/uploads\/2025\/11\/Foto-para-Web-CEFOBI--818x1024.jpeg 818w, https:\/\/www.cefobi-conicet.gov.ar\/wp-content\/uploads\/2025\/11\/Foto-para-Web-CEFOBI--240x300.jpeg 240w, https:\/\/www.cefobi-conicet.gov.ar\/wp-content\/uploads\/2025\/11\/Foto-para-Web-CEFOBI--768x961.jpeg 768w, https:\/\/www.cefobi-conicet.gov.ar\/wp-content\/uploads\/2025\/11\/Foto-para-Web-CEFOBI--10x12.jpeg 10w, https:\/\/www.cefobi-conicet.gov.ar\/wp-content\/uploads\/2025\/11\/Foto-para-Web-CEFOBI-.jpeg 1138w\" sizes=\"auto, (max-width: 818px) 100vw, 818px\" \/><\/a><\/figure>\n<\/div><\/div>\n\n<\/div><\/div>","protected":false},"excerpt":{"rendered":"<p>El funcionamiento administrativo del CEFOBI requiere una gesti\u00f3n precisa y continua de los recursos econ\u00f3micos del Instituto, que incluye la formulaci\u00f3n, ejecuci\u00f3n y seguimiento del presupuesto anual, as\u00ed como la correcta imputaci\u00f3n de los gastos provenientes de fondos STAN (Servicios &hellip; <a href=\"https:\/\/www.cefobi-conicet.gov.ar\/en\/administracion\/\">Continued<\/a><\/p>","protected":false},"author":8,"featured_media":0,"parent":0,"menu_order":0,"comment_status":"closed","ping_status":"closed","template":"","meta":{"kt_blocks_editor_width":"","footnotes":""},"class_list":["post-4425","page","type-page","status-publish","hentry"],"_links":{"self":[{"href":"https:\/\/www.cefobi-conicet.gov.ar\/en\/wp-json\/wp\/v2\/pages\/4425","targetHints":{"allow":["GET"]}}],"collection":[{"href":"https:\/\/www.cefobi-conicet.gov.ar\/en\/wp-json\/wp\/v2\/pages"}],"about":[{"href":"https:\/\/www.cefobi-conicet.gov.ar\/en\/wp-json\/wp\/v2\/types\/page"}],"author":[{"embeddable":true,"href":"https:\/\/www.cefobi-conicet.gov.ar\/en\/wp-json\/wp\/v2\/users\/8"}],"replies":[{"embeddable":true,"href":"https:\/\/www.cefobi-conicet.gov.ar\/en\/wp-json\/wp\/v2\/comments?post=4425"}],"version-history":[{"count":9,"href":"https:\/\/www.cefobi-conicet.gov.ar\/en\/wp-json\/wp\/v2\/pages\/4425\/revisions"}],"predecessor-version":[{"id":4439,"href":"https:\/\/www.cefobi-conicet.gov.ar\/en\/wp-json\/wp\/v2\/pages\/4425\/revisions\/4439"}],"wp:attachment":[{"href":"https:\/\/www.cefobi-conicet.gov.ar\/en\/wp-json\/wp\/v2\/media?parent=4425"}],"curies":[{"name":"wp","href":"https:\/\/api.w.org\/{rel}","templated":true}]}}