{"id":4131,"date":"2022-11-23T17:31:13","date_gmt":"2022-11-23T20:31:13","guid":{"rendered":"https:\/\/www.cefobi-conicet.gov.ar\/?page_id=4131"},"modified":"2026-03-20T12:13:57","modified_gmt":"2026-03-20T15:13:57","slug":"tecnologia-nanopore-en-muestras-og","status":"publish","type":"page","link":"https:\/\/www.cefobi-conicet.gov.ar\/en\/tecnologia-nanopore-en-muestras-og\/","title":{"rendered":"TECNOLOG\u00cdA NANOPORE EN MUESTRAS O&#038;G"},"content":{"rendered":"<style>.kb-row-layout-id4131_033b0e-81 > .kt-row-column-wrap{align-content:start;}:where(.kb-row-layout-id4131_033b0e-81 > .kt-row-column-wrap) > .wp-block-kadence-column{justify-content:start;}.kb-row-layout-id4131_033b0e-81 > .kt-row-column-wrap{column-gap:var(--global-kb-gap-md, 2rem);row-gap:var(--global-kb-gap-md, 2rem);padding-top:var(--global-kb-spacing-sm, 1.5rem);padding-bottom:var(--global-kb-spacing-sm, 1.5rem);grid-template-columns:repeat(2, minmax(0, 1fr));}.kb-row-layout-id4131_033b0e-81 > .kt-row-layout-overlay{opacity:0.30;}@media all and (max-width: 1024px){.kb-row-layout-id4131_033b0e-81 > .kt-row-column-wrap{grid-template-columns:repeat(2, minmax(0, 1fr));}}@media all and (max-width: 767px){.kb-row-layout-id4131_033b0e-81 > .kt-row-column-wrap{grid-template-columns:minmax(0, 1fr);}}<\/style><div class=\"kb-row-layout-wrap kb-row-layout-id4131_033b0e-81 alignnone wp-block-kadence-rowlayout\"><div class=\"kt-row-column-wrap kt-has-2-columns kt-row-layout-equal kt-tab-layout-inherit kt-mobile-layout-row kt-row-valign-top\">\n<style>.kadence-column4131_5b2c30-fc > .kt-inside-inner-col{border-top-width:0px;border-right-width:0px;border-bottom-width:0px;border-left-width:0px;}.kadence-column4131_5b2c30-fc > .kt-inside-inner-col,.kadence-column4131_5b2c30-fc > .kt-inside-inner-col:before{border-top-left-radius:0px;border-top-right-radius:0px;border-bottom-right-radius:0px;border-bottom-left-radius:0px;}.kadence-column4131_5b2c30-fc > .kt-inside-inner-col{column-gap:var(--global-kb-gap-sm, 1rem);}.kadence-column4131_5b2c30-fc > .kt-inside-inner-col{flex-direction:column;}.kadence-column4131_5b2c30-fc > .kt-inside-inner-col > .aligncenter{width:100%;}.kadence-column4131_5b2c30-fc > .kt-inside-inner-col:before{opacity:0.3;}.kadence-column4131_5b2c30-fc{position:relative;}@media all and (max-width: 1024px){.kadence-column4131_5b2c30-fc > .kt-inside-inner-col{flex-direction:column;justify-content:center;}}@media all and (max-width: 767px){.kadence-column4131_5b2c30-fc > .kt-inside-inner-col{flex-direction:column;justify-content:center;}}<\/style>\n<div class=\"wp-block-kadence-column kadence-column4131_5b2c30-fc inner-column-1\"><div class=\"kt-inside-inner-col\">\n<figure class=\"wp-block-gallery has-nested-images columns-default is-cropped wp-block-gallery-1 is-layout-flex wp-block-gallery-is-layout-flex\">\n<figure class=\"wp-block-image size-large\"><a href=\"https:\/\/www.cefobi-conicet.gov.ar\/wp-content\/uploads\/2022\/11\/WhatsApp-Image-2022-11-23-at-16.34.32.jpeg\"><img loading=\"lazy\" decoding=\"async\" width=\"1024\" height=\"768\" data-id=\"4135\" src=\"https:\/\/www.cefobi-conicet.gov.ar\/wp-content\/uploads\/2022\/11\/WhatsApp-Image-2022-11-23-at-16.34.32-1024x768.jpeg\" alt=\"\" class=\"wp-image-4135\" srcset=\"https:\/\/www.cefobi-conicet.gov.ar\/wp-content\/uploads\/2022\/11\/WhatsApp-Image-2022-11-23-at-16.34.32-1024x768.jpeg 1024w, https:\/\/www.cefobi-conicet.gov.ar\/wp-content\/uploads\/2022\/11\/WhatsApp-Image-2022-11-23-at-16.34.32-300x225.jpeg 300w, https:\/\/www.cefobi-conicet.gov.ar\/wp-content\/uploads\/2022\/11\/WhatsApp-Image-2022-11-23-at-16.34.32-768x576.jpeg 768w, https:\/\/www.cefobi-conicet.gov.ar\/wp-content\/uploads\/2022\/11\/WhatsApp-Image-2022-11-23-at-16.34.32-1536x1152.jpeg 1536w, https:\/\/www.cefobi-conicet.gov.ar\/wp-content\/uploads\/2022\/11\/WhatsApp-Image-2022-11-23-at-16.34.32-16x12.jpeg 16w, https:\/\/www.cefobi-conicet.gov.ar\/wp-content\/uploads\/2022\/11\/WhatsApp-Image-2022-11-23-at-16.34.32.jpeg 1600w\" sizes=\"auto, (max-width: 1024px) 100vw, 1024px\" \/><\/a><\/figure>\n\n\n\n<figure class=\"wp-block-image size-large\"><a href=\"https:\/\/www.cefobi-conicet.gov.ar\/wp-content\/uploads\/2022\/11\/WhatsApp-Image-2022-11-23-at-16.34.33-e1669235410293.jpeg\"><img loading=\"lazy\" decoding=\"async\" width=\"1024\" height=\"576\" data-id=\"4136\" src=\"https:\/\/www.cefobi-conicet.gov.ar\/wp-content\/uploads\/2022\/11\/WhatsApp-Image-2022-11-23-at-16.34.33-e1669235410293-1024x576.jpeg\" alt=\"\" class=\"wp-image-4136\" srcset=\"https:\/\/www.cefobi-conicet.gov.ar\/wp-content\/uploads\/2022\/11\/WhatsApp-Image-2022-11-23-at-16.34.33-e1669235410293-1024x576.jpeg 1024w, https:\/\/www.cefobi-conicet.gov.ar\/wp-content\/uploads\/2022\/11\/WhatsApp-Image-2022-11-23-at-16.34.33-e1669235410293-300x169.jpeg 300w, https:\/\/www.cefobi-conicet.gov.ar\/wp-content\/uploads\/2022\/11\/WhatsApp-Image-2022-11-23-at-16.34.33-e1669235410293-768x432.jpeg 768w, https:\/\/www.cefobi-conicet.gov.ar\/wp-content\/uploads\/2022\/11\/WhatsApp-Image-2022-11-23-at-16.34.33-e1669235410293-1536x864.jpeg 1536w, https:\/\/www.cefobi-conicet.gov.ar\/wp-content\/uploads\/2022\/11\/WhatsApp-Image-2022-11-23-at-16.34.33-e1669235410293-16x9.jpeg 16w, https:\/\/www.cefobi-conicet.gov.ar\/wp-content\/uploads\/2022\/11\/WhatsApp-Image-2022-11-23-at-16.34.33-e1669235410293.jpeg 1600w\" sizes=\"auto, (max-width: 1024px) 100vw, 1024px\" \/><\/a><\/figure>\n<\/figure>\n<\/div><\/div>\n\n\n<style>.kadence-column4131_1920e3-98 > .kt-inside-inner-col{border-top-width:0px;border-right-width:0px;border-bottom-width:0px;border-left-width:0px;}.kadence-column4131_1920e3-98 > .kt-inside-inner-col,.kadence-column4131_1920e3-98 > .kt-inside-inner-col:before{border-top-left-radius:0px;border-top-right-radius:0px;border-bottom-right-radius:0px;border-bottom-left-radius:0px;}.kadence-column4131_1920e3-98 > .kt-inside-inner-col{column-gap:var(--global-kb-gap-sm, 1rem);}.kadence-column4131_1920e3-98 > .kt-inside-inner-col{flex-direction:column;}.kadence-column4131_1920e3-98 > .kt-inside-inner-col > .aligncenter{width:100%;}.kadence-column4131_1920e3-98 > .kt-inside-inner-col:before{opacity:0.3;}.kadence-column4131_1920e3-98{position:relative;}@media all and (max-width: 1024px){.kadence-column4131_1920e3-98 > .kt-inside-inner-col{flex-direction:column;justify-content:center;}}@media all and (max-width: 767px){.kadence-column4131_1920e3-98 > .kt-inside-inner-col{flex-direction:column;justify-content:center;}}<\/style>\n<div class=\"wp-block-kadence-column kadence-column4131_1920e3-98 inner-column-2\"><div class=\"kt-inside-inner-col\">\n<div class=\"wp-block-group\"><div class=\"wp-block-group__inner-container is-layout-flow wp-block-group-is-layout-flow\">\n<p><\/p>\n\n\n\n<p>Se asesora al contratante sobre los distintos protocolos tentativos para ensayos de extracci\u00f3n de ADN de alta calidad seg\u00fan tipo de muestra de O&amp;G (l\u00edquido, s\u00f3lidos, crudo), as\u00ed como la calificaci\u00f3n de los protocolos de trabajo para cada caso: cantidad y calidad del material gen\u00e9tico obtenido.<\/p>\n\n\n\n<p>Se asesora en la puesta a punto de secuenciaci\u00f3n Nanopore utilizando una muestra est\u00e1ndar: preparaci\u00f3n de&nbsp;bibliotecas (muestra individual y multiplex), corrida en el dispositivo de secuenciaci\u00f3n y transferencia virtual de datos. Secuenciar muestras de O&amp;G. <\/p>\n\n\n\n<p>Se brinda asesoramiento sobre los distintos m\u00e9todos que permitan el tratamiento bioinform\u00e1ticos de los datos: transformaci\u00f3n de datos crudos de Nanopore a secuencias gen\u00e9ticas (para corridas de muestras simples y m\u00faltiples).<\/p>\n\n\n\n<p><strong>Responsables:<\/strong> <\/p>\n\n\n\n<p>M\u00dcLLER, GABRIELA  &#8211; <a href=\"mailto:muller@cefobi-conicet.gov.ar\">muller@cefobi-conicet.gov.ar<\/a><\/p>\n\n\n\n<p>SAAVEDRA, DAMIAN DARIO &#8211; <a href=\"mailto:saavedra@cerobi-conicet.gov.ar\">saavedra@cefobi-conicet.gov.ar<\/a><\/p>\n\n\n\n<p>TORRES MANNO, MARIANO &#8211; <a href=\"mailto:torresmanno@cefobi-conicet.gov.ar\">torresmanno@cefobi-conicet.gov.ar<\/a><\/p>\n\n\n\n<p>ALTUBE, LARISA &#8211; <a href=\"mailto:altube@cefobi-conicet.gov.ar\">altube@cefobi-conicet.gov.ar<\/a><\/p>\n<\/div><\/div>\n<\/div><\/div>\n\n<\/div><\/div>\n\n\n<p><\/p>","protected":false},"excerpt":{"rendered":"<p>Se asesora al contratante sobre los distintos protocolos tentativos para ensayos de extracci\u00f3n de ADN de alta calidad seg\u00fan tipo de muestra de O&amp;G (l\u00edquido, s\u00f3lidos, crudo), as\u00ed como la calificaci\u00f3n de los protocolos de trabajo para cada caso: cantidad &hellip; <a href=\"https:\/\/www.cefobi-conicet.gov.ar\/en\/tecnologia-nanopore-en-muestras-og\/\">Continued<\/a><\/p>","protected":false},"author":8,"featured_media":0,"parent":0,"menu_order":0,"comment_status":"closed","ping_status":"closed","template":"","meta":{"kt_blocks_editor_width":"","footnotes":""},"class_list":["post-4131","page","type-page","status-publish","hentry"],"_links":{"self":[{"href":"https:\/\/www.cefobi-conicet.gov.ar\/en\/wp-json\/wp\/v2\/pages\/4131","targetHints":{"allow":["GET"]}}],"collection":[{"href":"https:\/\/www.cefobi-conicet.gov.ar\/en\/wp-json\/wp\/v2\/pages"}],"about":[{"href":"https:\/\/www.cefobi-conicet.gov.ar\/en\/wp-json\/wp\/v2\/types\/page"}],"author":[{"embeddable":true,"href":"https:\/\/www.cefobi-conicet.gov.ar\/en\/wp-json\/wp\/v2\/users\/8"}],"replies":[{"embeddable":true,"href":"https:\/\/www.cefobi-conicet.gov.ar\/en\/wp-json\/wp\/v2\/comments?post=4131"}],"version-history":[{"count":4,"href":"https:\/\/www.cefobi-conicet.gov.ar\/en\/wp-json\/wp\/v2\/pages\/4131\/revisions"}],"predecessor-version":[{"id":4557,"href":"https:\/\/www.cefobi-conicet.gov.ar\/en\/wp-json\/wp\/v2\/pages\/4131\/revisions\/4557"}],"wp:attachment":[{"href":"https:\/\/www.cefobi-conicet.gov.ar\/en\/wp-json\/wp\/v2\/media?parent=4131"}],"curies":[{"name":"wp","href":"https:\/\/api.w.org\/{rel}","templated":true}]}}