{"id":4019,"date":"2022-09-13T10:54:36","date_gmt":"2022-09-13T13:54:36","guid":{"rendered":"https:\/\/www.cefobi-conicet.gov.ar\/?page_id=4019"},"modified":"2022-11-23T16:07:38","modified_gmt":"2022-11-23T19:07:38","slug":"cultivo-de-plantas","status":"publish","type":"page","link":"https:\/\/www.cefobi-conicet.gov.ar\/en\/cultivo-de-plantas\/","title":{"rendered":"Plant Cultures"},"content":{"rendered":"<style>#kt-layout-id_f2ef8a-f7 > .kt-row-column-wrap{align-content:start;}:where(#kt-layout-id_f2ef8a-f7 > .kt-row-column-wrap) > .wp-block-kadence-column{justify-content:start;}#kt-layout-id_f2ef8a-f7 > .kt-row-column-wrap{column-gap:var(--global-kb-gap-md, 2rem);row-gap:var(--global-kb-gap-md, 2rem);padding-top:var( --global-kb-row-default-top, 25px );padding-bottom:var( --global-kb-row-default-bottom, 25px );padding-top:var(--global-kb-spacing-sm, 1.5rem);padding-bottom:var(--global-kb-spacing-sm, 1.5rem);grid-template-columns:repeat(2, minmax(0, 1fr));}#kt-layout-id_f2ef8a-f7 > .kt-row-layout-overlay{opacity:0.30;}@media all and (max-width: 1024px){#kt-layout-id_f2ef8a-f7 > .kt-row-column-wrap{grid-template-columns:repeat(2, minmax(0, 1fr));}}@media all and (max-width: 767px){#kt-layout-id_f2ef8a-f7 > .kt-row-column-wrap{grid-template-columns:minmax(0, 1fr);}}<\/style>\n<div class=\"wp-block-kadence-rowlayout alignnone\"><div id=\"kt-layout-id_f2ef8a-f7\" class=\"kt-row-layout-inner kt-layout-id_f2ef8a-f7\"><div class=\"kt-row-column-wrap kt-has-2-columns kt-gutter-default kt-v-gutter-default kt-row-valign-top kt-row-layout-equal kt-tab-layout-inherit kt-m-colapse-left-to-right kt-mobile-layout-row\"><style>.kadence-column_c43d61-42 > .kt-inside-inner-col{border-top-width:0px;border-right-width:0px;border-bottom-width:0px;border-left-width:0px;}.kadence-column_c43d61-42 > .kt-inside-inner-col,.kadence-column_c43d61-42 > .kt-inside-inner-col:before{border-top-left-radius:0px;border-top-right-radius:0px;border-bottom-right-radius:0px;border-bottom-left-radius:0px;}.kadence-column_c43d61-42 > .kt-inside-inner-col{column-gap:var(--global-kb-gap-sm, 1rem);}.kadence-column_c43d61-42 > .kt-inside-inner-col{flex-direction:column;}.kadence-column_c43d61-42 > .kt-inside-inner-col > .aligncenter{width:100%;}.kadence-column_c43d61-42 > .kt-inside-inner-col:before{opacity:0.3;}.kadence-column_c43d61-42{position:relative;}@media all and (max-width: 1024px){.kadence-column_c43d61-42 > .kt-inside-inner-col{flex-direction:column;justify-content:center;}}@media all and (max-width: 767px){.kadence-column_c43d61-42 > .kt-inside-inner-col{flex-direction:column;justify-content:center;}}<\/style>\n<div class=\"wp-block-kadence-column inner-column-1 kadence-column_c43d61-42\"><div class=\"kt-inside-inner-col\">\n<p>En el CEFOBI muchos de los proyectos de investigaci\u00f3n involucran la experimentaci\u00f3n con distintas especies vegetales. El instituto cuenta con espacios de crecimiento especializados: dos c\u00e1maras de&nbsp;cultivo, dos cuartos tipo fitotrones y un invernadero donde se cultivan la especie modelo&nbsp;<em>Arabidopsis thaliana<\/em>Arabidopsis thaliana, different Solanaceae such as tomato, Nicotiana tabacum and Nicotiana benthamiana,<em>and even larger species such as eucalyptus, citrus, corn, sorghum and soybean.<\/em>&nbsp;y especies de mayor porte como eucalipto, c\u00edtricos, ma\u00edz, sorgo y soja.<br>Los fitotrones y c\u00e1maras de cultivo se utilizan para generar condiciones espec\u00edficas de temperatura y humedad, as\u00ed como tambi\u00e9n para simular el ciclo de luz solar, asegurar el crecimiento \u00f3ptimo de las especies y la reproducibilidad de los ensayos, y\/o generar condiciones controladas de fluctuaciones ambientales.<br>A fundamental part of plant cultivation is stock maintenance and propagation of ecotypes and mutants. In general, plant care involves the preparation of specific substrates, proper irrigation, pest control; and for larger species, also pruning and fertilization.<br>Research work at CEFOBI focuses on the study of responses to different environmental stimuli related to the effects of climate change, such as exposure to high or low temperatures, light fluctuations, variations in the type and intensity of light, drought and pathogen infections. Furthermore, to study gene function, Arabidopsis transformation is routinely performed using the Agrobacterium floral-dip technique,&nbsp;<em>Nicotiana benthamiana<\/em>&nbsp;is transformed using the virus-induced gene silencing technique (VIGs).<\/p>\n\n\n\n<p><strong>Resposible<\/strong>: CPA (CONICET)-Technical Assistant Melina Leiva<\/p>\n\n\n\n<p class=\"has-text-align-center\"><img loading=\"lazy\" decoding=\"async\" width=\"150\" height=\"150\" class=\"wp-image-4084\" style=\"width: 150px;\" src=\"https:\/\/www.cefobi-conicet.gov.ar\/uploads_cefobi\/2022\/09\/Meli.png\" alt=\"\" srcset=\"https:\/\/www.cefobi-conicet.gov.ar\/wp-content\/uploads\/2022\/09\/Meli.png 500w, https:\/\/www.cefobi-conicet.gov.ar\/wp-content\/uploads\/2022\/09\/Meli-300x300.png 300w, https:\/\/www.cefobi-conicet.gov.ar\/wp-content\/uploads\/2022\/09\/Meli-150x150.png 150w, https:\/\/www.cefobi-conicet.gov.ar\/wp-content\/uploads\/2022\/09\/Meli-12x12.png 12w\" sizes=\"auto, (max-width: 150px) 100vw, 150px\" \/><\/p>\n\n\n\n<p>Melina joined CEFOBI in June 2022 to organize and establish reproducible protocols in the plant cultivation area.<\/p>\n\n\n\n<p><strong>Contact<\/strong>: <a href=\"mailto:leiva@cefobi-conicet.gov.ar\">leiva@cefobi-conicet.gov.ar<\/a><\/p>\n<\/div><\/div>\n\n\n<style>.kadence-column_52c93e-3a > .kt-inside-inner-col{border-top-width:0px;border-right-width:0px;border-bottom-width:0px;border-left-width:0px;}.kadence-column_52c93e-3a > .kt-inside-inner-col,.kadence-column_52c93e-3a > .kt-inside-inner-col:before{border-top-left-radius:0px;border-top-right-radius:0px;border-bottom-right-radius:0px;border-bottom-left-radius:0px;}.kadence-column_52c93e-3a > .kt-inside-inner-col{column-gap:var(--global-kb-gap-sm, 1rem);}.kadence-column_52c93e-3a > .kt-inside-inner-col{flex-direction:column;}.kadence-column_52c93e-3a > .kt-inside-inner-col > .aligncenter{width:100%;}.kadence-column_52c93e-3a > .kt-inside-inner-col:before{opacity:0.3;}.kadence-column_52c93e-3a{position:relative;}@media all and (max-width: 1024px){.kadence-column_52c93e-3a > .kt-inside-inner-col{flex-direction:column;justify-content:center;}}@media all and (max-width: 767px){.kadence-column_52c93e-3a > .kt-inside-inner-col{flex-direction:column;justify-content:center;}}<\/style>\n<div class=\"wp-block-kadence-column inner-column-2 kadence-column_52c93e-3a\"><div class=\"kt-inside-inner-col\"><style>.kb-gallery-id-_b237a0-68.kb-gallery-ul.kb-gallery-type-fluidcarousel .kt-blocks-carousel figure .kb-gal-image-radius, .kb-gallery-id-_b237a0-68.kb-gallery-ul.kb-gallery-type-fluidcarousel .kt-blocks-carousel figure .kb-gal-image-radius img{height:526px;}.kb-gallery-id-_b237a0-68 .kadence-blocks-gallery-item .kb-gal-image-radius, .kb-gallery-id-_b237a0-68 .kb-slide-item .kb-gal-image-radius img{border-radius:0px 0px 0px 0px;;}.kb-gallery-caption-style-bottom.kb-gallery-id-_b237a0-68 .kadence-blocks-gallery-item .kadence-blocks-gallery-item-inner .kadence-blocks-gallery-item__caption, .kb-gallery-caption-style-bottom-hover.kb-gallery-id-_b237a0-68 .kadence-blocks-gallery-item .kadence-blocks-gallery-item-inner .kadence-blocks-gallery-item__caption{background:linear-gradient(0deg, rgba(0, 0, 0, 0.8) 0, rgba(0, 0, 0, 0) 100%);}.kb-gallery-wrap-id-_b237a0-68.wp-block-kadence-advancedgallery{overflow:visible;}.kb-gallery-wrap-id-_b237a0-68.wp-block-kadence-advancedgallery .kt-blocks-carousel{overflow:visible;max-width:100%;}<\/style><div class=\"kb-gallery-wrap-id-_b237a0-68 alignnone wp-block-kadence-advancedgallery\"><div class=\"kb-gallery-ul kb-gallery-non-static kb-gallery-type-fluidcarousel kb-gallery-id-_b237a0-68 kb-gallery-caption-style-bottom kb-gallery-filter-none\" data-image-filter=\"none\" data-lightbox-caption=\"true\"><div class=\"kt-blocks-carousel splide kt-carousel-container-dotstyle-dark kt-carousel-arrowstyle-whiteondark kt-carousel-dotstyle-dark kb-slider-group-arrow kb-slider-arrow-position-center\" data-slider-anim-speed=\"400\" data-slider-scroll=\"1\" data-slider-arrows=\"true\" data-slider-dots=\"true\" data-slider-hover-pause=\"false\" data-slider-auto=\"1\" data-slider-speed=\"4410\" data-slider-type=\"fluidcarousel\" data-slider-center-mode=\"true\" data-slider-gap=\"10px\" data-slider-gap-tablet=\"10px\" data-slider-gap-mobile=\"10px\" data-show-pause-button=\"false\"><div class=\"splide__track\"><ul class=\"kt-blocks-carousel-init kb-blocks-fluid-carousel splide__list\"><li class=\"kb-slide-item kb-gallery-carousel-item splide__slide\"><div class=\"kadence-blocks-gallery-item\"><div class=\"kadence-blocks-gallery-item-inner\"><figure class=\"kb-gallery-figure kadence-blocks-gallery-item-has-caption\"><div class=\"kb-gal-image-radius\"><div class=\"kb-gallery-image-contain\" ><img loading=\"lazy\" decoding=\"async\" src=\"https:\/\/www.cefobi-conicet.gov.ar\/uploads_cefobi\/2022\/09\/Durazno-1-scaled.jpg\" width=\"1920\" height=\"2560\" alt=\"\" data-full-image=\"https:\/\/www.cefobi-conicet.gov.ar\/uploads_cefobi\/2022\/09\/Durazno-1-scaled.jpg\" data-light-image=\"https:\/\/www.cefobi-conicet.gov.ar\/uploads_cefobi\/2022\/09\/Durazno-1-scaled.jpg\" data-id=\"4021\" class=\"wp-image-4021 skip-lazy\" srcset=\"https:\/\/www.cefobi-conicet.gov.ar\/wp-content\/uploads\/2022\/09\/Durazno-1-scaled.jpg 1920w, https:\/\/www.cefobi-conicet.gov.ar\/wp-content\/uploads\/2022\/09\/Durazno-1-225x300.jpg 225w, https:\/\/www.cefobi-conicet.gov.ar\/wp-content\/uploads\/2022\/09\/Durazno-1-768x1024.jpg 768w, https:\/\/www.cefobi-conicet.gov.ar\/wp-content\/uploads\/2022\/09\/Durazno-1-1152x1536.jpg 1152w, https:\/\/www.cefobi-conicet.gov.ar\/wp-content\/uploads\/2022\/09\/Durazno-1-1536x2048.jpg 1536w, https:\/\/www.cefobi-conicet.gov.ar\/wp-content\/uploads\/2022\/09\/Durazno-1-9x12.jpg 9w\" sizes=\"auto, (max-width: 1920px) 100vw, 1920px\" \/><\/div><div class=\"kadence-blocks-gallery-item__caption\">Peach<\/div><\/div><\/figure><\/div><\/div><\/li><li class=\"kb-slide-item kb-gallery-carousel-item splide__slide\"><div class=\"kadence-blocks-gallery-item\"><div class=\"kadence-blocks-gallery-item-inner\"><figure class=\"kb-gallery-figure kadence-blocks-gallery-item-has-caption\"><div class=\"kb-gal-image-radius\"><div class=\"kb-gallery-image-contain\" ><img loading=\"lazy\" decoding=\"async\" src=\"https:\/\/www.cefobi-conicet.gov.ar\/uploads_cefobi\/2022\/09\/Nicotiana-tabaccum.jpeg\" width=\"1200\" height=\"1599\" alt=\"\" data-full-image=\"https:\/\/www.cefobi-conicet.gov.ar\/uploads_cefobi\/2022\/09\/Nicotiana-tabaccum.jpeg\" data-light-image=\"https:\/\/www.cefobi-conicet.gov.ar\/uploads_cefobi\/2022\/09\/Nicotiana-tabaccum.jpeg\" data-id=\"4029\" class=\"wp-image-4029 skip-lazy\" srcset=\"https:\/\/www.cefobi-conicet.gov.ar\/wp-content\/uploads\/2022\/09\/Nicotiana-tabaccum.jpeg 1200w, https:\/\/www.cefobi-conicet.gov.ar\/wp-content\/uploads\/2022\/09\/Nicotiana-tabaccum-225x300.jpeg 225w, https:\/\/www.cefobi-conicet.gov.ar\/wp-content\/uploads\/2022\/09\/Nicotiana-tabaccum-768x1023.jpeg 768w, https:\/\/www.cefobi-conicet.gov.ar\/wp-content\/uploads\/2022\/09\/Nicotiana-tabaccum-1153x1536.jpeg 1153w, https:\/\/www.cefobi-conicet.gov.ar\/wp-content\/uploads\/2022\/09\/Nicotiana-tabaccum-9x12.jpeg 9w\" sizes=\"auto, (max-width: 1200px) 100vw, 1200px\" \/><\/div><div class=\"kadence-blocks-gallery-item__caption\">Nicotiana tabacum<\/div><\/div><\/figure><\/div><\/div><\/li><li class=\"kb-slide-item kb-gallery-carousel-item splide__slide\"><div class=\"kadence-blocks-gallery-item\"><div class=\"kadence-blocks-gallery-item-inner\"><figure class=\"kb-gallery-figure kadence-blocks-gallery-item-has-caption\"><div class=\"kb-gal-image-radius\"><div class=\"kb-gallery-image-contain\" ><img loading=\"lazy\" decoding=\"async\" src=\"https:\/\/www.cefobi-conicet.gov.ar\/uploads_cefobi\/2022\/09\/Tomate.jpeg\" width=\"1200\" height=\"1599\" alt=\"\" data-full-image=\"https:\/\/www.cefobi-conicet.gov.ar\/uploads_cefobi\/2022\/09\/Tomate.jpeg\" data-light-image=\"https:\/\/www.cefobi-conicet.gov.ar\/uploads_cefobi\/2022\/09\/Tomate.jpeg\" data-id=\"4031\" class=\"wp-image-4031 skip-lazy\" srcset=\"https:\/\/www.cefobi-conicet.gov.ar\/wp-content\/uploads\/2022\/09\/Tomate.jpeg 1200w, https:\/\/www.cefobi-conicet.gov.ar\/wp-content\/uploads\/2022\/09\/Tomate-225x300.jpeg 225w, https:\/\/www.cefobi-conicet.gov.ar\/wp-content\/uploads\/2022\/09\/Tomate-768x1023.jpeg 768w, https:\/\/www.cefobi-conicet.gov.ar\/wp-content\/uploads\/2022\/09\/Tomate-1153x1536.jpeg 1153w, https:\/\/www.cefobi-conicet.gov.ar\/wp-content\/uploads\/2022\/09\/Tomate-9x12.jpeg 9w\" sizes=\"auto, (max-width: 1200px) 100vw, 1200px\" \/><\/div><div class=\"kadence-blocks-gallery-item__caption\">Tomato<\/div><\/div><\/figure><\/div><\/div><\/li><li class=\"kb-slide-item kb-gallery-carousel-item splide__slide\"><div class=\"kadence-blocks-gallery-item\"><div class=\"kadence-blocks-gallery-item-inner\"><figure class=\"kb-gallery-figure kadence-blocks-gallery-item-has-caption\"><div class=\"kb-gal-image-radius\"><div class=\"kb-gallery-image-contain\" ><img loading=\"lazy\" decoding=\"async\" src=\"https:\/\/www.cefobi-conicet.gov.ar\/uploads_cefobi\/2022\/09\/Soja-scaled.jpg\" width=\"1920\" height=\"2560\" alt=\"\" data-full-image=\"https:\/\/www.cefobi-conicet.gov.ar\/uploads_cefobi\/2022\/09\/Soja-scaled.jpg\" data-light-image=\"https:\/\/www.cefobi-conicet.gov.ar\/uploads_cefobi\/2022\/09\/Soja-scaled.jpg\" data-id=\"4024\" class=\"wp-image-4024 skip-lazy\" srcset=\"https:\/\/www.cefobi-conicet.gov.ar\/wp-content\/uploads\/2022\/09\/Soja-scaled.jpg 1920w, https:\/\/www.cefobi-conicet.gov.ar\/wp-content\/uploads\/2022\/09\/Soja-225x300.jpg 225w, https:\/\/www.cefobi-conicet.gov.ar\/wp-content\/uploads\/2022\/09\/Soja-768x1024.jpg 768w, https:\/\/www.cefobi-conicet.gov.ar\/wp-content\/uploads\/2022\/09\/Soja-1152x1536.jpg 1152w, https:\/\/www.cefobi-conicet.gov.ar\/wp-content\/uploads\/2022\/09\/Soja-1536x2048.jpg 1536w, https:\/\/www.cefobi-conicet.gov.ar\/wp-content\/uploads\/2022\/09\/Soja-9x12.jpg 9w\" sizes=\"auto, (max-width: 1920px) 100vw, 1920px\" \/><\/div><div class=\"kadence-blocks-gallery-item__caption\">Soybean<\/div><\/div><\/figure><\/div><\/div><\/li><li class=\"kb-slide-item kb-gallery-carousel-item splide__slide\"><div class=\"kadence-blocks-gallery-item\"><div class=\"kadence-blocks-gallery-item-inner\"><figure class=\"kb-gallery-figure kadence-blocks-gallery-item-has-caption\"><div class=\"kb-gal-image-radius\"><div class=\"kb-gallery-image-contain\" ><img loading=\"lazy\" decoding=\"async\" src=\"https:\/\/www.cefobi-conicet.gov.ar\/uploads_cefobi\/2022\/09\/Eucalipto-scaled.jpg\" width=\"1920\" height=\"2560\" alt=\"\" data-full-image=\"https:\/\/www.cefobi-conicet.gov.ar\/uploads_cefobi\/2022\/09\/Eucalipto-scaled.jpg\" data-light-image=\"https:\/\/www.cefobi-conicet.gov.ar\/uploads_cefobi\/2022\/09\/Eucalipto-scaled.jpg\" data-id=\"4020\" class=\"wp-image-4020 skip-lazy\" srcset=\"https:\/\/www.cefobi-conicet.gov.ar\/wp-content\/uploads\/2022\/09\/Eucalipto-scaled.jpg 1920w, https:\/\/www.cefobi-conicet.gov.ar\/wp-content\/uploads\/2022\/09\/Eucalipto-225x300.jpg 225w, https:\/\/www.cefobi-conicet.gov.ar\/wp-content\/uploads\/2022\/09\/Eucalipto-768x1024.jpg 768w, https:\/\/www.cefobi-conicet.gov.ar\/wp-content\/uploads\/2022\/09\/Eucalipto-1152x1536.jpg 1152w, https:\/\/www.cefobi-conicet.gov.ar\/wp-content\/uploads\/2022\/09\/Eucalipto-1536x2048.jpg 1536w, https:\/\/www.cefobi-conicet.gov.ar\/wp-content\/uploads\/2022\/09\/Eucalipto-9x12.jpg 9w\" sizes=\"auto, (max-width: 1920px) 100vw, 1920px\" \/><\/div><div class=\"kadence-blocks-gallery-item__caption\">Eucalyptus<\/div><\/div><\/figure><\/div><\/div><\/li><li class=\"kb-slide-item kb-gallery-carousel-item splide__slide\"><div class=\"kadence-blocks-gallery-item\"><div class=\"kadence-blocks-gallery-item-inner\"><figure class=\"kb-gallery-figure kadence-blocks-gallery-item-has-caption\"><div class=\"kb-gal-image-radius\"><div class=\"kb-gallery-image-contain\" ><img loading=\"lazy\" decoding=\"async\" src=\"https:\/\/www.cefobi-conicet.gov.ar\/uploads_cefobi\/2022\/09\/Nicotiana-benthamiana.jpeg\" width=\"1200\" height=\"1599\" alt=\"\" data-full-image=\"https:\/\/www.cefobi-conicet.gov.ar\/uploads_cefobi\/2022\/09\/Nicotiana-benthamiana.jpeg\" data-light-image=\"https:\/\/www.cefobi-conicet.gov.ar\/uploads_cefobi\/2022\/09\/Nicotiana-benthamiana.jpeg\" data-id=\"4028\" class=\"wp-image-4028 skip-lazy\" srcset=\"https:\/\/www.cefobi-conicet.gov.ar\/wp-content\/uploads\/2022\/09\/Nicotiana-benthamiana.jpeg 1200w, https:\/\/www.cefobi-conicet.gov.ar\/wp-content\/uploads\/2022\/09\/Nicotiana-benthamiana-225x300.jpeg 225w, https:\/\/www.cefobi-conicet.gov.ar\/wp-content\/uploads\/2022\/09\/Nicotiana-benthamiana-768x1023.jpeg 768w, https:\/\/www.cefobi-conicet.gov.ar\/wp-content\/uploads\/2022\/09\/Nicotiana-benthamiana-1153x1536.jpeg 1153w, https:\/\/www.cefobi-conicet.gov.ar\/wp-content\/uploads\/2022\/09\/Nicotiana-benthamiana-9x12.jpeg 9w\" sizes=\"auto, (max-width: 1200px) 100vw, 1200px\" \/><\/div><div class=\"kadence-blocks-gallery-item__caption\">Nicotiana benthamiana<\/div><\/div><\/figure><\/div><\/div><\/li><li class=\"kb-slide-item kb-gallery-carousel-item splide__slide\"><div class=\"kadence-blocks-gallery-item\"><div class=\"kadence-blocks-gallery-item-inner\"><figure class=\"kb-gallery-figure kadence-blocks-gallery-item-has-caption\"><div class=\"kb-gal-image-radius\"><div class=\"kb-gallery-image-contain\" ><img loading=\"lazy\" decoding=\"async\" src=\"https:\/\/www.cefobi-conicet.gov.ar\/uploads_cefobi\/2022\/09\/Crecimiento-en-placa-vertical-2.jpeg\" width=\"1198\" height=\"1100\" alt=\"\" data-full-image=\"https:\/\/www.cefobi-conicet.gov.ar\/uploads_cefobi\/2022\/09\/Crecimiento-en-placa-vertical-2.jpeg\" data-light-image=\"https:\/\/www.cefobi-conicet.gov.ar\/uploads_cefobi\/2022\/09\/Crecimiento-en-placa-vertical-2.jpeg\" data-id=\"4026\" class=\"wp-image-4026 skip-lazy\" srcset=\"https:\/\/www.cefobi-conicet.gov.ar\/wp-content\/uploads\/2022\/09\/Crecimiento-en-placa-vertical-2.jpeg 1198w, https:\/\/www.cefobi-conicet.gov.ar\/wp-content\/uploads\/2022\/09\/Crecimiento-en-placa-vertical-2-300x275.jpeg 300w, https:\/\/www.cefobi-conicet.gov.ar\/wp-content\/uploads\/2022\/09\/Crecimiento-en-placa-vertical-2-1024x940.jpeg 1024w, https:\/\/www.cefobi-conicet.gov.ar\/wp-content\/uploads\/2022\/09\/Crecimiento-en-placa-vertical-2-768x705.jpeg 768w, https:\/\/www.cefobi-conicet.gov.ar\/wp-content\/uploads\/2022\/09\/Crecimiento-en-placa-vertical-2-13x12.jpeg 13w\" sizes=\"auto, (max-width: 1198px) 100vw, 1198px\" \/><\/div><div class=\"kadence-blocks-gallery-item__caption\">Arabidopsis grown on plates<\/div><\/div><\/figure><\/div><\/div><\/li><li class=\"kb-slide-item kb-gallery-carousel-item splide__slide\"><div class=\"kadence-blocks-gallery-item\"><div class=\"kadence-blocks-gallery-item-inner\"><figure class=\"kb-gallery-figure kadence-blocks-gallery-item-has-caption\"><div class=\"kb-gal-image-radius\"><div class=\"kb-gallery-image-contain\" ><img loading=\"lazy\" decoding=\"async\" src=\"https:\/\/www.cefobi-conicet.gov.ar\/uploads_cefobi\/2022\/09\/Arabidopsis-thaliana-scaled.jpg\" width=\"1920\" height=\"2560\" alt=\"\" data-full-image=\"https:\/\/www.cefobi-conicet.gov.ar\/uploads_cefobi\/2022\/09\/Arabidopsis-thaliana-scaled.jpg\" data-light-image=\"https:\/\/www.cefobi-conicet.gov.ar\/uploads_cefobi\/2022\/09\/Arabidopsis-thaliana-scaled.jpg\" data-id=\"4023\" class=\"wp-image-4023 skip-lazy\" srcset=\"https:\/\/www.cefobi-conicet.gov.ar\/wp-content\/uploads\/2022\/09\/Arabidopsis-thaliana-scaled.jpg 1920w, https:\/\/www.cefobi-conicet.gov.ar\/wp-content\/uploads\/2022\/09\/Arabidopsis-thaliana-225x300.jpg 225w, https:\/\/www.cefobi-conicet.gov.ar\/wp-content\/uploads\/2022\/09\/Arabidopsis-thaliana-768x1024.jpg 768w, https:\/\/www.cefobi-conicet.gov.ar\/wp-content\/uploads\/2022\/09\/Arabidopsis-thaliana-1152x1536.jpg 1152w, https:\/\/www.cefobi-conicet.gov.ar\/wp-content\/uploads\/2022\/09\/Arabidopsis-thaliana-1536x2048.jpg 1536w, https:\/\/www.cefobi-conicet.gov.ar\/wp-content\/uploads\/2022\/09\/Arabidopsis-thaliana-9x12.jpg 9w\" sizes=\"auto, (max-width: 1920px) 100vw, 1920px\" \/><\/div><div class=\"kadence-blocks-gallery-item__caption\">Arabidopsis thaliana<\/div><\/div><\/figure><\/div><\/div><\/li><\/ul><\/div><\/div><\/div><\/div>\n\n\n<figure class=\"wp-block-gallery columns-0 is-cropped wp-block-gallery-1 is-layout-flex wp-block-gallery-is-layout-flex\"><ul class=\"blocks-gallery-grid\"><\/ul><\/figure>\n<\/div><\/div>\n<\/div><\/div><\/div>","protected":false},"excerpt":{"rendered":"<p>En el CEFOBI muchos de los proyectos de investigaci\u00f3n involucran la experimentaci\u00f3n con distintas especies vegetales. El instituto cuenta con espacios de crecimiento especializados: dos c\u00e1maras de&nbsp;cultivo, dos cuartos tipo fitotrones y un invernadero donde se cultivan la especie modelo&nbsp;Arabidopsis &hellip; <a href=\"https:\/\/www.cefobi-conicet.gov.ar\/en\/cultivo-de-plantas\/\">Continued<\/a><\/p>","protected":false},"author":7,"featured_media":0,"parent":0,"menu_order":0,"comment_status":"closed","ping_status":"closed","template":"","meta":{"kt_blocks_editor_width":"","footnotes":""},"class_list":["post-4019","page","type-page","status-publish","hentry"],"_links":{"self":[{"href":"https:\/\/www.cefobi-conicet.gov.ar\/en\/wp-json\/wp\/v2\/pages\/4019","targetHints":{"allow":["GET"]}}],"collection":[{"href":"https:\/\/www.cefobi-conicet.gov.ar\/en\/wp-json\/wp\/v2\/pages"}],"about":[{"href":"https:\/\/www.cefobi-conicet.gov.ar\/en\/wp-json\/wp\/v2\/types\/page"}],"author":[{"embeddable":true,"href":"https:\/\/www.cefobi-conicet.gov.ar\/en\/wp-json\/wp\/v2\/users\/7"}],"replies":[{"embeddable":true,"href":"https:\/\/www.cefobi-conicet.gov.ar\/en\/wp-json\/wp\/v2\/comments?post=4019"}],"version-history":[{"count":34,"href":"https:\/\/www.cefobi-conicet.gov.ar\/en\/wp-json\/wp\/v2\/pages\/4019\/revisions"}],"predecessor-version":[{"id":4125,"href":"https:\/\/www.cefobi-conicet.gov.ar\/en\/wp-json\/wp\/v2\/pages\/4019\/revisions\/4125"}],"wp:attachment":[{"href":"https:\/\/www.cefobi-conicet.gov.ar\/en\/wp-json\/wp\/v2\/media?parent=4019"}],"curies":[{"name":"wp","href":"https:\/\/api.w.org\/{rel}","templated":true}]}}