{"id":3960,"date":"2022-07-11T09:11:14","date_gmt":"2022-07-11T12:11:14","guid":{"rendered":"https:\/\/www.cefobi-conicet.gov.ar\/?page_id=3960"},"modified":"2023-07-17T13:08:15","modified_gmt":"2023-07-17T16:08:15","slug":"beca-doctoral-dra-maria-valeria-lara","status":"publish","type":"page","link":"https:\/\/www.cefobi-conicet.gov.ar\/en\/beca-doctoral-dra-maria-valeria-lara\/","title":{"rendered":"Beca Doctoral &#8211; Dra. Mar\u00eda Valeria Lara"},"content":{"rendered":"<style>#kt-layout-id_3d6a90-59 > .kt-row-column-wrap{align-content:start;}:where(#kt-layout-id_3d6a90-59 > .kt-row-column-wrap) > .wp-block-kadence-column{justify-content:start;}#kt-layout-id_3d6a90-59 > .kt-row-column-wrap{column-gap:var(--global-kb-gap-md, 2rem);row-gap:var(--global-kb-gap-md, 2rem);max-width:var(--wp--style--global--content-size);padding-top:var( --global-kb-row-default-top, 25px );padding-bottom:var( --global-kb-row-default-bottom, 25px );padding-top:var(--global-kb-spacing-sm, 1.5rem);padding-bottom:var(--global-kb-spacing-sm, 1.5rem);grid-template-columns:repeat(2, minmax(0, 1fr));}#kt-layout-id_3d6a90-59 > .kt-row-layout-overlay{opacity:0.30;}@media all and (max-width: 1024px){#kt-layout-id_3d6a90-59 > .kt-row-column-wrap{grid-template-columns:repeat(2, minmax(0, 1fr));}}@media all and (max-width: 767px){#kt-layout-id_3d6a90-59 > .kt-row-column-wrap{grid-template-columns:minmax(0, 1fr);}}<\/style>\n<div class=\"wp-block-kadence-rowlayout alignnone\"><div id=\"kt-layout-id_3d6a90-59\" class=\"kt-row-layout-inner kt-layout-id_3d6a90-59\"><div class=\"kt-row-column-wrap kt-has-2-columns kt-gutter-default kt-v-gutter-default kt-row-valign-top kt-row-layout-equal kt-tab-layout-inherit kt-m-colapse-left-to-right kt-mobile-layout-row kb-theme-content-width\"><style>.kadence-column_0ff219-92 > .kt-inside-inner-col{border-top-width:0px;border-right-width:0px;border-bottom-width:0px;border-left-width:0px;}.kadence-column_0ff219-92 > .kt-inside-inner-col,.kadence-column_0ff219-92 > .kt-inside-inner-col:before{border-top-left-radius:0px;border-top-right-radius:0px;border-bottom-right-radius:0px;border-bottom-left-radius:0px;}.kadence-column_0ff219-92 > .kt-inside-inner-col{column-gap:var(--global-kb-gap-sm, 1rem);}.kadence-column_0ff219-92 > .kt-inside-inner-col{flex-direction:column;}.kadence-column_0ff219-92 > .kt-inside-inner-col > .aligncenter{width:100%;}.kadence-column_0ff219-92 > .kt-inside-inner-col:before{opacity:0.3;}.kadence-column_0ff219-92{position:relative;}@media all and (max-width: 1024px){.kadence-column_0ff219-92 > .kt-inside-inner-col{flex-direction:column;justify-content:center;}}@media all and (max-width: 767px){.kadence-column_0ff219-92 > .kt-inside-inner-col{flex-direction:column;justify-content:center;}}<\/style>\n<div class=\"wp-block-kadence-column inner-column-1 kadence-column_0ff219-92\"><div class=\"kt-inside-inner-col\">\n<figure class=\"wp-block-image size-large\"><a href=\"https:\/\/www.cefobi-conicet.gov.ar\/en\/uploads_cefobi\/2023\/07\/flyer-2023-1.png\/\"><img loading=\"lazy\" decoding=\"async\" width=\"1024\" height=\"1024\" src=\"https:\/\/www.cefobi-conicet.gov.ar\/uploads_cefobi\/2023\/07\/flyer-2023-1-1024x1024.png\" alt=\"\" class=\"wp-image-4186\" srcset=\"https:\/\/www.cefobi-conicet.gov.ar\/wp-content\/uploads\/2023\/07\/flyer-2023-1-1024x1024.png 1024w, https:\/\/www.cefobi-conicet.gov.ar\/wp-content\/uploads\/2023\/07\/flyer-2023-1-300x300.png 300w, https:\/\/www.cefobi-conicet.gov.ar\/wp-content\/uploads\/2023\/07\/flyer-2023-1-150x150.png 150w, https:\/\/www.cefobi-conicet.gov.ar\/wp-content\/uploads\/2023\/07\/flyer-2023-1-768x768.png 768w, https:\/\/www.cefobi-conicet.gov.ar\/wp-content\/uploads\/2023\/07\/flyer-2023-1-1536x1536.png 1536w, https:\/\/www.cefobi-conicet.gov.ar\/wp-content\/uploads\/2023\/07\/flyer-2023-1-2048x2048.png 2048w, https:\/\/www.cefobi-conicet.gov.ar\/wp-content\/uploads\/2023\/07\/flyer-2023-1-12x12.png 12w, https:\/\/www.cefobi-conicet.gov.ar\/wp-content\/uploads\/2023\/07\/flyer-2023-1.png 2159w\" sizes=\"auto, (max-width: 1024px) 100vw, 1024px\" \/><\/a><\/figure>\n<\/div><\/div>\n\n\n<style>.kadence-column_3f4aef-8e > .kt-inside-inner-col{border-top-width:0px;border-right-width:0px;border-bottom-width:0px;border-left-width:0px;}.kadence-column_3f4aef-8e > .kt-inside-inner-col,.kadence-column_3f4aef-8e > .kt-inside-inner-col:before{border-top-left-radius:0px;border-top-right-radius:0px;border-bottom-right-radius:0px;border-bottom-left-radius:0px;}.kadence-column_3f4aef-8e > .kt-inside-inner-col{column-gap:var(--global-kb-gap-sm, 1rem);}.kadence-column_3f4aef-8e > .kt-inside-inner-col{flex-direction:column;}.kadence-column_3f4aef-8e > .kt-inside-inner-col > .aligncenter{width:100%;}.kadence-column_3f4aef-8e > .kt-inside-inner-col:before{opacity:0.3;}.kadence-column_3f4aef-8e{position:relative;}@media all and (max-width: 1024px){.kadence-column_3f4aef-8e > .kt-inside-inner-col{flex-direction:column;justify-content:center;}}@media all and (max-width: 767px){.kadence-column_3f4aef-8e > .kt-inside-inner-col{flex-direction:column;justify-content:center;}}<\/style>\n<div class=\"wp-block-kadence-column inner-column-2 kadence-column_3f4aef-8e\"><div class=\"kt-inside-inner-col\">\n<p><strong>Contact:&nbsp;<\/strong>Dra. Mar\u00eda Valeria Lara (<a href=\"mailto:lara@cefobi-conicet.gov.ar\">lara@cefobi-conicet.gov.ar<\/a>)<\/p>\n\n\n\n<p><strong>Peach as a source of bioactive compounds: the use of Gamma Irradiation to preserve fruit quality during postharvest and processing<\/strong><\/p>\n\n\n\n<p><strong>Requirements:<\/strong> The candidate should have a degree in sciences (i.e. Biochemist, Biotechnology,..) by 01.04.2023<\/p>\n\n\n\n<p><strong>Resume.<\/strong>\u00a0Using peach cultivars from the region, the effect of gamma irradiation (GI) on peaches will be evaluated. GI technology is an alternative to the use of phytosanitary products and heat treatments for fruit preservation and is contemplated in the Argentine Food Code. The effect of different GI doses in whole fruits will be evaluated as a strategy to inactivate pathogens and preserve quality during postharvest. The effect on organoleptic maturation and storage will be studied at the proteome and biochemical-molecular levels. Microscopy, microbiology, molecular biology and biochemistry techniques will be used, including different omics. Write us to tell you about the project!<\/p>\n\n\n\n<p><strong>References.\u00a0<\/strong><\/p>\n\n\n\n<p><a href=\"https:\/\/scholar.google.com\/citations?hl=es&amp;user=Puzju9kAAAAJ&amp;view_op=list_works&amp;sortby=pubdate\">https:\/\/scholar.google.com\/citations?hl=es&amp;user=Puzju9kAAAAJ&amp;view_op=list_works&amp;sortby=pubdate<\/a><\/p>\n<\/div><\/div>\n<\/div><\/div><\/div>","protected":false},"excerpt":{"rendered":"<p>Contacto:&nbsp;Dra. Mar\u00eda Valeria Lara (lara@cefobi-conicet.gov.ar) TEMA: Los duraznos como fuentes de compuestos bioactivos: uso de irradiaci\u00f3n gamma para preservar su calidad durante la poscosecha y el procesamiento Requisitos del candidato: T\u00edtulo de Lic. en Biotecnolog\u00eda, Bioqu\u00edmico o carreras afines a &hellip; <a href=\"https:\/\/www.cefobi-conicet.gov.ar\/en\/beca-doctoral-dra-maria-valeria-lara\/\">Continued<\/a><\/p>","protected":false},"author":7,"featured_media":0,"parent":0,"menu_order":0,"comment_status":"closed","ping_status":"closed","template":"","meta":{"kt_blocks_editor_width":"","footnotes":""},"class_list":["post-3960","page","type-page","status-publish","hentry"],"_links":{"self":[{"href":"https:\/\/www.cefobi-conicet.gov.ar\/en\/wp-json\/wp\/v2\/pages\/3960","targetHints":{"allow":["GET"]}}],"collection":[{"href":"https:\/\/www.cefobi-conicet.gov.ar\/en\/wp-json\/wp\/v2\/pages"}],"about":[{"href":"https:\/\/www.cefobi-conicet.gov.ar\/en\/wp-json\/wp\/v2\/types\/page"}],"author":[{"embeddable":true,"href":"https:\/\/www.cefobi-conicet.gov.ar\/en\/wp-json\/wp\/v2\/users\/7"}],"replies":[{"embeddable":true,"href":"https:\/\/www.cefobi-conicet.gov.ar\/en\/wp-json\/wp\/v2\/comments?post=3960"}],"version-history":[{"count":3,"href":"https:\/\/www.cefobi-conicet.gov.ar\/en\/wp-json\/wp\/v2\/pages\/3960\/revisions"}],"predecessor-version":[{"id":4188,"href":"https:\/\/www.cefobi-conicet.gov.ar\/en\/wp-json\/wp\/v2\/pages\/3960\/revisions\/4188"}],"wp:attachment":[{"href":"https:\/\/www.cefobi-conicet.gov.ar\/en\/wp-json\/wp\/v2\/media?parent=3960"}],"curies":[{"name":"wp","href":"https:\/\/api.w.org\/{rel}","templated":true}]}}