{"id":3945,"date":"2022-07-05T09:08:47","date_gmt":"2022-07-05T12:08:47","guid":{"rendered":"https:\/\/www.cefobi-conicet.gov.ar\/?page_id=3945"},"modified":"2022-07-06T13:06:41","modified_gmt":"2022-07-06T16:06:41","slug":"beca-doctoral-dra-ayelen-pagani","status":"publish","type":"page","link":"https:\/\/www.cefobi-conicet.gov.ar\/en\/beca-doctoral-dra-ayelen-pagani\/","title":{"rendered":"Beca Doctoral &#8211; Dra. Ayel\u00e9n Pagani"},"content":{"rendered":"<style>#kt-layout-id_1d41e8-90 > .kt-row-column-wrap{align-content:start;}:where(#kt-layout-id_1d41e8-90 > .kt-row-column-wrap) > .wp-block-kadence-column{justify-content:start;}#kt-layout-id_1d41e8-90 > .kt-row-column-wrap{column-gap:var(--global-kb-gap-md, 2rem);row-gap:var(--global-kb-gap-md, 2rem);max-width:var(--wp--style--global--content-size);padding-top:var( --global-kb-row-default-top, 25px );padding-bottom:var( --global-kb-row-default-bottom, 25px );padding-top:var(--global-kb-spacing-sm, 1.5rem);padding-bottom:var(--global-kb-spacing-sm, 1.5rem);grid-template-columns:repeat(2, minmax(0, 1fr));}#kt-layout-id_1d41e8-90 > .kt-row-layout-overlay{opacity:0.30;}@media all and (max-width: 1024px){#kt-layout-id_1d41e8-90 > .kt-row-column-wrap{grid-template-columns:repeat(2, minmax(0, 1fr));}}@media all and (max-width: 767px){#kt-layout-id_1d41e8-90 > .kt-row-column-wrap{grid-template-columns:minmax(0, 1fr);}}<\/style>\n<div class=\"wp-block-kadence-rowlayout alignnone\"><div id=\"kt-layout-id_1d41e8-90\" class=\"kt-row-layout-inner kt-layout-id_1d41e8-90\"><div class=\"kt-row-column-wrap kt-has-2-columns kt-gutter-default kt-v-gutter-default kt-row-valign-top kt-row-layout-equal kt-tab-layout-inherit kt-m-colapse-left-to-right kt-mobile-layout-row kb-theme-content-width\"><style>.kadence-column_f8917e-4f > .kt-inside-inner-col{border-top-width:0px;border-right-width:0px;border-bottom-width:0px;border-left-width:0px;}.kadence-column_f8917e-4f > .kt-inside-inner-col,.kadence-column_f8917e-4f > .kt-inside-inner-col:before{border-top-left-radius:0px;border-top-right-radius:0px;border-bottom-right-radius:0px;border-bottom-left-radius:0px;}.kadence-column_f8917e-4f > .kt-inside-inner-col{column-gap:var(--global-kb-gap-sm, 1rem);}.kadence-column_f8917e-4f > .kt-inside-inner-col{flex-direction:column;}.kadence-column_f8917e-4f > .kt-inside-inner-col > .aligncenter{width:100%;}.kadence-column_f8917e-4f > .kt-inside-inner-col:before{opacity:0.3;}.kadence-column_f8917e-4f{position:relative;}@media all and (max-width: 1024px){.kadence-column_f8917e-4f > .kt-inside-inner-col{flex-direction:column;justify-content:center;}}@media all and (max-width: 767px){.kadence-column_f8917e-4f > .kt-inside-inner-col{flex-direction:column;justify-content:center;}}<\/style>\n<div class=\"wp-block-kadence-column inner-column-1 kadence-column_f8917e-4f\"><div class=\"kt-inside-inner-col\">\n<figure class=\"wp-block-image size-large\"><a href=\"https:\/\/www.cefobi-conicet.gov.ar\/en\/uploads_cefobi\/2022\/07\/MAP-Iron-nutrition-Maria-Ayelen-Pagani.jpg\/\"><img loading=\"lazy\" decoding=\"async\" width=\"714\" height=\"267\" src=\"https:\/\/www.cefobi-conicet.gov.ar\/uploads_cefobi\/2022\/07\/MAP-Iron-nutrition-Maria-Ayelen-Pagani.jpg\" alt=\"\" class=\"wp-image-3955\" srcset=\"https:\/\/www.cefobi-conicet.gov.ar\/wp-content\/uploads\/2022\/07\/MAP-Iron-nutrition-Maria-Ayelen-Pagani.jpg 714w, https:\/\/www.cefobi-conicet.gov.ar\/wp-content\/uploads\/2022\/07\/MAP-Iron-nutrition-Maria-Ayelen-Pagani-300x112.jpg 300w, https:\/\/www.cefobi-conicet.gov.ar\/wp-content\/uploads\/2022\/07\/MAP-Iron-nutrition-Maria-Ayelen-Pagani-16x6.jpg 16w\" sizes=\"auto, (max-width: 714px) 100vw, 714px\" \/><\/a><\/figure>\n<\/div><\/div>\n\n\n<style>.kadence-column_67d81b-01 > .kt-inside-inner-col{border-top-width:0px;border-right-width:0px;border-bottom-width:0px;border-left-width:0px;}.kadence-column_67d81b-01 > .kt-inside-inner-col,.kadence-column_67d81b-01 > .kt-inside-inner-col:before{border-top-left-radius:0px;border-top-right-radius:0px;border-bottom-right-radius:0px;border-bottom-left-radius:0px;}.kadence-column_67d81b-01 > .kt-inside-inner-col{column-gap:var(--global-kb-gap-sm, 1rem);}.kadence-column_67d81b-01 > .kt-inside-inner-col{flex-direction:column;}.kadence-column_67d81b-01 > .kt-inside-inner-col > .aligncenter{width:100%;}.kadence-column_67d81b-01 > .kt-inside-inner-col:before{opacity:0.3;}.kadence-column_67d81b-01{position:relative;}@media all and (max-width: 1024px){.kadence-column_67d81b-01 > .kt-inside-inner-col{flex-direction:column;justify-content:center;}}@media all and (max-width: 767px){.kadence-column_67d81b-01 > .kt-inside-inner-col{flex-direction:column;justify-content:center;}}<\/style>\n<div class=\"wp-block-kadence-column inner-column-2 kadence-column_67d81b-01\"><div class=\"kt-inside-inner-col\">\n<p><strong>Contact:&nbsp;<\/strong>Dra. Ayel\u00e9n Pagani (<a href=\"mailto:pagani@cefobi-conicet.gov.ar\">pagani@cefobi-conicet.gov.ar<\/a>&nbsp;)&nbsp;<\/p>\n\n\n\n<p id=\"block-86ac3108-fdbb-46f3-9ffe-d4d9663ca01f\"><strong>TEMA: Estrategias para mejorar la nutrici\u00f3n vegetal<\/strong>.<\/p>\n\n\n\n<p id=\"block-38089020-2fc3-446b-98de-a29df10445fa\"><strong>Requirements:<\/strong>&nbsp;Graduados en Bioqu\u00edmica, Lic. en Biotecnolog\u00eda, Cs. Biol\u00f3gicas, Cs. Agrarias, o afines, con promedio mayor a 7 y, preferentemente, con experiencia en biolog\u00eda molecular y\/o manejo de cultivos vegetales.<\/p>\n\n\n\n<p id=\"block-7582241e-c78c-4a00-8866-243c3da4718b\"><strong>Resume.<\/strong>&nbsp;La deficiencia de hierro limita la productividad en un 30% de las tierras cultivables, y en humanos es un problema de salud global que afecta al 25% de la poblaci\u00f3n mundial. Sin embargo, a\u00fan no se comprenden totalmente los mecanismos fisiol\u00f3gicos y moleculares que regulan la homeostasis vegetal del Fe y las interacciones con los organismos de la rizosfera que facilitan su absorci\u00f3n. Se propone la caracterizaci\u00f3n de distintas v\u00edas y genes que participan en la se\u00f1alizaci\u00f3n retr\u00f3grada, y en la regulaci\u00f3n postranscripcional de la expresi\u00f3n g\u00e9nica, como posibles candidatos de la regulaci\u00f3n fina del metabolismo del Fe. Los experimentos incluyen cultivos hidrop\u00f3nicos, grafting, ion\u00f3mica por ICP-MS y t\u00e9cnicas de biolog\u00eda molecular. Se espera poder dilucidar puntos de control del metabolismo vegetal del Fe que permitan sentar las bases para el desarrollo de aplicaciones tecnol\u00f3gicas.<\/p>\n\n\n\n<p id=\"block-2289806e-9a0e-4aa9-99e6-cf91658f2648\"><strong>References.&nbsp;<\/strong><\/p>\n\n\n\n<p id=\"block-05382aae-f320-4bd5-a51d-dda7f423b356\">BALPARDA et al. Plant Science (2021), 304, 110808. BALPARDA et al. Plant Mol. Biol. (2020) 102, 323-337. LEADEN et al. Plant Mol Biol. (2016) 92, 613-628.<\/p>\n<\/div><\/div>\n<\/div><\/div><\/div>","protected":false},"excerpt":{"rendered":"<p>Contacto:&nbsp;Dra. Ayel\u00e9n Pagani (pagani@cefobi-conicet.gov.ar&nbsp;)&nbsp; TEMA: Estrategias para mejorar la nutrici\u00f3n vegetal. Requisitos del candidato:&nbsp;Graduados en Bioqu\u00edmica, Lic. en Biotecnolog\u00eda, Cs. Biol\u00f3gicas, Cs. Agrarias, o afines, con promedio mayor a 7 y, preferentemente, con experiencia en biolog\u00eda molecular y\/o manejo de &hellip; <a href=\"https:\/\/www.cefobi-conicet.gov.ar\/en\/beca-doctoral-dra-ayelen-pagani\/\">Continued<\/a><\/p>","protected":false},"author":7,"featured_media":0,"parent":0,"menu_order":0,"comment_status":"closed","ping_status":"closed","template":"","meta":{"kt_blocks_editor_width":"","footnotes":""},"class_list":["post-3945","page","type-page","status-publish","hentry"],"_links":{"self":[{"href":"https:\/\/www.cefobi-conicet.gov.ar\/en\/wp-json\/wp\/v2\/pages\/3945","targetHints":{"allow":["GET"]}}],"collection":[{"href":"https:\/\/www.cefobi-conicet.gov.ar\/en\/wp-json\/wp\/v2\/pages"}],"about":[{"href":"https:\/\/www.cefobi-conicet.gov.ar\/en\/wp-json\/wp\/v2\/types\/page"}],"author":[{"embeddable":true,"href":"https:\/\/www.cefobi-conicet.gov.ar\/en\/wp-json\/wp\/v2\/users\/7"}],"replies":[{"embeddable":true,"href":"https:\/\/www.cefobi-conicet.gov.ar\/en\/wp-json\/wp\/v2\/comments?post=3945"}],"version-history":[{"count":4,"href":"https:\/\/www.cefobi-conicet.gov.ar\/en\/wp-json\/wp\/v2\/pages\/3945\/revisions"}],"predecessor-version":[{"id":3957,"href":"https:\/\/www.cefobi-conicet.gov.ar\/en\/wp-json\/wp\/v2\/pages\/3945\/revisions\/3957"}],"wp:attachment":[{"href":"https:\/\/www.cefobi-conicet.gov.ar\/en\/wp-json\/wp\/v2\/media?parent=3945"}],"curies":[{"name":"wp","href":"https:\/\/api.w.org\/{rel}","templated":true}]}}