{"id":3935,"date":"2022-07-04T14:50:26","date_gmt":"2022-07-04T17:50:26","guid":{"rendered":"https:\/\/www.cefobi-conicet.gov.ar\/?page_id=3935"},"modified":"2023-07-21T16:09:07","modified_gmt":"2023-07-21T19:09:07","slug":"beca-doctoral-dra-corina-fusari","status":"publish","type":"page","link":"https:\/\/www.cefobi-conicet.gov.ar\/en\/beca-doctoral-dra-corina-fusari\/","title":{"rendered":"Beca Doctoral &#8211; Dra. Corina Fusari"},"content":{"rendered":"<style>#kt-layout-id_3d6a90-59 > .kt-row-column-wrap{align-content:start;}:where(#kt-layout-id_3d6a90-59 > .kt-row-column-wrap) > .wp-block-kadence-column{justify-content:start;}#kt-layout-id_3d6a90-59 > .kt-row-column-wrap{column-gap:var(--global-kb-gap-md, 2rem);row-gap:var(--global-kb-gap-md, 2rem);max-width:var(--wp--style--global--content-size);padding-top:var( --global-kb-row-default-top, 25px );padding-bottom:var( --global-kb-row-default-bottom, 25px );padding-top:var(--global-kb-spacing-sm, 1.5rem);padding-bottom:var(--global-kb-spacing-sm, 1.5rem);grid-template-columns:repeat(2, minmax(0, 1fr));}#kt-layout-id_3d6a90-59 > .kt-row-layout-overlay{opacity:0.30;}@media all and (max-width: 1024px){#kt-layout-id_3d6a90-59 > .kt-row-column-wrap{grid-template-columns:repeat(2, minmax(0, 1fr));}}@media all and (max-width: 767px){#kt-layout-id_3d6a90-59 > .kt-row-column-wrap{grid-template-columns:minmax(0, 1fr);}}<\/style>\n<div class=\"wp-block-kadence-rowlayout alignnone\"><div id=\"kt-layout-id_3d6a90-59\" class=\"kt-row-layout-inner kt-layout-id_3d6a90-59\"><div class=\"kt-row-column-wrap kt-has-2-columns kt-gutter-default kt-v-gutter-default kt-row-valign-top kt-row-layout-equal kt-tab-layout-inherit kt-m-colapse-left-to-right kt-mobile-layout-row kb-theme-content-width\"><style>.kadence-column_0ff219-92 > .kt-inside-inner-col{border-top-width:0px;border-right-width:0px;border-bottom-width:0px;border-left-width:0px;}.kadence-column_0ff219-92 > .kt-inside-inner-col,.kadence-column_0ff219-92 > .kt-inside-inner-col:before{border-top-left-radius:0px;border-top-right-radius:0px;border-bottom-right-radius:0px;border-bottom-left-radius:0px;}.kadence-column_0ff219-92 > .kt-inside-inner-col{column-gap:var(--global-kb-gap-sm, 1rem);}.kadence-column_0ff219-92 > .kt-inside-inner-col{flex-direction:column;}.kadence-column_0ff219-92 > .kt-inside-inner-col > .aligncenter{width:100%;}.kadence-column_0ff219-92 > .kt-inside-inner-col:before{opacity:0.3;}.kadence-column_0ff219-92{position:relative;}@media all and (max-width: 1024px){.kadence-column_0ff219-92 > .kt-inside-inner-col{flex-direction:column;justify-content:center;}}@media all and (max-width: 767px){.kadence-column_0ff219-92 > .kt-inside-inner-col{flex-direction:column;justify-content:center;}}<\/style>\n<div class=\"wp-block-kadence-column inner-column-1 kadence-column_0ff219-92\"><div class=\"kt-inside-inner-col\">\n<figure class=\"wp-block-image size-large\"><a href=\"https:\/\/www.cefobi-conicet.gov.ar\/en\/uploads_cefobi\/2023\/07\/flyerFUsari190723-02-02-Corina-M.-Fusari.jpg\/\"><img loading=\"lazy\" decoding=\"async\" width=\"1024\" height=\"857\" src=\"https:\/\/www.cefobi-conicet.gov.ar\/uploads_cefobi\/2023\/07\/flyerFUsari190723-02-02-Corina-M.-Fusari-1024x857.jpg\" alt=\"\" class=\"wp-image-4194\" srcset=\"https:\/\/www.cefobi-conicet.gov.ar\/wp-content\/uploads\/2023\/07\/flyerFUsari190723-02-02-Corina-M.-Fusari-1024x857.jpg 1024w, https:\/\/www.cefobi-conicet.gov.ar\/wp-content\/uploads\/2023\/07\/flyerFUsari190723-02-02-Corina-M.-Fusari-300x251.jpg 300w, https:\/\/www.cefobi-conicet.gov.ar\/wp-content\/uploads\/2023\/07\/flyerFUsari190723-02-02-Corina-M.-Fusari-768x643.jpg 768w, https:\/\/www.cefobi-conicet.gov.ar\/wp-content\/uploads\/2023\/07\/flyerFUsari190723-02-02-Corina-M.-Fusari-1536x1286.jpg 1536w, https:\/\/www.cefobi-conicet.gov.ar\/wp-content\/uploads\/2023\/07\/flyerFUsari190723-02-02-Corina-M.-Fusari-2048x1714.jpg 2048w, https:\/\/www.cefobi-conicet.gov.ar\/wp-content\/uploads\/2023\/07\/flyerFUsari190723-02-02-Corina-M.-Fusari-14x12.jpg 14w\" sizes=\"auto, (max-width: 1024px) 100vw, 1024px\" \/><\/a><\/figure>\n<\/div><\/div>\n\n\n<style>.kadence-column_3f4aef-8e > .kt-inside-inner-col{border-top-width:0px;border-right-width:0px;border-bottom-width:0px;border-left-width:0px;}.kadence-column_3f4aef-8e > .kt-inside-inner-col,.kadence-column_3f4aef-8e > .kt-inside-inner-col:before{border-top-left-radius:0px;border-top-right-radius:0px;border-bottom-right-radius:0px;border-bottom-left-radius:0px;}.kadence-column_3f4aef-8e > .kt-inside-inner-col{column-gap:var(--global-kb-gap-sm, 1rem);}.kadence-column_3f4aef-8e > .kt-inside-inner-col{flex-direction:column;}.kadence-column_3f4aef-8e > .kt-inside-inner-col > .aligncenter{width:100%;}.kadence-column_3f4aef-8e > .kt-inside-inner-col:before{opacity:0.3;}.kadence-column_3f4aef-8e{position:relative;}@media all and (max-width: 1024px){.kadence-column_3f4aef-8e > .kt-inside-inner-col{flex-direction:column;justify-content:center;}}@media all and (max-width: 767px){.kadence-column_3f4aef-8e > .kt-inside-inner-col{flex-direction:column;justify-content:center;}}<\/style>\n<div class=\"wp-block-kadence-column inner-column-2 kadence-column_3f4aef-8e\"><div class=\"kt-inside-inner-col\">\n<p><strong>Contact:&nbsp;<\/strong>Dra. Corina Fusari (<a href=\"mailto:fusari@cefobi-conicet.gov.ar\">fusari@cefobi-conicet.gov.ar<\/a>)<\/p>\n\n\n\n<p><strong>TEMA: Explorando las bases metab\u00f3licas del compromiso crecimiento \/ defensa en ambientes complejos<\/strong>.<\/p>\n\n\n\n<p><strong>Requirements:<\/strong> T\u00edtulo de Lic. en Biote, Bioq. o carreras afines a Cs. Biol\u00f3gicas, se pueden adeudar hasta 5 materias al momento de la postulaci\u00f3n. Debe estar recibido en marzo 2024..<\/p>\n\n\n\n<p><strong>Resume.<\/strong>\u00a0El metabolismo central es una red coordinada, influenciada por la disponibilidad de recursos, hormonas, el reloj biol\u00f3gico y las se\u00f1ales ambientales y del desarrollo. El estudio de la variaci\u00f3n natural del metabolismo primario en plantas nos ha permitido identificar ACD6 como un regulador de metabolitos centrales. Hemos identificado dos alelos principales: ACD6-Col0 y ACD6-Est1. El alelo ACD6-Est1 correlaciona positivamente con una activaci\u00f3n metab\u00f3lica y con mecanismos de defensa, y negativamente con la acumulaci\u00f3n de biomasa, lo que determina un compromiso entre estos rasgos.. Los alelos con defensa pre-activada tiene la caracter\u00edstica de crecer mejor a temperaturas elevadas. Esto revaloriza su uso como herramienta biotecnol\u00f3gica en el actual contexto ambiental.<\/p>\n\n\n\n<p><strong>References.\u00a0<\/strong><\/p>\n\n\n\n<p><a href=\"https:\/\/scholar.google.com\/citations?user=mV_36W0AAAAJ&amp;hl=es\">https:\/\/scholar.google.com\/citations?user=mV_36W0AAAAJ&amp;hl=es<\/a><\/p>\n<\/div><\/div>\n<\/div><\/div><\/div>","protected":false},"excerpt":{"rendered":"<p>Contacto:&nbsp;Dra. Corina Fusari (fusari@cefobi-conicet.gov.ar) TEMA: Explorando las bases metab\u00f3licas del compromiso crecimiento \/ defensa en ambientes complejos. Requisitos del candidato: T\u00edtulo de Lic. en Biote, Bioq. o carreras afines a Cs. Biol\u00f3gicas, se pueden adeudar hasta 5 materias al momento &hellip; <a href=\"https:\/\/www.cefobi-conicet.gov.ar\/en\/beca-doctoral-dra-corina-fusari\/\">Continued<\/a><\/p>","protected":false},"author":7,"featured_media":0,"parent":0,"menu_order":0,"comment_status":"closed","ping_status":"closed","template":"","meta":{"kt_blocks_editor_width":"","footnotes":""},"class_list":["post-3935","page","type-page","status-publish","hentry"],"_links":{"self":[{"href":"https:\/\/www.cefobi-conicet.gov.ar\/en\/wp-json\/wp\/v2\/pages\/3935","targetHints":{"allow":["GET"]}}],"collection":[{"href":"https:\/\/www.cefobi-conicet.gov.ar\/en\/wp-json\/wp\/v2\/pages"}],"about":[{"href":"https:\/\/www.cefobi-conicet.gov.ar\/en\/wp-json\/wp\/v2\/types\/page"}],"author":[{"embeddable":true,"href":"https:\/\/www.cefobi-conicet.gov.ar\/en\/wp-json\/wp\/v2\/users\/7"}],"replies":[{"embeddable":true,"href":"https:\/\/www.cefobi-conicet.gov.ar\/en\/wp-json\/wp\/v2\/comments?post=3935"}],"version-history":[{"count":2,"href":"https:\/\/www.cefobi-conicet.gov.ar\/en\/wp-json\/wp\/v2\/pages\/3935\/revisions"}],"predecessor-version":[{"id":4195,"href":"https:\/\/www.cefobi-conicet.gov.ar\/en\/wp-json\/wp\/v2\/pages\/3935\/revisions\/4195"}],"wp:attachment":[{"href":"https:\/\/www.cefobi-conicet.gov.ar\/en\/wp-json\/wp\/v2\/media?parent=3935"}],"curies":[{"name":"wp","href":"https:\/\/api.w.org\/{rel}","templated":true}]}}