{"id":3932,"date":"2022-07-04T14:46:32","date_gmt":"2022-07-04T17:46:32","guid":{"rendered":"https:\/\/www.cefobi-conicet.gov.ar\/?page_id=3932"},"modified":"2022-07-04T14:46:32","modified_gmt":"2022-07-04T17:46:32","slug":"beca-doctoral-dr-sebastian-rius","status":"publish","type":"page","link":"https:\/\/www.cefobi-conicet.gov.ar\/en\/beca-doctoral-dr-sebastian-rius\/","title":{"rendered":"Beca Doctoral &#8211; Dr. Sebastian Rius"},"content":{"rendered":"<style>#kt-layout-id_3d6a90-59 > .kt-row-column-wrap{align-content:start;}:where(#kt-layout-id_3d6a90-59 > .kt-row-column-wrap) > .wp-block-kadence-column{justify-content:start;}#kt-layout-id_3d6a90-59 > .kt-row-column-wrap{column-gap:var(--global-kb-gap-md, 2rem);row-gap:var(--global-kb-gap-md, 2rem);max-width:var(--wp--style--global--content-size);padding-top:var( --global-kb-row-default-top, 25px );padding-bottom:var( --global-kb-row-default-bottom, 25px );padding-top:var(--global-kb-spacing-sm, 1.5rem);padding-bottom:var(--global-kb-spacing-sm, 1.5rem);grid-template-columns:repeat(2, minmax(0, 1fr));}#kt-layout-id_3d6a90-59 > .kt-row-layout-overlay{opacity:0.30;}@media all and (max-width: 1024px){#kt-layout-id_3d6a90-59 > .kt-row-column-wrap{grid-template-columns:repeat(2, minmax(0, 1fr));}}@media all and (max-width: 767px){#kt-layout-id_3d6a90-59 > .kt-row-column-wrap{grid-template-columns:minmax(0, 1fr);}}<\/style>\n<div class=\"wp-block-kadence-rowlayout alignnone\"><div id=\"kt-layout-id_3d6a90-59\" class=\"kt-row-layout-inner kt-layout-id_3d6a90-59\"><div class=\"kt-row-column-wrap kt-has-2-columns kt-gutter-default kt-v-gutter-default kt-row-valign-top kt-row-layout-equal kt-tab-layout-inherit kt-m-colapse-left-to-right kt-mobile-layout-row kb-theme-content-width\"><style>.kadence-column_0ff219-92 > .kt-inside-inner-col{border-top-width:0px;border-right-width:0px;border-bottom-width:0px;border-left-width:0px;}.kadence-column_0ff219-92 > .kt-inside-inner-col,.kadence-column_0ff219-92 > .kt-inside-inner-col:before{border-top-left-radius:0px;border-top-right-radius:0px;border-bottom-right-radius:0px;border-bottom-left-radius:0px;}.kadence-column_0ff219-92 > .kt-inside-inner-col{column-gap:var(--global-kb-gap-sm, 1rem);}.kadence-column_0ff219-92 > .kt-inside-inner-col{flex-direction:column;}.kadence-column_0ff219-92 > .kt-inside-inner-col > .aligncenter{width:100%;}.kadence-column_0ff219-92 > .kt-inside-inner-col:before{opacity:0.3;}.kadence-column_0ff219-92{position:relative;}@media all and (max-width: 1024px){.kadence-column_0ff219-92 > .kt-inside-inner-col{flex-direction:column;justify-content:center;}}@media all and (max-width: 767px){.kadence-column_0ff219-92 > .kt-inside-inner-col{flex-direction:column;justify-content:center;}}<\/style>\n<div class=\"wp-block-kadence-column inner-column-1 kadence-column_0ff219-92\"><div class=\"kt-inside-inner-col\">\n<figure class=\"wp-block-image size-large\"><a href=\"https:\/\/www.cefobi-conicet.gov.ar\/en\/uploads_cefobi\/2022\/07\/Rius.jpg\/\"><img loading=\"lazy\" decoding=\"async\" width=\"1024\" height=\"576\" src=\"https:\/\/www.cefobi-conicet.gov.ar\/uploads_cefobi\/2022\/07\/Rius-1024x576.jpg\" alt=\"\" class=\"wp-image-3895\" srcset=\"https:\/\/www.cefobi-conicet.gov.ar\/wp-content\/uploads\/2022\/07\/Rius-1024x576.jpg 1024w, https:\/\/www.cefobi-conicet.gov.ar\/wp-content\/uploads\/2022\/07\/Rius-300x169.jpg 300w, https:\/\/www.cefobi-conicet.gov.ar\/wp-content\/uploads\/2022\/07\/Rius-768x432.jpg 768w, https:\/\/www.cefobi-conicet.gov.ar\/wp-content\/uploads\/2022\/07\/Rius-16x9.jpg 16w, https:\/\/www.cefobi-conicet.gov.ar\/wp-content\/uploads\/2022\/07\/Rius.jpg 1280w\" sizes=\"auto, (max-width: 1024px) 100vw, 1024px\" \/><\/a><\/figure>\n<\/div><\/div>\n\n\n<style>.kadence-column_3f4aef-8e > .kt-inside-inner-col{border-top-width:0px;border-right-width:0px;border-bottom-width:0px;border-left-width:0px;}.kadence-column_3f4aef-8e > .kt-inside-inner-col,.kadence-column_3f4aef-8e > .kt-inside-inner-col:before{border-top-left-radius:0px;border-top-right-radius:0px;border-bottom-right-radius:0px;border-bottom-left-radius:0px;}.kadence-column_3f4aef-8e > .kt-inside-inner-col{column-gap:var(--global-kb-gap-sm, 1rem);}.kadence-column_3f4aef-8e > .kt-inside-inner-col{flex-direction:column;}.kadence-column_3f4aef-8e > .kt-inside-inner-col > .aligncenter{width:100%;}.kadence-column_3f4aef-8e > .kt-inside-inner-col:before{opacity:0.3;}.kadence-column_3f4aef-8e{position:relative;}@media all and (max-width: 1024px){.kadence-column_3f4aef-8e > .kt-inside-inner-col{flex-direction:column;justify-content:center;}}@media all and (max-width: 767px){.kadence-column_3f4aef-8e > .kt-inside-inner-col{flex-direction:column;justify-content:center;}}<\/style>\n<div class=\"wp-block-kadence-column inner-column-2 kadence-column_3f4aef-8e\"><div class=\"kt-inside-inner-col\">\n<p><strong>Contact:\u00a0<\/strong>Dr. Sebastian Rius (<a href=\"mailto:rius@cefobi-conicet.gov.ar\">rius@cefobi-conicet.gov.ar<\/a>)<\/p>\n\n\n\n<p><strong>TEMA: Evaluaci\u00f3n de interacciones cooperativas de microorganismos para la generaci\u00f3n de bioinoculantes aplicados al control biol\u00f3gico y promoci\u00f3n del crecimiento vegetal.<\/strong><\/p>\n\n\n\n<p><strong>Requirements:<\/strong> Graduadas\/os universitarios -recibidos al 31 de marzo de 2023- de Carreras de Biotecnolog\u00eda, Biol\u00f3gicas o afines. Se valorar\u00e1 conocimiento en biolog\u00eda molecular, plantas y\/o microbiolog\u00eda.<\/p>\n\n\n\n<p><strong>Resume.<\/strong>En la riz\u00f3sfera interaccionan y conviven estos microorganismos, compitiendo por espacio y nutrientes.Estas interrelaciones inciden en la interacci\u00f3n suelo-planta-microorganismos-ambiente, lo cual tendr\u00e1 un efecto directo sobre el crecimiento y el desarrollo de las especies vegetales. Basado en esto, planteamos como alternativa, la generaci\u00f3n de consorcios conformados por microorganismos biocontroladoresy productos naturales obtenidos a partir de extractos vegetales, para la protecci\u00f3n de enfermedades y promoci\u00f3n del crecimiento en cultivos de ma\u00edz y soja.<\/p>\n\n\n\n<p><strong>References.&nbsp;<\/strong><\/p>\n\n\n\n<p>Agostini RB, Rius SP, Vargas WA, Campos-Bermudez VA. Proteome impact on maize silks under the priming state induced by Trichoderma root colonization. Planta. 2021 May 2;253(5):115. doi: 10.1007\/s00425-021-03633-0. PMID: 33934226. \/\/ <\/p>\n\n\n\n<p>Agostini RB, Postigo A, Rius SP, Rech GE, Campos-Bermudez VA, Vargas WA. Long-Lasting Primed State in Maize Plants: Salicylic Acid and Steroid Signaling Pathways as Key Players in the Early Activation of Immune Responses in Silks. Mol Plant Microbe Interact. 2019 Jan;32(1):95-106. doi: 10.1094\/MPMI-07-18-0208-R. Epub 2018 Nov 16. PMID: 30253116.<\/p>\n<\/div><\/div>\n<\/div><\/div><\/div>","protected":false},"excerpt":{"rendered":"<p>Contacto:\u00a0Dr. Sebastian Rius (rius@cefobi-conicet.gov.ar) TEMA: Evaluaci\u00f3n de interacciones cooperativas de microorganismos para la generaci\u00f3n de bioinoculantes aplicados al control biol\u00f3gico y promoci\u00f3n del crecimiento vegetal. Requisitos del candidato: Graduadas\/os universitarios -recibidos al 31 de marzo de 2023- de Carreras de &hellip; <a href=\"https:\/\/www.cefobi-conicet.gov.ar\/en\/beca-doctoral-dr-sebastian-rius\/\">Continued<\/a><\/p>","protected":false},"author":7,"featured_media":0,"parent":0,"menu_order":0,"comment_status":"closed","ping_status":"closed","template":"","meta":{"kt_blocks_editor_width":"","footnotes":""},"class_list":["post-3932","page","type-page","status-publish","hentry"],"_links":{"self":[{"href":"https:\/\/www.cefobi-conicet.gov.ar\/en\/wp-json\/wp\/v2\/pages\/3932","targetHints":{"allow":["GET"]}}],"collection":[{"href":"https:\/\/www.cefobi-conicet.gov.ar\/en\/wp-json\/wp\/v2\/pages"}],"about":[{"href":"https:\/\/www.cefobi-conicet.gov.ar\/en\/wp-json\/wp\/v2\/types\/page"}],"author":[{"embeddable":true,"href":"https:\/\/www.cefobi-conicet.gov.ar\/en\/wp-json\/wp\/v2\/users\/7"}],"replies":[{"embeddable":true,"href":"https:\/\/www.cefobi-conicet.gov.ar\/en\/wp-json\/wp\/v2\/comments?post=3932"}],"version-history":[{"count":1,"href":"https:\/\/www.cefobi-conicet.gov.ar\/en\/wp-json\/wp\/v2\/pages\/3932\/revisions"}],"predecessor-version":[{"id":3933,"href":"https:\/\/www.cefobi-conicet.gov.ar\/en\/wp-json\/wp\/v2\/pages\/3932\/revisions\/3933"}],"wp:attachment":[{"href":"https:\/\/www.cefobi-conicet.gov.ar\/en\/wp-json\/wp\/v2\/media?parent=3932"}],"curies":[{"name":"wp","href":"https:\/\/api.w.org\/{rel}","templated":true}]}}