{"id":3926,"date":"2022-07-04T14:33:53","date_gmt":"2022-07-04T17:33:53","guid":{"rendered":"https:\/\/www.cefobi-conicet.gov.ar\/?page_id=3926"},"modified":"2022-07-04T14:33:53","modified_gmt":"2022-07-04T17:33:53","slug":"beca-doctoral-dra-mariana-saigo-2","status":"publish","type":"page","link":"https:\/\/www.cefobi-conicet.gov.ar\/en\/beca-doctoral-dra-mariana-saigo-2\/","title":{"rendered":"Beca Doctoral &#8211; Dra. Mariana Saigo"},"content":{"rendered":"<style>#kt-layout-id_3d6a90-59 > .kt-row-column-wrap{align-content:start;}:where(#kt-layout-id_3d6a90-59 > .kt-row-column-wrap) > .wp-block-kadence-column{justify-content:start;}#kt-layout-id_3d6a90-59 > .kt-row-column-wrap{column-gap:var(--global-kb-gap-md, 2rem);row-gap:var(--global-kb-gap-md, 2rem);max-width:var(--wp--style--global--content-size);padding-top:var( --global-kb-row-default-top, 25px );padding-bottom:var( --global-kb-row-default-bottom, 25px );padding-top:var(--global-kb-spacing-sm, 1.5rem);padding-bottom:var(--global-kb-spacing-sm, 1.5rem);grid-template-columns:repeat(2, minmax(0, 1fr));}#kt-layout-id_3d6a90-59 > .kt-row-layout-overlay{opacity:0.30;}@media all and (max-width: 1024px){#kt-layout-id_3d6a90-59 > .kt-row-column-wrap{grid-template-columns:repeat(2, minmax(0, 1fr));}}@media all and (max-width: 767px){#kt-layout-id_3d6a90-59 > .kt-row-column-wrap{grid-template-columns:minmax(0, 1fr);}}<\/style>\n<div class=\"wp-block-kadence-rowlayout alignnone\"><div id=\"kt-layout-id_3d6a90-59\" class=\"kt-row-layout-inner kt-layout-id_3d6a90-59\"><div class=\"kt-row-column-wrap kt-has-2-columns kt-gutter-default kt-v-gutter-default kt-row-valign-top kt-row-layout-equal kt-tab-layout-inherit kt-m-colapse-left-to-right kt-mobile-layout-row kb-theme-content-width\"><style>.kadence-column_0ff219-92 > .kt-inside-inner-col{border-top-width:0px;border-right-width:0px;border-bottom-width:0px;border-left-width:0px;}.kadence-column_0ff219-92 > .kt-inside-inner-col,.kadence-column_0ff219-92 > .kt-inside-inner-col:before{border-top-left-radius:0px;border-top-right-radius:0px;border-bottom-right-radius:0px;border-bottom-left-radius:0px;}.kadence-column_0ff219-92 > .kt-inside-inner-col{column-gap:var(--global-kb-gap-sm, 1rem);}.kadence-column_0ff219-92 > .kt-inside-inner-col{flex-direction:column;}.kadence-column_0ff219-92 > .kt-inside-inner-col > .aligncenter{width:100%;}.kadence-column_0ff219-92 > .kt-inside-inner-col:before{opacity:0.3;}.kadence-column_0ff219-92{position:relative;}@media all and (max-width: 1024px){.kadence-column_0ff219-92 > .kt-inside-inner-col{flex-direction:column;justify-content:center;}}@media all and (max-width: 767px){.kadence-column_0ff219-92 > .kt-inside-inner-col{flex-direction:column;justify-content:center;}}<\/style>\n<div class=\"wp-block-kadence-column inner-column-1 kadence-column_0ff219-92\"><div class=\"kt-inside-inner-col\">\n<figure class=\"wp-block-image size-large\"><a href=\"https:\/\/www.cefobi-conicet.gov.ar\/en\/uploads_cefobi\/2022\/07\/edicion-Mariana-Saigo.jpg\/\"><img loading=\"lazy\" decoding=\"async\" width=\"486\" height=\"415\" src=\"https:\/\/www.cefobi-conicet.gov.ar\/uploads_cefobi\/2022\/07\/edicion-Mariana-Saigo.jpg\" alt=\"\" class=\"wp-image-3896\" srcset=\"https:\/\/www.cefobi-conicet.gov.ar\/wp-content\/uploads\/2022\/07\/edicion-Mariana-Saigo.jpg 486w, https:\/\/www.cefobi-conicet.gov.ar\/wp-content\/uploads\/2022\/07\/edicion-Mariana-Saigo-300x256.jpg 300w, https:\/\/www.cefobi-conicet.gov.ar\/wp-content\/uploads\/2022\/07\/edicion-Mariana-Saigo-14x12.jpg 14w\" sizes=\"auto, (max-width: 486px) 100vw, 486px\" \/><\/a><\/figure>\n<\/div><\/div>\n\n\n<style>.kadence-column_3f4aef-8e > .kt-inside-inner-col{border-top-width:0px;border-right-width:0px;border-bottom-width:0px;border-left-width:0px;}.kadence-column_3f4aef-8e > .kt-inside-inner-col,.kadence-column_3f4aef-8e > .kt-inside-inner-col:before{border-top-left-radius:0px;border-top-right-radius:0px;border-bottom-right-radius:0px;border-bottom-left-radius:0px;}.kadence-column_3f4aef-8e > .kt-inside-inner-col{column-gap:var(--global-kb-gap-sm, 1rem);}.kadence-column_3f4aef-8e > .kt-inside-inner-col{flex-direction:column;}.kadence-column_3f4aef-8e > .kt-inside-inner-col > .aligncenter{width:100%;}.kadence-column_3f4aef-8e > .kt-inside-inner-col:before{opacity:0.3;}.kadence-column_3f4aef-8e{position:relative;}@media all and (max-width: 1024px){.kadence-column_3f4aef-8e > .kt-inside-inner-col{flex-direction:column;justify-content:center;}}@media all and (max-width: 767px){.kadence-column_3f4aef-8e > .kt-inside-inner-col{flex-direction:column;justify-content:center;}}<\/style>\n<div class=\"wp-block-kadence-column inner-column-2 kadence-column_3f4aef-8e\"><div class=\"kt-inside-inner-col\">\n<p><strong>Contact:&nbsp;<\/strong>Dra. Mariana Saigo (<a href=\"mailto:saigo@cefobi-conicet.gov.ar\">saigo@cefobi-conicet.gov.ar<\/a>).&nbsp;<\/p>\n\n\n\n<p><strong>TEMA: Evaluaci\u00f3n de estrategias de mejoramiento en base a edici\u00f3n g\u00e9nica utilizando ma\u00edz y Arabidopsis como modelos vegetales<\/strong>.<\/p>\n\n\n\n<p><strong>Requirements:<\/strong> Licenciadx en Biotecnolog\u00eda, Bioqu\u00edmicx, Ingenierx Agr\u00f3nomx o profesional de carrera af\u00edn. Experiencia en t\u00e9cnicas de Biolog\u00eda Molecular y con alto grado de motivaci\u00f3n por la investigaci\u00f3n cient\u00edfica y capacidad para trabajar en grupo. Lx postulante deber\u00e1 presentarse a beca de CONICET 2022 y estar graduadx al momento de inicio de la beca (abril 2023).<\/p>\n\n\n\n<p><strong>Resume.<\/strong> El tema de la Tesis se enmarca en el proyecto general: \u201cEstrategias para incrementar la resiliencia y productividad de cultivos con impacto positivo sobre el medio ambiente\u201d (PICT aplicado 2021-00006). Particularmente en esta Tesis se analizar\u00e1n las secuencias promotoras de la expresi\u00f3n g\u00e9nica de una enzima m\u00e1lica (EM) de Arabidopsis y ma\u00edz. Se buscar\u00e1n motivos que puedan ser editados en el genoma para alterar el patr\u00f3n de expresi\u00f3n de la EM en ambas especies de forma de lograr incremento de la producci\u00f3n vegetal que se sostenga en condiciones ambientales adversas vinculadas al cambio clim\u00e1tico global. Se utilizar\u00e1n t\u00e9cnicas como: bioinform\u00e1tica, biolog\u00eda molecular, transformaci\u00f3n de plantas (estable y transiente), visualizaci\u00f3n y cuantificaci\u00f3n de la expresi\u00f3n de genes reporteros, fenotipado de plantas transg\u00e9nicas, entre otras.<\/p>\n\n\n\n<p><strong>References.&nbsp;<\/strong><\/p>\n\n\n\n<p>Arias, C. L., Pavlovic, T., Torcolese, G., Badia, M. B., Gismondi, M., Maurino, V. G., Andreo, C. S., Drincovich, M. F., Gerrard Wheeler, M. C. y *Saigo, M. (2018) NADP-dependent malic enzyme 1 participates in the abscisic acid response in Arabidopsis thaliana. Front. Plant Sci. 9:348771. <a href=\"http:\/\/doi.org\/10.3389\/fpls.2018.01637\" data-type=\"URL\" data-id=\"doi.org\/10.3389\/fpls.2018.01637\">doi.org\/10.3389\/fpls.2018.01637.<\/a><\/p>\n<\/div><\/div>\n<\/div><\/div><\/div>\n\n\n\n<p><\/p>","protected":false},"excerpt":{"rendered":"<p>Contacto:&nbsp;Dra. Mariana Saigo (saigo@cefobi-conicet.gov.ar).&nbsp; TEMA: Evaluaci\u00f3n de estrategias de mejoramiento en base a edici\u00f3n g\u00e9nica utilizando ma\u00edz y Arabidopsis como modelos vegetales. Requisitos del candidato: Licenciadx en Biotecnolog\u00eda, Bioqu\u00edmicx, Ingenierx Agr\u00f3nomx o profesional de carrera af\u00edn. Experiencia en t\u00e9cnicas de &hellip; <a href=\"https:\/\/www.cefobi-conicet.gov.ar\/en\/beca-doctoral-dra-mariana-saigo-2\/\">Continued<\/a><\/p>","protected":false},"author":7,"featured_media":0,"parent":0,"menu_order":0,"comment_status":"closed","ping_status":"closed","template":"","meta":{"kt_blocks_editor_width":"","footnotes":""},"class_list":["post-3926","page","type-page","status-publish","hentry"],"_links":{"self":[{"href":"https:\/\/www.cefobi-conicet.gov.ar\/en\/wp-json\/wp\/v2\/pages\/3926","targetHints":{"allow":["GET"]}}],"collection":[{"href":"https:\/\/www.cefobi-conicet.gov.ar\/en\/wp-json\/wp\/v2\/pages"}],"about":[{"href":"https:\/\/www.cefobi-conicet.gov.ar\/en\/wp-json\/wp\/v2\/types\/page"}],"author":[{"embeddable":true,"href":"https:\/\/www.cefobi-conicet.gov.ar\/en\/wp-json\/wp\/v2\/users\/7"}],"replies":[{"embeddable":true,"href":"https:\/\/www.cefobi-conicet.gov.ar\/en\/wp-json\/wp\/v2\/comments?post=3926"}],"version-history":[{"count":2,"href":"https:\/\/www.cefobi-conicet.gov.ar\/en\/wp-json\/wp\/v2\/pages\/3926\/revisions"}],"predecessor-version":[{"id":3928,"href":"https:\/\/www.cefobi-conicet.gov.ar\/en\/wp-json\/wp\/v2\/pages\/3926\/revisions\/3928"}],"wp:attachment":[{"href":"https:\/\/www.cefobi-conicet.gov.ar\/en\/wp-json\/wp\/v2\/media?parent=3926"}],"curies":[{"name":"wp","href":"https:\/\/api.w.org\/{rel}","templated":true}]}}