{"id":3921,"date":"2022-07-04T14:19:22","date_gmt":"2022-07-04T17:19:22","guid":{"rendered":"https:\/\/www.cefobi-conicet.gov.ar\/?page_id=3921"},"modified":"2022-07-04T14:19:23","modified_gmt":"2022-07-04T17:19:23","slug":"beca-doctoral-dra-mariana-saigo","status":"publish","type":"page","link":"https:\/\/www.cefobi-conicet.gov.ar\/en\/beca-doctoral-dra-mariana-saigo\/","title":{"rendered":"Beca Doctoral &#8211; Dra. Mariana Saigo"},"content":{"rendered":"<style>#kt-layout-id_3d6a90-59 > .kt-row-column-wrap{align-content:start;}:where(#kt-layout-id_3d6a90-59 > .kt-row-column-wrap) > .wp-block-kadence-column{justify-content:start;}#kt-layout-id_3d6a90-59 > .kt-row-column-wrap{column-gap:var(--global-kb-gap-md, 2rem);row-gap:var(--global-kb-gap-md, 2rem);max-width:var(--wp--style--global--content-size);padding-top:var( --global-kb-row-default-top, 25px );padding-bottom:var( --global-kb-row-default-bottom, 25px );padding-top:var(--global-kb-spacing-sm, 1.5rem);padding-bottom:var(--global-kb-spacing-sm, 1.5rem);grid-template-columns:repeat(2, minmax(0, 1fr));}#kt-layout-id_3d6a90-59 > .kt-row-layout-overlay{opacity:0.30;}@media all and (max-width: 1024px){#kt-layout-id_3d6a90-59 > .kt-row-column-wrap{grid-template-columns:repeat(2, minmax(0, 1fr));}}@media all and (max-width: 767px){#kt-layout-id_3d6a90-59 > .kt-row-column-wrap{grid-template-columns:minmax(0, 1fr);}}<\/style>\n<div class=\"wp-block-kadence-rowlayout alignnone\"><div id=\"kt-layout-id_3d6a90-59\" class=\"kt-row-layout-inner kt-layout-id_3d6a90-59\"><div class=\"kt-row-column-wrap kt-has-2-columns kt-gutter-default kt-v-gutter-default kt-row-valign-top kt-row-layout-equal kt-tab-layout-inherit kt-m-colapse-left-to-right kt-mobile-layout-row kb-theme-content-width\"><style>.kadence-column_0ff219-92 > .kt-inside-inner-col{border-top-width:0px;border-right-width:0px;border-bottom-width:0px;border-left-width:0px;}.kadence-column_0ff219-92 > .kt-inside-inner-col,.kadence-column_0ff219-92 > .kt-inside-inner-col:before{border-top-left-radius:0px;border-top-right-radius:0px;border-bottom-right-radius:0px;border-bottom-left-radius:0px;}.kadence-column_0ff219-92 > .kt-inside-inner-col{column-gap:var(--global-kb-gap-sm, 1rem);}.kadence-column_0ff219-92 > .kt-inside-inner-col{flex-direction:column;}.kadence-column_0ff219-92 > .kt-inside-inner-col > .aligncenter{width:100%;}.kadence-column_0ff219-92 > .kt-inside-inner-col:before{opacity:0.3;}.kadence-column_0ff219-92{position:relative;}@media all and (max-width: 1024px){.kadence-column_0ff219-92 > .kt-inside-inner-col{flex-direction:column;justify-content:center;}}@media all and (max-width: 767px){.kadence-column_0ff219-92 > .kt-inside-inner-col{flex-direction:column;justify-content:center;}}<\/style>\n<div class=\"wp-block-kadence-column inner-column-1 kadence-column_0ff219-92\"><div class=\"kt-inside-inner-col\">\n<figure class=\"wp-block-image size-large\"><a href=\"https:\/\/www.cefobi-conicet.gov.ar\/en\/uploads_cefobi\/2022\/07\/C4-Mariana-Saigo.jpg\/\"><img loading=\"lazy\" decoding=\"async\" width=\"485\" height=\"383\" src=\"https:\/\/www.cefobi-conicet.gov.ar\/uploads_cefobi\/2022\/07\/C4-Mariana-Saigo.jpg\" alt=\"\" class=\"wp-image-3893\" srcset=\"https:\/\/www.cefobi-conicet.gov.ar\/wp-content\/uploads\/2022\/07\/C4-Mariana-Saigo.jpg 485w, https:\/\/www.cefobi-conicet.gov.ar\/wp-content\/uploads\/2022\/07\/C4-Mariana-Saigo-300x237.jpg 300w, https:\/\/www.cefobi-conicet.gov.ar\/wp-content\/uploads\/2022\/07\/C4-Mariana-Saigo-16x12.jpg 16w\" sizes=\"auto, (max-width: 485px) 100vw, 485px\" \/><\/a><\/figure>\n<\/div><\/div>\n\n\n<style>.kadence-column_3f4aef-8e > .kt-inside-inner-col{border-top-width:0px;border-right-width:0px;border-bottom-width:0px;border-left-width:0px;}.kadence-column_3f4aef-8e > .kt-inside-inner-col,.kadence-column_3f4aef-8e > .kt-inside-inner-col:before{border-top-left-radius:0px;border-top-right-radius:0px;border-bottom-right-radius:0px;border-bottom-left-radius:0px;}.kadence-column_3f4aef-8e > .kt-inside-inner-col{column-gap:var(--global-kb-gap-sm, 1rem);}.kadence-column_3f4aef-8e > .kt-inside-inner-col{flex-direction:column;}.kadence-column_3f4aef-8e > .kt-inside-inner-col > .aligncenter{width:100%;}.kadence-column_3f4aef-8e > .kt-inside-inner-col:before{opacity:0.3;}.kadence-column_3f4aef-8e{position:relative;}@media all and (max-width: 1024px){.kadence-column_3f4aef-8e > .kt-inside-inner-col{flex-direction:column;justify-content:center;}}@media all and (max-width: 767px){.kadence-column_3f4aef-8e > .kt-inside-inner-col{flex-direction:column;justify-content:center;}}<\/style>\n<div class=\"wp-block-kadence-column inner-column-2 kadence-column_3f4aef-8e\"><div class=\"kt-inside-inner-col\">\n<p><strong>Contact:\u00a0<\/strong>Dra. Mariana Saigo (<a href=\"mailto:saigo@cefobi-conicet.gov.ar\">saigo@cefobi-conicet.gov.ar<\/a>).\u00a0<\/p>\n\n\n\n<p><strong>TEMA: Recursos bioqu\u00edmicos y moleculares para mantener el rendimiento fotosint\u00e9tico ante cambios ambientales: estrategias de las pasturas<\/strong>.<\/p>\n\n\n\n<p><strong>Requirements:<\/strong> Licenciadx en Biotecnolog\u00eda, Bioqu\u00edmicx, Ingenierx Agr\u00f3nomx o profesional de carrera af\u00edn. Experiencia en t\u00e9cnicas de Biolog\u00eda Molecular y con alto grado de motivaci\u00f3n por la investigaci\u00f3n cient\u00edfica y capacidad para trabajar en grupo. Lx postulante deber\u00e1 presentarse a beca de CONICET 2022 y estar graduadx al momento de inicio de la beca (abril 2023).<\/p>\n\n\n\n<p><strong>Resume.<\/strong> Las plantas que realizan fotos\u00edntesis C4 tienen una mayor productividad por \u00e1rea de cultivo relacionada con un uso optimizado del agua y los nutrientes. Esto se consigue gracias a una serie de caracter\u00edsticas anat\u00f3micas y bioqu\u00edmicas que permiten la concentraci\u00f3n de CO2 alrededor de la RuBisCO. Descubrimientos recientes sugieren que la fotos\u00edntesis C4 puede implicar cierta flexibilidad metab\u00f3lica para mantener una alta eficiencia fotosint\u00e9tica a\u00fan en condiciones ambientales cambiantes. En esta Tesis se profundizar\u00e1 el estudio de los recursos bioqu\u00edmicos y moleculares de pasturas C4 bajo estr\u00e9s h\u00eddrico y altas temperaturas. Se utilizar\u00e1n t\u00e9cnicas como: bioinform\u00e1tica, biolog\u00eda molecular, caracterizaci\u00f3n estructural y cin\u00e9tica de enzimas recombinantes, an\u00e1lisis de proteomas y modificaciones post-traduccionales, entre otras.<\/p>\n\n\n\n<p><strong>References.\u00a0<\/strong><\/p>\n\n\n\n<p>Calace, P., Tonetti, T., Margarit, E., Figueroa, C.M., Lobertti, C., Andreo, C.S., Gerrard Wheeler, M.C. y *Saigo, M. The C4 cycle and beyond: Diverse metabolic adaptations accompany dual-cell photosynthetic functions in Setaria. J. Exp. Bot. 72: 7876\u20137890. art\u00edculo destacado como Editor&#8217;s choice<a href=\" https:\/\/doi.org\/10.1093\/jxb\/erab381\"> https:\/\/doi.org\/10.1093\/jxb\/erab381<\/a>.<\/p>\n<\/div><\/div>\n<\/div><\/div><\/div>\n\n\n\n<p><\/p>","protected":false},"excerpt":{"rendered":"<p>Contacto:\u00a0Dra. Mariana Saigo (saigo@cefobi-conicet.gov.ar).\u00a0 TEMA: Recursos bioqu\u00edmicos y moleculares para mantener el rendimiento fotosint\u00e9tico ante cambios ambientales: estrategias de las pasturas. Requisitos del candidato: Licenciadx en Biotecnolog\u00eda, Bioqu\u00edmicx, Ingenierx Agr\u00f3nomx o profesional de carrera af\u00edn. Experiencia en t\u00e9cnicas de Biolog\u00eda &hellip; <a href=\"https:\/\/www.cefobi-conicet.gov.ar\/en\/beca-doctoral-dra-mariana-saigo\/\">Continued<\/a><\/p>","protected":false},"author":7,"featured_media":0,"parent":0,"menu_order":0,"comment_status":"closed","ping_status":"closed","template":"","meta":{"kt_blocks_editor_width":"","footnotes":""},"class_list":["post-3921","page","type-page","status-publish","hentry"],"_links":{"self":[{"href":"https:\/\/www.cefobi-conicet.gov.ar\/en\/wp-json\/wp\/v2\/pages\/3921","targetHints":{"allow":["GET"]}}],"collection":[{"href":"https:\/\/www.cefobi-conicet.gov.ar\/en\/wp-json\/wp\/v2\/pages"}],"about":[{"href":"https:\/\/www.cefobi-conicet.gov.ar\/en\/wp-json\/wp\/v2\/types\/page"}],"author":[{"embeddable":true,"href":"https:\/\/www.cefobi-conicet.gov.ar\/en\/wp-json\/wp\/v2\/users\/7"}],"replies":[{"embeddable":true,"href":"https:\/\/www.cefobi-conicet.gov.ar\/en\/wp-json\/wp\/v2\/comments?post=3921"}],"version-history":[{"count":2,"href":"https:\/\/www.cefobi-conicet.gov.ar\/en\/wp-json\/wp\/v2\/pages\/3921\/revisions"}],"predecessor-version":[{"id":3925,"href":"https:\/\/www.cefobi-conicet.gov.ar\/en\/wp-json\/wp\/v2\/pages\/3921\/revisions\/3925"}],"wp:attachment":[{"href":"https:\/\/www.cefobi-conicet.gov.ar\/en\/wp-json\/wp\/v2\/media?parent=3921"}],"curies":[{"name":"wp","href":"https:\/\/api.w.org\/{rel}","templated":true}]}}