{"id":3919,"date":"2022-07-04T14:36:55","date_gmt":"2022-07-04T17:36:55","guid":{"rendered":"https:\/\/www.cefobi-conicet.gov.ar\/?page_id=3919"},"modified":"2023-07-21T16:10:43","modified_gmt":"2023-07-21T19:10:43","slug":"beca-doctoral-dr-nicolas-blanco","status":"publish","type":"page","link":"https:\/\/www.cefobi-conicet.gov.ar\/en\/beca-doctoral-dr-nicolas-blanco\/","title":{"rendered":"Beca Doctoral &#8211; Dr. Nicol\u00e1s Blanco"},"content":{"rendered":"<style>#kt-layout-id_3d6a90-59 > .kt-row-column-wrap{align-content:start;}:where(#kt-layout-id_3d6a90-59 > .kt-row-column-wrap) > .wp-block-kadence-column{justify-content:start;}#kt-layout-id_3d6a90-59 > .kt-row-column-wrap{column-gap:var(--global-kb-gap-md, 2rem);row-gap:var(--global-kb-gap-md, 2rem);max-width:var(--wp--style--global--content-size);padding-top:var( --global-kb-row-default-top, 25px );padding-bottom:var( --global-kb-row-default-bottom, 25px );padding-top:var(--global-kb-spacing-sm, 1.5rem);padding-bottom:var(--global-kb-spacing-sm, 1.5rem);grid-template-columns:repeat(2, minmax(0, 1fr));}#kt-layout-id_3d6a90-59 > .kt-row-layout-overlay{opacity:0.30;}@media all and (max-width: 1024px){#kt-layout-id_3d6a90-59 > .kt-row-column-wrap{grid-template-columns:repeat(2, minmax(0, 1fr));}}@media all and (max-width: 767px){#kt-layout-id_3d6a90-59 > .kt-row-column-wrap{grid-template-columns:minmax(0, 1fr);}}<\/style>\n<div class=\"wp-block-kadence-rowlayout alignnone\"><div id=\"kt-layout-id_3d6a90-59\" class=\"kt-row-layout-inner kt-layout-id_3d6a90-59\"><div class=\"kt-row-column-wrap kt-has-2-columns kt-gutter-default kt-v-gutter-default kt-row-valign-top kt-row-layout-equal kt-tab-layout-inherit kt-m-colapse-left-to-right kt-mobile-layout-row kb-theme-content-width\"><style>.kadence-column_0ff219-92 > .kt-inside-inner-col{border-top-width:0px;border-right-width:0px;border-bottom-width:0px;border-left-width:0px;}.kadence-column_0ff219-92 > .kt-inside-inner-col,.kadence-column_0ff219-92 > .kt-inside-inner-col:before{border-top-left-radius:0px;border-top-right-radius:0px;border-bottom-right-radius:0px;border-bottom-left-radius:0px;}.kadence-column_0ff219-92 > .kt-inside-inner-col{column-gap:var(--global-kb-gap-sm, 1rem);}.kadence-column_0ff219-92 > .kt-inside-inner-col{flex-direction:column;}.kadence-column_0ff219-92 > .kt-inside-inner-col > .aligncenter{width:100%;}.kadence-column_0ff219-92 > .kt-inside-inner-col:before{opacity:0.3;}.kadence-column_0ff219-92{position:relative;}@media all and (max-width: 1024px){.kadence-column_0ff219-92 > .kt-inside-inner-col{flex-direction:column;justify-content:center;}}@media all and (max-width: 767px){.kadence-column_0ff219-92 > .kt-inside-inner-col{flex-direction:column;justify-content:center;}}<\/style>\n<div class=\"wp-block-kadence-column inner-column-1 kadence-column_0ff219-92\"><div class=\"kt-inside-inner-col\">\n<figure class=\"wp-block-image size-large\"><a href=\"https:\/\/www.cefobi-conicet.gov.ar\/en\/uploads_cefobi\/2023\/07\/flyerBlanco_190723-01-Corina-M.-Fusari.jpg\/\"><img loading=\"lazy\" decoding=\"async\" width=\"1024\" height=\"856\" src=\"https:\/\/www.cefobi-conicet.gov.ar\/uploads_cefobi\/2023\/07\/flyerBlanco_190723-01-Corina-M.-Fusari-1024x856.jpg\" alt=\"\" class=\"wp-image-4197\" srcset=\"https:\/\/www.cefobi-conicet.gov.ar\/wp-content\/uploads\/2023\/07\/flyerBlanco_190723-01-Corina-M.-Fusari-1024x856.jpg 1024w, https:\/\/www.cefobi-conicet.gov.ar\/wp-content\/uploads\/2023\/07\/flyerBlanco_190723-01-Corina-M.-Fusari-300x251.jpg 300w, https:\/\/www.cefobi-conicet.gov.ar\/wp-content\/uploads\/2023\/07\/flyerBlanco_190723-01-Corina-M.-Fusari-768x642.jpg 768w, https:\/\/www.cefobi-conicet.gov.ar\/wp-content\/uploads\/2023\/07\/flyerBlanco_190723-01-Corina-M.-Fusari-1536x1284.jpg 1536w, https:\/\/www.cefobi-conicet.gov.ar\/wp-content\/uploads\/2023\/07\/flyerBlanco_190723-01-Corina-M.-Fusari-2048x1713.jpg 2048w, https:\/\/www.cefobi-conicet.gov.ar\/wp-content\/uploads\/2023\/07\/flyerBlanco_190723-01-Corina-M.-Fusari-14x12.jpg 14w\" sizes=\"auto, (max-width: 1024px) 100vw, 1024px\" \/><\/a><\/figure>\n<\/div><\/div>\n\n\n<style>.kadence-column_3f4aef-8e > .kt-inside-inner-col{border-top-width:0px;border-right-width:0px;border-bottom-width:0px;border-left-width:0px;}.kadence-column_3f4aef-8e > .kt-inside-inner-col,.kadence-column_3f4aef-8e > .kt-inside-inner-col:before{border-top-left-radius:0px;border-top-right-radius:0px;border-bottom-right-radius:0px;border-bottom-left-radius:0px;}.kadence-column_3f4aef-8e > .kt-inside-inner-col{column-gap:var(--global-kb-gap-sm, 1rem);}.kadence-column_3f4aef-8e > .kt-inside-inner-col{flex-direction:column;}.kadence-column_3f4aef-8e > .kt-inside-inner-col > .aligncenter{width:100%;}.kadence-column_3f4aef-8e > .kt-inside-inner-col:before{opacity:0.3;}.kadence-column_3f4aef-8e{position:relative;}@media all and (max-width: 1024px){.kadence-column_3f4aef-8e > .kt-inside-inner-col{flex-direction:column;justify-content:center;}}@media all and (max-width: 767px){.kadence-column_3f4aef-8e > .kt-inside-inner-col{flex-direction:column;justify-content:center;}}<\/style>\n<div class=\"wp-block-kadence-column inner-column-2 kadence-column_3f4aef-8e\"><div class=\"kt-inside-inner-col\">\n<p><strong>Contact:&nbsp;<\/strong>Dr. Nicol\u00e1s Blanco (<a href=\"mailto:blanco@cefobi-conicet.gov.ar\">blanco@cefobi-conicet.gov.ar<\/a>)&nbsp;<\/p>\n\n\n\n<p><strong>TEMA: Compromiso crecimiento-adaptacion en contexto de cambio climatico<\/strong>.<\/p>\n\n\n\n<p><strong>Requirements:<\/strong> T\u00edtulo de Lic. en Biotec, Bioq o carreras afines a Cs Biol\u00f3gicas, se pueden adeudar hasta 5 materias al momento de la postulaci\u00f3n. Debe estar recibido en marzo 2024<\/p>\n\n\n\n<p><strong>Resume.<\/strong> Las plantas necesitan llevar a cabo un programa estricto de administraci\u00f3n de energ\u00eda y recursos para su desarrollo fisiol\u00f3gico, su crecimiento, y su reproducci\u00f3n. La principal fuente de energ\u00eda de las plantas es la fotos\u00edntesis, un proceso altamente sensible a cambios en las condiciones externas. En condiciones de estr\u00e9s, como frente al aumento de intensidad de luz solar durante el d\u00eda, o el incremento de la temperatura ambiental que afecta el intercambio gaseoso, las plantas despliegan mecanismos de defensa. Estos mecanismos requieren un consumo de energ\u00eda tal, que entra en conflicto con el crecimiento fotosint\u00e9tico. Encontrar plantas que crezcan eficientemente en condiciones ambientales complejas, y que posean un repertorio defensivo mejorado, es clave para proporcionar nuevas herramientas para mejorar los cultivos.<\/p>\n\n\n\n<p><strong>References.&nbsp;<\/strong><\/p>\n\n\n\n<p><a href=\"https:\/\/scholar.google.com\/citations?hl=es&amp;user=2Qm3wL0AAAAJ&amp;view_op=list_works&amp;sortby=pubdate\">https:\/\/scholar.google.com\/citations?hl=es&amp;user=2Qm3wL0AAAAJ&amp;view_op=list_works&amp;sortby=pubdate<\/a><\/p>\n<\/div><\/div>\n<\/div><\/div><\/div>","protected":false},"excerpt":{"rendered":"<p>Contacto:&nbsp;Dr. Nicol\u00e1s Blanco (blanco@cefobi-conicet.gov.ar)&nbsp; TEMA: Compromiso crecimiento-adaptacion en contexto de cambio climatico. Requisitos del candidato: T\u00edtulo de Lic. en Biotec, Bioq o carreras afines a Cs Biol\u00f3gicas, se pueden adeudar hasta 5 materias al momento de la postulaci\u00f3n. Debe estar &hellip; <a href=\"https:\/\/www.cefobi-conicet.gov.ar\/en\/beca-doctoral-dr-nicolas-blanco\/\">Continued<\/a><\/p>","protected":false},"author":7,"featured_media":0,"parent":0,"menu_order":0,"comment_status":"closed","ping_status":"closed","template":"","meta":{"kt_blocks_editor_width":"","footnotes":""},"class_list":["post-3919","page","type-page","status-publish","hentry"],"_links":{"self":[{"href":"https:\/\/www.cefobi-conicet.gov.ar\/en\/wp-json\/wp\/v2\/pages\/3919","targetHints":{"allow":["GET"]}}],"collection":[{"href":"https:\/\/www.cefobi-conicet.gov.ar\/en\/wp-json\/wp\/v2\/pages"}],"about":[{"href":"https:\/\/www.cefobi-conicet.gov.ar\/en\/wp-json\/wp\/v2\/types\/page"}],"author":[{"embeddable":true,"href":"https:\/\/www.cefobi-conicet.gov.ar\/en\/wp-json\/wp\/v2\/users\/7"}],"replies":[{"embeddable":true,"href":"https:\/\/www.cefobi-conicet.gov.ar\/en\/wp-json\/wp\/v2\/comments?post=3919"}],"version-history":[{"count":5,"href":"https:\/\/www.cefobi-conicet.gov.ar\/en\/wp-json\/wp\/v2\/pages\/3919\/revisions"}],"predecessor-version":[{"id":4202,"href":"https:\/\/www.cefobi-conicet.gov.ar\/en\/wp-json\/wp\/v2\/pages\/3919\/revisions\/4202"}],"wp:attachment":[{"href":"https:\/\/www.cefobi-conicet.gov.ar\/en\/wp-json\/wp\/v2\/media?parent=3919"}],"curies":[{"name":"wp","href":"https:\/\/api.w.org\/{rel}","templated":true}]}}