{"id":3913,"date":"2022-07-04T14:12:24","date_gmt":"2022-07-04T17:12:24","guid":{"rendered":"https:\/\/www.cefobi-conicet.gov.ar\/?page_id=3913"},"modified":"2023-08-05T16:34:51","modified_gmt":"2023-08-05T19:34:51","slug":"beca-doctoral-dra-julieta-barchiesi","status":"publish","type":"page","link":"https:\/\/www.cefobi-conicet.gov.ar\/en\/beca-doctoral-dra-julieta-barchiesi\/","title":{"rendered":"Beca Doctoral y Postdoctoral &#8211; Dra. Julieta Barchiesi"},"content":{"rendered":"<style>#kt-layout-id_3d6a90-59 > .kt-row-column-wrap{align-content:start;}:where(#kt-layout-id_3d6a90-59 > .kt-row-column-wrap) > .wp-block-kadence-column{justify-content:start;}#kt-layout-id_3d6a90-59 > .kt-row-column-wrap{column-gap:var(--global-kb-gap-md, 2rem);row-gap:var(--global-kb-gap-md, 2rem);max-width:var(--wp--style--global--content-size);padding-top:var( --global-kb-row-default-top, 25px );padding-bottom:var( --global-kb-row-default-bottom, 25px );padding-top:var(--global-kb-spacing-sm, 1.5rem);padding-bottom:var(--global-kb-spacing-sm, 1.5rem);grid-template-columns:repeat(2, minmax(0, 1fr));}#kt-layout-id_3d6a90-59 > .kt-row-layout-overlay{opacity:0.30;}@media all and (max-width: 1024px){#kt-layout-id_3d6a90-59 > .kt-row-column-wrap{grid-template-columns:repeat(2, minmax(0, 1fr));}}@media all and (max-width: 767px){#kt-layout-id_3d6a90-59 > .kt-row-column-wrap{grid-template-columns:minmax(0, 1fr);}}<\/style>\n<div class=\"wp-block-kadence-rowlayout alignnone\"><div id=\"kt-layout-id_3d6a90-59\" class=\"kt-row-layout-inner kt-layout-id_3d6a90-59\"><div class=\"kt-row-column-wrap kt-has-2-columns kt-gutter-default kt-v-gutter-default kt-row-valign-top kt-row-layout-equal kt-tab-layout-inherit kt-m-colapse-left-to-right kt-mobile-layout-row kb-theme-content-width\"><style>.kadence-column_0ff219-92 > .kt-inside-inner-col{border-top-width:0px;border-right-width:0px;border-bottom-width:0px;border-left-width:0px;}.kadence-column_0ff219-92 > .kt-inside-inner-col,.kadence-column_0ff219-92 > .kt-inside-inner-col:before{border-top-left-radius:0px;border-top-right-radius:0px;border-bottom-right-radius:0px;border-bottom-left-radius:0px;}.kadence-column_0ff219-92 > .kt-inside-inner-col{column-gap:var(--global-kb-gap-sm, 1rem);}.kadence-column_0ff219-92 > .kt-inside-inner-col{flex-direction:column;}.kadence-column_0ff219-92 > .kt-inside-inner-col > .aligncenter{width:100%;}.kadence-column_0ff219-92 > .kt-inside-inner-col:before{opacity:0.3;}.kadence-column_0ff219-92{position:relative;}@media all and (max-width: 1024px){.kadence-column_0ff219-92 > .kt-inside-inner-col{flex-direction:column;justify-content:center;}}@media all and (max-width: 767px){.kadence-column_0ff219-92 > .kt-inside-inner-col{flex-direction:column;justify-content:center;}}<\/style>\n<div class=\"wp-block-kadence-column inner-column-1 kadence-column_0ff219-92\"><div class=\"kt-inside-inner-col\">\n<figure class=\"wp-block-image size-large\"><a href=\"https:\/\/www.cefobi-conicet.gov.ar\/en\/uploads_cefobi\/2023\/08\/Ofrecimiento-Beca-Algas.png\/\"><img loading=\"lazy\" decoding=\"async\" width=\"720\" height=\"770\" src=\"https:\/\/www.cefobi-conicet.gov.ar\/uploads_cefobi\/2023\/08\/Ofrecimiento-Beca-Algas.png\" alt=\"\" class=\"wp-image-4203\" srcset=\"https:\/\/www.cefobi-conicet.gov.ar\/wp-content\/uploads\/2023\/08\/Ofrecimiento-Beca-Algas.png 720w, https:\/\/www.cefobi-conicet.gov.ar\/wp-content\/uploads\/2023\/08\/Ofrecimiento-Beca-Algas-281x300.png 281w, https:\/\/www.cefobi-conicet.gov.ar\/wp-content\/uploads\/2023\/08\/Ofrecimiento-Beca-Algas-11x12.png 11w\" sizes=\"auto, (max-width: 720px) 100vw, 720px\" \/><\/a><\/figure>\n<\/div><\/div>\n\n\n<style>.kadence-column_3f4aef-8e > .kt-inside-inner-col{border-top-width:0px;border-right-width:0px;border-bottom-width:0px;border-left-width:0px;}.kadence-column_3f4aef-8e > .kt-inside-inner-col,.kadence-column_3f4aef-8e > .kt-inside-inner-col:before{border-top-left-radius:0px;border-top-right-radius:0px;border-bottom-right-radius:0px;border-bottom-left-radius:0px;}.kadence-column_3f4aef-8e > .kt-inside-inner-col{column-gap:var(--global-kb-gap-sm, 1rem);}.kadence-column_3f4aef-8e > .kt-inside-inner-col{flex-direction:column;}.kadence-column_3f4aef-8e > .kt-inside-inner-col > .aligncenter{width:100%;}.kadence-column_3f4aef-8e > .kt-inside-inner-col:before{opacity:0.3;}.kadence-column_3f4aef-8e{position:relative;}@media all and (max-width: 1024px){.kadence-column_3f4aef-8e > .kt-inside-inner-col{flex-direction:column;justify-content:center;}}@media all and (max-width: 767px){.kadence-column_3f4aef-8e > .kt-inside-inner-col{flex-direction:column;justify-content:center;}}<\/style>\n<div class=\"wp-block-kadence-column inner-column-2 kadence-column_3f4aef-8e\"><div class=\"kt-inside-inner-col\">\n<p><strong>Contact:\u00a0<\/strong>Dra. Julieta Barchiesi (<a href=\"mailto:barchiesi@cefobi-conicet.gov.ar\">barchiesi@cefobi-conicet.gov.ar<\/a>)\u00a0<br>Dra. Mar\u00eda Victoria Busi (<a href=\"mailto:busi@cefobi-conicet.gov.ar\">busi@cefobi-conicet.gov.ar<\/a>)<br>Dr. Diego Gomez Casati (<a href=\"mailto:gomezcasati@cefobi-conicet.gov.ar\">gomezcasati@cefobi-conicet.gov.ar<\/a>)<\/p>\n\n\n\n<p><strong>TEMA: <\/strong>Desarrollo y uso de t\u00e9cnicas modernas de ingenier\u00eda gen\u00e9tica como CRISPR, para generar algas que produzcan de manera sostenible diversos compuestos de inter\u00e9s en la industria alimentaria, cosm\u00e9tica y de bioenerg\u00eda.<\/p>\n\n\n\n<p><strong>References.&nbsp;<\/strong><\/p>\n\n\n\n<p>1- Hedin N. et al (2021) Plant Molecular Biology 108, 363\u2013378. <\/p>\n\n\n\n<p>2- Gomez-Casati DF. et al (2021) Plants 10, 200. <\/p>\n\n\n\n<p>3- Hed\u00edn N et al (2020) Open Biotechnol. J. 14, 1-11. <\/p>\n\n\n\n<p>4- Gomez-Casati DF (2019) Biotecnolog\u00eda de Microalgas. UNSAM Ed. ISBN 978-987-8326-02-3, 224p. <\/p>\n\n\n\n<p>5- Barchiesi J. et al (2018) Frontiers in Plant Science 9, 1541.<\/p>\n\n\n\n<p>6- Hedin N, et al. (2017) Archives of Biochemistry and Biophysics 618, 52-61. <\/p>\n\n\n\n<p>7- Barchiesi J, et al. (2017) Biochimie 133, 37-44.<\/p>\n\n\n\n<p> 8- Grisolia MJ. et al. (2017) Plant Molecular Biology 93, 121-135. <\/p>\n\n\n\n<p>9- Busi, MV. et al. (2014). STARCH\/STARKE; 66, 28-40. <\/p>\n\n\n\n<p>10- Barchiesi J. et al (2015). BMC Research Notes, 8:613.<\/p>\n<\/div><\/div>\n<\/div><\/div><\/div>","protected":false},"excerpt":{"rendered":"<p>Contacto:\u00a0Dra. Julieta Barchiesi (barchiesi@cefobi-conicet.gov.ar)\u00a0Dra. Mar\u00eda Victoria Busi (busi@cefobi-conicet.gov.ar)Dr. Diego Gomez Casati (gomezcasati@cefobi-conicet.gov.ar) TEMA: Desarrollo y uso de t\u00e9cnicas modernas de ingenier\u00eda gen\u00e9tica como CRISPR, para generar algas que produzcan de manera sostenible diversos compuestos de inter\u00e9s en la industria alimentaria, &hellip; <a href=\"https:\/\/www.cefobi-conicet.gov.ar\/en\/beca-doctoral-dra-julieta-barchiesi\/\">Continued<\/a><\/p>","protected":false},"author":7,"featured_media":0,"parent":0,"menu_order":0,"comment_status":"closed","ping_status":"closed","template":"","meta":{"kt_blocks_editor_width":"","footnotes":""},"class_list":["post-3913","page","type-page","status-publish","hentry"],"_links":{"self":[{"href":"https:\/\/www.cefobi-conicet.gov.ar\/en\/wp-json\/wp\/v2\/pages\/3913","targetHints":{"allow":["GET"]}}],"collection":[{"href":"https:\/\/www.cefobi-conicet.gov.ar\/en\/wp-json\/wp\/v2\/pages"}],"about":[{"href":"https:\/\/www.cefobi-conicet.gov.ar\/en\/wp-json\/wp\/v2\/types\/page"}],"author":[{"embeddable":true,"href":"https:\/\/www.cefobi-conicet.gov.ar\/en\/wp-json\/wp\/v2\/users\/7"}],"replies":[{"embeddable":true,"href":"https:\/\/www.cefobi-conicet.gov.ar\/en\/wp-json\/wp\/v2\/comments?post=3913"}],"version-history":[{"count":3,"href":"https:\/\/www.cefobi-conicet.gov.ar\/en\/wp-json\/wp\/v2\/pages\/3913\/revisions"}],"predecessor-version":[{"id":4206,"href":"https:\/\/www.cefobi-conicet.gov.ar\/en\/wp-json\/wp\/v2\/pages\/3913\/revisions\/4206"}],"wp:attachment":[{"href":"https:\/\/www.cefobi-conicet.gov.ar\/en\/wp-json\/wp\/v2\/media?parent=3913"}],"curies":[{"name":"wp","href":"https:\/\/api.w.org\/{rel}","templated":true}]}}