{"id":3909,"date":"2022-07-04T14:07:44","date_gmt":"2022-07-04T17:07:44","guid":{"rendered":"https:\/\/www.cefobi-conicet.gov.ar\/?page_id=3909"},"modified":"2022-07-04T14:12:34","modified_gmt":"2022-07-04T17:12:34","slug":"beca-post-doctoral-dr-diego-gomez-casati","status":"publish","type":"page","link":"https:\/\/www.cefobi-conicet.gov.ar\/en\/beca-post-doctoral-dr-diego-gomez-casati\/","title":{"rendered":"Beca Post-Doctoral &#8211; Dr. Diego Gomez Casati"},"content":{"rendered":"<style>#kt-layout-id_3d6a90-59 > .kt-row-column-wrap{align-content:start;}:where(#kt-layout-id_3d6a90-59 > .kt-row-column-wrap) > .wp-block-kadence-column{justify-content:start;}#kt-layout-id_3d6a90-59 > .kt-row-column-wrap{column-gap:var(--global-kb-gap-md, 2rem);row-gap:var(--global-kb-gap-md, 2rem);max-width:var(--wp--style--global--content-size);padding-top:var( --global-kb-row-default-top, 25px );padding-bottom:var( --global-kb-row-default-bottom, 25px );padding-top:var(--global-kb-spacing-sm, 1.5rem);padding-bottom:var(--global-kb-spacing-sm, 1.5rem);grid-template-columns:repeat(2, minmax(0, 1fr));}#kt-layout-id_3d6a90-59 > .kt-row-layout-overlay{opacity:0.30;}@media all and (max-width: 1024px){#kt-layout-id_3d6a90-59 > .kt-row-column-wrap{grid-template-columns:repeat(2, minmax(0, 1fr));}}@media all and (max-width: 767px){#kt-layout-id_3d6a90-59 > .kt-row-column-wrap{grid-template-columns:minmax(0, 1fr);}}<\/style>\n<div class=\"wp-block-kadence-rowlayout alignnone\"><div id=\"kt-layout-id_3d6a90-59\" class=\"kt-row-layout-inner kt-layout-id_3d6a90-59\"><div class=\"kt-row-column-wrap kt-has-2-columns kt-gutter-default kt-v-gutter-default kt-row-valign-top kt-row-layout-equal kt-tab-layout-inherit kt-m-colapse-left-to-right kt-mobile-layout-row kb-theme-content-width\"><style>.kadence-column_0ff219-92 > .kt-inside-inner-col{border-top-width:0px;border-right-width:0px;border-bottom-width:0px;border-left-width:0px;}.kadence-column_0ff219-92 > .kt-inside-inner-col,.kadence-column_0ff219-92 > .kt-inside-inner-col:before{border-top-left-radius:0px;border-top-right-radius:0px;border-bottom-right-radius:0px;border-bottom-left-radius:0px;}.kadence-column_0ff219-92 > .kt-inside-inner-col{column-gap:var(--global-kb-gap-sm, 1rem);}.kadence-column_0ff219-92 > .kt-inside-inner-col{flex-direction:column;}.kadence-column_0ff219-92 > .kt-inside-inner-col > .aligncenter{width:100%;}.kadence-column_0ff219-92 > .kt-inside-inner-col:before{opacity:0.3;}.kadence-column_0ff219-92{position:relative;}@media all and (max-width: 1024px){.kadence-column_0ff219-92 > .kt-inside-inner-col{flex-direction:column;justify-content:center;}}@media all and (max-width: 767px){.kadence-column_0ff219-92 > .kt-inside-inner-col{flex-direction:column;justify-content:center;}}<\/style>\n<div class=\"wp-block-kadence-column inner-column-1 kadence-column_0ff219-92\"><div class=\"kt-inside-inner-col\">\n<figure class=\"wp-block-image size-large\"><a href=\"https:\/\/www.cefobi-conicet.gov.ar\/en\/uploads_cefobi\/2022\/05\/IMG_20211213_095503874_HDR-3-scaled-e1652204420758.jpg\/\"><img loading=\"lazy\" decoding=\"async\" width=\"1024\" height=\"1024\" src=\"https:\/\/www.cefobi-conicet.gov.ar\/uploads_cefobi\/2022\/05\/IMG_20211213_095503874_HDR-3-scaled-e1652204420758-1024x1024.jpg\" alt=\"\" class=\"wp-image-3753\" srcset=\"https:\/\/www.cefobi-conicet.gov.ar\/wp-content\/uploads\/2022\/05\/IMG_20211213_095503874_HDR-3-scaled-e1652204420758-1024x1024.jpg 1024w, https:\/\/www.cefobi-conicet.gov.ar\/wp-content\/uploads\/2022\/05\/IMG_20211213_095503874_HDR-3-scaled-e1652204420758-300x300.jpg 300w, https:\/\/www.cefobi-conicet.gov.ar\/wp-content\/uploads\/2022\/05\/IMG_20211213_095503874_HDR-3-scaled-e1652204420758-150x150.jpg 150w, https:\/\/www.cefobi-conicet.gov.ar\/wp-content\/uploads\/2022\/05\/IMG_20211213_095503874_HDR-3-scaled-e1652204420758-768x768.jpg 768w, https:\/\/www.cefobi-conicet.gov.ar\/wp-content\/uploads\/2022\/05\/IMG_20211213_095503874_HDR-3-scaled-e1652204420758-12x12.jpg 12w, https:\/\/www.cefobi-conicet.gov.ar\/wp-content\/uploads\/2022\/05\/IMG_20211213_095503874_HDR-3-scaled-e1652204420758.jpg 1478w\" sizes=\"auto, (max-width: 1024px) 100vw, 1024px\" \/><\/a><\/figure>\n<\/div><\/div>\n\n\n<style>.kadence-column_3f4aef-8e > .kt-inside-inner-col{border-top-width:0px;border-right-width:0px;border-bottom-width:0px;border-left-width:0px;}.kadence-column_3f4aef-8e > .kt-inside-inner-col,.kadence-column_3f4aef-8e > .kt-inside-inner-col:before{border-top-left-radius:0px;border-top-right-radius:0px;border-bottom-right-radius:0px;border-bottom-left-radius:0px;}.kadence-column_3f4aef-8e > .kt-inside-inner-col{column-gap:var(--global-kb-gap-sm, 1rem);}.kadence-column_3f4aef-8e > .kt-inside-inner-col{flex-direction:column;}.kadence-column_3f4aef-8e > .kt-inside-inner-col > .aligncenter{width:100%;}.kadence-column_3f4aef-8e > .kt-inside-inner-col:before{opacity:0.3;}.kadence-column_3f4aef-8e{position:relative;}@media all and (max-width: 1024px){.kadence-column_3f4aef-8e > .kt-inside-inner-col{flex-direction:column;justify-content:center;}}@media all and (max-width: 767px){.kadence-column_3f4aef-8e > .kt-inside-inner-col{flex-direction:column;justify-content:center;}}<\/style>\n<div class=\"wp-block-kadence-column inner-column-2 kadence-column_3f4aef-8e\"><div class=\"kt-inside-inner-col\">\n<p><strong>Contact:\u00a0<\/strong>Dr. Diego Gomez Casati (<a href=\"mailto:gomezcasati@cefobi-conicet.gov.ar\">gomezcasati@cefobi-conicet.gov.ar<\/a>)\u00a0<\/p>\n\n\n\n<p><strong>TEMA: Desarrollo de enzimas para aplicaciones industriales<\/strong>.<\/p>\n\n\n\n<p><strong>Requirements:<\/strong>&nbsp;Dr. en ciencias biol\u00f3gicas, Dr. en Cs. Qu\u00edmicas y carreras afines.<\/p>\n\n\n\n<p><strong>Resume.<\/strong>&nbsp;Las amilasas y glucoamilasas constituyen m\u00e1s del 25% del total del mercado mundial de enzimas recombinantes. Son utilizadas en industrias como la alimenticia, farmac\u00e9utica y la producci\u00f3n de biocombustibles entre otras y actualmente no existe producci\u00f3n local. Las propiedades de cada enzima como actividad catal\u00edtica, estabilidad t\u00e9rmica, perfil de pH y dependencia de inductores son importantes para sus aplicaciones industriales. As\u00ed, surge como objetivo la necesidad de identificar nuevas enzimas y\/o mejorar la eficiencia catal\u00edtica, la estabilidad y optimizar su producci\u00f3n. Como estrategias, se utilizar\u00e1n t\u00e9cnicas de biolog\u00eda molecular para mejorar la actividad biol\u00f3gica y estabilidad t\u00e9rmica de dichas enzimas, as\u00ed como tambi\u00e9n t\u00e9cnicas bioqu\u00edmicas como determinaci\u00f3n de actividad en presencia de posibles inductores (ej. m\u00f3dulos de uni\u00f3n a carbohidratos, CBM).<\/p>\n\n\n\n<p><strong>References. <\/strong><\/p>\n\n\n\n<p>Wayllace NM et al (2021) Biotechnology Reports 30, e00625. <\/p>\n\n\n\n<p>Hedin N et al (2022) Plant Molecular Biology 108, 363\u2013378.<\/p>\n<\/div><\/div>\n<\/div><\/div><\/div>","protected":false},"excerpt":{"rendered":"<p>Contacto:\u00a0Dr. Diego Gomez Casati (gomezcasati@cefobi-conicet.gov.ar)\u00a0 TEMA: Desarrollo de enzimas para aplicaciones industriales. Requisitos del candidato:&nbsp;Dr. en ciencias biol\u00f3gicas, Dr. en Cs. Qu\u00edmicas y carreras afines. Resumen.&nbsp;Las amilasas y glucoamilasas constituyen m\u00e1s del 25% del total del mercado mundial de enzimas &hellip; <a href=\"https:\/\/www.cefobi-conicet.gov.ar\/en\/beca-post-doctoral-dr-diego-gomez-casati\/\">Continued<\/a><\/p>","protected":false},"author":7,"featured_media":0,"parent":0,"menu_order":0,"comment_status":"closed","ping_status":"closed","template":"","meta":{"kt_blocks_editor_width":"","footnotes":""},"class_list":["post-3909","page","type-page","status-publish","hentry"],"_links":{"self":[{"href":"https:\/\/www.cefobi-conicet.gov.ar\/en\/wp-json\/wp\/v2\/pages\/3909","targetHints":{"allow":["GET"]}}],"collection":[{"href":"https:\/\/www.cefobi-conicet.gov.ar\/en\/wp-json\/wp\/v2\/pages"}],"about":[{"href":"https:\/\/www.cefobi-conicet.gov.ar\/en\/wp-json\/wp\/v2\/types\/page"}],"author":[{"embeddable":true,"href":"https:\/\/www.cefobi-conicet.gov.ar\/en\/wp-json\/wp\/v2\/users\/7"}],"replies":[{"embeddable":true,"href":"https:\/\/www.cefobi-conicet.gov.ar\/en\/wp-json\/wp\/v2\/comments?post=3909"}],"version-history":[{"count":3,"href":"https:\/\/www.cefobi-conicet.gov.ar\/en\/wp-json\/wp\/v2\/pages\/3909\/revisions"}],"predecessor-version":[{"id":3917,"href":"https:\/\/www.cefobi-conicet.gov.ar\/en\/wp-json\/wp\/v2\/pages\/3909\/revisions\/3917"}],"wp:attachment":[{"href":"https:\/\/www.cefobi-conicet.gov.ar\/en\/wp-json\/wp\/v2\/media?parent=3909"}],"curies":[{"name":"wp","href":"https:\/\/api.w.org\/{rel}","templated":true}]}}