{"id":3875,"date":"2022-05-19T10:55:11","date_gmt":"2022-05-19T13:55:11","guid":{"rendered":"https:\/\/www.cefobi-conicet.gov.ar\/?page_id=3875"},"modified":"2022-05-19T10:55:12","modified_gmt":"2022-05-19T13:55:12","slug":"margarit","status":"publish","type":"page","link":"https:\/\/www.cefobi-conicet.gov.ar\/en\/margarit\/","title":{"rendered":"Margarit"},"content":{"rendered":"<div class=\"wp-block-media-text alignwide is-stacked-on-mobile\" style=\"grid-template-columns:21% auto\"><figure class=\"wp-block-media-text__media\"><img loading=\"lazy\" decoding=\"async\" width=\"216\" height=\"220\" src=\"https:\/\/www.cefobi-conicet.gov.ar\/uploads_cefobi\/2022\/05\/Imagen-5.jpg\" alt=\"\" class=\"wp-image-3720 size-full\" srcset=\"https:\/\/www.cefobi-conicet.gov.ar\/wp-content\/uploads\/2022\/05\/Imagen-5.jpg 216w, https:\/\/www.cefobi-conicet.gov.ar\/wp-content\/uploads\/2022\/05\/Imagen-5-12x12.jpg 12w\" sizes=\"auto, (max-width: 216px) 100vw, 216px\" \/><\/figure><div class=\"wp-block-media-text__content\">\n<p class=\"has-large-font-size\">Ezequiel Margarit<\/p>\n<\/div><\/div>\n\n\n<style>#kt-layout-id_da59ae-ba > .kt-row-column-wrap{align-content:start;}:where(#kt-layout-id_da59ae-ba > .kt-row-column-wrap) > .wp-block-kadence-column{justify-content:start;}#kt-layout-id_da59ae-ba > .kt-row-column-wrap{column-gap:var(--global-kb-gap-md, 2rem);row-gap:var(--global-kb-gap-md, 2rem);padding-top:var( --global-kb-row-default-top, 25px );padding-bottom:var( --global-kb-row-default-bottom, 25px );padding-top:var(--global-kb-spacing-sm, 1.5rem);padding-bottom:var(--global-kb-spacing-sm, 1.5rem);grid-template-columns:minmax(0, 1fr);}#kt-layout-id_da59ae-ba > .kt-row-layout-overlay{opacity:0.30;}@media all and (max-width: 1024px){#kt-layout-id_da59ae-ba > .kt-row-column-wrap{grid-template-columns:minmax(0, 1fr);}}@media all and (max-width: 767px){#kt-layout-id_da59ae-ba > .kt-row-column-wrap{grid-template-columns:minmax(0, 1fr);}}<\/style>\n<div class=\"wp-block-kadence-rowlayout alignnone\"><div id=\"kt-layout-id_da59ae-ba\" class=\"kt-row-layout-inner kt-layout-id_da59ae-ba\"><div class=\"kt-row-column-wrap kt-has-1-columns kt-gutter-default kt-v-gutter-default kt-row-valign-top kt-row-layout-equal kt-tab-layout-inherit kt-m-colapse-left-to-right kt-mobile-layout-row\"><style>.kadence-column_20dcdf-49 > .kt-inside-inner-col{border-top-width:0px;border-right-width:0px;border-bottom-width:0px;border-left-width:0px;}.kadence-column_20dcdf-49 > .kt-inside-inner-col,.kadence-column_20dcdf-49 > .kt-inside-inner-col:before{border-top-left-radius:0px;border-top-right-radius:0px;border-bottom-right-radius:0px;border-bottom-left-radius:0px;}.kadence-column_20dcdf-49 > .kt-inside-inner-col{column-gap:var(--global-kb-gap-sm, 1rem);}.kadence-column_20dcdf-49 > .kt-inside-inner-col{flex-direction:column;}.kadence-column_20dcdf-49 > .kt-inside-inner-col > .aligncenter{width:100%;}.kadence-column_20dcdf-49 > .kt-inside-inner-col:before{opacity:0.3;}.kadence-column_20dcdf-49{position:relative;}@media all and (max-width: 1024px){.kadence-column_20dcdf-49 > .kt-inside-inner-col{flex-direction:column;justify-content:center;}}@media all and (max-width: 767px){.kadence-column_20dcdf-49 > .kt-inside-inner-col{flex-direction:column;justify-content:center;}}<\/style>\n<div class=\"wp-block-kadence-column inner-column-1 kadence-column_20dcdf-49\"><div class=\"kt-inside-inner-col\">\n<p><strong>Current Positions <\/strong><\/p>\n\n\n\n<ul class=\"wp-block-list\"><li>Investigador Adjunto CONICET<\/li><li>Inv\u00a0Resp. <strong>\u201cFisiolog\u00eda y bioqu\u00edmica del estr\u00e9s abi\u00f3tico en plantas le\u00f1osas de inter\u00e9s forestal\u201d<\/strong><\/li><\/ul>\n\n\n\n<p><strong>Education<\/strong><\/p>\n\n\n\n<ul class=\"wp-block-list\"><li>Lic.\u00a0en\u00a0Biotecnologia<\/li><li>Doctor (UNR)<\/li><li>Especialista en Gesti\u00f3n de Emprendimientos Biotecnol\u00f3gicos<\/li><\/ul>\n\n\n\n<p><strong>Keywords<\/strong><\/p>\n\n\n\n<ul class=\"wp-block-list\"><li>Fisiolog\u00eda<\/li><li>Metabol\u00f3mica<\/li><li>Prote\u00f3mica<\/li><li>Estr\u00e9s abi\u00f3tico<\/li><li>Producci\u00f3n forestal<\/li><\/ul>\n\n\n\n<p><strong><a href=\"https:\/\/www.conicet.gov.ar\/new_scp\/detalle.php?id=39714&amp;keywords=ezequiel%2Bmargarit&amp;datos_academicos=yes\" data-type=\"URL\" data-id=\"https:\/\/www.conicet.gov.ar\/new_scp\/detalle.php?id=39714&amp;keywords=ezequiel%2Bmargarit&amp;datos_academicos=yes\">CV CONICET<\/a><\/strong><\/p>\n\n\n\n<p><strong><a href=\"https:\/\/www.researchgate.net\/profile\/Ezequiel-Margarit\" data-type=\"URL\" data-id=\"https:\/\/www.researchgate.net\/profile\/Ezequiel-Margarit\">ResearchGate<\/a><\/strong><\/p>\n\n\n\n<p><strong><a href=\"https:\/\/orcid.org\/0000-0003-0031-2779\">ORCID<\/a><\/strong><\/p>\n<\/div><\/div>\n<\/div><\/div><\/div>","protected":false},"excerpt":{"rendered":"<p>Ezequiel Margarit Posiciones\/Puestos Ejecutivos Investigador Adjunto CONICET Inv\u00a0Resp. \u201cFisiolog\u00eda y bioqu\u00edmica del estr\u00e9s abi\u00f3tico en plantas le\u00f1osas de inter\u00e9s forestal\u201d Educaci\u00f3n Lic.\u00a0en\u00a0Biotecnologia Doctor (UNR) Especialista en Gesti\u00f3n de Emprendimientos Biotecnol\u00f3gicos Palabras clave Fisiolog\u00eda Metabol\u00f3mica Prote\u00f3mica Estr\u00e9s abi\u00f3tico Producci\u00f3n forestal CV &hellip; <a href=\"https:\/\/www.cefobi-conicet.gov.ar\/en\/margarit\/\">Continued<\/a><\/p>","protected":false},"author":7,"featured_media":0,"parent":0,"menu_order":0,"comment_status":"closed","ping_status":"closed","template":"","meta":{"kt_blocks_editor_width":"","footnotes":""},"class_list":["post-3875","page","type-page","status-publish","hentry"],"_links":{"self":[{"href":"https:\/\/www.cefobi-conicet.gov.ar\/en\/wp-json\/wp\/v2\/pages\/3875","targetHints":{"allow":["GET"]}}],"collection":[{"href":"https:\/\/www.cefobi-conicet.gov.ar\/en\/wp-json\/wp\/v2\/pages"}],"about":[{"href":"https:\/\/www.cefobi-conicet.gov.ar\/en\/wp-json\/wp\/v2\/types\/page"}],"author":[{"embeddable":true,"href":"https:\/\/www.cefobi-conicet.gov.ar\/en\/wp-json\/wp\/v2\/users\/7"}],"replies":[{"embeddable":true,"href":"https:\/\/www.cefobi-conicet.gov.ar\/en\/wp-json\/wp\/v2\/comments?post=3875"}],"version-history":[{"count":1,"href":"https:\/\/www.cefobi-conicet.gov.ar\/en\/wp-json\/wp\/v2\/pages\/3875\/revisions"}],"predecessor-version":[{"id":3876,"href":"https:\/\/www.cefobi-conicet.gov.ar\/en\/wp-json\/wp\/v2\/pages\/3875\/revisions\/3876"}],"wp:attachment":[{"href":"https:\/\/www.cefobi-conicet.gov.ar\/en\/wp-json\/wp\/v2\/media?parent=3875"}],"curies":[{"name":"wp","href":"https:\/\/api.w.org\/{rel}","templated":true}]}}