{"id":3847,"date":"2022-05-19T10:26:10","date_gmt":"2022-05-19T13:26:10","guid":{"rendered":"https:\/\/www.cefobi-conicet.gov.ar\/?page_id=3847"},"modified":"2022-05-19T10:26:12","modified_gmt":"2022-05-19T13:26:12","slug":"muller","status":"publish","type":"page","link":"https:\/\/www.cefobi-conicet.gov.ar\/en\/muller\/","title":{"rendered":"Muller"},"content":{"rendered":"<div class=\"wp-block-media-text alignwide is-stacked-on-mobile\" style=\"grid-template-columns:21% auto\"><figure class=\"wp-block-media-text__media\"><img loading=\"lazy\" decoding=\"async\" width=\"332\" height=\"367\" src=\"https:\/\/www.cefobi-conicet.gov.ar\/uploads_cefobi\/2022\/05\/Gabriela-Muller.jpg\" alt=\"\" class=\"wp-image-3644 size-full\" srcset=\"https:\/\/www.cefobi-conicet.gov.ar\/wp-content\/uploads\/2022\/05\/Gabriela-Muller.jpg 332w, https:\/\/www.cefobi-conicet.gov.ar\/wp-content\/uploads\/2022\/05\/Gabriela-Muller-271x300.jpg 271w, https:\/\/www.cefobi-conicet.gov.ar\/wp-content\/uploads\/2022\/05\/Gabriela-Muller-11x12.jpg 11w\" sizes=\"auto, (max-width: 332px) 100vw, 332px\" \/><\/figure><div class=\"wp-block-media-text__content\">\n<p class=\"has-large-font-size\">Gabriela L. M\u00fcller<\/p>\n<\/div><\/div>\n\n\n<style>#kt-layout-id_da59ae-ba > .kt-row-column-wrap{align-content:start;}:where(#kt-layout-id_da59ae-ba > .kt-row-column-wrap) > .wp-block-kadence-column{justify-content:start;}#kt-layout-id_da59ae-ba > .kt-row-column-wrap{column-gap:var(--global-kb-gap-md, 2rem);row-gap:var(--global-kb-gap-md, 2rem);padding-top:var( --global-kb-row-default-top, 25px );padding-bottom:var( --global-kb-row-default-bottom, 25px );padding-top:var(--global-kb-spacing-sm, 1.5rem);padding-bottom:var(--global-kb-spacing-sm, 1.5rem);grid-template-columns:minmax(0, 1fr);}#kt-layout-id_da59ae-ba > .kt-row-layout-overlay{opacity:0.30;}@media all and (max-width: 1024px){#kt-layout-id_da59ae-ba > .kt-row-column-wrap{grid-template-columns:minmax(0, 1fr);}}@media all and (max-width: 767px){#kt-layout-id_da59ae-ba > .kt-row-column-wrap{grid-template-columns:minmax(0, 1fr);}}<\/style>\n<div class=\"wp-block-kadence-rowlayout alignnone\"><div id=\"kt-layout-id_da59ae-ba\" class=\"kt-row-layout-inner kt-layout-id_da59ae-ba\"><div class=\"kt-row-column-wrap kt-has-1-columns kt-gutter-default kt-v-gutter-default kt-row-valign-top kt-row-layout-equal kt-tab-layout-inherit kt-m-colapse-left-to-right kt-mobile-layout-row\"><style>.kadence-column_20dcdf-49 > .kt-inside-inner-col{border-top-width:0px;border-right-width:0px;border-bottom-width:0px;border-left-width:0px;}.kadence-column_20dcdf-49 > .kt-inside-inner-col,.kadence-column_20dcdf-49 > .kt-inside-inner-col:before{border-top-left-radius:0px;border-top-right-radius:0px;border-bottom-right-radius:0px;border-bottom-left-radius:0px;}.kadence-column_20dcdf-49 > .kt-inside-inner-col{column-gap:var(--global-kb-gap-sm, 1rem);}.kadence-column_20dcdf-49 > .kt-inside-inner-col{flex-direction:column;}.kadence-column_20dcdf-49 > .kt-inside-inner-col > .aligncenter{width:100%;}.kadence-column_20dcdf-49 > .kt-inside-inner-col:before{opacity:0.3;}.kadence-column_20dcdf-49{position:relative;}@media all and (max-width: 1024px){.kadence-column_20dcdf-49 > .kt-inside-inner-col{flex-direction:column;justify-content:center;}}@media all and (max-width: 767px){.kadence-column_20dcdf-49 > .kt-inside-inner-col{flex-direction:column;justify-content:center;}}<\/style>\n<div class=\"wp-block-kadence-column inner-column-1 kadence-column_20dcdf-49\"><div class=\"kt-inside-inner-col\">\n<p><strong>Current Positions <\/strong><\/p>\n\n\n\n<ul class=\"wp-block-list\"><li>Investigadora\u00a0Adjunta\u00a0del CONICET<\/li><li>Jefa\u00a0de\u00a0Trabajos\u00a0Pr\u00e1cticos\u00a0FBIOyF<\/li><li>Inv Resp. GID <strong>\u201cIdentificaci\u00f3n de genes responsables de la calidad y resistencia al da\u00f1o por fr\u00edo de frutos carnosos\u201d<\/strong><\/li><li>Coordinaci\u00f3n\u00a0STAN 2939, 2761 y 5499<\/li><\/ul>\n\n\n\n<p><strong>Education<\/strong><\/p>\n\n\n\n<ul class=\"wp-block-list\"><li>Lic.\u00a0en\u00a0Biotecnologia<\/li><li>Doctora (UNR)<\/li><li>Postdoc (CONICET)<\/li><\/ul>\n\n\n\n<p><strong>Keywords<\/strong><\/p>\n\n\n\n<ul class=\"wp-block-list\"><li>Bioqu\u00edmica<\/li><li>Fotos\u00edntesis<\/li><li>Solanaceas<\/li><li>Frutos Carnosos<\/li><\/ul>\n\n\n\n<p><strong><a href=\"https:\/\/www.conicet.gov.ar\/new_scp\/detalle.php?id=26026&amp;datos_academicos=yes\">CV CONICET<\/a><\/strong><\/p>\n\n\n\n<p><strong><a href=\"https:\/\/orcid.org\/0000-0002-9163-7159\">ORCID<\/a><\/strong><\/p>\n<\/div><\/div>\n<\/div><\/div><\/div>","protected":false},"excerpt":{"rendered":"<p>Gabriela L. M\u00fcller Posiciones\/Puestos Ejecutivos Investigadora\u00a0Adjunta\u00a0del CONICET Jefa\u00a0de\u00a0Trabajos\u00a0Pr\u00e1cticos\u00a0FBIOyF Inv Resp. GID \u201cIdentificaci\u00f3n de genes responsables de la calidad y resistencia al da\u00f1o por fr\u00edo de frutos carnosos\u201d Coordinaci\u00f3n\u00a0STAN 2939, 2761 y 5499 Educaci\u00f3n Lic.\u00a0en\u00a0Biotecnologia Doctora (UNR) Postdoc (CONICET) Palabras clave &hellip; <a href=\"https:\/\/www.cefobi-conicet.gov.ar\/en\/muller\/\">Continued<\/a><\/p>","protected":false},"author":7,"featured_media":0,"parent":0,"menu_order":0,"comment_status":"closed","ping_status":"closed","template":"","meta":{"kt_blocks_editor_width":"","footnotes":""},"class_list":["post-3847","page","type-page","status-publish","hentry"],"_links":{"self":[{"href":"https:\/\/www.cefobi-conicet.gov.ar\/en\/wp-json\/wp\/v2\/pages\/3847","targetHints":{"allow":["GET"]}}],"collection":[{"href":"https:\/\/www.cefobi-conicet.gov.ar\/en\/wp-json\/wp\/v2\/pages"}],"about":[{"href":"https:\/\/www.cefobi-conicet.gov.ar\/en\/wp-json\/wp\/v2\/types\/page"}],"author":[{"embeddable":true,"href":"https:\/\/www.cefobi-conicet.gov.ar\/en\/wp-json\/wp\/v2\/users\/7"}],"replies":[{"embeddable":true,"href":"https:\/\/www.cefobi-conicet.gov.ar\/en\/wp-json\/wp\/v2\/comments?post=3847"}],"version-history":[{"count":1,"href":"https:\/\/www.cefobi-conicet.gov.ar\/en\/wp-json\/wp\/v2\/pages\/3847\/revisions"}],"predecessor-version":[{"id":3848,"href":"https:\/\/www.cefobi-conicet.gov.ar\/en\/wp-json\/wp\/v2\/pages\/3847\/revisions\/3848"}],"wp:attachment":[{"href":"https:\/\/www.cefobi-conicet.gov.ar\/en\/wp-json\/wp\/v2\/media?parent=3847"}],"curies":[{"name":"wp","href":"https:\/\/api.w.org\/{rel}","templated":true}]}}