{"id":3841,"date":"2022-05-19T10:19:02","date_gmt":"2022-05-19T13:19:02","guid":{"rendered":"https:\/\/www.cefobi-conicet.gov.ar\/?page_id=3841"},"modified":"2022-05-19T10:19:03","modified_gmt":"2022-05-19T13:19:03","slug":"drincovich-2","status":"publish","type":"page","link":"https:\/\/www.cefobi-conicet.gov.ar\/en\/drincovich-2\/","title":{"rendered":"Drincovich"},"content":{"rendered":"<div class=\"wp-block-media-text alignwide is-stacked-on-mobile\" style=\"grid-template-columns:21% auto\"><figure class=\"wp-block-media-text__media\"><img loading=\"lazy\" decoding=\"async\" width=\"930\" height=\"1018\" src=\"https:\/\/www.cefobi-conicet.gov.ar\/uploads_cefobi\/2022\/05\/Dra-Drincovich.jpg\" alt=\"\" class=\"wp-image-3641 size-full\" srcset=\"https:\/\/www.cefobi-conicet.gov.ar\/wp-content\/uploads\/2022\/05\/Dra-Drincovich.jpg 930w, https:\/\/www.cefobi-conicet.gov.ar\/wp-content\/uploads\/2022\/05\/Dra-Drincovich-274x300.jpg 274w, https:\/\/www.cefobi-conicet.gov.ar\/wp-content\/uploads\/2022\/05\/Dra-Drincovich-768x841.jpg 768w, https:\/\/www.cefobi-conicet.gov.ar\/wp-content\/uploads\/2022\/05\/Dra-Drincovich-11x12.jpg 11w\" sizes=\"auto, (max-width: 930px) 100vw, 930px\" \/><\/figure><div class=\"wp-block-media-text__content\">\n<p class=\"has-large-font-size\">Mar\u00eda Fabiana Drincovich<\/p>\n<\/div><\/div>\n\n\n<style>#kt-layout-id_da59ae-ba > .kt-row-column-wrap{align-content:start;}:where(#kt-layout-id_da59ae-ba > .kt-row-column-wrap) > .wp-block-kadence-column{justify-content:start;}#kt-layout-id_da59ae-ba > .kt-row-column-wrap{column-gap:var(--global-kb-gap-md, 2rem);row-gap:var(--global-kb-gap-md, 2rem);padding-top:var( --global-kb-row-default-top, 25px );padding-bottom:var( --global-kb-row-default-bottom, 25px );padding-top:var(--global-kb-spacing-sm, 1.5rem);padding-bottom:var(--global-kb-spacing-sm, 1.5rem);grid-template-columns:minmax(0, 1fr);}#kt-layout-id_da59ae-ba > .kt-row-layout-overlay{opacity:0.30;}@media all and (max-width: 1024px){#kt-layout-id_da59ae-ba > .kt-row-column-wrap{grid-template-columns:minmax(0, 1fr);}}@media all and (max-width: 767px){#kt-layout-id_da59ae-ba > .kt-row-column-wrap{grid-template-columns:minmax(0, 1fr);}}<\/style>\n<div class=\"wp-block-kadence-rowlayout alignnone\"><div id=\"kt-layout-id_da59ae-ba\" class=\"kt-row-layout-inner kt-layout-id_da59ae-ba\"><div class=\"kt-row-column-wrap kt-has-1-columns kt-gutter-default kt-v-gutter-default kt-row-valign-top kt-row-layout-equal kt-tab-layout-inherit kt-m-colapse-left-to-right kt-mobile-layout-row\"><style>.kadence-column_20dcdf-49 > .kt-inside-inner-col{border-top-width:0px;border-right-width:0px;border-bottom-width:0px;border-left-width:0px;}.kadence-column_20dcdf-49 > .kt-inside-inner-col,.kadence-column_20dcdf-49 > .kt-inside-inner-col:before{border-top-left-radius:0px;border-top-right-radius:0px;border-bottom-right-radius:0px;border-bottom-left-radius:0px;}.kadence-column_20dcdf-49 > .kt-inside-inner-col{column-gap:var(--global-kb-gap-sm, 1rem);}.kadence-column_20dcdf-49 > .kt-inside-inner-col{flex-direction:column;}.kadence-column_20dcdf-49 > .kt-inside-inner-col > .aligncenter{width:100%;}.kadence-column_20dcdf-49 > .kt-inside-inner-col:before{opacity:0.3;}.kadence-column_20dcdf-49{position:relative;}@media all and (max-width: 1024px){.kadence-column_20dcdf-49 > .kt-inside-inner-col{flex-direction:column;justify-content:center;}}@media all and (max-width: 767px){.kadence-column_20dcdf-49 > .kt-inside-inner-col{flex-direction:column;justify-content:center;}}<\/style>\n<div class=\"wp-block-kadence-column inner-column-1 kadence-column_20dcdf-49\"><div class=\"kt-inside-inner-col\">\n<p><strong>Current Positions <\/strong><\/p>\n\n\n\n<ul class=\"wp-block-list\"><li>Investigadora\u00a0Principal\u00a0del CONICET<\/li><li>Profesor Titular FBioyF<\/li><li>Inv Resp. <strong>\u201cEstrategias para incrementar la resiliencia y productividad de cultivos con impacto positivo sobre el medio ambiente\u201d<\/strong><\/li><\/ul>\n\n\n\n<p><strong>Education<\/strong><\/p>\n\n\n\n<ul class=\"wp-block-list\"><li>Bioqu\u00edmica<\/li><li>Farmac\u00e9utica<\/li><li>Doctora (UNR)<\/li><\/ul>\n\n\n\n<p><strong>Keywords<\/strong><\/p>\n\n\n\n<ul class=\"wp-block-list\"><li>Metabolism<\/li><li>Producci\u00f3n vegetal<\/li><li>Calidad de Frutos<\/li><li>Eficiencia fotosint\u00e9tica<\/li><\/ul>\n\n\n\n<p><strong><a href=\"https:\/\/www.conicet.gov.ar\/new_scp\/detalle.php?id=21587&amp;keywords=drincovich&amp;datos_academicos=yes\">CV CONICET<\/a><\/strong><\/p>\n\n\n\n<p><strong><a href=\"https:\/\/orcid.org\/0000-0003-4897-3285\">ORCID<\/a><\/strong><\/p>\n<\/div><\/div>\n<\/div><\/div><\/div>","protected":false},"excerpt":{"rendered":"<p>Mar\u00eda Fabiana Drincovich Posiciones\/Puestos Ejecutivos Investigadora\u00a0Principal\u00a0del CONICET Profesor Titular FBioyF Inv Resp. \u201cEstrategias para incrementar la resiliencia y productividad de cultivos con impacto positivo sobre el medio ambiente\u201d Educaci\u00f3n Bioqu\u00edmica Farmac\u00e9utica Doctora (UNR) Palabras clave Metabolismo Producci\u00f3n vegetal Calidad de &hellip; <a href=\"https:\/\/www.cefobi-conicet.gov.ar\/en\/drincovich-2\/\">Continued<\/a><\/p>","protected":false},"author":7,"featured_media":0,"parent":0,"menu_order":0,"comment_status":"closed","ping_status":"closed","template":"","meta":{"kt_blocks_editor_width":"","footnotes":""},"class_list":["post-3841","page","type-page","status-publish","hentry"],"_links":{"self":[{"href":"https:\/\/www.cefobi-conicet.gov.ar\/en\/wp-json\/wp\/v2\/pages\/3841","targetHints":{"allow":["GET"]}}],"collection":[{"href":"https:\/\/www.cefobi-conicet.gov.ar\/en\/wp-json\/wp\/v2\/pages"}],"about":[{"href":"https:\/\/www.cefobi-conicet.gov.ar\/en\/wp-json\/wp\/v2\/types\/page"}],"author":[{"embeddable":true,"href":"https:\/\/www.cefobi-conicet.gov.ar\/en\/wp-json\/wp\/v2\/users\/7"}],"replies":[{"embeddable":true,"href":"https:\/\/www.cefobi-conicet.gov.ar\/en\/wp-json\/wp\/v2\/comments?post=3841"}],"version-history":[{"count":1,"href":"https:\/\/www.cefobi-conicet.gov.ar\/en\/wp-json\/wp\/v2\/pages\/3841\/revisions"}],"predecessor-version":[{"id":3842,"href":"https:\/\/www.cefobi-conicet.gov.ar\/en\/wp-json\/wp\/v2\/pages\/3841\/revisions\/3842"}],"wp:attachment":[{"href":"https:\/\/www.cefobi-conicet.gov.ar\/en\/wp-json\/wp\/v2\/media?parent=3841"}],"curies":[{"name":"wp","href":"https:\/\/api.w.org\/{rel}","templated":true}]}}