{"id":3803,"date":"2022-05-17T10:47:41","date_gmt":"2022-05-17T13:47:41","guid":{"rendered":"https:\/\/www.cefobi-conicet.gov.ar\/?page_id=3803"},"modified":"2022-08-10T16:10:33","modified_gmt":"2022-08-10T19:10:33","slug":"fusari","status":"publish","type":"page","link":"https:\/\/www.cefobi-conicet.gov.ar\/en\/fusari\/","title":{"rendered":"Fusari"},"content":{"rendered":"<div class=\"wp-block-media-text alignwide is-stacked-on-mobile\" style=\"grid-template-columns:24% auto\"><figure class=\"wp-block-media-text__media\"><img loading=\"lazy\" decoding=\"async\" width=\"903\" height=\"903\" src=\"https:\/\/www.cefobi-conicet.gov.ar\/uploads_cefobi\/2021\/11\/Foto-IR2-Fusari.jpg\" alt=\"\" class=\"wp-image-3469 size-full\" srcset=\"https:\/\/www.cefobi-conicet.gov.ar\/wp-content\/uploads\/2021\/11\/Foto-IR2-Fusari.jpg 903w, https:\/\/www.cefobi-conicet.gov.ar\/wp-content\/uploads\/2021\/11\/Foto-IR2-Fusari-300x300.jpg 300w, https:\/\/www.cefobi-conicet.gov.ar\/wp-content\/uploads\/2021\/11\/Foto-IR2-Fusari-150x150.jpg 150w, https:\/\/www.cefobi-conicet.gov.ar\/wp-content\/uploads\/2021\/11\/Foto-IR2-Fusari-768x768.jpg 768w, https:\/\/www.cefobi-conicet.gov.ar\/wp-content\/uploads\/2021\/11\/Foto-IR2-Fusari-12x12.jpg 12w\" sizes=\"auto, (max-width: 903px) 100vw, 903px\" \/><\/figure><div class=\"wp-block-media-text__content\">\n<p class=\"has-large-font-size\">Corina M. Fusari, PhD<\/p>\n<\/div><\/div>\n\n\n<style>#kt-layout-id_da59ae-ba > .kt-row-column-wrap{align-content:start;}:where(#kt-layout-id_da59ae-ba > .kt-row-column-wrap) > .wp-block-kadence-column{justify-content:start;}#kt-layout-id_da59ae-ba > .kt-row-column-wrap{column-gap:var(--global-kb-gap-md, 2rem);row-gap:var(--global-kb-gap-md, 2rem);padding-top:var( --global-kb-row-default-top, 25px );padding-bottom:var( --global-kb-row-default-bottom, 25px );padding-top:var(--global-kb-spacing-sm, 1.5rem);padding-bottom:var(--global-kb-spacing-sm, 1.5rem);grid-template-columns:minmax(0, 1fr);}#kt-layout-id_da59ae-ba > .kt-row-layout-overlay{opacity:0.30;}@media all and (max-width: 1024px){#kt-layout-id_da59ae-ba > .kt-row-column-wrap{grid-template-columns:minmax(0, 1fr);}}@media all and (max-width: 767px){#kt-layout-id_da59ae-ba > .kt-row-column-wrap{grid-template-columns:minmax(0, 1fr);}}<\/style>\n<div class=\"wp-block-kadence-rowlayout alignnone\"><div id=\"kt-layout-id_da59ae-ba\" class=\"kt-row-layout-inner kt-layout-id_da59ae-ba\"><div class=\"kt-row-column-wrap kt-has-1-columns kt-gutter-default kt-v-gutter-default kt-row-valign-top kt-row-layout-equal kt-tab-layout-inherit kt-m-colapse-left-to-right kt-mobile-layout-row\"><style>.kadence-column_20dcdf-49 > .kt-inside-inner-col{border-top-width:0px;border-right-width:0px;border-bottom-width:0px;border-left-width:0px;}.kadence-column_20dcdf-49 > .kt-inside-inner-col,.kadence-column_20dcdf-49 > .kt-inside-inner-col:before{border-top-left-radius:0px;border-top-right-radius:0px;border-bottom-right-radius:0px;border-bottom-left-radius:0px;}.kadence-column_20dcdf-49 > .kt-inside-inner-col{column-gap:var(--global-kb-gap-sm, 1rem);}.kadence-column_20dcdf-49 > .kt-inside-inner-col{flex-direction:column;}.kadence-column_20dcdf-49 > .kt-inside-inner-col > .aligncenter{width:100%;}.kadence-column_20dcdf-49 > .kt-inside-inner-col:before{opacity:0.3;}.kadence-column_20dcdf-49{position:relative;}@media all and (max-width: 1024px){.kadence-column_20dcdf-49 > .kt-inside-inner-col{flex-direction:column;justify-content:center;}}@media all and (max-width: 767px){.kadence-column_20dcdf-49 > .kt-inside-inner-col{flex-direction:column;justify-content:center;}}<\/style>\n<div class=\"wp-block-kadence-column inner-column-1 kadence-column_20dcdf-49\"><div class=\"kt-inside-inner-col\">\n<p><strong>Current Positions <\/strong><\/p>\n\n\n\n<ul class=\"wp-block-list\"><li>Adjunt Researcher CONICET<\/li><li>Leader of Max Planck Partner Group:&nbsp;<strong>\"Genetic Architecture of Complex Traits\"<\/strong><\/li><li>Group Leader CEFOBI<strong><em>\"Genetic architecture of metabolic, stress responses and yield traits\"<\/em><\/strong>\u201d<\/li><li>Coordinator of Web Page and Social Media at CEFOBI&nbsp;<\/li><\/ul>\n\n\n\n<p><strong>Education<\/strong><\/p>\n\n\n\n<ul class=\"wp-block-list\"><li>Ms. in Biotechnology<\/li><li>PhD in population genetics (UBA, Argentina)<\/li><li>Postdoc in central metabolism regulation (Max Planck Institute, Germany)<\/li><\/ul>\n\n\n\n<p><strong>Keywords<\/strong><\/p>\n\n\n\n<ul class=\"wp-block-list\"><li>GWAS<\/li><li>Natural Variation<\/li><li>Genetic Regulation<\/li><li>Metabolism<\/li><li>Yield<\/li><\/ul>\n\n\n\n<p><strong>Publications<\/strong><\/p>\n\n\n\n<p><a href=\"https:\/\/scholar.google.com\/citations?hl=es&amp;user=mV_36W0AAAAJ&amp;view_op=list_works&amp;sortby=pubdate\">https:\/\/scholar.google.com\/citations?hl=es&amp;user=mV_36W0AAAAJ&amp;view_op=list_works&amp;sortby=pubdate<\/a><\/p>\n\n\n\n<p><\/p>\n<\/div><\/div>\n<\/div><\/div><\/div>","protected":false},"excerpt":{"rendered":"<p>Dr. Corina M. Fusari Posiciones\/Puestos Ejecutivos Investigadora Adjunta CONICET Directora&nbsp;del Grupo&nbsp;Asociado&nbsp;Max Planck:&nbsp;\u201cArquitecturagen\u00e9tica&nbsp;de&nbsp;caracterescomplejos\u201d Inv. Resp. CEFOBI \u201cArquitectura gen\u00e9tica de caracteres metab\u00f3licos, de respuesta estr\u00e9s y de rendimiento\u201d Coordinadora&nbsp;Grupo Redes y&nbsp;Divulgaci\u00f3n&nbsp;CEFOBI.&nbsp; Educaci\u00f3n Lic.&nbsp;Biotecnolog\u00eda&nbsp;(UNL, Argentina) PhD&nbsp;en&nbsp;diversidad&nbsp;gen\u00e9tica&nbsp;y&nbsp;mapeo&nbsp;por&nbsp;asociaci\u00f3n&nbsp;(UBA, Argentina) Postdoctorado&nbsp;en&nbsp;regulaci\u00f3n&nbsp;gen\u00e9tica&nbsp;de&nbsp;caracteres&nbsp;metab\u00f3licos&nbsp;(Instituto Max Planck de&nbsp;Fisiolog\u00edaMolecular de&nbsp;Plantas,&nbsp;Alemania) Palabras &hellip; <a href=\"https:\/\/www.cefobi-conicet.gov.ar\/en\/fusari\/\">Continued<\/a><\/p>","protected":false},"author":7,"featured_media":0,"parent":0,"menu_order":0,"comment_status":"closed","ping_status":"closed","template":"","meta":{"kt_blocks_editor_width":"","footnotes":""},"class_list":["post-3803","page","type-page","status-publish","hentry"],"_links":{"self":[{"href":"https:\/\/www.cefobi-conicet.gov.ar\/en\/wp-json\/wp\/v2\/pages\/3803","targetHints":{"allow":["GET"]}}],"collection":[{"href":"https:\/\/www.cefobi-conicet.gov.ar\/en\/wp-json\/wp\/v2\/pages"}],"about":[{"href":"https:\/\/www.cefobi-conicet.gov.ar\/en\/wp-json\/wp\/v2\/types\/page"}],"author":[{"embeddable":true,"href":"https:\/\/www.cefobi-conicet.gov.ar\/en\/wp-json\/wp\/v2\/users\/7"}],"replies":[{"embeddable":true,"href":"https:\/\/www.cefobi-conicet.gov.ar\/en\/wp-json\/wp\/v2\/comments?post=3803"}],"version-history":[{"count":2,"href":"https:\/\/www.cefobi-conicet.gov.ar\/en\/wp-json\/wp\/v2\/pages\/3803\/revisions"}],"predecessor-version":[{"id":3997,"href":"https:\/\/www.cefobi-conicet.gov.ar\/en\/wp-json\/wp\/v2\/pages\/3803\/revisions\/3997"}],"wp:attachment":[{"href":"https:\/\/www.cefobi-conicet.gov.ar\/en\/wp-json\/wp\/v2\/media?parent=3803"}],"curies":[{"name":"wp","href":"https:\/\/api.w.org\/{rel}","templated":true}]}}