{"id":3798,"date":"2022-05-17T10:42:28","date_gmt":"2022-05-17T13:42:28","guid":{"rendered":"https:\/\/www.cefobi-conicet.gov.ar\/?page_id=3798"},"modified":"2022-05-17T10:44:04","modified_gmt":"2022-05-17T13:44:04","slug":"cervigni","status":"publish","type":"page","link":"https:\/\/www.cefobi-conicet.gov.ar\/en\/cervigni\/","title":{"rendered":"Cervigni"},"content":{"rendered":"<div class=\"wp-block-media-text alignwide is-stacked-on-mobile\" style=\"grid-template-columns:24% auto\"><figure class=\"wp-block-media-text__media\"><img loading=\"lazy\" decoding=\"async\" width=\"1024\" height=\"1024\" src=\"https:\/\/www.cefobi-conicet.gov.ar\/uploads_cefobi\/2021\/11\/Foto-IR1-Cervigni-1024x1024.jpg\" alt=\"\" class=\"wp-image-3468 size-full\" srcset=\"https:\/\/www.cefobi-conicet.gov.ar\/wp-content\/uploads\/2021\/11\/Foto-IR1-Cervigni-1024x1024.jpg 1024w, https:\/\/www.cefobi-conicet.gov.ar\/wp-content\/uploads\/2021\/11\/Foto-IR1-Cervigni-300x300.jpg 300w, https:\/\/www.cefobi-conicet.gov.ar\/wp-content\/uploads\/2021\/11\/Foto-IR1-Cervigni-150x150.jpg 150w, https:\/\/www.cefobi-conicet.gov.ar\/wp-content\/uploads\/2021\/11\/Foto-IR1-Cervigni-768x768.jpg 768w, https:\/\/www.cefobi-conicet.gov.ar\/wp-content\/uploads\/2021\/11\/Foto-IR1-Cervigni-1536x1536.jpg 1536w, https:\/\/www.cefobi-conicet.gov.ar\/wp-content\/uploads\/2021\/11\/Foto-IR1-Cervigni-12x12.jpg 12w, https:\/\/www.cefobi-conicet.gov.ar\/wp-content\/uploads\/2021\/11\/Foto-IR1-Cervigni.jpg 2042w\" sizes=\"auto, (max-width: 1024px) 100vw, 1024px\" \/><\/figure><div class=\"wp-block-media-text__content\">\n<p class=\"has-large-font-size\">Dr. Gerardo Cervigni<\/p>\n<\/div><\/div>\n\n\n<style>#kt-layout-id_da59ae-ba > .kt-row-column-wrap{align-content:start;}:where(#kt-layout-id_da59ae-ba > .kt-row-column-wrap) > .wp-block-kadence-column{justify-content:start;}#kt-layout-id_da59ae-ba > .kt-row-column-wrap{column-gap:var(--global-kb-gap-md, 2rem);row-gap:var(--global-kb-gap-md, 2rem);padding-top:var( --global-kb-row-default-top, 25px );padding-bottom:var( --global-kb-row-default-bottom, 25px );padding-top:var(--global-kb-spacing-sm, 1.5rem);padding-bottom:var(--global-kb-spacing-sm, 1.5rem);grid-template-columns:minmax(0, 1fr);}#kt-layout-id_da59ae-ba > .kt-row-layout-overlay{opacity:0.30;}@media all and (max-width: 1024px){#kt-layout-id_da59ae-ba > .kt-row-column-wrap{grid-template-columns:minmax(0, 1fr);}}@media all and (max-width: 767px){#kt-layout-id_da59ae-ba > .kt-row-column-wrap{grid-template-columns:minmax(0, 1fr);}}<\/style>\n<div class=\"wp-block-kadence-rowlayout alignnone\"><div id=\"kt-layout-id_da59ae-ba\" class=\"kt-row-layout-inner kt-layout-id_da59ae-ba\"><div class=\"kt-row-column-wrap kt-has-1-columns kt-gutter-default kt-v-gutter-default kt-row-valign-top kt-row-layout-equal kt-tab-layout-inherit kt-m-colapse-left-to-right kt-mobile-layout-row\"><style>.kadence-column_20dcdf-49 > .kt-inside-inner-col{border-top-width:0px;border-right-width:0px;border-bottom-width:0px;border-left-width:0px;}.kadence-column_20dcdf-49 > .kt-inside-inner-col,.kadence-column_20dcdf-49 > .kt-inside-inner-col:before{border-top-left-radius:0px;border-top-right-radius:0px;border-bottom-right-radius:0px;border-bottom-left-radius:0px;}.kadence-column_20dcdf-49 > .kt-inside-inner-col{column-gap:var(--global-kb-gap-sm, 1rem);}.kadence-column_20dcdf-49 > .kt-inside-inner-col{flex-direction:column;}.kadence-column_20dcdf-49 > .kt-inside-inner-col > .aligncenter{width:100%;}.kadence-column_20dcdf-49 > .kt-inside-inner-col:before{opacity:0.3;}.kadence-column_20dcdf-49{position:relative;}@media all and (max-width: 1024px){.kadence-column_20dcdf-49 > .kt-inside-inner-col{flex-direction:column;justify-content:center;}}@media all and (max-width: 767px){.kadence-column_20dcdf-49 > .kt-inside-inner-col{flex-direction:column;justify-content:center;}}<\/style>\n<div class=\"wp-block-kadence-column inner-column-1 kadence-column_20dcdf-49\"><div class=\"kt-inside-inner-col\">\n<p><strong>Current Positions <\/strong><\/p>\n\n\n\n<ul class=\"wp-block-list\"><li>Investigador Independiente CONICET<\/li><li>Inv.  Resp. &#8220;<strong><em>-\u00f3micas y adaptaci\u00f3n de Prunus persica a los cambios clim\u00e1ticos<\/em>&#8220;<\/strong><\/li><\/ul>\n\n\n\n<p><strong>Education<\/strong><\/p>\n\n\n\n<ul class=\"wp-block-list\"><li>Lic. en Gen\u00e9tica (Gen\u00e9tica&nbsp;(UNaM, Argentina)<\/li><li>MSc&nbsp;em&nbsp;gen\u00e9tica&nbsp;e&nbsp;melhoramento&nbsp;(UFV,&nbsp;Brasil)<\/li><li>PhD&nbsp;em&nbsp;gen\u00e9tica&nbsp;e&nbsp;melhoramento&nbsp;(UFV,&nbsp;Brasil)<\/li><li>Postdoc&nbsp;en&nbsp;Bioinform\u00e1tica.&nbsp;Expresion&nbsp;diferencial&nbsp;de genes. (CERZOS, Argentina)<\/li><\/ul>\n\n\n\n<p><strong>Keywords<\/strong><\/p>\n\n\n\n<ul class=\"wp-block-list\"><li>Variabilidad gen\u00e9tica<\/li><li>Genomics<\/li><li>Prunus<\/li><li>Mapeo de QTL<\/li><li>Mejoramiento vegetal<\/li><\/ul>\n<\/div><\/div>\n<\/div><\/div><\/div>","protected":false},"excerpt":{"rendered":"<p>Dr. Gerardo Cervigni Posiciones\/Puestos Ejecutivos Investigador Independiente CONICET Inv. Resp. &#8220;-\u00f3micas y adaptaci\u00f3n de Prunus persica a los cambios clim\u00e1ticos&#8220; Educaci\u00f3n Lic. en Gen\u00e9tica (Gen\u00e9tica&nbsp;(UNaM, Argentina) MSc&nbsp;em&nbsp;gen\u00e9tica&nbsp;e&nbsp;melhoramento&nbsp;(UFV,&nbsp;Brasil) PhD&nbsp;em&nbsp;gen\u00e9tica&nbsp;e&nbsp;melhoramento&nbsp;(UFV,&nbsp;Brasil) Postdoc&nbsp;en&nbsp;Bioinform\u00e1tica.&nbsp;Expresion&nbsp;diferencial&nbsp;de genes. (CERZOS, Argentina) Palabras clave Variabilidad gen\u00e9tica Gen\u00f3mica Prunus Mapeo de &hellip; <a href=\"https:\/\/www.cefobi-conicet.gov.ar\/en\/cervigni\/\">Continued<\/a><\/p>","protected":false},"author":7,"featured_media":0,"parent":0,"menu_order":0,"comment_status":"closed","ping_status":"closed","template":"","meta":{"kt_blocks_editor_width":"","footnotes":""},"class_list":["post-3798","page","type-page","status-publish","hentry"],"_links":{"self":[{"href":"https:\/\/www.cefobi-conicet.gov.ar\/en\/wp-json\/wp\/v2\/pages\/3798","targetHints":{"allow":["GET"]}}],"collection":[{"href":"https:\/\/www.cefobi-conicet.gov.ar\/en\/wp-json\/wp\/v2\/pages"}],"about":[{"href":"https:\/\/www.cefobi-conicet.gov.ar\/en\/wp-json\/wp\/v2\/types\/page"}],"author":[{"embeddable":true,"href":"https:\/\/www.cefobi-conicet.gov.ar\/en\/wp-json\/wp\/v2\/users\/7"}],"replies":[{"embeddable":true,"href":"https:\/\/www.cefobi-conicet.gov.ar\/en\/wp-json\/wp\/v2\/comments?post=3798"}],"version-history":[{"count":3,"href":"https:\/\/www.cefobi-conicet.gov.ar\/en\/wp-json\/wp\/v2\/pages\/3798\/revisions"}],"predecessor-version":[{"id":3801,"href":"https:\/\/www.cefobi-conicet.gov.ar\/en\/wp-json\/wp\/v2\/pages\/3798\/revisions\/3801"}],"wp:attachment":[{"href":"https:\/\/www.cefobi-conicet.gov.ar\/en\/wp-json\/wp\/v2\/media?parent=3798"}],"curies":[{"name":"wp","href":"https:\/\/api.w.org\/{rel}","templated":true}]}}