{"id":3734,"date":"2022-05-10T14:12:27","date_gmt":"2022-05-10T17:12:27","guid":{"rendered":"https:\/\/www.cefobi-conicet.gov.ar\/?page_id=3734"},"modified":"2022-05-11T08:42:16","modified_gmt":"2022-05-11T11:42:16","slug":"grupo-spampinato","status":"publish","type":"page","link":"https:\/\/www.cefobi-conicet.gov.ar\/en\/grupo-spampinato\/","title":{"rendered":"Grupo Spampinato"},"content":{"rendered":"<div class=\"wp-block-media-text alignwide has-media-on-the-right is-stacked-on-mobile is-image-fill\" style=\"grid-template-columns:auto 32%\"><figure class=\"wp-block-media-text__media\" style=\"background-image:url(https:\/\/www.cefobi-conicet.gov.ar\/uploads_cefobi\/2022\/05\/Logo.jpeg);background-position:50% 50%\"><img loading=\"lazy\" decoding=\"async\" width=\"816\" height=\"567\" src=\"https:\/\/www.cefobi-conicet.gov.ar\/uploads_cefobi\/2022\/05\/Logo.jpeg\" alt=\"\" class=\"wp-image-3735 size-full\" srcset=\"https:\/\/www.cefobi-conicet.gov.ar\/wp-content\/uploads\/2022\/05\/Logo.jpeg 816w, https:\/\/www.cefobi-conicet.gov.ar\/wp-content\/uploads\/2022\/05\/Logo-300x208.jpeg 300w, https:\/\/www.cefobi-conicet.gov.ar\/wp-content\/uploads\/2022\/05\/Logo-768x534.jpeg 768w, https:\/\/www.cefobi-conicet.gov.ar\/wp-content\/uploads\/2022\/05\/Logo-16x12.jpeg 16w\" sizes=\"auto, (max-width: 816px) 100vw, 816px\" \/><\/figure><div class=\"wp-block-media-text__content\">\n<p class=\"has-text-align-center has-large-font-size\"><strong><strong><strong>ESTABILIDAD GEN\u00d3MICA Y ADAPTABILIDAD AL AMBIENTE<\/strong><\/strong><\/strong><\/p>\n<\/div><\/div>\n\n\n<style>#kt-layout-id_47cdcb-ad > .kt-row-column-wrap{align-content:center;}:where(#kt-layout-id_47cdcb-ad > .kt-row-column-wrap) > .wp-block-kadence-column{justify-content:center;}#kt-layout-id_47cdcb-ad > .kt-row-column-wrap{column-gap:var(--global-kb-gap-md, 2rem);row-gap:var(--global-kb-gap-md, 2rem);max-width:var(--wp--style--global--content-size);padding-top:var( --global-kb-row-default-top, 25px );padding-bottom:var( --global-kb-row-default-bottom, 25px );padding-top:0px;padding-bottom:10px;grid-template-columns:minmax(0, 1fr);}#kt-layout-id_47cdcb-ad > .kt-row-layout-overlay{opacity:0.30;}#kt-layout-id_47cdcb-ad .kt-row-layout-bottom-sep{height:100px;}#kt-layout-id_47cdcb-ad .kt-row-layout-bottom-sep svg{width:100%;}#kt-layout-id_47cdcb-ad .kt-row-layout-bottom-sep svg{fill:#ffffff!important;}@media all and (max-width: 1024px){#kt-layout-id_47cdcb-ad > .kt-row-column-wrap{grid-template-columns:minmax(0, 1fr);}}@media all and (max-width: 1024px){#kt-layout-id_47cdcb-ad .kt-row-layout-bottom-sep{height:px;}}@media all and (max-width: 1024px){#kt-layout-id_47cdcb-ad .kt-row-layout-bottom-sep svg{width:%;}}@media all and (max-width: 767px){#kt-layout-id_47cdcb-ad > .kt-row-column-wrap{grid-template-columns:minmax(0, 1fr);}#kt-layout-id_47cdcb-ad .kt-row-layout-bottom-sep{height:px;}#kt-layout-id_47cdcb-ad .kt-row-layout-bottom-sep svg{width:%;}}<\/style>\n<div class=\"wp-block-kadence-rowlayout alignfull\"><div id=\"kt-layout-id_47cdcb-ad\" class=\"kt-row-layout-inner kt-layout-id_47cdcb-ad\"><div class=\"kt-row-column-wrap kt-has-1-columns kt-gutter-default kt-v-gutter-default kt-row-valign-middle kt-row-layout-equal kt-tab-layout-inherit kt-m-colapse-left-to-right kt-mobile-layout-row kb-theme-content-width\"><style>.kadence-column_ad26b3-d7 > .kt-inside-inner-col{border-top-width:0px;border-right-width:0px;border-bottom-width:0px;border-left-width:0px;}.kadence-column_ad26b3-d7 > .kt-inside-inner-col,.kadence-column_ad26b3-d7 > .kt-inside-inner-col:before{border-top-left-radius:0px;border-top-right-radius:0px;border-bottom-right-radius:0px;border-bottom-left-radius:0px;}.kadence-column_ad26b3-d7 > .kt-inside-inner-col{column-gap:var(--global-kb-gap-sm, 1rem);}.kadence-column_ad26b3-d7 > .kt-inside-inner-col{flex-direction:column;}.kadence-column_ad26b3-d7 > .kt-inside-inner-col > .aligncenter{width:100%;}.kadence-column_ad26b3-d7 > .kt-inside-inner-col:before{opacity:0.3;}.kadence-column_ad26b3-d7{position:relative;}@media all and (max-width: 1024px){.kadence-column_ad26b3-d7 > .kt-inside-inner-col{flex-direction:column;justify-content:center;}}@media all and (max-width: 767px){.kadence-column_ad26b3-d7 > .kt-inside-inner-col{flex-direction:column;justify-content:center;}}<\/style>\n<div class=\"wp-block-kadence-column inner-column-1 kadence-column_ad26b3-d7\"><div class=\"kt-inside-inner-col\">\n<p class=\"has-text-align-center\"><strong><strong><strong>Las m\u00faltiples rondas de la replicaci\u00f3n del ADN, las desaminaciones espont\u00e1neas de citosina y 5-metilcitosina,&nbsp;los mut\u00e1genos end\u00f3genos generados durante la respiraci\u00f3n o la fotos\u00edntesis y los mut\u00e1genos ex\u00f3genos originados por diferentes tipos de estr\u00e9s bi\u00f3tico y\/o abi\u00f3tico pueden originar diversos errores o lesiones en el ADN que, si no se reparan, podr\u00edan causar mutaciones. Nuestro grupo de trabajo estudia algunos mecanismos de reparaci\u00f3n del ADN para comprender mejor como las plantas mantienen su estabilidad gen\u00f3mica durante el crecimiento, el desarrollo y a trav\u00e9s de las generaciones.<\/strong><\/strong><\/strong><\/p>\n<\/div><\/div>\n<\/div><\/div><\/div>\n\n\n<style>#kt-layout-id_b6917f-a4 > .kt-row-column-wrap{align-content:start;}:where(#kt-layout-id_b6917f-a4 > .kt-row-column-wrap) > .wp-block-kadence-column{justify-content:start;}#kt-layout-id_b6917f-a4 > .kt-row-column-wrap{column-gap:var(--global-kb-gap-md, 2rem);row-gap:var(--global-kb-gap-md, 2rem);padding-top:var( --global-kb-row-default-top, 25px );padding-bottom:var( --global-kb-row-default-bottom, 25px );padding-top:var(--global-kb-spacing-sm, 1.5rem);padding-bottom:var(--global-kb-spacing-sm, 1.5rem);grid-template-columns:minmax(0, 2fr) minmax(0, 1fr);}#kt-layout-id_b6917f-a4{background-color:rgba(0,0,0,0.03);}#kt-layout-id_b6917f-a4 > .kt-row-layout-overlay{opacity:0.30;}#kt-layout-id_b6917f-a4 .kt-row-layout-bottom-sep{height:100px;}#kt-layout-id_b6917f-a4 .kt-row-layout-bottom-sep svg{width:100%;}#kt-layout-id_b6917f-a4 .kt-row-layout-bottom-sep svg{fill:#000!important;}@media all and (max-width: 1024px){#kt-layout-id_b6917f-a4 > .kt-row-column-wrap{grid-template-columns:minmax(0, 2fr) minmax(0, 1fr);}}@media all and (max-width: 1024px){#kt-layout-id_b6917f-a4 .kt-row-layout-bottom-sep{height:px;}}@media all and (max-width: 1024px){#kt-layout-id_b6917f-a4 .kt-row-layout-bottom-sep svg{width:%;}}@media all and (max-width: 767px){#kt-layout-id_b6917f-a4 > .kt-row-column-wrap{grid-template-columns:minmax(0, 1fr);}#kt-layout-id_b6917f-a4 .kt-row-layout-bottom-sep{height:px;}#kt-layout-id_b6917f-a4 .kt-row-layout-bottom-sep svg{width:%;}}<\/style>\n<div class=\"wp-block-kadence-rowlayout alignwide\"><div id=\"kt-layout-id_b6917f-a4\" class=\"kt-row-layout-inner kt-row-has-bg kt-layout-id_b6917f-a4\"><div class=\"kt-row-column-wrap kt-has-2-columns kt-gutter-default kt-v-gutter-default kt-row-valign-top kt-row-layout-left-golden kt-tab-layout-inherit kt-m-colapse-left-to-right kt-mobile-layout-row\"><style>.kadence-column_5d2d76-c4 > .kt-inside-inner-col{border-color:#000;border-top-width:0px;border-right-width:1px;border-bottom-width:0px;border-left-width:0px;}.kadence-column_5d2d76-c4 > .kt-inside-inner-col,.kadence-column_5d2d76-c4 > .kt-inside-inner-col:before{border-top-left-radius:0px;border-top-right-radius:0px;border-bottom-right-radius:0px;border-bottom-left-radius:0px;}.kadence-column_5d2d76-c4 > .kt-inside-inner-col{column-gap:var(--global-kb-gap-sm, 1rem);}.kadence-column_5d2d76-c4 > .kt-inside-inner-col{flex-direction:column;}.kadence-column_5d2d76-c4 > .kt-inside-inner-col > .aligncenter{width:100%;}.kadence-column_5d2d76-c4 > .kt-inside-inner-col:before{opacity:0.3;}.kadence-column_5d2d76-c4{position:relative;}@media all and (max-width: 1024px){.kadence-column_5d2d76-c4 > .kt-inside-inner-col{flex-direction:column;justify-content:center;}}@media all and (max-width: 767px){.kadence-column_5d2d76-c4 > .kt-inside-inner-col{flex-direction:column;justify-content:center;}}<\/style>\n<div class=\"wp-block-kadence-column inner-column-1 kadence-column_5d2d76-c4\"><div class=\"kt-inside-inner-col\">\n<div class=\"wp-block-columns are-vertically-aligned-top is-layout-flex wp-container-core-columns-is-layout-9d6595d7 wp-block-columns-is-layout-flex\">\n<div class=\"wp-block-column is-vertically-aligned-top is-layout-flow wp-block-column-is-layout-flow\" style=\"flex-basis:100%\">\n<div class=\"wp-block-group\"><div class=\"wp-block-group__inner-container is-layout-flow wp-block-group-is-layout-flow\"><style>#kt-layout-id_2be68f-45{margin-top:0px;margin-bottom:0px;}#kt-layout-id_2be68f-45 > .kt-row-column-wrap{align-content:start;}:where(#kt-layout-id_2be68f-45 > .kt-row-column-wrap) > .wp-block-kadence-column{justify-content:start;}#kt-layout-id_2be68f-45 > .kt-row-column-wrap{column-gap:var(--global-kb-gap-md, 2rem);row-gap:var(--global-kb-gap-md, 2rem);padding-top:var( --global-kb-row-default-top, 25px );padding-bottom:var( --global-kb-row-default-bottom, 25px );padding-top:0px;padding-bottom:0px;padding-left:0px;padding-right:30px;grid-template-columns:minmax(0, 1fr);}#kt-layout-id_2be68f-45 > .kt-row-layout-overlay{opacity:0.30;}#kt-layout-id_2be68f-45 .kt-row-layout-bottom-sep{height:100px;}#kt-layout-id_2be68f-45 .kt-row-layout-bottom-sep svg{width:100%;}#kt-layout-id_2be68f-45 .kt-row-layout-bottom-sep svg{fill:#ffffff!important;}@media all and (max-width: 1024px){#kt-layout-id_2be68f-45 > .kt-row-column-wrap{grid-template-columns:minmax(0, 1fr);}}@media all and (max-width: 1024px){#kt-layout-id_2be68f-45 .kt-row-layout-bottom-sep{height:px;}}@media all and (max-width: 1024px){#kt-layout-id_2be68f-45 .kt-row-layout-bottom-sep svg{width:%;}}@media all and (max-width: 767px){#kt-layout-id_2be68f-45 > .kt-row-column-wrap{grid-template-columns:minmax(0, 1fr);}#kt-layout-id_2be68f-45 .kt-row-layout-bottom-sep{height:px;}#kt-layout-id_2be68f-45 .kt-row-layout-bottom-sep svg{width:%;}}<\/style>\n<div class=\"wp-block-kadence-rowlayout aligncenter\"><div id=\"kt-layout-id_2be68f-45\" class=\"kt-row-layout-inner kt-layout-id_2be68f-45\"><div class=\"kt-row-column-wrap kt-has-1-columns kt-gutter-default kt-v-gutter-default kt-row-valign-top kt-row-layout-equal kt-tab-layout-inherit kt-m-colapse-left-to-right kt-mobile-layout-row\"><style>.kadence-column_8093d8-51 > .kt-inside-inner-col{border-top-width:0px;border-right-width:0px;border-bottom-width:0px;border-left-width:0px;}.kadence-column_8093d8-51 > .kt-inside-inner-col,.kadence-column_8093d8-51 > .kt-inside-inner-col:before{border-top-left-radius:0px;border-top-right-radius:0px;border-bottom-right-radius:0px;border-bottom-left-radius:0px;}.kadence-column_8093d8-51 > .kt-inside-inner-col{column-gap:var(--global-kb-gap-sm, 1rem);}.kadence-column_8093d8-51 > .kt-inside-inner-col{flex-direction:column;}.kadence-column_8093d8-51 > .kt-inside-inner-col > .aligncenter{width:100%;}.kadence-column_8093d8-51 > .kt-inside-inner-col:before{opacity:0.3;}.kadence-column_8093d8-51{position:relative;}@media all and (max-width: 1024px){.kadence-column_8093d8-51 > .kt-inside-inner-col{flex-direction:column;justify-content:center;}}@media all and (max-width: 767px){.kadence-column_8093d8-51 > .kt-inside-inner-col{flex-direction:column;justify-content:center;}}<\/style>\n<div class=\"wp-block-kadence-column inner-column-1 kadence-column_8093d8-51\"><div class=\"kt-inside-inner-col\">\n<p><em><em><em>Investigador Responsable:&nbsp;Dra&nbsp;Claudia Spampinato<\/em><\/em><\/em><\/p>\n\n\n\n<p><strong>Abstract<\/strong><\/p>\n\n\n\n<p class=\"has-text-align-left\">Todos los organismos poseen mecanismos para evitar que los errores y las lesiones originados en el ADN conduzcan a la mutag\u00e9nesis y\/o a la letalidad. Esos mecanismos transducen la se\u00f1al y regulan las respuestas celulares que finalmente conducen a la reparaci\u00f3n del ADN, al arresto del ciclo celular, a la endorreduplicaci\u00f3n o a la muerte celular programada. En ciertas ocasiones, durante la vida del organismo y de la poblaci\u00f3n en general las mutaciones se pueden considerar beneficiosas ya que aumentan la diversidad gen\u00e9tica y la variabilidad de la poblaci\u00f3n. Evaluar la estabilidad gen\u00f3mica y la diversidad gen\u00e9tica de las plantas resulta interesante para el an\u00e1lisis de la evoluci\u00f3n de las especies, para el estudio de la adaptabilidad de las mismas a los cambios del medio ambiente y para la selecci\u00f3n de variedades resistentes a pat\u00f3genos y\/o altamente productivas.<\/p>\n\n\n\n<p><strong>Publications<\/strong><strong> <\/strong><strong>destacadas<\/strong><\/p>\n\n\n\n<p>Chirinos-Arias, M.C., Spampinato, C.P. (2020) Growth and development of AtMSH7 mutants in&nbsp;<em>Arabidopsis thaliana<\/em>.&nbsp;<em>Plant Physiol Biochem<\/em>&nbsp;146, 329-336.<\/p>\n\n\n\n<p>Gonzalez, V., Spampinato, C.P. (2020) The mismatch repair protein MSH6 regulates somatic recombination in&nbsp;<em>Arabidopsis thaliana<\/em>.&nbsp;<em>DNA Repair<\/em>&nbsp;87,102789<\/p>\n\n\n\n<p>Rosati, R.G., Ramos, R.S., Scandiani, M.M., Luque, A.G., Spampinato, C.P. (2021) Pathogenicity and toxicity of Fusarium tucumaniae and&nbsp;<em>Fusarium crassistipitatum<\/em>&nbsp;to soybean and&nbsp;<em>Arabidopsis thaliana<\/em>.&nbsp;<em>Plant Pathol<\/em>&nbsp;70, 407-416.<\/p>\n\n\n\n<p><strong>Grants<\/strong><\/p>\n\n\n\n<p>ANPCYT, PICT-2019-2903,&nbsp;T\u00edtulo: \u201cCaracterizaci\u00f3n de la patog\u00e9nesis de&nbsp;<em>Fusarium tucumaniae<\/em>\u201d, 2021-2023, IR: Dra. C.P. Spampinato.<br>ANPCYT, PICT-2018-1862,&nbsp;T\u00edtulo: \u201cRegulaci\u00f3n de la expresi\u00f3n de los hom\u00f3logos de MutS en el \u00e1pice del v\u00e1stago de Arabidopsis\u201d, 2020-2022, IR: Dra. C.P. Spampinato.<br>UNR, BIO531,&nbsp;T\u00edtulo: \u201cRol del sistema de reparaci\u00f3n de apareamientos incorrectos en el ADN en la respuesta de las plantas al estr\u00e9s\u201d, 2017-2021. IR: Dra. C.P. Spampinato.<\/p>\n<\/div><\/div>\n<\/div><\/div><\/div>\n<\/div><\/div>\n<\/div>\n<\/div>\n<\/div><\/div>\n\n\n<style>.kadence-column_14368b-06 > .kt-inside-inner-col{border-top-width:0px;border-right-width:1px;border-bottom-width:0px;border-left-width:0px;}.kadence-column_14368b-06 > .kt-inside-inner-col,.kadence-column_14368b-06 > .kt-inside-inner-col:before{border-top-left-radius:0px;border-top-right-radius:0px;border-bottom-right-radius:0px;border-bottom-left-radius:0px;}.kadence-column_14368b-06 > .kt-inside-inner-col{column-gap:var(--global-kb-gap-sm, 1rem);}.kadence-column_14368b-06 > .kt-inside-inner-col{flex-direction:column;}.kadence-column_14368b-06 > .kt-inside-inner-col > .aligncenter{width:100%;}.kadence-column_14368b-06 > .kt-inside-inner-col:before{opacity:0.3;}.kadence-column_14368b-06{position:relative;}@media all and (max-width: 1024px){.kadence-column_14368b-06 > .kt-inside-inner-col{flex-direction:column;justify-content:center;}}@media all and (max-width: 767px){.kadence-column_14368b-06 > .kt-inside-inner-col{flex-direction:column;justify-content:center;}}<\/style>\n<div class=\"wp-block-kadence-column inner-column-2 kadence-column_14368b-06\"><div class=\"kt-inside-inner-col\">\n<p><strong>Researcher<\/strong><br>Dr. Claudia P. Spampinato<br><a href=\"mailto:spampinato@cefobi-conicet.gov.ar\" data-type=\"mailto\" data-id=\"mailto:spampinato@cefobi-conicet.gov.ar\">spampinato@cefobi-conicet.gov.ar<\/a><\/p>\n\n\n\n<figure class=\"wp-block-image size-large\"><a href=\"https:\/\/www.cefobi-conicet.gov.ar\/en\/uploads_cefobi\/2022\/05\/Foto-grupal-Spampinato-scaled.jpg\/\"><img loading=\"lazy\" decoding=\"async\" width=\"1024\" height=\"681\" src=\"https:\/\/www.cefobi-conicet.gov.ar\/uploads_cefobi\/2022\/05\/Foto-grupal-Spampinato-1024x681.jpg\" alt=\"\" class=\"wp-image-3736\" srcset=\"https:\/\/www.cefobi-conicet.gov.ar\/wp-content\/uploads\/2022\/05\/Foto-grupal-Spampinato-1024x681.jpg 1024w, https:\/\/www.cefobi-conicet.gov.ar\/wp-content\/uploads\/2022\/05\/Foto-grupal-Spampinato-300x199.jpg 300w, https:\/\/www.cefobi-conicet.gov.ar\/wp-content\/uploads\/2022\/05\/Foto-grupal-Spampinato-768x511.jpg 768w, https:\/\/www.cefobi-conicet.gov.ar\/wp-content\/uploads\/2022\/05\/Foto-grupal-Spampinato-1536x1021.jpg 1536w, https:\/\/www.cefobi-conicet.gov.ar\/wp-content\/uploads\/2022\/05\/Foto-grupal-Spampinato-2048x1362.jpg 2048w, https:\/\/www.cefobi-conicet.gov.ar\/wp-content\/uploads\/2022\/05\/Foto-grupal-Spampinato-16x12.jpg 16w\" sizes=\"auto, (max-width: 1024px) 100vw, 1024px\" \/><\/a><\/figure>\n\n\n\n<p><strong>Becarios Postdoctorales:<\/strong><br>Dr. Nicol\u00e1s R. Figueroa<\/p>\n\n\n\n<p><strong>PhD fellows<\/strong><br>Lic. Valentina Gonzalez<br>Biol. Michelle C. Chirinos Arias<br>Lic. Roc\u00edo Ramos<br>Lic. Laureano Espa\u00f1ol<\/p>\n\n\n\n<p><\/p>\n<\/div><\/div>\n<\/div><\/div><\/div>","protected":false},"excerpt":{"rendered":"<p>ESTABILIDAD GEN\u00d3MICA Y ADAPTABILIDAD AL AMBIENTE Las m\u00faltiples rondas de la replicaci\u00f3n del ADN, las desaminaciones espont\u00e1neas de citosina y 5-metilcitosina,&nbsp;los mut\u00e1genos end\u00f3genos generados durante la respiraci\u00f3n o la fotos\u00edntesis y los mut\u00e1genos ex\u00f3genos originados por diferentes tipos de estr\u00e9s &hellip; <a href=\"https:\/\/www.cefobi-conicet.gov.ar\/en\/grupo-spampinato\/\">Continued<\/a><\/p>","protected":false},"author":7,"featured_media":0,"parent":0,"menu_order":0,"comment_status":"closed","ping_status":"closed","template":"","meta":{"kt_blocks_editor_width":"","footnotes":""},"class_list":["post-3734","page","type-page","status-publish","hentry"],"_links":{"self":[{"href":"https:\/\/www.cefobi-conicet.gov.ar\/en\/wp-json\/wp\/v2\/pages\/3734","targetHints":{"allow":["GET"]}}],"collection":[{"href":"https:\/\/www.cefobi-conicet.gov.ar\/en\/wp-json\/wp\/v2\/pages"}],"about":[{"href":"https:\/\/www.cefobi-conicet.gov.ar\/en\/wp-json\/wp\/v2\/types\/page"}],"author":[{"embeddable":true,"href":"https:\/\/www.cefobi-conicet.gov.ar\/en\/wp-json\/wp\/v2\/users\/7"}],"replies":[{"embeddable":true,"href":"https:\/\/www.cefobi-conicet.gov.ar\/en\/wp-json\/wp\/v2\/comments?post=3734"}],"version-history":[{"count":3,"href":"https:\/\/www.cefobi-conicet.gov.ar\/en\/wp-json\/wp\/v2\/pages\/3734\/revisions"}],"predecessor-version":[{"id":3775,"href":"https:\/\/www.cefobi-conicet.gov.ar\/en\/wp-json\/wp\/v2\/pages\/3734\/revisions\/3775"}],"wp:attachment":[{"href":"https:\/\/www.cefobi-conicet.gov.ar\/en\/wp-json\/wp\/v2\/media?parent=3734"}],"curies":[{"name":"wp","href":"https:\/\/api.w.org\/{rel}","templated":true}]}}