{"id":3672,"date":"2022-05-10T10:55:55","date_gmt":"2022-05-10T13:55:55","guid":{"rendered":"https:\/\/www.cefobi-conicet.gov.ar\/?page_id=3672"},"modified":"2022-05-19T10:16:07","modified_gmt":"2022-05-19T13:16:07","slug":"grupo-casati","status":"publish","type":"page","link":"https:\/\/www.cefobi-conicet.gov.ar\/en\/grupo-casati\/","title":{"rendered":"Grupo Casati"},"content":{"rendered":"<div class=\"wp-block-media-text alignwide has-media-on-the-right is-stacked-on-mobile is-image-fill\" style=\"grid-template-columns:auto 15%\"><figure class=\"wp-block-media-text__media\" style=\"background-image:url(https:\/\/www.cefobi-conicet.gov.ar\/uploads_cefobi\/2022\/05\/Logo-casati.png);background-position:50% 50%\"><img loading=\"lazy\" decoding=\"async\" width=\"392\" height=\"667\" src=\"https:\/\/www.cefobi-conicet.gov.ar\/uploads_cefobi\/2022\/05\/Logo-casati.png\" alt=\"\" class=\"wp-image-3674 size-full\" srcset=\"https:\/\/www.cefobi-conicet.gov.ar\/wp-content\/uploads\/2022\/05\/Logo-casati.png 392w, https:\/\/www.cefobi-conicet.gov.ar\/wp-content\/uploads\/2022\/05\/Logo-casati-176x300.png 176w, https:\/\/www.cefobi-conicet.gov.ar\/wp-content\/uploads\/2022\/05\/Logo-casati-7x12.png 7w\" sizes=\"auto, (max-width: 392px) 100vw, 392px\" \/><\/figure><div class=\"wp-block-media-text__content\">\n<p class=\"has-text-align-center has-large-font-size\"><strong><strong><strong><strong>FOTOBIOLOGIA VEGETAL<\/strong><\/strong><\/strong><\/strong><\/p>\n<\/div><\/div>\n\n\n<style>#kt-layout-id_47cdcb-ad > .kt-row-column-wrap{align-content:center;}:where(#kt-layout-id_47cdcb-ad > .kt-row-column-wrap) > .wp-block-kadence-column{justify-content:center;}#kt-layout-id_47cdcb-ad > .kt-row-column-wrap{column-gap:var(--global-kb-gap-md, 2rem);row-gap:var(--global-kb-gap-md, 2rem);max-width:var(--wp--style--global--content-size);padding-top:var( --global-kb-row-default-top, 25px );padding-bottom:var( --global-kb-row-default-bottom, 25px );padding-top:0px;padding-bottom:10px;grid-template-columns:minmax(0, 1fr);}#kt-layout-id_47cdcb-ad > .kt-row-layout-overlay{opacity:0.30;}#kt-layout-id_47cdcb-ad .kt-row-layout-bottom-sep{height:100px;}#kt-layout-id_47cdcb-ad .kt-row-layout-bottom-sep svg{width:100%;}#kt-layout-id_47cdcb-ad .kt-row-layout-bottom-sep svg{fill:#ffffff!important;}@media all and (max-width: 1024px){#kt-layout-id_47cdcb-ad > .kt-row-column-wrap{grid-template-columns:minmax(0, 1fr);}}@media all and (max-width: 1024px){#kt-layout-id_47cdcb-ad .kt-row-layout-bottom-sep{height:px;}}@media all and (max-width: 1024px){#kt-layout-id_47cdcb-ad .kt-row-layout-bottom-sep svg{width:%;}}@media all and (max-width: 767px){#kt-layout-id_47cdcb-ad > .kt-row-column-wrap{grid-template-columns:minmax(0, 1fr);}#kt-layout-id_47cdcb-ad .kt-row-layout-bottom-sep{height:px;}#kt-layout-id_47cdcb-ad .kt-row-layout-bottom-sep svg{width:%;}}<\/style>\n<div class=\"wp-block-kadence-rowlayout alignfull\"><div id=\"kt-layout-id_47cdcb-ad\" class=\"kt-row-layout-inner kt-layout-id_47cdcb-ad\"><div class=\"kt-row-column-wrap kt-has-1-columns kt-gutter-default kt-v-gutter-default kt-row-valign-middle kt-row-layout-equal kt-tab-layout-inherit kt-m-colapse-left-to-right kt-mobile-layout-row kb-theme-content-width\"><style>.kadence-column_ad26b3-d7 > .kt-inside-inner-col{border-top-width:0px;border-right-width:0px;border-bottom-width:0px;border-left-width:0px;}.kadence-column_ad26b3-d7 > .kt-inside-inner-col,.kadence-column_ad26b3-d7 > .kt-inside-inner-col:before{border-top-left-radius:0px;border-top-right-radius:0px;border-bottom-right-radius:0px;border-bottom-left-radius:0px;}.kadence-column_ad26b3-d7 > .kt-inside-inner-col{column-gap:var(--global-kb-gap-sm, 1rem);}.kadence-column_ad26b3-d7 > .kt-inside-inner-col{flex-direction:column;}.kadence-column_ad26b3-d7 > .kt-inside-inner-col > .aligncenter{width:100%;}.kadence-column_ad26b3-d7 > .kt-inside-inner-col:before{opacity:0.3;}.kadence-column_ad26b3-d7{position:relative;}@media all and (max-width: 1024px){.kadence-column_ad26b3-d7 > .kt-inside-inner-col{flex-direction:column;justify-content:center;}}@media all and (max-width: 767px){.kadence-column_ad26b3-d7 > .kt-inside-inner-col{flex-direction:column;justify-content:center;}}<\/style>\n<div class=\"wp-block-kadence-column inner-column-1 kadence-column_ad26b3-d7\"><div class=\"kt-inside-inner-col\">\n<p class=\"has-text-align-center\"><strong><strong><strong><strong>El grupo \u201cFotobiolog\u00eda vegetal\u201d utiliza herramientas bioqu\u00edmicas, gen\u00e9ticas y de biolog\u00eda molecular para estudiar respuestas de las plantas frente la radiaci\u00f3n solar, identificar prote\u00ednas y peque\u00f1os&nbsp;ARNs&nbsp;que participen en la se\u00f1alizaci\u00f3n de las respuestas al UV-B, y compuestos&nbsp;fotoprotectores&nbsp;que protejan a las plantas de los efectos adversos que provocan la exposici\u00f3n frente a esta radiaci\u00f3n. Adem\u00e1s, el grupo investiga otras funciones de estos compuestos, principalmente los&nbsp;fenilpropanoides, en respuestas a otros tipos de estr\u00e9s, por ejemplo el ataque por pat\u00f3genos.<\/strong><\/strong><\/strong><\/strong><\/p>\n<\/div><\/div>\n<\/div><\/div><\/div>\n\n\n<style>#kt-layout-id_b6917f-a4 > .kt-row-column-wrap{align-content:start;}:where(#kt-layout-id_b6917f-a4 > .kt-row-column-wrap) > .wp-block-kadence-column{justify-content:start;}#kt-layout-id_b6917f-a4 > .kt-row-column-wrap{column-gap:var(--global-kb-gap-md, 2rem);row-gap:var(--global-kb-gap-md, 2rem);padding-top:var( --global-kb-row-default-top, 25px );padding-bottom:var( --global-kb-row-default-bottom, 25px );padding-top:var(--global-kb-spacing-sm, 1.5rem);padding-bottom:var(--global-kb-spacing-sm, 1.5rem);grid-template-columns:minmax(0, 2fr) minmax(0, 1fr);}#kt-layout-id_b6917f-a4{background-color:rgba(0,0,0,0.03);}#kt-layout-id_b6917f-a4 > .kt-row-layout-overlay{opacity:0.30;}#kt-layout-id_b6917f-a4 .kt-row-layout-bottom-sep{height:100px;}#kt-layout-id_b6917f-a4 .kt-row-layout-bottom-sep svg{width:100%;}#kt-layout-id_b6917f-a4 .kt-row-layout-bottom-sep svg{fill:#000!important;}@media all and (max-width: 1024px){#kt-layout-id_b6917f-a4 > .kt-row-column-wrap{grid-template-columns:minmax(0, 2fr) minmax(0, 1fr);}}@media all and (max-width: 1024px){#kt-layout-id_b6917f-a4 .kt-row-layout-bottom-sep{height:px;}}@media all and (max-width: 1024px){#kt-layout-id_b6917f-a4 .kt-row-layout-bottom-sep svg{width:%;}}@media all and (max-width: 767px){#kt-layout-id_b6917f-a4 > .kt-row-column-wrap{grid-template-columns:minmax(0, 1fr);}#kt-layout-id_b6917f-a4 .kt-row-layout-bottom-sep{height:px;}#kt-layout-id_b6917f-a4 .kt-row-layout-bottom-sep svg{width:%;}}<\/style>\n<div class=\"wp-block-kadence-rowlayout alignwide\"><div id=\"kt-layout-id_b6917f-a4\" class=\"kt-row-layout-inner kt-row-has-bg kt-layout-id_b6917f-a4\"><div class=\"kt-row-column-wrap kt-has-2-columns kt-gutter-default kt-v-gutter-default kt-row-valign-top kt-row-layout-left-golden kt-tab-layout-inherit kt-m-colapse-left-to-right kt-mobile-layout-row\"><style>.kadence-column_5d2d76-c4 > .kt-inside-inner-col{border-color:#000;border-top-width:0px;border-right-width:1px;border-bottom-width:0px;border-left-width:0px;}.kadence-column_5d2d76-c4 > .kt-inside-inner-col,.kadence-column_5d2d76-c4 > .kt-inside-inner-col:before{border-top-left-radius:0px;border-top-right-radius:0px;border-bottom-right-radius:0px;border-bottom-left-radius:0px;}.kadence-column_5d2d76-c4 > .kt-inside-inner-col{column-gap:var(--global-kb-gap-sm, 1rem);}.kadence-column_5d2d76-c4 > .kt-inside-inner-col{flex-direction:column;}.kadence-column_5d2d76-c4 > .kt-inside-inner-col > .aligncenter{width:100%;}.kadence-column_5d2d76-c4 > .kt-inside-inner-col:before{opacity:0.3;}.kadence-column_5d2d76-c4{position:relative;}@media all and (max-width: 1024px){.kadence-column_5d2d76-c4 > .kt-inside-inner-col{flex-direction:column;justify-content:center;}}@media all and (max-width: 767px){.kadence-column_5d2d76-c4 > .kt-inside-inner-col{flex-direction:column;justify-content:center;}}<\/style>\n<div class=\"wp-block-kadence-column inner-column-1 kadence-column_5d2d76-c4\"><div class=\"kt-inside-inner-col\">\n<div class=\"wp-block-columns are-vertically-aligned-top is-layout-flex wp-container-core-columns-is-layout-9d6595d7 wp-block-columns-is-layout-flex\">\n<div class=\"wp-block-column is-vertically-aligned-top is-layout-flow wp-block-column-is-layout-flow\" style=\"flex-basis:100%\">\n<div class=\"wp-block-group\"><div class=\"wp-block-group__inner-container is-layout-flow wp-block-group-is-layout-flow\"><style>#kt-layout-id_2be68f-45{margin-top:0px;margin-bottom:0px;}#kt-layout-id_2be68f-45 > .kt-row-column-wrap{align-content:start;}:where(#kt-layout-id_2be68f-45 > .kt-row-column-wrap) > .wp-block-kadence-column{justify-content:start;}#kt-layout-id_2be68f-45 > .kt-row-column-wrap{column-gap:var(--global-kb-gap-md, 2rem);row-gap:var(--global-kb-gap-md, 2rem);padding-top:var( --global-kb-row-default-top, 25px );padding-bottom:var( --global-kb-row-default-bottom, 25px );padding-top:0px;padding-bottom:0px;padding-left:0px;padding-right:30px;grid-template-columns:minmax(0, 1fr);}#kt-layout-id_2be68f-45 > .kt-row-layout-overlay{opacity:0.30;}#kt-layout-id_2be68f-45 .kt-row-layout-bottom-sep{height:100px;}#kt-layout-id_2be68f-45 .kt-row-layout-bottom-sep svg{width:100%;}#kt-layout-id_2be68f-45 .kt-row-layout-bottom-sep svg{fill:#ffffff!important;}@media all and (max-width: 1024px){#kt-layout-id_2be68f-45 > .kt-row-column-wrap{grid-template-columns:minmax(0, 1fr);}}@media all and (max-width: 1024px){#kt-layout-id_2be68f-45 .kt-row-layout-bottom-sep{height:px;}}@media all and (max-width: 1024px){#kt-layout-id_2be68f-45 .kt-row-layout-bottom-sep svg{width:%;}}@media all and (max-width: 767px){#kt-layout-id_2be68f-45 > .kt-row-column-wrap{grid-template-columns:minmax(0, 1fr);}#kt-layout-id_2be68f-45 .kt-row-layout-bottom-sep{height:px;}#kt-layout-id_2be68f-45 .kt-row-layout-bottom-sep svg{width:%;}}<\/style>\n<div class=\"wp-block-kadence-rowlayout aligncenter\"><div id=\"kt-layout-id_2be68f-45\" class=\"kt-row-layout-inner kt-layout-id_2be68f-45\"><div class=\"kt-row-column-wrap kt-has-1-columns kt-gutter-default kt-v-gutter-default kt-row-valign-top kt-row-layout-equal kt-tab-layout-inherit kt-m-colapse-left-to-right kt-mobile-layout-row\"><style>.kadence-column_8093d8-51 > .kt-inside-inner-col{border-top-width:0px;border-right-width:0px;border-bottom-width:0px;border-left-width:0px;}.kadence-column_8093d8-51 > .kt-inside-inner-col,.kadence-column_8093d8-51 > .kt-inside-inner-col:before{border-top-left-radius:0px;border-top-right-radius:0px;border-bottom-right-radius:0px;border-bottom-left-radius:0px;}.kadence-column_8093d8-51 > .kt-inside-inner-col{column-gap:var(--global-kb-gap-sm, 1rem);}.kadence-column_8093d8-51 > .kt-inside-inner-col{flex-direction:column;}.kadence-column_8093d8-51 > .kt-inside-inner-col > .aligncenter{width:100%;}.kadence-column_8093d8-51 > .kt-inside-inner-col:before{opacity:0.3;}.kadence-column_8093d8-51{position:relative;}@media all and (max-width: 1024px){.kadence-column_8093d8-51 > .kt-inside-inner-col{flex-direction:column;justify-content:center;}}@media all and (max-width: 767px){.kadence-column_8093d8-51 > .kt-inside-inner-col{flex-direction:column;justify-content:center;}}<\/style>\n<div class=\"wp-block-kadence-column inner-column-1 kadence-column_8093d8-51\"><div class=\"kt-inside-inner-col\">\n<p class=\"has-text-align-left\"><strong><em><strong><em><strong><em><strong><em>Respuestas de las plantas a la radiaci\u00f3n UV-B<\/em><\/strong><\/em><\/strong><\/em><\/strong><\/em><\/strong><\/p>\n\n\n\n<p><em><em><em>Investigador Responsable:&nbsp;Dra&nbsp;<em>Paula Casati<\/em><\/em><\/em><\/em><\/p>\n\n\n\n<p><strong>Abstract<\/strong><\/p>\n\n\n\n<p class=\"has-text-align-left\">En nuestro grupo estudiamos distintas respuestas de las plantas superiores a la radiaci\u00f3n ultravioleta. Investigamos los mecanismos que han desarrollado algunas especies vegetales como&nbsp;<em>Arabidopsisthaliana<\/em>, ma\u00edz y sorgo, para la adquisici\u00f3n de mayores niveles de tolerancia a esta radiaci\u00f3n. Nuestro grupo de trabajo investiga la s\u00edntesis de compuestos&nbsp;fotoprotectores, en particular los flavonoides. Los flavonoides son metabolitos especializados con diversas funciones biol\u00f3gicas, entre ellas proteger a las plantas frente a elevados niveles de radiaci\u00f3n y participar en respuestas frente a pat\u00f3genos. Por otra parte, la exposici\u00f3n al UV-B produce da\u00f1o en al ADN, y esto induce la \u201crepuesta frente al da\u00f1o al ADN\u201d, que regula el arresto del ciclo celular, la expresi\u00f3n de genes que codifican prote\u00ednas para la reparaci\u00f3n del ADN, y la muerte celular programada. Nuestro grupo estudia el efecto de la radiaci\u00f3n UV-B en la activaci\u00f3n de esta v\u00eda.&nbsp;<\/p>\n\n\n\n<p><strong>Publications<\/strong><strong> <\/strong><strong>destacadas<\/strong><\/p>\n\n\n\n<p>M. S. G\u00f3mez, M. L. Falcone&nbsp;Ferreyra, M. L. Sheridan, P. Casati (2019) \u201cArabidopsis E2Fc is required for the DNA damage response under UV-B radiation&nbsp;epistatically&nbsp;over the microRNA396 and independently of E2Fe\u201d. Plant J&nbsp;97, 749-764.&nbsp;&nbsp;<\/p>\n\n\n\n<p>M.&nbsp;Dotto, M.S. G\u00f3mez, M.S. Soto, P.&nbsp;Casati&nbsp;(2018)&nbsp;\u201cUV-B radiation delays flowering time through changes in the PRC2 complex activity and miR156 levels in&nbsp;<em>Arabidopsis thaliana<\/em>.\u201d Plant Cell and Environment&nbsp;&nbsp;41, 1394-1406.&nbsp;<\/p>\n\n\n\n<p>J.&nbsp;Fina, R.&nbsp;Casadevall, H.&nbsp;AbdElgawad,&nbsp;E.&nbsp;Prinsen,&nbsp; M.N. Markakis, &nbsp;G.T.S.&nbsp;Beemster&nbsp;y&nbsp;P. Casati. (2017) \u201cUV-B inhibits leaf growth through changes in Growth Regulating Factors and gibberellin levels\u201d. Plant Physiol. (2017) 174, 1110-1126.&nbsp;<\/p>\n\n\n\n<p><strong><strong><em>Bios\u00edntesis y regulaci\u00f3n de la producci\u00f3n de compuestos&nbsp;fenilpropanoides<\/em><\/strong><\/strong><\/p>\n\n\n\n<p><em>Investigadoras Responsables: Dras.&nbsp;Maria&nbsp;Lorena&nbsp;FalconeFerreyra&nbsp;y Paula&nbsp;Casati<\/em><\/p>\n\n\n\n<p>Los flavonoides son metabolitos sintetizados por las plantas, los cuales poseen una amplia variedad de funciones biol\u00f3gicas. Estos compuestos desempe\u00f1an importantes roles en la fisiolog\u00eda, crecimiento y desarrollo, como as\u00ed tambi\u00e9n en la protecci\u00f3n frente a diferentes tipos de estr\u00e9s. Estructuralmente, los flavonoides est\u00e1n compuestos por dos anillos arom\u00e1ticos unidos por un heterociclo. Modificaciones en el anillo central diferencian a los distintos subtipos de flavonoides. La diversidad estructural existente entre los distintos flavonoides sugiere que los mismos podr\u00edan cumplir roles espec\u00edficos y diferentes entre s\u00ed. Por ello, en nuestro laboratorio estamos interesados en identificar y caracterizar la v\u00eda de s\u00edntesis de distintos flavonoides en especies como el ma\u00edz y el sorgo, estudiar la funci\u00f3n de los mismos en estas especies y su regulaci\u00f3n.<\/p>\n\n\n\n<p><strong>Publications<\/strong><strong>&nbsp;<\/strong><strong>destacadas<\/strong><\/p>\n\n\n\n<p>S.&nbsp;Righini, E. J.&nbsp;Rodriguez, C.&nbsp;Berosich, E.&nbsp;Grotewold, P.&nbsp;Casati, M. L.&nbsp;Falcone&nbsp;Ferreyra&nbsp;(2019)<\/p>\n\n\n\n<p>\u201cApigenin&nbsp;produced by maize flavone synthase I and II protects plants against UV\u2010B\u2010induced damage\u201d.&nbsp;Plant&nbsp;Cell&nbsp;and&nbsp;Environment&nbsp;42, 495-508.&nbsp;<\/p>\n\n\n\n<p>M.L. Falcone&nbsp;Ferreyra, J.&nbsp;Emiliani, E.J. Rodriguez, E.&nbsp;Grotewold,&nbsp;&nbsp;P.&nbsp;Casati&nbsp;(2015) \u201cThe identification of maize and Arabidopsis type I flavone synthases links flavones with hormones and biotic interactions\u201d. Plant Physiology 169, 1090-1107.&nbsp;<\/p>\n\n\n\n<p>M. L.&nbsp;Falcone&nbsp;Ferreyra, E.&nbsp;Rodriguez, M. I. Casas, G.&nbsp;Labadie, E.&nbsp;Grotewold,&nbsp;P.&nbsp;Casati&nbsp;(2013).&nbsp;Identification of a bifunctional maize<em>&nbsp;C-<\/em>&nbsp;and&nbsp;<em>O-<\/em>glucosyltransferase\u201d. J. Biol. Chem. 288, 1-11.&nbsp;<\/p>\n\n\n\n<p><strong>Grants<\/strong><\/p>\n\n\n\n<p>PICT&nbsp;2018-798&nbsp;ANPCyT<br>PICT 2018-1998 ANPCYT<br>PICT 2019-167&nbsp;ANPCyT<br>Asactei&nbsp;Investigaci\u00f3n Orientada&nbsp;2019<\/p>\n\n\n\n<p><strong>Colaboraciones<\/strong><\/p>\n\n\n\n<p>Erich&nbsp;Grotewold&nbsp;(Michigan State University, USA), Javier&nbsp;Palatnik&nbsp;(IBR-Argentina), Pablo&nbsp;Manavella&nbsp;(IAL-Argentina),&nbsp;Crisanto&nbsp;Gutierrez (CSIC-Spain), Nicolas Bologna (CRAG-Spain),&nbsp;&nbsp;&nbsp;Manuel Rodriguez- Concepcion (CRAG-Spain),&nbsp;Gerrit&nbsp;Beemster&nbsp;(<a href=\"https:\/\/www.researchgate.net\/institution\/University_of_Antwerp\">University of Antwerp-Belgium)<\/a>, Virginia&nbsp;Walbot&nbsp;(Stanford University, USA), Pablo&nbsp;Cerdan(FIL-Argentina)<\/p>\n<\/div><\/div>\n<\/div><\/div><\/div>\n<\/div><\/div>\n<\/div>\n<\/div>\n<\/div><\/div>\n\n\n<style>.kadence-column_14368b-06 > .kt-inside-inner-col{border-top-width:0px;border-right-width:1px;border-bottom-width:0px;border-left-width:0px;}.kadence-column_14368b-06 > .kt-inside-inner-col,.kadence-column_14368b-06 > .kt-inside-inner-col:before{border-top-left-radius:0px;border-top-right-radius:0px;border-bottom-right-radius:0px;border-bottom-left-radius:0px;}.kadence-column_14368b-06 > .kt-inside-inner-col{column-gap:var(--global-kb-gap-sm, 1rem);}.kadence-column_14368b-06 > .kt-inside-inner-col{flex-direction:column;}.kadence-column_14368b-06 > .kt-inside-inner-col > .aligncenter{width:100%;}.kadence-column_14368b-06 > .kt-inside-inner-col:before{opacity:0.3;}.kadence-column_14368b-06{position:relative;}@media all and (max-width: 1024px){.kadence-column_14368b-06 > .kt-inside-inner-col{flex-direction:column;justify-content:center;}}@media all and (max-width: 767px){.kadence-column_14368b-06 > .kt-inside-inner-col{flex-direction:column;justify-content:center;}}<\/style>\n<div class=\"wp-block-kadence-column inner-column-2 kadence-column_14368b-06\"><div class=\"kt-inside-inner-col\">\n<p><strong>Researcher<\/strong><br><a href=\"https:\/\/www.cefobi-conicet.gov.ar\/en\/casati-2\/\" target=\"_blank\" rel=\"noreferrer noopener\">Dr. Paula Casati<br><\/a><a href=\"mailto:casati@cefobi-conicet.gov.ar\">casati@cefobi-conicet.gov.ar<\/a><\/p>\n\n\n\n<figure class=\"wp-block-image size-full is-resized\"><a href=\"https:\/\/www.cefobi-conicet.gov.ar\/en\/casati-2\/\" target=\"_blank\" rel=\"noopener\"><img loading=\"lazy\" decoding=\"async\" src=\"https:\/\/www.cefobi-conicet.gov.ar\/uploads_cefobi\/2022\/05\/Casati.jpg\" alt=\"\" class=\"wp-image-3673\" width=\"165\" height=\"248\" srcset=\"https:\/\/www.cefobi-conicet.gov.ar\/wp-content\/uploads\/2022\/05\/Casati.jpg 115w, https:\/\/www.cefobi-conicet.gov.ar\/wp-content\/uploads\/2022\/05\/Casati-8x12.jpg 8w\" sizes=\"auto, (max-width: 165px) 100vw, 165px\" \/><\/a><\/figure>\n\n\n\n<p><strong>Investigadores:<\/strong><br><a href=\"https:\/\/www.cefobi-conicet.gov.ar\/en\/falcone-ferreyra\/\">Ma. Lorena Falcone\u00a0Ferreyra<\/a><\/p>\n\n\n\n<p><strong>Becarios Postdoctorales<\/strong><br>Veronica Vallejo<\/p>\n\n\n\n<p><strong>PhD fellows<\/strong><br>Marisol&nbsp;Giustozzi<br>Maria Lujan Sheridan<br>Paloma Serra<br>Lucio&nbsp;Simonelli<br>Julieta Petrich<\/p>\n\n\n\n<p><\/p>\n\n\n\n<figure class=\"wp-block-image size-large\"><a href=\"https:\/\/www.cefobi-conicet.gov.ar\/en\/uploads_cefobi\/2022\/05\/Foto-Lab-2022-2-scaled-e1652292466459.jpg\/\"><img loading=\"lazy\" decoding=\"async\" width=\"1024\" height=\"706\" src=\"https:\/\/www.cefobi-conicet.gov.ar\/uploads_cefobi\/2022\/05\/Foto-Lab-2022-2-scaled-e1652292466459-1024x706.jpg\" alt=\"\" class=\"wp-image-3786\" srcset=\"https:\/\/www.cefobi-conicet.gov.ar\/wp-content\/uploads\/2022\/05\/Foto-Lab-2022-2-scaled-e1652292466459-1024x706.jpg 1024w, https:\/\/www.cefobi-conicet.gov.ar\/wp-content\/uploads\/2022\/05\/Foto-Lab-2022-2-scaled-e1652292466459-300x207.jpg 300w, https:\/\/www.cefobi-conicet.gov.ar\/wp-content\/uploads\/2022\/05\/Foto-Lab-2022-2-scaled-e1652292466459-768x529.jpg 768w, https:\/\/www.cefobi-conicet.gov.ar\/wp-content\/uploads\/2022\/05\/Foto-Lab-2022-2-scaled-e1652292466459-1536x1059.jpg 1536w, https:\/\/www.cefobi-conicet.gov.ar\/wp-content\/uploads\/2022\/05\/Foto-Lab-2022-2-scaled-e1652292466459-2048x1411.jpg 2048w, https:\/\/www.cefobi-conicet.gov.ar\/wp-content\/uploads\/2022\/05\/Foto-Lab-2022-2-scaled-e1652292466459-16x12.jpg 16w\" sizes=\"auto, (max-width: 1024px) 100vw, 1024px\" \/><\/a><\/figure>\n<\/div><\/div>\n<\/div><\/div><\/div>","protected":false},"excerpt":{"rendered":"<p>FOTOBIOLOGIA VEGETAL El grupo \u201cFotobiolog\u00eda vegetal\u201d utiliza herramientas bioqu\u00edmicas, gen\u00e9ticas y de biolog\u00eda molecular para estudiar respuestas de las plantas frente la radiaci\u00f3n solar, identificar prote\u00ednas y peque\u00f1os&nbsp;ARNs&nbsp;que participen en la se\u00f1alizaci\u00f3n de las respuestas al UV-B, y compuestos&nbsp;fotoprotectores&nbsp;que protejan &hellip; <a href=\"https:\/\/www.cefobi-conicet.gov.ar\/en\/grupo-casati\/\">Continued<\/a><\/p>","protected":false},"author":7,"featured_media":0,"parent":0,"menu_order":0,"comment_status":"closed","ping_status":"closed","template":"","meta":{"kt_blocks_editor_width":"","footnotes":""},"class_list":["post-3672","page","type-page","status-publish","hentry"],"_links":{"self":[{"href":"https:\/\/www.cefobi-conicet.gov.ar\/en\/wp-json\/wp\/v2\/pages\/3672","targetHints":{"allow":["GET"]}}],"collection":[{"href":"https:\/\/www.cefobi-conicet.gov.ar\/en\/wp-json\/wp\/v2\/pages"}],"about":[{"href":"https:\/\/www.cefobi-conicet.gov.ar\/en\/wp-json\/wp\/v2\/types\/page"}],"author":[{"embeddable":true,"href":"https:\/\/www.cefobi-conicet.gov.ar\/en\/wp-json\/wp\/v2\/users\/7"}],"replies":[{"embeddable":true,"href":"https:\/\/www.cefobi-conicet.gov.ar\/en\/wp-json\/wp\/v2\/comments?post=3672"}],"version-history":[{"count":11,"href":"https:\/\/www.cefobi-conicet.gov.ar\/en\/wp-json\/wp\/v2\/pages\/3672\/revisions"}],"predecessor-version":[{"id":3840,"href":"https:\/\/www.cefobi-conicet.gov.ar\/en\/wp-json\/wp\/v2\/pages\/3672\/revisions\/3840"}],"wp:attachment":[{"href":"https:\/\/www.cefobi-conicet.gov.ar\/en\/wp-json\/wp\/v2\/media?parent=3672"}],"curies":[{"name":"wp","href":"https:\/\/api.w.org\/{rel}","templated":true}]}}