{"id":3432,"date":"2021-07-15T11:20:12","date_gmt":"2021-07-15T14:20:12","guid":{"rendered":"https:\/\/www.cefobi-conicet.gov.ar\/?page_id=3432"},"modified":"2022-07-04T14:16:09","modified_gmt":"2022-07-04T17:16:09","slug":"beca-doctoral-dra-mariana-martin","status":"publish","type":"page","link":"https:\/\/www.cefobi-conicet.gov.ar\/en\/beca-doctoral-dra-mariana-martin\/","title":{"rendered":"Beca Doctoral &#8211; Dra. Mariana Martin"},"content":{"rendered":"<style>#kt-layout-id_1d41e8-90 > .kt-row-column-wrap{align-content:start;}:where(#kt-layout-id_1d41e8-90 > .kt-row-column-wrap) > .wp-block-kadence-column{justify-content:start;}#kt-layout-id_1d41e8-90 > .kt-row-column-wrap{column-gap:var(--global-kb-gap-md, 2rem);row-gap:var(--global-kb-gap-md, 2rem);max-width:var(--wp--style--global--content-size);padding-top:var( --global-kb-row-default-top, 25px );padding-bottom:var( --global-kb-row-default-bottom, 25px );padding-top:var(--global-kb-spacing-sm, 1.5rem);padding-bottom:var(--global-kb-spacing-sm, 1.5rem);grid-template-columns:repeat(2, minmax(0, 1fr));}#kt-layout-id_1d41e8-90 > .kt-row-layout-overlay{opacity:0.30;}@media all and (max-width: 1024px){#kt-layout-id_1d41e8-90 > .kt-row-column-wrap{grid-template-columns:repeat(2, minmax(0, 1fr));}}@media all and (max-width: 767px){#kt-layout-id_1d41e8-90 > .kt-row-column-wrap{grid-template-columns:minmax(0, 1fr);}}<\/style>\n<div class=\"wp-block-kadence-rowlayout alignnone\"><div id=\"kt-layout-id_1d41e8-90\" class=\"kt-row-layout-inner kt-layout-id_1d41e8-90\"><div class=\"kt-row-column-wrap kt-has-2-columns kt-gutter-default kt-v-gutter-default kt-row-valign-top kt-row-layout-equal kt-tab-layout-inherit kt-m-colapse-left-to-right kt-mobile-layout-row kb-theme-content-width\"><style>.kadence-column_f8917e-4f > .kt-inside-inner-col{border-top-width:0px;border-right-width:0px;border-bottom-width:0px;border-left-width:0px;}.kadence-column_f8917e-4f > .kt-inside-inner-col,.kadence-column_f8917e-4f > .kt-inside-inner-col:before{border-top-left-radius:0px;border-top-right-radius:0px;border-bottom-right-radius:0px;border-bottom-left-radius:0px;}.kadence-column_f8917e-4f > .kt-inside-inner-col{column-gap:var(--global-kb-gap-sm, 1rem);}.kadence-column_f8917e-4f > .kt-inside-inner-col{flex-direction:column;}.kadence-column_f8917e-4f > .kt-inside-inner-col > .aligncenter{width:100%;}.kadence-column_f8917e-4f > .kt-inside-inner-col:before{opacity:0.3;}.kadence-column_f8917e-4f{position:relative;}@media all and (max-width: 1024px){.kadence-column_f8917e-4f > .kt-inside-inner-col{flex-direction:column;justify-content:center;}}@media all and (max-width: 767px){.kadence-column_f8917e-4f > .kt-inside-inner-col{flex-direction:column;justify-content:center;}}<\/style>\n<div class=\"wp-block-kadence-column inner-column-1 kadence-column_f8917e-4f\"><div class=\"kt-inside-inner-col\">\n<figure class=\"wp-block-image size-full is-resized\"><a href=\"https:\/\/www.cefobi-conicet.gov.ar\/en\/uploads_cefobi\/2021\/07\/Martin_2021.png\/\"><img loading=\"lazy\" decoding=\"async\" src=\"https:\/\/www.cefobi-conicet.gov.ar\/uploads_cefobi\/2021\/07\/Martin_2021.png\" alt=\"\" class=\"wp-image-3429\" width=\"372\" height=\"372\" srcset=\"https:\/\/www.cefobi-conicet.gov.ar\/wp-content\/uploads\/2021\/07\/Martin_2021.png 310w, https:\/\/www.cefobi-conicet.gov.ar\/wp-content\/uploads\/2021\/07\/Martin_2021-300x300.png 300w, https:\/\/www.cefobi-conicet.gov.ar\/wp-content\/uploads\/2021\/07\/Martin_2021-150x150.png 150w, https:\/\/www.cefobi-conicet.gov.ar\/wp-content\/uploads\/2021\/07\/Martin_2021-12x12.png 12w\" sizes=\"auto, (max-width: 372px) 100vw, 372px\" \/><\/a><\/figure>\n<\/div><\/div>\n\n\n<style>.kadence-column_67d81b-01 > .kt-inside-inner-col{border-top-width:0px;border-right-width:0px;border-bottom-width:0px;border-left-width:0px;}.kadence-column_67d81b-01 > .kt-inside-inner-col,.kadence-column_67d81b-01 > .kt-inside-inner-col:before{border-top-left-radius:0px;border-top-right-radius:0px;border-bottom-right-radius:0px;border-bottom-left-radius:0px;}.kadence-column_67d81b-01 > .kt-inside-inner-col{column-gap:var(--global-kb-gap-sm, 1rem);}.kadence-column_67d81b-01 > .kt-inside-inner-col{flex-direction:column;}.kadence-column_67d81b-01 > .kt-inside-inner-col > .aligncenter{width:100%;}.kadence-column_67d81b-01 > .kt-inside-inner-col:before{opacity:0.3;}.kadence-column_67d81b-01{position:relative;}@media all and (max-width: 1024px){.kadence-column_67d81b-01 > .kt-inside-inner-col{flex-direction:column;justify-content:center;}}@media all and (max-width: 767px){.kadence-column_67d81b-01 > .kt-inside-inner-col{flex-direction:column;justify-content:center;}}<\/style>\n<div class=\"wp-block-kadence-column inner-column-2 kadence-column_67d81b-01\"><div class=\"kt-inside-inner-col\">\n<p><strong>Contact:\u00a0<\/strong>Dra. Mariana Mart\u00edn (<a href=\"mailto:martin@cefobi-conicet.gov.ar%20\">martin@cefobi-conicet.gov.ar\u00a0<\/a>)\u00a0<\/p>\n\n\n\n<p id=\"block-86ac3108-fdbb-46f3-9ffe-d4d9663ca01f\"><strong>TEMA: Enzimas quinasas y fosfatasas del metabolismo de carbohidratos en algas y plantas. Implicancias biotecnol\u00f3gicas<\/strong><\/p>\n\n\n\n<p id=\"block-38089020-2fc3-446b-98de-a29df10445fa\"><strong>Requirements:<\/strong>&nbsp;Motivaci\u00f3n por la investigaci\u00f3n cient\u00edfica. Capacidad de trabajo en equipo. Cumplir los requisitos estipulados por CONICET para la convocatoria 2022.<\/p>\n\n\n\n<p id=\"block-7582241e-c78c-4a00-8866-243c3da4718b\"><strong>Resume.<\/strong>&nbsp;Nos proponemos generar nuevas estrategias para la obtenci\u00f3n de mayor biomasa, de polisac\u00e1ridos a mayor concentraci\u00f3n con propiedades fisicoqu\u00edmicas diferenciales \u00fatiles para la industria o precursores de biomateriales. Para tal fin, se estudiar\u00e1 en profundidad la bioqu\u00edmica, estructura, funci\u00f3n y regulaci\u00f3n de enzimas fosfoenolpiruvato carboxiquinasas y fosfatasas de polisac\u00e1ridos. El proyecto particular de tesis se definir\u00e1 en funci\u00f3n de los temas estrat\u00e9gicos definidos por CONICET y del inter\u00e9s personal del candidato\/a.<\/p>\n\n\n\n<p id=\"block-2289806e-9a0e-4aa9-99e6-cf91658f2648\"><strong>References.&nbsp;<\/strong><\/p>\n\n\n\n<p id=\"block-05382aae-f320-4bd5-a51d-dda7f423b356\">Carrillo JB &amp;Torresi F et al (2020). Arch Biochem Biophys; 680: 108235, 2020 02 15.<\/p>\n\n\n\n<p id=\"block-052b3ed2-411f-4866-8a0d-6ec3de0aab7d\">Carrillo JB et al (2018) PLoS ONE 13(1): e0191621.<\/p>\n\n\n\n<p id=\"block-90740d5a-6966-4a30-b111-4694093d0449\">Carrillo JB et al (2017). Anal Biochem. 15, 517:36-39.<\/p>\n<\/div><\/div>\n<\/div><\/div><\/div>","protected":false},"excerpt":{"rendered":"<p>Contacto:\u00a0Dra. Mariana Mart\u00edn (martin@cefobi-conicet.gov.ar\u00a0)\u00a0 TEMA: Enzimas quinasas y fosfatasas del metabolismo de carbohidratos en algas y plantas. Implicancias biotecnol\u00f3gicas Requisitos del candidato:&nbsp;Motivaci\u00f3n por la investigaci\u00f3n cient\u00edfica. Capacidad de trabajo en equipo. Cumplir los requisitos estipulados por CONICET para la convocatoria &hellip; <a href=\"https:\/\/www.cefobi-conicet.gov.ar\/en\/beca-doctoral-dra-mariana-martin\/\">Continued<\/a><\/p>","protected":false},"author":7,"featured_media":0,"parent":0,"menu_order":0,"comment_status":"closed","ping_status":"closed","template":"","meta":{"kt_blocks_editor_width":"","footnotes":""},"class_list":["post-3432","page","type-page","status-publish","hentry"],"_links":{"self":[{"href":"https:\/\/www.cefobi-conicet.gov.ar\/en\/wp-json\/wp\/v2\/pages\/3432","targetHints":{"allow":["GET"]}}],"collection":[{"href":"https:\/\/www.cefobi-conicet.gov.ar\/en\/wp-json\/wp\/v2\/pages"}],"about":[{"href":"https:\/\/www.cefobi-conicet.gov.ar\/en\/wp-json\/wp\/v2\/types\/page"}],"author":[{"embeddable":true,"href":"https:\/\/www.cefobi-conicet.gov.ar\/en\/wp-json\/wp\/v2\/users\/7"}],"replies":[{"embeddable":true,"href":"https:\/\/www.cefobi-conicet.gov.ar\/en\/wp-json\/wp\/v2\/comments?post=3432"}],"version-history":[{"count":5,"href":"https:\/\/www.cefobi-conicet.gov.ar\/en\/wp-json\/wp\/v2\/pages\/3432\/revisions"}],"predecessor-version":[{"id":3923,"href":"https:\/\/www.cefobi-conicet.gov.ar\/en\/wp-json\/wp\/v2\/pages\/3432\/revisions\/3923"}],"wp:attachment":[{"href":"https:\/\/www.cefobi-conicet.gov.ar\/en\/wp-json\/wp\/v2\/media?parent=3432"}],"curies":[{"name":"wp","href":"https:\/\/api.w.org\/{rel}","templated":true}]}}