{"id":3397,"date":"2021-07-12T09:36:04","date_gmt":"2021-07-12T12:36:04","guid":{"rendered":"https:\/\/www.cefobi-conicet.gov.ar\/?page_id=3397"},"modified":"2021-07-12T09:36:06","modified_gmt":"2021-07-12T12:36:06","slug":"beca-doctoral-dres-gerardo-cervigni-y-lucrecia-giecco","status":"publish","type":"page","link":"https:\/\/www.cefobi-conicet.gov.ar\/en\/beca-doctoral-dres-gerardo-cervigni-y-lucrecia-giecco\/","title":{"rendered":"Beca Doctoral &#8211; Dres. Gerardo Cervigni y Lucrecia Giecco"},"content":{"rendered":"<style>#kt-layout-id_3d6a90-59 > .kt-row-column-wrap{align-content:start;}:where(#kt-layout-id_3d6a90-59 > .kt-row-column-wrap) > .wp-block-kadence-column{justify-content:start;}#kt-layout-id_3d6a90-59 > .kt-row-column-wrap{column-gap:var(--global-kb-gap-md, 2rem);row-gap:var(--global-kb-gap-md, 2rem);padding-top:var( --global-kb-row-default-top, 25px );padding-bottom:var( --global-kb-row-default-bottom, 25px );padding-top:var(--global-kb-spacing-sm, 1.5rem);padding-bottom:var(--global-kb-spacing-sm, 1.5rem);grid-template-columns:repeat(2, minmax(0, 1fr));}#kt-layout-id_3d6a90-59 > .kt-row-layout-overlay{opacity:0.30;}@media all and (max-width: 1024px){#kt-layout-id_3d6a90-59 > .kt-row-column-wrap{grid-template-columns:repeat(2, minmax(0, 1fr));}}@media all and (max-width: 767px){#kt-layout-id_3d6a90-59 > .kt-row-column-wrap{grid-template-columns:minmax(0, 1fr);}}<\/style>\n<div class=\"wp-block-kadence-rowlayout alignnone\"><div id=\"kt-layout-id_3d6a90-59\" class=\"kt-row-layout-inner kt-layout-id_3d6a90-59\"><div class=\"kt-row-column-wrap kt-has-2-columns kt-gutter-default kt-v-gutter-default kt-row-valign-top kt-row-layout-equal kt-tab-layout-inherit kt-m-colapse-left-to-right kt-mobile-layout-row\"><style>.kadence-column_0ff219-92 > .kt-inside-inner-col{border-top-width:0px;border-right-width:0px;border-bottom-width:0px;border-left-width:0px;}.kadence-column_0ff219-92 > .kt-inside-inner-col,.kadence-column_0ff219-92 > .kt-inside-inner-col:before{border-top-left-radius:0px;border-top-right-radius:0px;border-bottom-right-radius:0px;border-bottom-left-radius:0px;}.kadence-column_0ff219-92 > .kt-inside-inner-col{column-gap:var(--global-kb-gap-sm, 1rem);}.kadence-column_0ff219-92 > .kt-inside-inner-col{flex-direction:column;}.kadence-column_0ff219-92 > .kt-inside-inner-col > .aligncenter{width:100%;}.kadence-column_0ff219-92 > .kt-inside-inner-col:before{opacity:0.3;}.kadence-column_0ff219-92{position:relative;}@media all and (max-width: 1024px){.kadence-column_0ff219-92 > .kt-inside-inner-col{flex-direction:column;justify-content:center;}}@media all and (max-width: 767px){.kadence-column_0ff219-92 > .kt-inside-inner-col{flex-direction:column;justify-content:center;}}<\/style>\n<div class=\"wp-block-kadence-column inner-column-1 kadence-column_0ff219-92\"><div class=\"kt-inside-inner-col\">\n<figure class=\"wp-block-image size-large\"><a href=\"https:\/\/www.cefobi-conicet.gov.ar\/en\/uploads_cefobi\/2021\/05\/Cervigni-2021.png\/\"><img loading=\"lazy\" decoding=\"async\" width=\"1024\" height=\"573\" src=\"https:\/\/www.cefobi-conicet.gov.ar\/uploads_cefobi\/2021\/05\/Cervigni-2021-1024x573.png\" alt=\"\" class=\"wp-image-3395\" srcset=\"https:\/\/www.cefobi-conicet.gov.ar\/wp-content\/uploads\/2021\/05\/Cervigni-2021-1024x573.png 1024w, https:\/\/www.cefobi-conicet.gov.ar\/wp-content\/uploads\/2021\/05\/Cervigni-2021-300x168.png 300w, https:\/\/www.cefobi-conicet.gov.ar\/wp-content\/uploads\/2021\/05\/Cervigni-2021-768x430.png 768w, https:\/\/www.cefobi-conicet.gov.ar\/wp-content\/uploads\/2021\/05\/Cervigni-2021-1536x860.png 1536w, https:\/\/www.cefobi-conicet.gov.ar\/wp-content\/uploads\/2021\/05\/Cervigni-2021-16x9.png 16w, https:\/\/www.cefobi-conicet.gov.ar\/wp-content\/uploads\/2021\/05\/Cervigni-2021.png 1617w\" sizes=\"auto, (max-width: 1024px) 100vw, 1024px\" \/><\/a><\/figure>\n<\/div><\/div>\n\n\n<style>.kadence-column_3f4aef-8e > .kt-inside-inner-col{border-top-width:0px;border-right-width:0px;border-bottom-width:0px;border-left-width:0px;}.kadence-column_3f4aef-8e > .kt-inside-inner-col,.kadence-column_3f4aef-8e > .kt-inside-inner-col:before{border-top-left-radius:0px;border-top-right-radius:0px;border-bottom-right-radius:0px;border-bottom-left-radius:0px;}.kadence-column_3f4aef-8e > .kt-inside-inner-col{column-gap:var(--global-kb-gap-sm, 1rem);}.kadence-column_3f4aef-8e > .kt-inside-inner-col{flex-direction:column;}.kadence-column_3f4aef-8e > .kt-inside-inner-col > .aligncenter{width:100%;}.kadence-column_3f4aef-8e > .kt-inside-inner-col:before{opacity:0.3;}.kadence-column_3f4aef-8e{position:relative;}@media all and (max-width: 1024px){.kadence-column_3f4aef-8e > .kt-inside-inner-col{flex-direction:column;justify-content:center;}}@media all and (max-width: 767px){.kadence-column_3f4aef-8e > .kt-inside-inner-col{flex-direction:column;justify-content:center;}}<\/style>\n<div class=\"wp-block-kadence-column inner-column-2 kadence-column_3f4aef-8e\"><div class=\"kt-inside-inner-col\">\n<p><strong>Contact<\/strong>: Dr. Gerardo Cervigni (<a href=\"mailto:cervigni@cefobi-conicet.gov.ar\">cervigni@cefobi-conicet.gov.ar<\/a>) o la Dra. Lucrecia Gieco (<a href=\"mailto:gieco.lucrecia@inta.gob.ar\">gieco.lucrecia@inta.gob.ar<\/a>).<\/p>\n\n\n\n<p>TEMA : RESPUESTA DE LA COLZA AL ESTR\u00c9S POR ALTA TEMPERATURA EN ESTADIO DE MADUREZ DE SEMILLA<\/p>\n\n\n\n<p><strong>Requirements:<\/strong>&nbsp;Estudiantes egresados o a graduarse en Marzo\/Abril de 2022 en carreras de Ing. Agron\u00f3mica, Gen\u00e9tica, Biotecnolog\u00eda, Biolog\u00eda o afines. Poseer promedio con aplazos superior al hist\u00f3rico de su carrera en al menos un punto (1 pt.). Antecedentes en investigaci\u00f3n, docencia y poseer conocimientos de ingl\u00e9s.&nbsp;<\/p>\n\n\n\n<p><strong>Resume.<\/strong>\u00a0La colza (<em>Brassica napus<\/em>), es el tercer cultivo de semillas oleaginosas m\u00e1s importante del mundo. En Argentina se la conoce desde 1930, y en la d\u00e9cada del \u00b470 comenzaron los primeros trabajos de investigaci\u00f3n, aunque se paralizaron en los a\u00f1os 80. En 2006 se renov\u00f3 el inter\u00e9s por el cultivo, y actualmente, el Instituto Nacional de Tecnolog\u00eda Agropecuaria (INTA) est\u00e1 desarrollando proyectos referidos al mejoramiento y manejo del cultivo, siendo el \u00fanico programa de mejoramiento del cultivo en el pa\u00eds para generar germoplasma adaptado a la regi\u00f3n de cultivo. El uso de la colza en el sistema de producci\u00f3n agr\u00edcola nacional presenta ciertas ventajas, tanto para el productor como para la industria. Debido a su ciclo inverno \u2013 primaveral, la colza abastece a la industria en momentos en que \u00e9sta permanece ociosa y no se superpone con la molienda de las otras oleaginosas. Si bien la colza posee gran potencial para su cultivo, a\u00fan necesita ajustarse aspectos sobre manejo y mejoramiento gen\u00e9tico. Como cultivo de estaci\u00f3n fr\u00eda, la colza y otras especies productoras de aceite de\u00a0<em>brassicas<\/em>\u00a0son sensibles al estr\u00e9s por calor. El an\u00e1lisis exhaustivo de los registros meteorol\u00f3gicos, demuestran que de temperaturas de 28 \u2013 30 \u00b0C resultan en p\u00e9rdida de rendimiento y calidad de aceite. Recientemente, se ha formado un grupo interdisciplinario entre investigadores de EAA INTA Paran\u00e1 y el CEFOBI (CONICET\/UNR) para abordar diferentes aspectos del mejoramiento gen\u00e9tico de la colza. El plan de trabajo para el presente llamado a beca CONICET, tiene como objetivo estudiar las consecuencias del estr\u00e9s por calor sobre rendimiento y calidad de semilla. Al mismo, nos enfocaremos en el estudio de la expresi\u00f3n g\u00e9nica de genes candidatos identificados en colza o especies emparentadas. <\/p>\n\n\n\n<p><strong>Lugar de trabajo:<\/strong> INTA Paran\u00e1. Director \/ codirector de beca: Dr Gerardo Cervigni (CEFOBI) \/ Dra Lucrecia Gieco (INTA Paran\u00e1).\u00a0<\/p>\n<\/div><\/div>\n<\/div><\/div><\/div>","protected":false},"excerpt":{"rendered":"<p>Contacto: Dr. Gerardo Cervigni (cervigni@cefobi-conicet.gov.ar) o la Dra. Lucrecia Gieco (gieco.lucrecia@inta.gob.ar). TEMA : RESPUESTA DE LA COLZA AL ESTR\u00c9S POR ALTA TEMPERATURA EN ESTADIO DE MADUREZ DE SEMILLA Requisitos del candidato:&nbsp;Estudiantes egresados o a graduarse en Marzo\/Abril de 2022 en &hellip; <a href=\"https:\/\/www.cefobi-conicet.gov.ar\/en\/beca-doctoral-dres-gerardo-cervigni-y-lucrecia-giecco\/\">Continued<\/a><\/p>","protected":false},"author":7,"featured_media":0,"parent":0,"menu_order":0,"comment_status":"closed","ping_status":"closed","template":"","meta":{"kt_blocks_editor_width":"","footnotes":""},"class_list":["post-3397","page","type-page","status-publish","hentry"],"_links":{"self":[{"href":"https:\/\/www.cefobi-conicet.gov.ar\/en\/wp-json\/wp\/v2\/pages\/3397","targetHints":{"allow":["GET"]}}],"collection":[{"href":"https:\/\/www.cefobi-conicet.gov.ar\/en\/wp-json\/wp\/v2\/pages"}],"about":[{"href":"https:\/\/www.cefobi-conicet.gov.ar\/en\/wp-json\/wp\/v2\/types\/page"}],"author":[{"embeddable":true,"href":"https:\/\/www.cefobi-conicet.gov.ar\/en\/wp-json\/wp\/v2\/users\/7"}],"replies":[{"embeddable":true,"href":"https:\/\/www.cefobi-conicet.gov.ar\/en\/wp-json\/wp\/v2\/comments?post=3397"}],"version-history":[{"count":4,"href":"https:\/\/www.cefobi-conicet.gov.ar\/en\/wp-json\/wp\/v2\/pages\/3397\/revisions"}],"predecessor-version":[{"id":3437,"href":"https:\/\/www.cefobi-conicet.gov.ar\/en\/wp-json\/wp\/v2\/pages\/3397\/revisions\/3437"}],"wp:attachment":[{"href":"https:\/\/www.cefobi-conicet.gov.ar\/en\/wp-json\/wp\/v2\/media?parent=3397"}],"curies":[{"name":"wp","href":"https:\/\/api.w.org\/{rel}","templated":true}]}}