{"id":3353,"date":"2021-07-02T11:22:44","date_gmt":"2021-07-02T14:22:44","guid":{"rendered":"https:\/\/www.cefobi-conicet.gov.ar\/?page_id=3353"},"modified":"2021-07-02T11:22:45","modified_gmt":"2021-07-02T14:22:45","slug":"beca-doctoral-dres-corina-m-fusari-y-nicolas-blanco","status":"publish","type":"page","link":"https:\/\/www.cefobi-conicet.gov.ar\/en\/beca-doctoral-dres-corina-m-fusari-y-nicolas-blanco\/","title":{"rendered":"Beca Doctoral &#8211; Dres. Corina M. Fusari y Nicol\u00e1s Blanco"},"content":{"rendered":"<style>#kt-layout-id_3d6a90-59 > .kt-row-column-wrap{align-content:start;}:where(#kt-layout-id_3d6a90-59 > .kt-row-column-wrap) > .wp-block-kadence-column{justify-content:start;}#kt-layout-id_3d6a90-59 > .kt-row-column-wrap{column-gap:var(--global-kb-gap-md, 2rem);row-gap:var(--global-kb-gap-md, 2rem);padding-top:var( --global-kb-row-default-top, 25px );padding-bottom:var( --global-kb-row-default-bottom, 25px );padding-top:var(--global-kb-spacing-sm, 1.5rem);padding-bottom:var(--global-kb-spacing-sm, 1.5rem);grid-template-columns:repeat(2, minmax(0, 1fr));}#kt-layout-id_3d6a90-59 > .kt-row-layout-overlay{opacity:0.30;}@media all and (max-width: 1024px){#kt-layout-id_3d6a90-59 > .kt-row-column-wrap{grid-template-columns:repeat(2, minmax(0, 1fr));}}@media all and (max-width: 767px){#kt-layout-id_3d6a90-59 > .kt-row-column-wrap{grid-template-columns:minmax(0, 1fr);}}<\/style>\n<div class=\"wp-block-kadence-rowlayout alignnone\"><div id=\"kt-layout-id_3d6a90-59\" class=\"kt-row-layout-inner kt-layout-id_3d6a90-59\"><div class=\"kt-row-column-wrap kt-has-2-columns kt-gutter-default kt-v-gutter-default kt-row-valign-top kt-row-layout-equal kt-tab-layout-inherit kt-m-colapse-left-to-right kt-mobile-layout-row\"><style>.kadence-column_0ff219-92 > .kt-inside-inner-col{border-top-width:0px;border-right-width:0px;border-bottom-width:0px;border-left-width:0px;}.kadence-column_0ff219-92 > .kt-inside-inner-col,.kadence-column_0ff219-92 > .kt-inside-inner-col:before{border-top-left-radius:0px;border-top-right-radius:0px;border-bottom-right-radius:0px;border-bottom-left-radius:0px;}.kadence-column_0ff219-92 > .kt-inside-inner-col{column-gap:var(--global-kb-gap-sm, 1rem);}.kadence-column_0ff219-92 > .kt-inside-inner-col{flex-direction:column;}.kadence-column_0ff219-92 > .kt-inside-inner-col > .aligncenter{width:100%;}.kadence-column_0ff219-92 > .kt-inside-inner-col:before{opacity:0.3;}.kadence-column_0ff219-92{position:relative;}@media all and (max-width: 1024px){.kadence-column_0ff219-92 > .kt-inside-inner-col{flex-direction:column;justify-content:center;}}@media all and (max-width: 767px){.kadence-column_0ff219-92 > .kt-inside-inner-col{flex-direction:column;justify-content:center;}}<\/style>\n<div class=\"wp-block-kadence-column inner-column-1 kadence-column_0ff219-92\"><div class=\"kt-inside-inner-col\">\n<figure class=\"wp-block-image size-large\"><a href=\"https:\/\/www.cefobi-conicet.gov.ar\/en\/uploads_cefobi\/2021\/05\/2021_FusariBlanco.jpg\/\"><img loading=\"lazy\" decoding=\"async\" width=\"647\" height=\"494\" src=\"https:\/\/www.cefobi-conicet.gov.ar\/uploads_cefobi\/2021\/05\/2021_FusariBlanco.jpg\" alt=\"\" class=\"wp-image-3330\" srcset=\"https:\/\/www.cefobi-conicet.gov.ar\/wp-content\/uploads\/2021\/05\/2021_FusariBlanco.jpg 647w, https:\/\/www.cefobi-conicet.gov.ar\/wp-content\/uploads\/2021\/05\/2021_FusariBlanco-300x229.jpg 300w, https:\/\/www.cefobi-conicet.gov.ar\/wp-content\/uploads\/2021\/05\/2021_FusariBlanco-16x12.jpg 16w\" sizes=\"auto, (max-width: 647px) 100vw, 647px\" \/><\/a><\/figure>\n<\/div><\/div>\n\n\n<style>.kadence-column_3f4aef-8e > .kt-inside-inner-col{border-top-width:0px;border-right-width:0px;border-bottom-width:0px;border-left-width:0px;}.kadence-column_3f4aef-8e > .kt-inside-inner-col,.kadence-column_3f4aef-8e > .kt-inside-inner-col:before{border-top-left-radius:0px;border-top-right-radius:0px;border-bottom-right-radius:0px;border-bottom-left-radius:0px;}.kadence-column_3f4aef-8e > .kt-inside-inner-col{column-gap:var(--global-kb-gap-sm, 1rem);}.kadence-column_3f4aef-8e > .kt-inside-inner-col{flex-direction:column;}.kadence-column_3f4aef-8e > .kt-inside-inner-col > .aligncenter{width:100%;}.kadence-column_3f4aef-8e > .kt-inside-inner-col:before{opacity:0.3;}.kadence-column_3f4aef-8e{position:relative;}@media all and (max-width: 1024px){.kadence-column_3f4aef-8e > .kt-inside-inner-col{flex-direction:column;justify-content:center;}}@media all and (max-width: 767px){.kadence-column_3f4aef-8e > .kt-inside-inner-col{flex-direction:column;justify-content:center;}}<\/style>\n<div class=\"wp-block-kadence-column inner-column-2 kadence-column_3f4aef-8e\"><div class=\"kt-inside-inner-col\">\n<p>Contacto: fusari@cefobi-conicet.gov.ar o blanco@cefobi-conicet.gov.ar<\/p>\n\n\n\n<p>Tema:\u00a0ESTUDIO DE LA RELACI\u00d3N ENTRE EL ESTATUS ENERG\u00c9TICO CELULAR Y LA REGULACI\u00d3N DEL METABOLISMO DE L\u00cdPIDOS EN PLANTAS.<\/p>\n\n\n\n<p>Requisitos: Graduados o estudiante del \u00faltimo a\u00f1o de carreras de Biolog\u00eda, Bioqu\u00edmica, Biotecnolog\u00eda, Gen\u00e9tica, recibidos antes 1\/04\/2022. Promedio mayor o igual a 7.5. Conocimiento de ingl\u00e9s. Curiosidad por estudiar procesos fisiol\u00f3gicos de plantas desde perspectivas celulares y moleculares.<\/p>\n\n\n\n<p>Resumen: Las condiciones ambientales afectan el crecimiento y desarrollo de las plantas. Debido a esto, las plantas han desarrollado un metabolismo energ\u00e9tico altamente regulado y din\u00e1mico. Recientemente, estudios independientes indican que el tr\u00e1fico y la bios\u00edntesis de l\u00edpidos en el ret\u00edculo endoplasm\u00e1tico tendr\u00edan un rol central en el equilibrio energ\u00e9tico celular, cuando las condiciones ambientales son desfavorables. En este contexto, tanto las enzimas KCS (enzimas de la s\u00edntesis de \u00e1cidos grasos de cadena muy larga) como el complejo SnRK1 (regulador central del metabolismo energ\u00e9tico central) emergen como dos candidatos claves en dicha regulaci\u00f3n. Mediante generaci\u00f3n de mutantes, microscop\u00eda confocal, an\u00e1lisis fisiol\u00f3gicos y metabol\u00f3micos se propone investigar aspectos de la comunicaci\u00f3n cruzada entre KCS4 y la fracci\u00f3n de SNKR1.1 del ret\u00edculo endoplasm\u00e1tico, como mecanismo de homeostasis energ\u00e9tica frente a condiciones ambientales adversas, asociadas al cambio clim\u00e1tico. Nuestro grupo integra colaboraciones interdisciplinarias y ofrece oportunidades para estad\u00edas en laboratorios internacionales.<\/p>\n\n\n\n<p>Ref.: Blanco et al. (2019) J Exp Bot 70(8):2325-2338. doi: 10.1093\/jxb\/erz023.&nbsp;Luzarowska et al. (2020) biorXiv https:\/\/doi.org\/10.1101\/2020.07.27.223388<\/p>\n<\/div><\/div>\n<\/div><\/div><\/div>","protected":false},"excerpt":{"rendered":"<p>Contacto: fusari@cefobi-conicet.gov.ar o blanco@cefobi-conicet.gov.ar Tema:\u00a0ESTUDIO DE LA RELACI\u00d3N ENTRE EL ESTATUS ENERG\u00c9TICO CELULAR Y LA REGULACI\u00d3N DEL METABOLISMO DE L\u00cdPIDOS EN PLANTAS. Requisitos: Graduados o estudiante del \u00faltimo a\u00f1o de carreras de Biolog\u00eda, Bioqu\u00edmica, Biotecnolog\u00eda, Gen\u00e9tica, recibidos antes 1\/04\/2022. Promedio &hellip; <a href=\"https:\/\/www.cefobi-conicet.gov.ar\/en\/beca-doctoral-dres-corina-m-fusari-y-nicolas-blanco\/\">Continued<\/a><\/p>","protected":false},"author":7,"featured_media":0,"parent":0,"menu_order":0,"comment_status":"closed","ping_status":"closed","template":"","meta":{"kt_blocks_editor_width":"","footnotes":""},"class_list":["post-3353","page","type-page","status-publish","hentry"],"_links":{"self":[{"href":"https:\/\/www.cefobi-conicet.gov.ar\/en\/wp-json\/wp\/v2\/pages\/3353","targetHints":{"allow":["GET"]}}],"collection":[{"href":"https:\/\/www.cefobi-conicet.gov.ar\/en\/wp-json\/wp\/v2\/pages"}],"about":[{"href":"https:\/\/www.cefobi-conicet.gov.ar\/en\/wp-json\/wp\/v2\/types\/page"}],"author":[{"embeddable":true,"href":"https:\/\/www.cefobi-conicet.gov.ar\/en\/wp-json\/wp\/v2\/users\/7"}],"replies":[{"embeddable":true,"href":"https:\/\/www.cefobi-conicet.gov.ar\/en\/wp-json\/wp\/v2\/comments?post=3353"}],"version-history":[{"count":2,"href":"https:\/\/www.cefobi-conicet.gov.ar\/en\/wp-json\/wp\/v2\/pages\/3353\/revisions"}],"predecessor-version":[{"id":3355,"href":"https:\/\/www.cefobi-conicet.gov.ar\/en\/wp-json\/wp\/v2\/pages\/3353\/revisions\/3355"}],"wp:attachment":[{"href":"https:\/\/www.cefobi-conicet.gov.ar\/en\/wp-json\/wp\/v2\/media?parent=3353"}],"curies":[{"name":"wp","href":"https:\/\/api.w.org\/{rel}","templated":true}]}}