{"id":3350,"date":"2021-07-02T11:20:48","date_gmt":"2021-07-02T14:20:48","guid":{"rendered":"https:\/\/www.cefobi-conicet.gov.ar\/?page_id=3350"},"modified":"2021-07-02T11:20:49","modified_gmt":"2021-07-02T14:20:49","slug":"beca-doctoral-dra-corina-m-fusari","status":"publish","type":"page","link":"https:\/\/www.cefobi-conicet.gov.ar\/en\/beca-doctoral-dra-corina-m-fusari\/","title":{"rendered":"BECA DOCTORAL \u2013 Dra. Corina M. Fusari"},"content":{"rendered":"<style>#kt-layout-id_47d056-a5 > .kt-row-column-wrap{align-content:start;}:where(#kt-layout-id_47d056-a5 > .kt-row-column-wrap) > .wp-block-kadence-column{justify-content:start;}#kt-layout-id_47d056-a5 > .kt-row-column-wrap{column-gap:var(--global-kb-gap-md, 2rem);row-gap:var(--global-kb-gap-md, 2rem);padding-top:var( --global-kb-row-default-top, 25px );padding-bottom:var( --global-kb-row-default-bottom, 25px );padding-top:var(--global-kb-spacing-sm, 1.5rem);padding-bottom:var(--global-kb-spacing-sm, 1.5rem);grid-template-columns:repeat(2, minmax(0, 1fr));}#kt-layout-id_47d056-a5 > .kt-row-layout-overlay{opacity:0.30;}@media all and (max-width: 1024px){#kt-layout-id_47d056-a5 > .kt-row-column-wrap{grid-template-columns:repeat(2, minmax(0, 1fr));}}@media all and (max-width: 767px){#kt-layout-id_47d056-a5 > .kt-row-column-wrap{grid-template-columns:minmax(0, 1fr);}}<\/style>\n<div class=\"wp-block-kadence-rowlayout alignnone\"><div id=\"kt-layout-id_47d056-a5\" class=\"kt-row-layout-inner kt-layout-id_47d056-a5\"><div class=\"kt-row-column-wrap kt-has-2-columns kt-gutter-default kt-v-gutter-default kt-row-valign-top kt-row-layout-equal kt-tab-layout-inherit kt-m-colapse-left-to-right kt-mobile-layout-row\"><style>.kadence-column_870987-3b > .kt-inside-inner-col{border-top-width:0px;border-right-width:0px;border-bottom-width:0px;border-left-width:0px;}.kadence-column_870987-3b > .kt-inside-inner-col,.kadence-column_870987-3b > .kt-inside-inner-col:before{border-top-left-radius:0px;border-top-right-radius:0px;border-bottom-right-radius:0px;border-bottom-left-radius:0px;}.kadence-column_870987-3b > .kt-inside-inner-col{column-gap:var(--global-kb-gap-sm, 1rem);}.kadence-column_870987-3b > .kt-inside-inner-col{flex-direction:column;}.kadence-column_870987-3b > .kt-inside-inner-col > .aligncenter{width:100%;}.kadence-column_870987-3b > .kt-inside-inner-col:before{opacity:0.3;}.kadence-column_870987-3b{position:relative;}@media all and (max-width: 1024px){.kadence-column_870987-3b > .kt-inside-inner-col{flex-direction:column;justify-content:center;}}@media all and (max-width: 767px){.kadence-column_870987-3b > .kt-inside-inner-col{flex-direction:column;justify-content:center;}}<\/style>\n<div class=\"wp-block-kadence-column inner-column-1 kadence-column_870987-3b\"><div class=\"kt-inside-inner-col\">\n<figure class=\"wp-block-image size-large\"><a href=\"https:\/\/www.cefobi-conicet.gov.ar\/en\/uploads_cefobi\/2021\/05\/2021_Fusari.jpg\/\"><img loading=\"lazy\" decoding=\"async\" width=\"642\" height=\"487\" src=\"https:\/\/www.cefobi-conicet.gov.ar\/uploads_cefobi\/2021\/05\/2021_Fusari.jpg\" alt=\"\" class=\"wp-image-3329\" srcset=\"https:\/\/www.cefobi-conicet.gov.ar\/wp-content\/uploads\/2021\/05\/2021_Fusari.jpg 642w, https:\/\/www.cefobi-conicet.gov.ar\/wp-content\/uploads\/2021\/05\/2021_Fusari-300x228.jpg 300w, https:\/\/www.cefobi-conicet.gov.ar\/wp-content\/uploads\/2021\/05\/2021_Fusari-16x12.jpg 16w\" sizes=\"auto, (max-width: 642px) 100vw, 642px\" \/><\/a><\/figure>\n<\/div><\/div>\n\n\n<style>.kadence-column_14cc7f-33 > .kt-inside-inner-col{border-top-width:0px;border-right-width:0px;border-bottom-width:0px;border-left-width:0px;}.kadence-column_14cc7f-33 > .kt-inside-inner-col,.kadence-column_14cc7f-33 > .kt-inside-inner-col:before{border-top-left-radius:0px;border-top-right-radius:0px;border-bottom-right-radius:0px;border-bottom-left-radius:0px;}.kadence-column_14cc7f-33 > .kt-inside-inner-col{column-gap:var(--global-kb-gap-sm, 1rem);}.kadence-column_14cc7f-33 > .kt-inside-inner-col{flex-direction:column;}.kadence-column_14cc7f-33 > .kt-inside-inner-col > .aligncenter{width:100%;}.kadence-column_14cc7f-33 > .kt-inside-inner-col:before{opacity:0.3;}.kadence-column_14cc7f-33{position:relative;}@media all and (max-width: 1024px){.kadence-column_14cc7f-33 > .kt-inside-inner-col{flex-direction:column;justify-content:center;}}@media all and (max-width: 767px){.kadence-column_14cc7f-33 > .kt-inside-inner-col{flex-direction:column;justify-content:center;}}<\/style>\n<div class=\"wp-block-kadence-column inner-column-2 kadence-column_14cc7f-33\"><div class=\"kt-inside-inner-col\">\n<p>Contacto: fusari@cefobi-conicet.gov.ar<\/p>\n\n\n\n<p>Tema:\u00a0NUEVAS ESTRATEGIAS PARA AUMENTAR EL RENDIMIENTO EN CULTIVOS.<\/p>\n\n\n\n<p>Requisitos: Graduados o estudiantes de las carreras de Biolog\u00eda, Bioqu\u00edmica, Biotecnolog\u00eda, Gen\u00e9tica, Agronom\u00eda o afines que est\u00e9n recibidos antes del 1\/04\/2022. Promedio mayor o igual a 7.5. Conocimiento de ingl\u00e9s. Inter\u00e9s en gen\u00e9tica, fisiolog\u00eda vegetal y bioinform\u00e1tica.<\/p>\n\n\n\n<p>Resumen: El aceleramiento del cambio clim\u00e1tico y el incremento poblacional constante hacen que sea imperioso desarrollar cultivos con combinen simult\u00e1neamente una mayor resistencia frente a estreses abi\u00f3ticos y un mayor potencial de rendimiento. Por ello, estamos interesados en estudiar la regulaci\u00f3n de caracteres de rendimiento, especialmente los relacionados con el aborto de flores, frutos y semillas, que se observa en respuesta a condiciones externas no-\u00f3ptimas de crecimiento. Estudios recientes han demostrado que este proceso se debe a la cantidad de metabolito fijado a trav\u00e9s de la fotos\u00edntesis. Posteriormente, nuestro grupo identific\u00f3 aborto espont\u00e1neo de flores y frutos en mutantes para genes que regulan el metabolismo central, revelando la estrecha relaci\u00f3n entre el metabolismo y la reproducci\u00f3n. Este proyecto plantea un abordaje de \u00faltima generaci\u00f3n, combinando estudios fisiol\u00f3gicos y an\u00e1lisis de eficiencia fotosint\u00e9tica, mapeo por asociaci\u00f3n de genoma completo (Genome Wide Association), estudios de diversidad haplot\u00edpica y an\u00e1lisis de fenotipos mutantes para determinar los factores que regulan estos caracteres de rendimiento. Nuestro grupo integra colaboraciones interdisciplinarias y ofrece oportunidades para estad\u00edas en laboratorios internacionales.<\/p>\n\n\n\n<p>Ref: Lauxmann et al. (2016), Plant Cell Environ.&nbsp;39, 745\u2013767. doi: 10.1111\/pce.12634. Fusari et al. (2017) Plant Cell 29:2349\u20132373. https:\/\/doi.org\/10.1105\/tpc.17.00232<\/p>\n<\/div><\/div>\n<\/div><\/div><\/div>","protected":false},"excerpt":{"rendered":"<p>Contacto: fusari@cefobi-conicet.gov.ar Tema:\u00a0NUEVAS ESTRATEGIAS PARA AUMENTAR EL RENDIMIENTO EN CULTIVOS. Requisitos: Graduados o estudiantes de las carreras de Biolog\u00eda, Bioqu\u00edmica, Biotecnolog\u00eda, Gen\u00e9tica, Agronom\u00eda o afines que est\u00e9n recibidos antes del 1\/04\/2022. Promedio mayor o igual a 7.5. Conocimiento de ingl\u00e9s. &hellip; <a href=\"https:\/\/www.cefobi-conicet.gov.ar\/en\/beca-doctoral-dra-corina-m-fusari\/\">Continued<\/a><\/p>","protected":false},"author":7,"featured_media":0,"parent":0,"menu_order":0,"comment_status":"closed","ping_status":"closed","template":"","meta":{"kt_blocks_editor_width":"","footnotes":""},"class_list":["post-3350","page","type-page","status-publish","hentry"],"_links":{"self":[{"href":"https:\/\/www.cefobi-conicet.gov.ar\/en\/wp-json\/wp\/v2\/pages\/3350","targetHints":{"allow":["GET"]}}],"collection":[{"href":"https:\/\/www.cefobi-conicet.gov.ar\/en\/wp-json\/wp\/v2\/pages"}],"about":[{"href":"https:\/\/www.cefobi-conicet.gov.ar\/en\/wp-json\/wp\/v2\/types\/page"}],"author":[{"embeddable":true,"href":"https:\/\/www.cefobi-conicet.gov.ar\/en\/wp-json\/wp\/v2\/users\/7"}],"replies":[{"embeddable":true,"href":"https:\/\/www.cefobi-conicet.gov.ar\/en\/wp-json\/wp\/v2\/comments?post=3350"}],"version-history":[{"count":2,"href":"https:\/\/www.cefobi-conicet.gov.ar\/en\/wp-json\/wp\/v2\/pages\/3350\/revisions"}],"predecessor-version":[{"id":3352,"href":"https:\/\/www.cefobi-conicet.gov.ar\/en\/wp-json\/wp\/v2\/pages\/3350\/revisions\/3352"}],"wp:attachment":[{"href":"https:\/\/www.cefobi-conicet.gov.ar\/en\/wp-json\/wp\/v2\/media?parent=3350"}],"curies":[{"name":"wp","href":"https:\/\/api.w.org\/{rel}","templated":true}]}}