{"id":3326,"date":"2021-07-02T11:03:05","date_gmt":"2021-07-02T14:03:05","guid":{"rendered":"https:\/\/www.cefobi-conicet.gov.ar\/?page_id=3326"},"modified":"2022-07-05T09:10:23","modified_gmt":"2022-07-05T12:10:23","slug":"beca-doctoral-karina-tripodi","status":"publish","type":"page","link":"https:\/\/www.cefobi-conicet.gov.ar\/en\/beca-doctoral-karina-tripodi\/","title":{"rendered":"Beca Doctoral &#8211; Karina Tr\u00edpodi"},"content":{"rendered":"<style>#kt-layout-id_b5ff16-f8 > .kt-row-column-wrap{align-content:start;}:where(#kt-layout-id_b5ff16-f8 > .kt-row-column-wrap) > .wp-block-kadence-column{justify-content:start;}#kt-layout-id_b5ff16-f8 > .kt-row-column-wrap{column-gap:var(--global-kb-gap-md, 2rem);row-gap:var(--global-kb-gap-md, 2rem);padding-top:var( --global-kb-row-default-top, 25px );padding-bottom:var( --global-kb-row-default-bottom, 25px );padding-top:var(--global-kb-spacing-sm, 1.5rem);padding-bottom:var(--global-kb-spacing-sm, 1.5rem);grid-template-columns:repeat(2, minmax(0, 1fr));}#kt-layout-id_b5ff16-f8 > .kt-row-layout-overlay{opacity:0.30;}@media all and (max-width: 1024px){#kt-layout-id_b5ff16-f8 > .kt-row-column-wrap{grid-template-columns:repeat(2, minmax(0, 1fr));}}@media all and (max-width: 767px){#kt-layout-id_b5ff16-f8 > .kt-row-column-wrap{grid-template-columns:minmax(0, 1fr);}}<\/style>\n<div class=\"wp-block-kadence-rowlayout alignnone\"><div id=\"kt-layout-id_b5ff16-f8\" class=\"kt-row-layout-inner kt-layout-id_b5ff16-f8\"><div class=\"kt-row-column-wrap kt-has-2-columns kt-gutter-default kt-v-gutter-default kt-row-valign-top kt-row-layout-equal kt-tab-layout-inherit kt-m-colapse-left-to-right kt-mobile-layout-row\"><style>.kadence-column_7fe1f6-da > .kt-inside-inner-col{border-top-width:0px;border-right-width:0px;border-bottom-width:0px;border-left-width:0px;}.kadence-column_7fe1f6-da > .kt-inside-inner-col,.kadence-column_7fe1f6-da > .kt-inside-inner-col:before{border-top-left-radius:0px;border-top-right-radius:0px;border-bottom-right-radius:0px;border-bottom-left-radius:0px;}.kadence-column_7fe1f6-da > .kt-inside-inner-col{column-gap:var(--global-kb-gap-sm, 1rem);}.kadence-column_7fe1f6-da > .kt-inside-inner-col{flex-direction:column;}.kadence-column_7fe1f6-da > .kt-inside-inner-col > .aligncenter{width:100%;}.kadence-column_7fe1f6-da > .kt-inside-inner-col:before{opacity:0.3;}.kadence-column_7fe1f6-da{position:relative;}@media all and (max-width: 1024px){.kadence-column_7fe1f6-da > .kt-inside-inner-col{flex-direction:column;justify-content:center;}}@media all and (max-width: 767px){.kadence-column_7fe1f6-da > .kt-inside-inner-col{flex-direction:column;justify-content:center;}}<\/style>\n<div class=\"wp-block-kadence-column inner-column-1 kadence-column_7fe1f6-da\"><div class=\"kt-inside-inner-col\">\n<figure class=\"wp-block-image size-large\"><a href=\"https:\/\/www.cefobi-conicet.gov.ar\/en\/uploads_cefobi\/2022\/07\/berries-Karina-Tripodi.jpg\/\"><img loading=\"lazy\" decoding=\"async\" width=\"800\" height=\"424\" src=\"https:\/\/www.cefobi-conicet.gov.ar\/uploads_cefobi\/2022\/07\/berries-Karina-Tripodi.jpg\" alt=\"\" class=\"wp-image-3940\" srcset=\"https:\/\/www.cefobi-conicet.gov.ar\/wp-content\/uploads\/2022\/07\/berries-Karina-Tripodi.jpg 800w, https:\/\/www.cefobi-conicet.gov.ar\/wp-content\/uploads\/2022\/07\/berries-Karina-Tripodi-300x159.jpg 300w, https:\/\/www.cefobi-conicet.gov.ar\/wp-content\/uploads\/2022\/07\/berries-Karina-Tripodi-768x407.jpg 768w, https:\/\/www.cefobi-conicet.gov.ar\/wp-content\/uploads\/2022\/07\/berries-Karina-Tripodi-16x8.jpg 16w\" sizes=\"auto, (max-width: 800px) 100vw, 800px\" \/><\/a><\/figure>\n<\/div><\/div>\n\n\n<style>.kadence-column_d345b5-e9 > .kt-inside-inner-col{border-top-width:0px;border-right-width:0px;border-bottom-width:0px;border-left-width:0px;}.kadence-column_d345b5-e9 > .kt-inside-inner-col,.kadence-column_d345b5-e9 > .kt-inside-inner-col:before{border-top-left-radius:0px;border-top-right-radius:0px;border-bottom-right-radius:0px;border-bottom-left-radius:0px;}.kadence-column_d345b5-e9 > .kt-inside-inner-col{column-gap:var(--global-kb-gap-sm, 1rem);}.kadence-column_d345b5-e9 > .kt-inside-inner-col{flex-direction:column;}.kadence-column_d345b5-e9 > .kt-inside-inner-col > .aligncenter{width:100%;}.kadence-column_d345b5-e9 > .kt-inside-inner-col:before{opacity:0.3;}.kadence-column_d345b5-e9{position:relative;}@media all and (max-width: 1024px){.kadence-column_d345b5-e9 > .kt-inside-inner-col{flex-direction:column;justify-content:center;}}@media all and (max-width: 767px){.kadence-column_d345b5-e9 > .kt-inside-inner-col{flex-direction:column;justify-content:center;}}<\/style>\n<div class=\"wp-block-kadence-column inner-column-2 kadence-column_d345b5-e9\"><div class=\"kt-inside-inner-col\">\n<p><strong>Contact<\/strong>: <a href=\"mailto:tripodi@cefobi-conicet.gov.ar\">tripodi@cefobi-conicet.gov.ar<\/a><\/p>\n\n\n\n<p><strong>Tema<\/strong>: \u201cFACTORES BIOQU\u00cdMICOS Y MOLECULARES DETERMINANTES DE LA CALIDAD EN AR\u00c1NDANOS (<em>Vaccinium corymbosum<\/em>): IDENTIFICACI\u00d3N Y VALIDACI\u00d3N DE MARCADORES VINCULADOS A LA FIRMEZA\u201d<\/p>\n\n\n\n<p><strong>Requisitos<\/strong>: ser Lic. en Biotecnolog\u00eda, en Tecnolog\u00eda de los Alimentos, Bioqu\u00edmicx o Ing. Agr\u00f3nomx, u otras carreras afines, con curiosidad, buena capacidad de trabajo en equipo<\/p>\n\n\n\n<p><strong>Abstract<\/strong>: El objetivo general del presente proyecto es avanzar en la validaci\u00f3n de marcadores identificados en trabajos previos como vinculados a la firmeza del fruto de ar\u00e1ndano y evaluar su comportamiento frente a diferentes tratamientos previos a la cosecha. <\/p>\n\n\n\n<p>Los objetivos particulares son: <\/p>\n\n\n\n<p>A- Investigar la respuesta de las enzimas del metabolismo de la pared celular, movimiento de agua y\/o solutos y metabolismo general de carbohidratos en la cosecha y poscosecha. <\/p>\n\n\n\n<p>B- Realizar un relevamiento de la correlaci\u00f3n entre los niveles de ciertas prote\u00ednas y metabolitos con la firmeza y calidad interna en distintas variedades de ar\u00e1ndano con el objeto de validarlos como marcadores de estos atributos.<\/p>\n\n\n\n<p><strong>Publicaciones del grupo de Investigaci\u00f3n: <\/strong>\u201cBiochemical differences in the skin of two blueberries (Vaccinium corymbosum) varieties with contrasting firmness: Implication of ions, metabolites and cell wall related proteins in two developmental stages\u201d (2021) Montecchiarini, M; Silva-Sanzana, C., Valderramo, L.; Alemano, S.; Goll\u00e1n, A.; Rivadeneira, M.F.; Bello, F.; V\u00e1zquez, D.; Blanco-Herrera, F.; Podest\u00e1, F.E. and Tripodi, K.E.J. Plant physiology and Biochemistry. 162 (2021) 483\u2013495. <\/p>\n\n\n\n<p>\u201cProteomic and metabolomic approaches unveil relevant biochemical changes in carbohydrate and cell wall metabolisms of two blueberry (Vaccinium corymbosum) varieties with different quality attributes\u201d (2019) Montecchiarini, M.L.; Margarit, E.; Morales, L., Rivadeneira, M.F.; Bello; F.,Goll\u00e1n, A. V\u00e1zquez, D.; Podest\u00e1, F. E. and Tripodi, K. E.J. Plant Physiology and Biochemistry. 136, 230-244. <\/p>\n\n\n\n<p>\u201cMetabolic and physiologic profile duringthe fruit ripening of three blueberrieshighbush (Vaccinium corymbosum) cultivars\u201d (2018) Montecchiarini, M.L.; Bello, F.; Rivadeneira, M.F.; Vazquez, D.; Podesta, F.E. and Tripodi, K.E.J. Journal of Berry Research. 8, 177\u2013192.<\/p>\n<\/div><\/div>\n<\/div><\/div><\/div>\n\n\n\n<p><\/p>","protected":false},"excerpt":{"rendered":"<p>Contacto: tripodi@cefobi-conicet.gov.ar Tema: \u201cFACTORES BIOQU\u00cdMICOS Y MOLECULARES DETERMINANTES DE LA CALIDAD EN AR\u00c1NDANOS (Vaccinium corymbosum): IDENTIFICACI\u00d3N Y VALIDACI\u00d3N DE MARCADORES VINCULADOS A LA FIRMEZA\u201d Requisitos: ser Lic. en Biotecnolog\u00eda, en Tecnolog\u00eda de los Alimentos, Bioqu\u00edmicx o Ing. Agr\u00f3nomx, u otras &hellip; <a href=\"https:\/\/www.cefobi-conicet.gov.ar\/en\/beca-doctoral-karina-tripodi\/\">Continued<\/a><\/p>","protected":false},"author":7,"featured_media":0,"parent":0,"menu_order":0,"comment_status":"closed","ping_status":"closed","template":"","meta":{"kt_blocks_editor_width":"","footnotes":""},"class_list":["post-3326","page","type-page","status-publish","hentry"],"_links":{"self":[{"href":"https:\/\/www.cefobi-conicet.gov.ar\/en\/wp-json\/wp\/v2\/pages\/3326","targetHints":{"allow":["GET"]}}],"collection":[{"href":"https:\/\/www.cefobi-conicet.gov.ar\/en\/wp-json\/wp\/v2\/pages"}],"about":[{"href":"https:\/\/www.cefobi-conicet.gov.ar\/en\/wp-json\/wp\/v2\/types\/page"}],"author":[{"embeddable":true,"href":"https:\/\/www.cefobi-conicet.gov.ar\/en\/wp-json\/wp\/v2\/users\/7"}],"replies":[{"embeddable":true,"href":"https:\/\/www.cefobi-conicet.gov.ar\/en\/wp-json\/wp\/v2\/comments?post=3326"}],"version-history":[{"count":7,"href":"https:\/\/www.cefobi-conicet.gov.ar\/en\/wp-json\/wp\/v2\/pages\/3326\/revisions"}],"predecessor-version":[{"id":3947,"href":"https:\/\/www.cefobi-conicet.gov.ar\/en\/wp-json\/wp\/v2\/pages\/3326\/revisions\/3947"}],"wp:attachment":[{"href":"https:\/\/www.cefobi-conicet.gov.ar\/en\/wp-json\/wp\/v2\/media?parent=3326"}],"curies":[{"name":"wp","href":"https:\/\/api.w.org\/{rel}","templated":true}]}}