{"id":2512,"date":"2019-09-27T19:23:59","date_gmt":"2019-09-27T19:23:59","guid":{"rendered":"https:\/\/www.cefobi-conicet.gov.ar\/?page_id=2512"},"modified":"2021-12-07T11:56:23","modified_gmt":"2021-12-07T14:56:23","slug":"analisis-elemental-por-icp-ms","status":"publish","type":"page","link":"https:\/\/www.cefobi-conicet.gov.ar\/en\/analisis-elemental-por-icp-ms\/","title":{"rendered":"ELEMENTAL ANALYSIS BY ICP-MS"},"content":{"rendered":"<style>#kt-layout-id_b058c1-80 > .kt-row-column-wrap{align-content:start;}:where(#kt-layout-id_b058c1-80 > .kt-row-column-wrap) > .wp-block-kadence-column{justify-content:start;}#kt-layout-id_b058c1-80 > .kt-row-column-wrap{column-gap:var(--global-kb-gap-md, 2rem);row-gap:var(--global-kb-gap-md, 2rem);padding-top:var( --global-kb-row-default-top, 25px );padding-bottom:var( --global-kb-row-default-bottom, 25px );padding-top:var(--global-kb-spacing-sm, 1.5rem);padding-bottom:var(--global-kb-spacing-sm, 1.5rem);grid-template-columns:repeat(2, minmax(0, 1fr));}#kt-layout-id_b058c1-80 > .kt-row-layout-overlay{opacity:0.30;}@media all and (max-width: 1024px){#kt-layout-id_b058c1-80 > .kt-row-column-wrap{grid-template-columns:repeat(2, minmax(0, 1fr));}}@media all and (max-width: 767px){#kt-layout-id_b058c1-80 > .kt-row-column-wrap{grid-template-columns:minmax(0, 1fr);}}<\/style>\n<div class=\"wp-block-kadence-rowlayout alignnone\"><div id=\"kt-layout-id_b058c1-80\" class=\"kt-row-layout-inner kt-layout-id_b058c1-80\"><div class=\"kt-row-column-wrap kt-has-2-columns kt-gutter-default kt-v-gutter-default kt-row-valign-top kt-row-layout-equal kt-tab-layout-inherit kt-m-colapse-left-to-right kt-mobile-layout-row\"><style>.kadence-column_1d9df1-39 > .kt-inside-inner-col{border-top-width:0px;border-right-width:0px;border-bottom-width:0px;border-left-width:0px;}.kadence-column_1d9df1-39 > .kt-inside-inner-col,.kadence-column_1d9df1-39 > .kt-inside-inner-col:before{border-top-left-radius:0px;border-top-right-radius:0px;border-bottom-right-radius:0px;border-bottom-left-radius:0px;}.kadence-column_1d9df1-39 > .kt-inside-inner-col{column-gap:var(--global-kb-gap-sm, 1rem);}.kadence-column_1d9df1-39 > .kt-inside-inner-col{flex-direction:column;}.kadence-column_1d9df1-39 > .kt-inside-inner-col > .aligncenter{width:100%;}.kadence-column_1d9df1-39 > .kt-inside-inner-col:before{opacity:0.3;}.kadence-column_1d9df1-39{position:relative;}@media all and (max-width: 1024px){.kadence-column_1d9df1-39 > .kt-inside-inner-col{flex-direction:column;justify-content:center;}}@media all and (max-width: 767px){.kadence-column_1d9df1-39 > .kt-inside-inner-col{flex-direction:column;justify-content:center;}}<\/style>\n<div class=\"wp-block-kadence-column inner-column-1 kadence-column_1d9df1-39\"><div class=\"kt-inside-inner-col\">\n<figure class=\"wp-block-image size-large\"><a href=\"https:\/\/www.cefobi-conicet.gov.ar\/en\/uploads_cefobi\/2021\/12\/IPC-Masa2.png\/\"><img loading=\"lazy\" decoding=\"async\" width=\"1024\" height=\"1005\" src=\"https:\/\/www.cefobi-conicet.gov.ar\/uploads_cefobi\/2021\/12\/IPC-Masa2-1024x1005.png\" alt=\"\" class=\"wp-image-3480\" srcset=\"https:\/\/www.cefobi-conicet.gov.ar\/wp-content\/uploads\/2021\/12\/IPC-Masa2-1024x1005.png 1024w, https:\/\/www.cefobi-conicet.gov.ar\/wp-content\/uploads\/2021\/12\/IPC-Masa2-300x294.png 300w, https:\/\/www.cefobi-conicet.gov.ar\/wp-content\/uploads\/2021\/12\/IPC-Masa2-768x754.png 768w, https:\/\/www.cefobi-conicet.gov.ar\/wp-content\/uploads\/2021\/12\/IPC-Masa2-1536x1507.png 1536w, https:\/\/www.cefobi-conicet.gov.ar\/wp-content\/uploads\/2021\/12\/IPC-Masa2-12x12.png 12w, https:\/\/www.cefobi-conicet.gov.ar\/wp-content\/uploads\/2021\/12\/IPC-Masa2.png 1603w\" sizes=\"auto, (max-width: 1024px) 100vw, 1024px\" \/><\/a><\/figure>\n<\/div><\/div>\n\n\n<style>.kadence-column_641670-07 > .kt-inside-inner-col{border-top-width:0px;border-right-width:0px;border-bottom-width:0px;border-left-width:0px;}.kadence-column_641670-07 > .kt-inside-inner-col,.kadence-column_641670-07 > .kt-inside-inner-col:before{border-top-left-radius:0px;border-top-right-radius:0px;border-bottom-right-radius:0px;border-bottom-left-radius:0px;}.kadence-column_641670-07 > .kt-inside-inner-col{column-gap:var(--global-kb-gap-sm, 1rem);}.kadence-column_641670-07 > .kt-inside-inner-col{flex-direction:column;}.kadence-column_641670-07 > .kt-inside-inner-col > .aligncenter{width:100%;}.kadence-column_641670-07 > .kt-inside-inner-col:before{opacity:0.3;}.kadence-column_641670-07{position:relative;}@media all and (max-width: 1024px){.kadence-column_641670-07 > .kt-inside-inner-col{flex-direction:column;justify-content:center;}}@media all and (max-width: 767px){.kadence-column_641670-07 > .kt-inside-inner-col{flex-direction:column;justify-content:center;}}<\/style>\n<div class=\"wp-block-kadence-column inner-column-2 kadence-column_641670-07\"><div class=\"kt-inside-inner-col\">\n<p>This equipment allows to analyze nearly all the elements of the periodic table, with the advantage that it can measure more than 70 elements simultaneously. It is also highly sensitive, reaching trace (ppb) and even ultratrace (ppt) levels. The wide spectrum of applications includes the biomedical, toxicological, environmental, pharmaceutical and agro-industrial fields.\nWe also have a coupled HPLC system, which allows determining the chemical forms present of the elements (eg As (V) \/ As (III), Cr (III) \/ Cr (VI)), and an auxiliary equipment for the digestion of samples (microwave oven).<\/p>\n\n\n\n<p>Responsible: PAGANI, MAR\u00cdA AYEL\u00c9N<\/p>\n\n\n\n<p>Contact:&nbsp;<a href=\"mailto:pagani@cefobi-conicet.gov.ar\">pagani@cefobi-conicet.gov.ar<\/a><\/p>\n<\/div><\/div>\n<\/div><\/div><\/div>\n\n\n\n<p><\/p>","protected":false},"excerpt":{"rendered":"<p>Este equipamiento permite analizar pr\u00e1cticamente todos los elementos de la tabla peri\u00f3dica, con la ventaja de que puede medir m\u00e1s de 70 elementos simult\u00e1neamente. Es, asimismo, muy sensible, llegando a cuantificar partes por bill\u00f3n (ppb) y hasta partes por trill\u00f3n &hellip; <a href=\"https:\/\/www.cefobi-conicet.gov.ar\/en\/analisis-elemental-por-icp-ms\/\">Continued<\/a><\/p>","protected":false},"author":4,"featured_media":0,"parent":0,"menu_order":0,"comment_status":"closed","ping_status":"closed","template":"","meta":{"kt_blocks_editor_width":"","footnotes":""},"class_list":["post-2512","page","type-page","status-publish","hentry"],"_links":{"self":[{"href":"https:\/\/www.cefobi-conicet.gov.ar\/en\/wp-json\/wp\/v2\/pages\/2512","targetHints":{"allow":["GET"]}}],"collection":[{"href":"https:\/\/www.cefobi-conicet.gov.ar\/en\/wp-json\/wp\/v2\/pages"}],"about":[{"href":"https:\/\/www.cefobi-conicet.gov.ar\/en\/wp-json\/wp\/v2\/types\/page"}],"author":[{"embeddable":true,"href":"https:\/\/www.cefobi-conicet.gov.ar\/en\/wp-json\/wp\/v2\/users\/4"}],"replies":[{"embeddable":true,"href":"https:\/\/www.cefobi-conicet.gov.ar\/en\/wp-json\/wp\/v2\/comments?post=2512"}],"version-history":[{"count":5,"href":"https:\/\/www.cefobi-conicet.gov.ar\/en\/wp-json\/wp\/v2\/pages\/2512\/revisions"}],"predecessor-version":[{"id":3510,"href":"https:\/\/www.cefobi-conicet.gov.ar\/en\/wp-json\/wp\/v2\/pages\/2512\/revisions\/3510"}],"wp:attachment":[{"href":"https:\/\/www.cefobi-conicet.gov.ar\/en\/wp-json\/wp\/v2\/media?parent=2512"}],"curies":[{"name":"wp","href":"https:\/\/api.w.org\/{rel}","templated":true}]}}