{"id":1979,"date":"2018-05-17T18:56:40","date_gmt":"2018-05-17T18:56:40","guid":{"rendered":"http:\/\/www.cefobi-conicet.gov.ar\/?page_id=1979"},"modified":"2021-12-15T13:34:37","modified_gmt":"2021-12-15T16:34:37","slug":"actividad-de-enzimas","status":"publish","type":"page","link":"https:\/\/www.cefobi-conicet.gov.ar\/en\/actividad-de-enzimas\/","title":{"rendered":"LYTIC ENZYME ACTIVITY:"},"content":{"rendered":"<style>#kt-layout-id_31a906-e0 > .kt-row-column-wrap{align-content:start;}:where(#kt-layout-id_31a906-e0 > .kt-row-column-wrap) > .wp-block-kadence-column{justify-content:start;}#kt-layout-id_31a906-e0 > .kt-row-column-wrap{column-gap:var(--global-kb-gap-md, 2rem);row-gap:var(--global-kb-gap-md, 2rem);padding-top:var( --global-kb-row-default-top, 25px );padding-bottom:var( --global-kb-row-default-bottom, 25px );padding-top:var(--global-kb-spacing-sm, 1.5rem);padding-bottom:var(--global-kb-spacing-sm, 1.5rem);grid-template-columns:repeat(2, minmax(0, 1fr));}#kt-layout-id_31a906-e0 > .kt-row-layout-overlay{opacity:0.30;}@media all and (max-width: 1024px){#kt-layout-id_31a906-e0 > .kt-row-column-wrap{grid-template-columns:repeat(2, minmax(0, 1fr));}}@media all and (max-width: 767px){#kt-layout-id_31a906-e0 > .kt-row-column-wrap{grid-template-columns:minmax(0, 1fr);}}<\/style>\n<div class=\"wp-block-kadence-rowlayout alignnone\"><div id=\"kt-layout-id_31a906-e0\" class=\"kt-row-layout-inner kt-layout-id_31a906-e0\"><div class=\"kt-row-column-wrap kt-has-2-columns kt-gutter-default kt-v-gutter-default kt-row-valign-top kt-row-layout-equal kt-tab-layout-inherit kt-m-colapse-left-to-right kt-mobile-layout-row\"><style>.kadence-column_48ae6d-70 > .kt-inside-inner-col{border-top-width:0px;border-right-width:0px;border-bottom-width:0px;border-left-width:0px;}.kadence-column_48ae6d-70 > .kt-inside-inner-col,.kadence-column_48ae6d-70 > .kt-inside-inner-col:before{border-top-left-radius:0px;border-top-right-radius:0px;border-bottom-right-radius:0px;border-bottom-left-radius:0px;}.kadence-column_48ae6d-70 > .kt-inside-inner-col{column-gap:var(--global-kb-gap-sm, 1rem);}.kadence-column_48ae6d-70 > .kt-inside-inner-col{flex-direction:column;}.kadence-column_48ae6d-70 > .kt-inside-inner-col > .aligncenter{width:100%;}.kadence-column_48ae6d-70 > .kt-inside-inner-col:before{opacity:0.3;}.kadence-column_48ae6d-70{position:relative;}@media all and (max-width: 1024px){.kadence-column_48ae6d-70 > .kt-inside-inner-col{flex-direction:column;justify-content:center;}}@media all and (max-width: 767px){.kadence-column_48ae6d-70 > .kt-inside-inner-col{flex-direction:column;justify-content:center;}}<\/style>\n<div class=\"wp-block-kadence-column inner-column-1 kadence-column_48ae6d-70\"><div class=\"kt-inside-inner-col\">\n<figure class=\"wp-block-image size-large\"><a href=\"https:\/\/www.cefobi-conicet.gov.ar\/en\/uploads_cefobi\/2021\/12\/stan-enzimas-liticas-scaled.jpg\/\"><img loading=\"lazy\" decoding=\"async\" width=\"680\" height=\"1024\" src=\"https:\/\/www.cefobi-conicet.gov.ar\/uploads_cefobi\/2021\/12\/stan-enzimas-liticas-680x1024.jpg\" alt=\"\" class=\"wp-image-3565\" srcset=\"https:\/\/www.cefobi-conicet.gov.ar\/wp-content\/uploads\/2021\/12\/stan-enzimas-liticas-680x1024.jpg 680w, https:\/\/www.cefobi-conicet.gov.ar\/wp-content\/uploads\/2021\/12\/stan-enzimas-liticas-199x300.jpg 199w, https:\/\/www.cefobi-conicet.gov.ar\/wp-content\/uploads\/2021\/12\/stan-enzimas-liticas-768x1156.jpg 768w, https:\/\/www.cefobi-conicet.gov.ar\/wp-content\/uploads\/2021\/12\/stan-enzimas-liticas-1020x1536.jpg 1020w, https:\/\/www.cefobi-conicet.gov.ar\/wp-content\/uploads\/2021\/12\/stan-enzimas-liticas-1360x2048.jpg 1360w, https:\/\/www.cefobi-conicet.gov.ar\/wp-content\/uploads\/2021\/12\/stan-enzimas-liticas-8x12.jpg 8w, https:\/\/www.cefobi-conicet.gov.ar\/wp-content\/uploads\/2021\/12\/stan-enzimas-liticas-scaled.jpg 1700w\" sizes=\"auto, (max-width: 680px) 100vw, 680px\" \/><\/a><\/figure>\n<\/div><\/div>\n\n\n<style>.kadence-column_92337a-8e > .kt-inside-inner-col{border-top-width:0px;border-right-width:0px;border-bottom-width:0px;border-left-width:0px;}.kadence-column_92337a-8e > .kt-inside-inner-col,.kadence-column_92337a-8e > .kt-inside-inner-col:before{border-top-left-radius:0px;border-top-right-radius:0px;border-bottom-right-radius:0px;border-bottom-left-radius:0px;}.kadence-column_92337a-8e > .kt-inside-inner-col{column-gap:var(--global-kb-gap-sm, 1rem);}.kadence-column_92337a-8e > .kt-inside-inner-col{flex-direction:column;}.kadence-column_92337a-8e > .kt-inside-inner-col > .aligncenter{width:100%;}.kadence-column_92337a-8e > .kt-inside-inner-col:before{opacity:0.3;}.kadence-column_92337a-8e{position:relative;}@media all and (max-width: 1024px){.kadence-column_92337a-8e > .kt-inside-inner-col{flex-direction:column;justify-content:center;}}@media all and (max-width: 767px){.kadence-column_92337a-8e > .kt-inside-inner-col{flex-direction:column;justify-content:center;}}<\/style>\n<div class=\"wp-block-kadence-column inner-column-2 kadence-column_92337a-8e\"><div class=\"kt-inside-inner-col\">\n<div class=\"wp-block-group\"><div class=\"wp-block-group__inner-container is-layout-flow wp-block-group-is-layout-flow\">\n<p><\/p>\n\n\n\n<p>The service offers to determine three enzymatic activities: lipase, protease and amylase. The samples are prepared taking into account dilutions and possible interferences. The tests are carried out using colorimetric kits in a microplate reader or spectrophotometer. Each determination is done in duplicate and the results are compared to standards. The activities of the enzymes tested are reported in IU per ml or mg.<\/p>\n\n\n\n<p>Responsible: SAIGO, MARIANA \u2013 GERRARD WHEELER, MARIEL CLAUDIA<\/p>\n\n\n\n<p>Contact:&nbsp;<a href=\"mailto:saigo@cefobi-conicet.gov.ar\">saigo@cefobi-conicet.gov.ar<\/a>; gerrard@cefobi-conicet.gov.ar<\/p>\n<\/div><\/div>\n<\/div><\/div>\n<\/div><\/div><\/div>\n\n\n\n<p><\/p>","protected":false},"excerpt":{"rendered":"<p>El servicio ofrece determinar tres actividades enzim\u00e1ticas: lipasa, proteasa y amilasa. Las muestras se preparan teniendo en cuenta diluciones y posibles interferencias. Los ensayos se realizan mediante kits colorim\u00e9tricos en lector de microplaca o espectrofot\u00f3metro. Cada determinaci\u00f3n se realiza por &hellip; <a href=\"https:\/\/www.cefobi-conicet.gov.ar\/en\/actividad-de-enzimas\/\">Continued<\/a><\/p>","protected":false},"author":4,"featured_media":0,"parent":0,"menu_order":0,"comment_status":"closed","ping_status":"closed","template":"","meta":{"kt_blocks_editor_width":"","footnotes":""},"class_list":["post-1979","page","type-page","status-publish","hentry"],"_links":{"self":[{"href":"https:\/\/www.cefobi-conicet.gov.ar\/en\/wp-json\/wp\/v2\/pages\/1979","targetHints":{"allow":["GET"]}}],"collection":[{"href":"https:\/\/www.cefobi-conicet.gov.ar\/en\/wp-json\/wp\/v2\/pages"}],"about":[{"href":"https:\/\/www.cefobi-conicet.gov.ar\/en\/wp-json\/wp\/v2\/types\/page"}],"author":[{"embeddable":true,"href":"https:\/\/www.cefobi-conicet.gov.ar\/en\/wp-json\/wp\/v2\/users\/4"}],"replies":[{"embeddable":true,"href":"https:\/\/www.cefobi-conicet.gov.ar\/en\/wp-json\/wp\/v2\/comments?post=1979"}],"version-history":[{"count":6,"href":"https:\/\/www.cefobi-conicet.gov.ar\/en\/wp-json\/wp\/v2\/pages\/1979\/revisions"}],"predecessor-version":[{"id":3566,"href":"https:\/\/www.cefobi-conicet.gov.ar\/en\/wp-json\/wp\/v2\/pages\/1979\/revisions\/3566"}],"wp:attachment":[{"href":"https:\/\/www.cefobi-conicet.gov.ar\/en\/wp-json\/wp\/v2\/media?parent=1979"}],"curies":[{"name":"wp","href":"https:\/\/api.w.org\/{rel}","templated":true}]}}