{"id":1061,"date":"2016-07-27T14:41:05","date_gmt":"2016-07-27T14:41:05","guid":{"rendered":"http:\/\/web2.rosario-conicet.gov.ar\/CEFOBIWP\/?page_id=1061"},"modified":"2016-09-12T17:01:12","modified_gmt":"2016-09-12T17:01:12","slug":"modulos-de-union-a-carbohidratos-2","status":"publish","type":"page","link":"https:\/\/www.cefobi-conicet.gov.ar\/en\/modulos-de-union-a-carbohidratos-2\/","title":{"rendered":"M\u00d3DULOS DE UNI\u00d3N A CARBOHIDRATOS"},"content":{"rendered":"<p align=\"justify\">Aplicaciones biotecnol\u00f3gicas de los m\u00f3dulos de uni\u00f3n a carbohidratos: algas y plantas de dise\u00f1o<\/p>\n<p align=\"justify\"><strong>Investigadores:<\/strong> Dra. Mar\u00eda Victoria Busi, Dr. Diego Gomez Casati, Dra. Mariana Mart\u00edn, Dra. Julieta Barchiesi<\/p>\n<p align=\"justify\"><strong>Becarios:<\/strong> Lic. Nicol\u00e1s Hedin, Lic. Julieta Carrillo<\/p>\n<p align=\"justify\">El Plan Nacional Argentina Innovadora 2020 plantea para el sector de la agroindustria el desarrollo y mejoramiento de cultivos existentes para incrementar sus rendimientos y adaptarlos a procesos de conversi\u00f3n de biomasa. Este proyecto se propone obtener plantas transg\u00e9nicas con paredes celulares m\u00e1s laxas y f\u00e1cilmente degradables que sean m\u00e1s eficientes en la producci\u00f3n de bioetanol de segunda generaci\u00f3n y en la alimentaci\u00f3n de ganado lechero. Se trabajar\u00e1 con dos prote\u00ednas capaces de unirse a carbohidratos dirigidas hacia la pared celular vegetal. Nuestra hip\u00f3tesis plantea que estos dominios provocar\u00edan el desensamblaje de la estructura cristalina de microfibrillas de celulosa y hemicelulosas, haciendo a las paredes m\u00e1s accesibles para la extracci\u00f3n de los az\u00facares fermentables. Un enfoque similar se lleva a cabo con algas, intentando modificar su pared (si la tuviera) o el contenido y calidad del almid\u00f3n para servir como fuente de biocombustibles y aditivo en la industria alimenticia.<\/p>\n<p align=\"justify\"><strong>Financiamiento:<\/strong><\/p>\n<p align=\"justify\">\u2022Desarrollo y mejoramiento de cultivos mediante herramientas de biotecnolog\u00eda vegetal SECTEI Santa Fe 2014 INVESTIGADOR RESPONSABLE: Mar\u00eda Victoria Busi<\/p>","protected":false},"excerpt":{"rendered":"<p>Aplicaciones biotecnol\u00f3gicas de los m\u00f3dulos de uni\u00f3n a carbohidratos: algas y plantas de dise\u00f1o Investigadores: Dra. Mar\u00eda Victoria Busi, Dr. Diego Gomez Casati, Dra. Mariana Mart\u00edn, Dra. Julieta Barchiesi Becarios: Lic. Nicol\u00e1s Hedin, Lic. Julieta Carrillo El Plan Nacional Argentina &hellip; <a href=\"https:\/\/www.cefobi-conicet.gov.ar\/en\/modulos-de-union-a-carbohidratos-2\/\">Continued<\/a><\/p>","protected":false},"author":4,"featured_media":0,"parent":0,"menu_order":0,"comment_status":"closed","ping_status":"closed","template":"","meta":{"kt_blocks_editor_width":"","footnotes":""},"class_list":["post-1061","page","type-page","status-publish","hentry"],"_links":{"self":[{"href":"https:\/\/www.cefobi-conicet.gov.ar\/en\/wp-json\/wp\/v2\/pages\/1061","targetHints":{"allow":["GET"]}}],"collection":[{"href":"https:\/\/www.cefobi-conicet.gov.ar\/en\/wp-json\/wp\/v2\/pages"}],"about":[{"href":"https:\/\/www.cefobi-conicet.gov.ar\/en\/wp-json\/wp\/v2\/types\/page"}],"author":[{"embeddable":true,"href":"https:\/\/www.cefobi-conicet.gov.ar\/en\/wp-json\/wp\/v2\/users\/4"}],"replies":[{"embeddable":true,"href":"https:\/\/www.cefobi-conicet.gov.ar\/en\/wp-json\/wp\/v2\/comments?post=1061"}],"version-history":[{"count":3,"href":"https:\/\/www.cefobi-conicet.gov.ar\/en\/wp-json\/wp\/v2\/pages\/1061\/revisions"}],"predecessor-version":[{"id":1264,"href":"https:\/\/www.cefobi-conicet.gov.ar\/en\/wp-json\/wp\/v2\/pages\/1061\/revisions\/1264"}],"wp:attachment":[{"href":"https:\/\/www.cefobi-conicet.gov.ar\/en\/wp-json\/wp\/v2\/media?parent=1061"}],"curies":[{"name":"wp","href":"https:\/\/api.w.org\/{rel}","templated":true}]}}