{"id":1050,"date":"2016-07-27T14:36:10","date_gmt":"2016-07-27T14:36:10","guid":{"rendered":"http:\/\/web2.rosario-conicet.gov.ar\/CEFOBIWP\/?page_id=1050"},"modified":"2018-01-30T16:39:53","modified_gmt":"2018-01-30T16:39:53","slug":"patogenos-fungicos-de-durazno-2","status":"publish","type":"page","link":"https:\/\/www.cefobi-conicet.gov.ar\/en\/patogenos-fungicos-de-durazno-2\/","title":{"rendered":"PAT\u00d3GENOS F\u00daNGICOS DE DURAZNO"},"content":{"rendered":"<p align=\"justify\">Estudio de la interacci\u00f3n <i>Prunus persica<\/i> \u2013 <i>Taphrina deformans<\/i><\/p>\n<p align=\"justify\"><strong>Investigadores:<\/strong> Dra. Claudia A. Bustamante, Dra. Mar\u00eda Fabiana Drincovich, Dra. Mar\u00eda Valeria Lara, Dra. Gabriela L. M\u00fcller<\/p>\n<p align=\"justify\"><strong>Colaboradores:<\/strong> Gabriel H. Valentini (INTA San Pedro), Alisdair Fernie (Max Planck Institut, Alemania)<\/p>\n<p align=\"justify\"><i>Prunus persica<\/i> (L.) Batsch, es una de las especies m\u00e1s importantes en t\u00e9rminos econ\u00f3micos del g\u00e9nero Prunus; sin embargo, diversas condiciones afectan su producci\u00f3n. Entre ellas, la enfermedad de \u201c<i>torque de la hoja del duraznero<\/i>\u201d, que tambi\u00e9n puede afectar flores y frutos, es causada por el hongo biotr\u00f3fico <i>Taphrina deformans<\/i> (Berk.) Tul. La misma se presenta mundialmente, ya que el hongo se encuentra en todas las regiones donde se cultivan frutales de carozo, y se calcula que causa p\u00e9rdidas de entre 2,5 y 3 millones de d\u00f3lares cada a\u00f1o. En Argentina, 10\u00ba productor mundial de duraznos, la incidencia del hongo es muy alta. Si bien la enfermedad es rutinariamente controlada con fungicidas, en variedades susceptibles y en a\u00f1os muy h\u00famedos, es necesario un alto uso de agroqu\u00edmicos. El costo de los mismos, su potencial impacto negativo en los animales y humanos, y el insuficiente control, han incrementado la demanda de pr\u00e1cticas de cultivo que reduzcan los riesgos para la salud y el ambiente; siendo necesarias estrategias sustentadas en materiales gen\u00e9ticamente resistentes. Cualquier intento de control de la enfermedad exige un conocimiento detallado tanto de los mecanismos de infecci\u00f3n del hongo como de los mecanismos de defensa de la planta. En el caso del patosistema <i>T. deformans-P. persica<\/i> el conocimiento es sorprendentemente escaso. As\u00ed, el objetivo de esta l\u00ednea de trabajo es estudiar la interacci\u00f3n <i>P. persica<\/i>&#8211;<i>T. deformans, <\/i>a fin de identificar sus componentes moleculares y de generar herramientas para prevenir o disminuir el impacto del pat\u00f3geno en el duraznero. Dicho objetivo es abordado a trav\u00e9s del estudio de las fases presintom\u00e1ticas de la enfermada analizando (a) hojas asintom\u00e1ticas, en las que el <i>T. deformans<\/i> se detect\u00f3 por m\u00e9todos moleculares y que han sido infectadas en condiciones de campo y (b) hojas inoculadas en el laboratorio; y estudiando la fase sintom\u00e1tica; esto es, (c) hojas con distinto grado de torque. El estudio del perfil metabol\u00f3mico, lipid\u00f3mico, transcript\u00f3mico y prote\u00f3mico asociado con el establecimiento de la enfermedad del <i>torque<\/i> en variedades susceptibles y su comparaci\u00f3n con aquellos de una progenie resistente disponible nos est\u00e1 permitiendo dilucidar los mecanismos que intervienen en la resistencia a la enfermedad y los que ocurren durante la enfermedad, constituyendo los primeros estudios en el tema. Por otra parte, nos encontramos\u00a0 investigando la participaci\u00f3n diferencial, en el genotipo resistente y en dos genotipos susceptibles, del \u00e1cido salic\u00edlico y de las auxinas en las respuestas a <i>T. deformans. <\/i>La ejecuci\u00f3n de este proyecto proporcionar\u00e1 informaci\u00f3n acerca de elementos clave sobre los que intervenir con el objeto de desarrollar estrategias de control duraderas, efectivas y respetuosas con el medio ambiente. Los resultados obtenidos podr\u00edan transferirse directamente al sector productivo para obtener variedades resistentes. Esta l\u00ednea plantea un trabajo interdisciplinario, en colaboraci\u00f3n con el grupo de mejoramiento de la Estaci\u00f3n Experimental INTA de San Pedro, adem\u00e1s de la colaboraci\u00f3n con el Dr Allisdair A. Fernie, Max-Planck-Institut, Alemania, para los estudios de metabol\u00f3mica.<\/p>\n<p align=\"justify\"><strong>Financiamiento:<\/strong><\/p>\n<p align=\"justify\">\u2022Mecanismos moleculares en la interacci\u00f3n Prunus persica \u2013 Taphrina deformans: herramientas para su estudio y disminuci\u00f3n del impacto del pat\u00f3geno en el duraznero PICT 2016 ANPCyT INVESTIGADOR RESPONSABLE:  Mar\u00eda Valeria Lara<\/p>\n<p align=\"justify\">\u2022Diversidad metab\u00f3lica, susceptibilidad frente al da\u00f1o por fr\u00edo y respuesta al ataque por <i>Taphrina deformans<\/i> de variedades de durazno 2015 BIO 417 UNR<\/p>\n<p align=\"justify\"><strong>Publicaciones destacadas:<\/strong><\/p>\n<p align=\"justify\">Goldy C., Svetaz L.A., Bustamante C.A., Allegrini M., Valentini G.H., Drincovich M.F., Fernie A.R., Lara M.V. (2017) Comparative proteomic and metabolomic studies between <em>Prunus persica<\/em> genotypes resistant and susceptible to <em>Taphrina deformans<\/em> suggest a molecular basis of resistance. Plant Physiology and Biochemistry 118, 245-255, DOI: 10.1016\/j.plaphy.2017.06.022.<\/p>\n<p align=\"justify\">Svetaz L.A., Bustamante C.A., Goldy C., Rivero N., M\u00fcller G.L., Valentini G.H.,  Fernie A.R., Drincovich M.F., Lara M.V. (2017) Unraveling early events in the <em>Taphrina deformans \u2013 Prunus persica<\/em> interaction: an insight into the differential responses in resistant and susceptible genotypes. Plant, Cell &#038; Environment, DOI: 10.1111\/pce.12942.<\/p>","protected":false},"excerpt":{"rendered":"<p>Estudio de la interacci\u00f3n Prunus persica \u2013 Taphrina deformans Investigadores: Dra. Claudia A. Bustamante, Dra. Mar\u00eda Fabiana Drincovich, Dra. Mar\u00eda Valeria Lara, Dra. Gabriela L. M\u00fcller Colaboradores: Gabriel H. Valentini (INTA San Pedro), Alisdair Fernie (Max Planck Institut, Alemania) Prunus &hellip; <a href=\"https:\/\/www.cefobi-conicet.gov.ar\/en\/patogenos-fungicos-de-durazno-2\/\">Continued<\/a><\/p>","protected":false},"author":4,"featured_media":0,"parent":0,"menu_order":0,"comment_status":"closed","ping_status":"closed","template":"","meta":{"kt_blocks_editor_width":"","footnotes":""},"class_list":["post-1050","page","type-page","status-publish","hentry"],"_links":{"self":[{"href":"https:\/\/www.cefobi-conicet.gov.ar\/en\/wp-json\/wp\/v2\/pages\/1050","targetHints":{"allow":["GET"]}}],"collection":[{"href":"https:\/\/www.cefobi-conicet.gov.ar\/en\/wp-json\/wp\/v2\/pages"}],"about":[{"href":"https:\/\/www.cefobi-conicet.gov.ar\/en\/wp-json\/wp\/v2\/types\/page"}],"author":[{"embeddable":true,"href":"https:\/\/www.cefobi-conicet.gov.ar\/en\/wp-json\/wp\/v2\/users\/4"}],"replies":[{"embeddable":true,"href":"https:\/\/www.cefobi-conicet.gov.ar\/en\/wp-json\/wp\/v2\/comments?post=1050"}],"version-history":[{"count":7,"href":"https:\/\/www.cefobi-conicet.gov.ar\/en\/wp-json\/wp\/v2\/pages\/1050\/revisions"}],"predecessor-version":[{"id":1886,"href":"https:\/\/www.cefobi-conicet.gov.ar\/en\/wp-json\/wp\/v2\/pages\/1050\/revisions\/1886"}],"wp:attachment":[{"href":"https:\/\/www.cefobi-conicet.gov.ar\/en\/wp-json\/wp\/v2\/media?parent=1050"}],"curies":[{"name":"wp","href":"https:\/\/api.w.org\/{rel}","templated":true}]}}