{"id":1038,"date":"2016-07-27T14:29:31","date_gmt":"2016-07-27T14:29:31","guid":{"rendered":"http:\/\/web2.rosario-conicet.gov.ar\/CEFOBIWP\/?page_id=1038"},"modified":"2016-11-04T13:38:17","modified_gmt":"2016-11-04T13:38:17","slug":"fotopercepcion-en-patogenos-2","status":"publish","type":"page","link":"https:\/\/www.cefobi-conicet.gov.ar\/en\/fotopercepcion-en-patogenos-2\/","title":{"rendered":"FOTOPERCEPCI\u00d3N EN PAT\u00d3GENOS"},"content":{"rendered":"<p align=\"justify\">Fotopercepci\u00f3n en <em>Acinetobacter baumannii<\/em> y otros pat\u00f3genos de relevancia cl\u00ednica y agron\u00f3mica<\/p>\n<p align=\"justify\"><strong>Investigadores:<\/strong> Dra. Mar\u00eda Alejandra Mussi, Dra. Gabriela Leticia M\u00fcller<\/p>\n<p align=\"justify\"><strong>Becarios:<\/strong> Lic. Adri\u00e1n Golic, Lic. Marisel Tuttobene<\/p>\n<p align=\"justify\"><strong>Publicaciones destacadas:<\/strong><\/p>\n<p align=\"justify\">Ram\u00edrez M.S., M\u00fcller G., P\u00e9rez J., Golic A., Mussi M.A. (2015) More than just light: Clinical relevance of light perception in the nosocomial pathogen <i>Acinetobacter baumannii<\/i> and other members of the genus Acinetobacter. Photochem. Photobiol., 91(6):1291-1301.<\/p>\n<p align=\"justify\">Ram\u00edrez M.S., Traglia G., P\u00e9rez J., M\u00fcller G., Mart\u00ednez F., Golic A., Mussi M.A. (2015) White and blue light induce reduction in susceptibility to minocycline and tigecycline in <i>Acinetobacter<\/i> sp. and other bacteria of clinical importance. J. Med. Microb. 64(Pt 5): 525-537.<\/p>\n<p align=\"justify\">Mussi M.A., Actis L., de Mendoza D., Cybulski L. (2014) Using a microbial physiologic and genetic approach to investigate how bacteria sense physical stimuli. Biochem. Mol. Biol. Educ. 42 (5): 427-434.<\/p>\n<p align=\"justify\">Golic A., Vaneechoutte M., Nemec A., Viale A., Actis L., Mussi M.A. (2013) Staring at the cold sun: blue light is distributed within the genus <i>Acinetobacter<\/i>. PLoS ONE 8(1): e55059.<\/p>\n<p align=\"justify\">Mussi M.A., Gaddy J.A., Cabruja M., Arivett B.A., Viale A.M., Rasia R., Actis L.A. (2010) The opportunistic human pathogen <i>Acinetobacter baumannii<\/i> senses and responds to light. J. Bacteriol. 192 (24): 6336-6345.<\/p>","protected":false},"excerpt":{"rendered":"<p>Fotopercepci\u00f3n en Acinetobacter baumannii y otros pat\u00f3genos de relevancia cl\u00ednica y agron\u00f3mica Investigadores: Dra. Mar\u00eda Alejandra Mussi, Dra. Gabriela Leticia M\u00fcller Becarios: Lic. Adri\u00e1n Golic, Lic. Marisel Tuttobene Publicaciones destacadas: Ram\u00edrez M.S., M\u00fcller G., P\u00e9rez J., Golic A., Mussi M.A. &hellip; <a href=\"https:\/\/www.cefobi-conicet.gov.ar\/en\/fotopercepcion-en-patogenos-2\/\">Continued<\/a><\/p>","protected":false},"author":4,"featured_media":0,"parent":0,"menu_order":0,"comment_status":"closed","ping_status":"closed","template":"","meta":{"kt_blocks_editor_width":"","footnotes":""},"class_list":["post-1038","page","type-page","status-publish","hentry"],"_links":{"self":[{"href":"https:\/\/www.cefobi-conicet.gov.ar\/en\/wp-json\/wp\/v2\/pages\/1038","targetHints":{"allow":["GET"]}}],"collection":[{"href":"https:\/\/www.cefobi-conicet.gov.ar\/en\/wp-json\/wp\/v2\/pages"}],"about":[{"href":"https:\/\/www.cefobi-conicet.gov.ar\/en\/wp-json\/wp\/v2\/types\/page"}],"author":[{"embeddable":true,"href":"https:\/\/www.cefobi-conicet.gov.ar\/en\/wp-json\/wp\/v2\/users\/4"}],"replies":[{"embeddable":true,"href":"https:\/\/www.cefobi-conicet.gov.ar\/en\/wp-json\/wp\/v2\/comments?post=1038"}],"version-history":[{"count":4,"href":"https:\/\/www.cefobi-conicet.gov.ar\/en\/wp-json\/wp\/v2\/pages\/1038\/revisions"}],"predecessor-version":[{"id":1257,"href":"https:\/\/www.cefobi-conicet.gov.ar\/en\/wp-json\/wp\/v2\/pages\/1038\/revisions\/1257"}],"wp:attachment":[{"href":"https:\/\/www.cefobi-conicet.gov.ar\/en\/wp-json\/wp\/v2\/media?parent=1038"}],"curies":[{"name":"wp","href":"https:\/\/api.w.org\/{rel}","templated":true}]}}