{"id":1017,"date":"2016-07-27T13:52:19","date_gmt":"2016-07-27T13:52:19","guid":{"rendered":"http:\/\/web2.rosario-conicet.gov.ar\/CEFOBIWP\/?page_id=1017"},"modified":"2016-11-11T13:06:12","modified_gmt":"2016-11-11T13:06:12","slug":"metabolismo-de-acidos-organicos","status":"publish","type":"page","link":"https:\/\/www.cefobi-conicet.gov.ar\/en\/metabolismo-de-acidos-organicos\/","title":{"rendered":"METABOLISMO DE \u00c1CIDOS ORG\u00c1NICOS"},"content":{"rendered":"<p>Relaci\u00f3n estructura-funci\u00f3n de enzimas del metabolismo de \u00e1cidos org\u00e1nicos<\/p>\n<p align=\"justify\"><strong>Investigadores:<\/strong> Dr. Carlos S. Andreo, Dra. Mar\u00eda Fabiana Drincovich, Dra. Mariel C. Gerrard Wheeler, Dr. Marcos A. Tronconi, Dra. Mariana Saigo, Dra. Clarisa E. Alvarez<\/p>\n<p align=\"justify\"><strong>Becarios:<\/strong> Dra. Cintia L. Arias, Dra. Mariana B. Badia, Lic. Juan Pablo Zubimendi<\/p>\n<p align=\"justify\">Los \u00e1cidos org\u00e1nicos tienen numerosas y diversas funciones indispensables para el desarrollo y la supervivencia de las plantas. Particularmente, <i>Arabidopsis thaliana<\/i> es una especie con metabolismo C<sub>3<\/sub> hiper-acumuladora de \u00e1cidos de cuatro carbonos, tales como malato y fumarato, constituyendo ambos importante mol\u00e9culas de almacenamiento y transporte del carbono y energ\u00eda. Nuestro objetivo es el estudio de las enzimas implicadas en el metabolismo de estos \u00e1cidos C<sub>4<\/sub>, tales como la enzima m\u00e1lica la cual cataliza la descarboxilaci\u00f3n oxidativa de malato y la enzima fumarasa, la cual lo mantiene en equilibrio con el fumarato. Las distintas isoformas son caracterizadas a nivel de expresi\u00f3n tisular y a lo largo del desarrollo de la planta y a nivel del estudio del mecanismo de cat\u00e1lisis, par\u00e1metros cin\u00e9ticos y regulaci\u00f3n por efectores metab\u00f3licos. El uso de plantas mutantes y transg\u00e9nicas nos permite dilucidar la relaci\u00f3n de estas enzimas con procesos tales como nutrici\u00f3n vegetal, respuesta a estr\u00e9s h\u00eddrico y tolerancia a aluminio. A trav\u00e9s de diversos ensayos estructurales se estudian residuos y segmentos implicados en las propiedades bioqu\u00edmicas, sitios alost\u00e9ricos y modificaciones covalentes que permitan cambios en la actividad de las enzimas.<\/p>\n<p align=\"justify\"><strong>Publicaciones destacadas:<\/strong><\/p>\n<p align=\"justify\">Badia M. B., Arias C. L., Tronconi M. A., Maurino V. G., Andreo C. S., Drincovich M. F., Gerrard Wheeler M. C. (2015) Enhanced cytosolic NADP-ME2 activity in <i>A. thaliana<\/i> affects plant development, stress tolerance and specific diurnal and nocturnal cellular processes. Plant Sci., 240: 193-203.<\/p>\n<p align=\"justify\">Tronconi M. A., Gerrard Wheeler M. C., Martinatto A., Zubimendi J. P., Andreo C. S., Drincovich, M. F. (2015) Allosteric substrate inhibition of Arabidopsis NAD-dependent malic enzyme 1 is released by fumarate. Phytochemistry, 111: 37-47.<\/p>\n<p align=\"justify\">Arias C. L., Andreo C. S., Drincovich M. F., Gerrard Wheeler M. C. (2013) Fumarate and cytosolic pH as modulators of the synthesis or consumption of C<sub>4<\/sub> organic acids through NADP-malic enzyme in <i>Arabidopsis thaliana<\/i>. Plant Mol. Biol., 81, 297-307.<\/p>\n<p align=\"justify\">Tronconi M. A., Maurino V. G., Andreo C. S., Drincovich M. F. (2010) Three different and tissue-specific NAD-malic enzyme generated by alternative subunit association in <i>Arabidopsis thaliana<\/i>. J. Biol. Chem., 285: 11870-11879.<\/p>\n<p align=\"justify\">Fahnenstich H., Saigo M., Niessen M., Zanor M. I., Andreo C. S., Fernie A. R., Drincovich M. F., Fl\u00fcgge U. I., Maurino V. G. (2007) Alteration of organic acid metabolism in Arabidopsis overexpressing the maize C<sub>4<\/sub> NADP-malic enzyme causes accelerated senescence during extended darkness. Plant Physiol., 145: 640-652.<\/p>","protected":false},"excerpt":{"rendered":"<p>Relaci\u00f3n estructura-funci\u00f3n de enzimas del metabolismo de \u00e1cidos org\u00e1nicos Investigadores: Dr. Carlos S. Andreo, Dra. Mar\u00eda Fabiana Drincovich, Dra. Mariel C. Gerrard Wheeler, Dr. Marcos A. Tronconi, Dra. Mariana Saigo, Dra. Clarisa E. Alvarez Becarios: Dra. Cintia L. Arias, Dra. &hellip; <a href=\"https:\/\/www.cefobi-conicet.gov.ar\/en\/metabolismo-de-acidos-organicos\/\">Continued<\/a><\/p>","protected":false},"author":4,"featured_media":0,"parent":0,"menu_order":0,"comment_status":"closed","ping_status":"closed","template":"","meta":{"kt_blocks_editor_width":"","footnotes":""},"class_list":["post-1017","page","type-page","status-publish","hentry"],"_links":{"self":[{"href":"https:\/\/www.cefobi-conicet.gov.ar\/en\/wp-json\/wp\/v2\/pages\/1017","targetHints":{"allow":["GET"]}}],"collection":[{"href":"https:\/\/www.cefobi-conicet.gov.ar\/en\/wp-json\/wp\/v2\/pages"}],"about":[{"href":"https:\/\/www.cefobi-conicet.gov.ar\/en\/wp-json\/wp\/v2\/types\/page"}],"author":[{"embeddable":true,"href":"https:\/\/www.cefobi-conicet.gov.ar\/en\/wp-json\/wp\/v2\/users\/4"}],"replies":[{"embeddable":true,"href":"https:\/\/www.cefobi-conicet.gov.ar\/en\/wp-json\/wp\/v2\/comments?post=1017"}],"version-history":[{"count":3,"href":"https:\/\/www.cefobi-conicet.gov.ar\/en\/wp-json\/wp\/v2\/pages\/1017\/revisions"}],"predecessor-version":[{"id":1422,"href":"https:\/\/www.cefobi-conicet.gov.ar\/en\/wp-json\/wp\/v2\/pages\/1017\/revisions\/1422"}],"wp:attachment":[{"href":"https:\/\/www.cefobi-conicet.gov.ar\/en\/wp-json\/wp\/v2\/media?parent=1017"}],"curies":[{"name":"wp","href":"https:\/\/api.w.org\/{rel}","templated":true}]}}