{"id":992,"date":"2016-07-27T13:25:47","date_gmt":"2016-07-27T16:25:47","guid":{"rendered":"http:\/\/web2.rosario-conicet.gov.ar\/CEFOBIWP\/?page_id=992"},"modified":"2021-04-29T14:26:25","modified_gmt":"2021-04-29T17:26:25","slug":"firmeza-en-arandano","status":"publish","type":"page","link":"http:\/\/www.cefobi-conicet.gov.ar\/en\/firmeza-en-arandano\/","title":{"rendered":"FIRMEZA EN AR\u00c1NDANO"},"content":{"rendered":"<p align=\"justify\">Estudio de las bases moleculares y bioqu\u00edmicas involucradas en la firmeza en ar\u00e1ndano (<i>Vaccinium corymbosum<\/i>)<\/p>\n<p align=\"justify\"><strong>Investigadores:<\/strong><span style=\"line-height: 1.5em;\">&nbsp;Dr. Florencio Podest\u00e1, Dra. Karina Tr\u00edpodi, Dr. Ezequiel Margarit<\/span><\/p>\n<p align=\"justify\"><strong>Becarios:<\/strong> Lic. Alejandra Moreno, Lic. Marina Montecchiarini<\/p>\n<p align=\"justify\"><strong>Colaboradores:<\/strong> Dr. Daniel V\u00e1zquez, Dr. Fernando Bello, Dra. Fernanda Rivadeneira (INTA Concordia)<\/p>\n<p align=\"justify\">El objetivo general de este proyecto es el de develar las bases moleculares y bioqu\u00edmicas implicadas en la firmeza en frutos de ar\u00e1ndano a trav\u00e9s del estudio de la bioqu\u00edmica de los componentes de la pared celular. La estrategia experimental comprende estudios comparativos en variedades con diferencias conocidas en lo relativo a este factor. En forma paralela, se propondr\u00e1n diversos tratamientos de fertilizaci\u00f3n con calcio previos a la cosecha, investigando la importancia relativa de los mismos en el mantenimiento de la calidad del fruto hasta el momento de su comercializaci\u00f3n.<\/p>\n<p style=\"text-align: justify;\"><strong>Publicaciones destacadas:<\/strong><\/p>\n<p style=\"text-align: justify;\">Montecchiarini M.L., Margarit E., Morales L., Rivadeneira M.F., Bello F., Goll\u00e1n A., V\u00e1zquez D., Podest\u00e1 F.E., Tripodi K.E.J. (2019) Proteomic and metabolomic approaches unveil relevant biochemical changes in carbohydrate and cell wall metabolisms of two blueberry (<em>Vaccinium corymbosum<\/em>) varieties with different quality attributes (2018) Plant Physiol. Biochem. 136, 230-244.<\/p>\n<p style=\"text-align: justify;\">Montecchiarini M.E., Bello F., Rivadeneira M.F., V\u00e1zquez D., Podest\u00e1 F.E., Tripodi K.E.J. (2018) Metabolic and physiologic profile during the fruit ripening of three blueberries highbush (<em>Vaccinium corymbosum<\/em>) cultivars. J. Berry Res. 1-13.<\/p>","protected":false},"excerpt":{"rendered":"<p>Estudio de las bases moleculares y bioqu\u00edmicas involucradas en la firmeza en ar\u00e1ndano (Vaccinium corymbosum) Investigadores:&nbsp;Dr. Florencio Podest\u00e1, Dra. Karina Tr\u00edpodi, Dr. Ezequiel Margarit Becarios: Lic. Alejandra Moreno, Lic. Marina Montecchiarini Colaboradores: Dr. Daniel V\u00e1zquez, Dr. Fernando Bello, Dra. Fernanda &hellip; <a href=\"http:\/\/www.cefobi-conicet.gov.ar\/en\/firmeza-en-arandano\/\">Continued<\/a><\/p>","protected":false},"author":4,"featured_media":0,"parent":0,"menu_order":0,"comment_status":"closed","ping_status":"closed","template":"","meta":{"kt_blocks_editor_width":"","footnotes":""},"class_list":["post-992","page","type-page","status-publish","hentry"],"_links":{"self":[{"href":"http:\/\/www.cefobi-conicet.gov.ar\/en\/wp-json\/wp\/v2\/pages\/992","targetHints":{"allow":["GET"]}}],"collection":[{"href":"http:\/\/www.cefobi-conicet.gov.ar\/en\/wp-json\/wp\/v2\/pages"}],"about":[{"href":"http:\/\/www.cefobi-conicet.gov.ar\/en\/wp-json\/wp\/v2\/types\/page"}],"author":[{"embeddable":true,"href":"http:\/\/www.cefobi-conicet.gov.ar\/en\/wp-json\/wp\/v2\/users\/4"}],"replies":[{"embeddable":true,"href":"http:\/\/www.cefobi-conicet.gov.ar\/en\/wp-json\/wp\/v2\/comments?post=992"}],"version-history":[{"count":6,"href":"http:\/\/www.cefobi-conicet.gov.ar\/en\/wp-json\/wp\/v2\/pages\/992\/revisions"}],"predecessor-version":[{"id":2289,"href":"http:\/\/www.cefobi-conicet.gov.ar\/en\/wp-json\/wp\/v2\/pages\/992\/revisions\/2289"}],"wp:attachment":[{"href":"http:\/\/www.cefobi-conicet.gov.ar\/en\/wp-json\/wp\/v2\/media?parent=992"}],"curies":[{"name":"wp","href":"https:\/\/api.w.org\/{rel}","templated":true}]}}