{"id":964,"date":"2016-07-26T12:56:13","date_gmt":"2016-07-26T12:56:13","guid":{"rendered":"http:\/\/web2.rosario-conicet.gov.ar\/CEFOBIWP\/?page_id=964"},"modified":"2016-09-06T18:05:35","modified_gmt":"2016-09-06T18:05:35","slug":"infecciones-por-fito-y-espiroplasmas","status":"publish","type":"page","link":"http:\/\/www.cefobi-conicet.gov.ar\/en\/infecciones-por-fito-y-espiroplasmas\/","title":{"rendered":"INFECCIONES POR FITO Y ESPIROPLASMAS"},"content":{"rendered":"<p align=\"justify\">Infecciones causadas por fitoplasmas y espiroplasmas en cultivos de inter\u00e9s agron\u00f3mico: incidencia en nuestra regi\u00f3n y mecanismos de patogenicidad<\/p>\n<p align=\"justify\"><strong>Investigadores:<\/strong> Dra. Mariana Saigo, Dra. Mar\u00eda Alejandra Mussi, Dra. Clarisa E. Alvarez, Dra. Mar\u00eda Fabiana Drincovich, Dr. Carlos S. Andreo<\/p>\n<p align=\"justify\"><strong>Becarios:<\/strong> Lic. Adri\u00e1n Golic<\/p>\n<p align=\"justify\"><strong>Publicaciones destacadas:<\/strong><\/p>\n<p align=\"justify\">Saigo M., Golic A., Alvarez C., Andreo C., Hogenhout S., Mussi M.A., Drincovich M.F (2014) Metabolic regulation of phytoplasma malic enzyme and phosphotransacetylase supports the use of malate as an energy source in these plant pathogens. Microbiol., 160: 2794-2806.<\/p>","protected":false},"excerpt":{"rendered":"<p>Infecciones causadas por fitoplasmas y espiroplasmas en cultivos de inter\u00e9s agron\u00f3mico: incidencia en nuestra regi\u00f3n y mecanismos de patogenicidad Investigadores: Dra. Mariana Saigo, Dra. Mar\u00eda Alejandra Mussi, Dra. Clarisa E. Alvarez, Dra. Mar\u00eda Fabiana Drincovich, Dr. Carlos S. Andreo Becarios: &hellip; <a href=\"http:\/\/www.cefobi-conicet.gov.ar\/en\/infecciones-por-fito-y-espiroplasmas\/\">Continued<\/a><\/p>","protected":false},"author":5,"featured_media":0,"parent":0,"menu_order":0,"comment_status":"closed","ping_status":"closed","template":"","meta":{"kt_blocks_editor_width":"","footnotes":""},"class_list":["post-964","page","type-page","status-publish","hentry"],"_links":{"self":[{"href":"http:\/\/www.cefobi-conicet.gov.ar\/en\/wp-json\/wp\/v2\/pages\/964","targetHints":{"allow":["GET"]}}],"collection":[{"href":"http:\/\/www.cefobi-conicet.gov.ar\/en\/wp-json\/wp\/v2\/pages"}],"about":[{"href":"http:\/\/www.cefobi-conicet.gov.ar\/en\/wp-json\/wp\/v2\/types\/page"}],"author":[{"embeddable":true,"href":"http:\/\/www.cefobi-conicet.gov.ar\/en\/wp-json\/wp\/v2\/users\/5"}],"replies":[{"embeddable":true,"href":"http:\/\/www.cefobi-conicet.gov.ar\/en\/wp-json\/wp\/v2\/comments?post=964"}],"version-history":[{"count":2,"href":"http:\/\/www.cefobi-conicet.gov.ar\/en\/wp-json\/wp\/v2\/pages\/964\/revisions"}],"predecessor-version":[{"id":1229,"href":"http:\/\/www.cefobi-conicet.gov.ar\/en\/wp-json\/wp\/v2\/pages\/964\/revisions\/1229"}],"wp:attachment":[{"href":"http:\/\/www.cefobi-conicet.gov.ar\/en\/wp-json\/wp\/v2\/media?parent=964"}],"curies":[{"name":"wp","href":"https:\/\/api.w.org\/{rel}","templated":true}]}}