{"id":948,"date":"2016-07-26T12:54:32","date_gmt":"2016-07-26T12:54:32","guid":{"rendered":"http:\/\/web2.rosario-conicet.gov.ar\/CEFOBIWP\/?page_id=948"},"modified":"2018-05-16T17:26:02","modified_gmt":"2018-05-16T17:26:02","slug":"respuesta-al-uv-b","status":"publish","type":"page","link":"http:\/\/www.cefobi-conicet.gov.ar\/en\/respuesta-al-uv-b\/","title":{"rendered":"RESPUESTA AL UV-B"},"content":{"rendered":"<p>Se\u00f1alizaci\u00f3n y mecanismos de respuestas al UV-B en plantas<\/p>\n<p align=\"justify\"><strong>Investigadores:<\/strong> Dra. Paula Casati, Dra. Mar\u00eda Lorena Falcone Ferreyra<\/p>\n<p align=\"justify\"><strong>Becarios:<\/strong> Lic. Evangelina Maulli\u00f3n, Lic. Mar\u00eda Sol Gomez, Lic. Marisol Giustozzi, Lic. Mar\u00eda Sheridan<\/p>\n<p align=\"justify\">La evoluci\u00f3n de la vida terrestre ha sido posible luego de la formaci\u00f3n de una capa de ozono que absorbe la radiaci\u00f3n UV-C (&lt;280 nm) y UV-B (280-315 nm). La reciente depleci\u00f3n del ozono estratosf\u00e9rico debido a la producci\u00f3n de clorofluocarbonos y otros contaminantes ha aumentado los niveles de UV-B que alcanzan la tierra. El estudio del efecto de la radiaci\u00f3n UV-B es importante debido a que [1] la radiaci\u00f3n UV-B es un componente natural de la luz solar, constituyendo un 4% de la energ\u00eda solar total que alcanza la tierra; [2] su dosis es f\u00e1cilmente medible y controlable; [3] la expresi\u00f3n de diversas clases de genes es regulada por este tipo radiaci\u00f3n. Sin embargo, a\u00fan muchas respuestas fisiol\u00f3gicas no pueden ser explicadas con el conocimiento actual. La fuerte absorci\u00f3n de la radiaci\u00f3n UV-B por mol\u00e9culas biol\u00f3gicas, en particular el ADN, hacen que esta radiaci\u00f3n sea extremamente peligrosa. La capacidad mutag\u00e9nica de la radiaci\u00f3n UV-B es conocida desde hace mucho tiempo, las plantas con mutaciones en enzimas involucradas en la reparaci\u00f3n del ADN son altamente sensibles a esta radiaci\u00f3n. Adem\u00e1s de causar lesiones en el ADN, la radiaci\u00f3n UV-B produce da\u00f1o en el ARN y en las prote\u00ednas, causa lipoperoxidaci\u00f3n y produce especies reactivas del ox\u00edgeno. Sin embargo, a bajas intensidades, el UV-B induce respuestas del tipo fotomorfog\u00e9nicas. Como consecuencia de la exposici\u00f3n al UV-B, en las plantas se observan diversas respuestas, tales como la reducci\u00f3n de la biomasa, un aumento en la elongaci\u00f3n de las pl\u00e1ntulas, la inducci\u00f3n o represi\u00f3n de genes a trav\u00e9s de la activaci\u00f3n de cascadas de transducci\u00f3n de se\u00f1ales, la producci\u00f3n de compuestos fotoprotectores, y modificaciones en la interacci\u00f3n planta-insectos. Estas numerosas respuestas a la radiaci\u00f3n UV-B sugieren que en las plantas ocurren cambios fisiol\u00f3gicos complejos que modulan la expresi\u00f3n g\u00e9nica y como consecuencia los fenotipos en respuesta a dicha radiaci\u00f3n. Uno de los objetivos de trabajo de nuestro laboratorio es profundizar en el estudio del efecto de la radiaci\u00f3n UV-B sobre las plantas, en particular sobre las v\u00edas que participan en la se\u00f1alizaci\u00f3n de respuestas frente a esta radiaci\u00f3n, y como estas v\u00edas influyen en distintos fenotipos observados frente a esta radiaci\u00f3n, como la inhibici\u00f3n del crecimiento y la proliferaci\u00f3n celular y el tiempo de floraci\u00f3n en plantas de <i>Arabidopsis thaliana<\/i> y <i>Zea mays<\/i>.<\/p>\n<p align=\"justify\"><strong>Financiamiento:<\/strong><\/p>\n<p align=\"justify\">\u2022Mecanismos moleculares que participan en la inhibici\u00f3n del crecimiento de las plantas por la radiaci\u00f3n UV-B PICT 2015 ANPCyT INVESTIGADOR RESPONSABLE: Paula Casati<\/p>\n<p align=\"justify\"><strong>Publicaciones destacadas:<\/strong><\/p>\n<p align=\"justify\">Dotto M., G\u00f3mez M.S., Soto M.S., Casati P. (2018) UV-B radiation delays flowering time through changes in the PRC2 complex activity and miR156 levels in <em>Arabidopsis thaliana<\/em>. Plant Cell Environ., doi: 10.1111\/pce.13166.<\/p>\n<p align=\"justify\">Falcone Ferreyra M.L., Casadevall R., D&#8217;Andrea L., AbdElgawad H., Beemster G.T.S., Casati P. (2016) AtPDCD5 plays a role in programmed cell death after UV-B exposure in Arabidopsis. Plant Physiol., 170: 2444-2460.<\/p>\n<p align=\"justify\">Q\u00fcesta J., Rius S., Casadevall R., Casati P. (2016) ZmMBD101 is a DNA binding protein that maintains Mutator elements chromatin in a repressive state in maize. Plant Cell Environ., 39: 174-184.<\/p>\n<p align=\"justify\">Casadevall R., Rodriguez R.E., Debernardi J.M., Palatnik J.F., Casati P. (2013) Repression of growth regulating factors by the microRNA396 inhibits cell proliferation by UV-B radiation in Arabidopsis leaves. Plant Cell, 25: 1-14.<\/p>\n<p align=\"justify\">Lario L., Ramirez-Parra E., Gutierrez C., Spampinato C., Casati P. (2013) ASF1 proteins are involved in UV-induced DNA damage repair and are cell cycle regulated by E2F transcription factors in <i>Arabidopsis thaliana<\/i>. Plant Physiol., 162: 1164-1177.<\/p>\n","protected":false},"excerpt":{"rendered":"<p>Se\u00f1alizaci\u00f3n y mecanismos de respuestas al UV-B en plantas Investigadores: Dra. Paula Casati, Dra. Mar\u00eda Lorena Falcone Ferreyra Becarios: Lic. Evangelina Maulli\u00f3n, Lic. Mar\u00eda Sol Gomez, Lic. Marisol Giustozzi, Lic. Mar\u00eda Sheridan La evoluci\u00f3n de la vida terrestre ha sido &hellip; <a href=\"http:\/\/www.cefobi-conicet.gov.ar\/en\/respuesta-al-uv-b\/\">Continued<\/a><\/p>","protected":false},"author":5,"featured_media":0,"parent":0,"menu_order":0,"comment_status":"closed","ping_status":"closed","template":"","meta":{"kt_blocks_editor_width":"","footnotes":""},"class_list":["post-948","page","type-page","status-publish","hentry"],"_links":{"self":[{"href":"http:\/\/www.cefobi-conicet.gov.ar\/en\/wp-json\/wp\/v2\/pages\/948","targetHints":{"allow":["GET"]}}],"collection":[{"href":"http:\/\/www.cefobi-conicet.gov.ar\/en\/wp-json\/wp\/v2\/pages"}],"about":[{"href":"http:\/\/www.cefobi-conicet.gov.ar\/en\/wp-json\/wp\/v2\/types\/page"}],"author":[{"embeddable":true,"href":"http:\/\/www.cefobi-conicet.gov.ar\/en\/wp-json\/wp\/v2\/users\/5"}],"replies":[{"embeddable":true,"href":"http:\/\/www.cefobi-conicet.gov.ar\/en\/wp-json\/wp\/v2\/comments?post=948"}],"version-history":[{"count":8,"href":"http:\/\/www.cefobi-conicet.gov.ar\/en\/wp-json\/wp\/v2\/pages\/948\/revisions"}],"predecessor-version":[{"id":1972,"href":"http:\/\/www.cefobi-conicet.gov.ar\/en\/wp-json\/wp\/v2\/pages\/948\/revisions\/1972"}],"wp:attachment":[{"href":"http:\/\/www.cefobi-conicet.gov.ar\/en\/wp-json\/wp\/v2\/media?parent=948"}],"curies":[{"name":"wp","href":"https:\/\/api.w.org\/{rel}","templated":true}]}}