{"id":946,"date":"2016-07-26T12:54:20","date_gmt":"2016-07-26T12:54:20","guid":{"rendered":"http:\/\/web2.rosario-conicet.gov.ar\/CEFOBIWP\/?page_id=946"},"modified":"2018-05-16T17:28:30","modified_gmt":"2018-05-16T17:28:30","slug":"metabolismo-de-fenilpropanoides","status":"publish","type":"page","link":"http:\/\/www.cefobi-conicet.gov.ar\/en\/metabolismo-de-fenilpropanoides\/","title":{"rendered":"METABOLISMO DE FENILPROPANOIDES"},"content":{"rendered":"<p>Estudio del metabolismo de fenilpropanoides en plantas<\/p>\n<p align=\"justify\"><strong>Investigadores:<\/strong> Dra. Paula Casati, Dra. Mar\u00eda Lorena Falcone Ferreyra, Dr. Sebasti\u00e1n Rius<\/p>\n<p align=\"justify\"><strong>Becarios:<\/strong> Lic. Silvana Righini Aramburu<\/p>\n<p align=\"justify\">Los flavonoides son metabolitos especializados sintetizados por las plantas, los cuales poseen una amplia variedad de funciones biol\u00f3gicas. Estos compuestos desempe\u00f1an importantes roles en la fisiolog\u00eda, crecimiento y desarrollo, como as\u00ed tambi\u00e9n en la protecci\u00f3n frente a diferentes tipos de estr\u00e9s. Actualmente, existe un gran inter\u00e9s en los mismos debido a sus propiedades antioxidantes, antiproliferativas, anticancer\u00edgenas y neurofarmacol\u00f3gicas. Estructuralmente, los flavonoides son compuestos formados por dos anillos arom\u00e1ticos (A y B) unidos por un heterociclo (C). Modificaciones en el anillo central C diferencian a los diferentes subtipos de flavonoides en flavanonas, flavonas, isoflavonas, dihidroflavonoles, flavonoles, flavan-3-ol y antocianinas. Las funciones biol\u00f3gicas de los flavonoides est\u00e1n relacionadas a su potencial citotoxicidad y a su capacidad para interaccionar con enzimas. Algunos de estos compuestos proveen de protecci\u00f3n contra condiciones de estr\u00e9s, por ejemplo actuando como secuestradores de radicales libres como las especies reactivas del ox\u00edgeno. Por otra parte, las caracter\u00edsticas de absorci\u00f3n en el UV de los flavonoides han sido largamente consideradas como evidencia para sugerir un rol de los mismos en la protecci\u00f3n frente a esta radiaci\u00f3n. Existe tambi\u00e9n evidencia que relaciona a los flavonoides en el transporte polar de las auxinas y la regulaci\u00f3n de los niveles de \u00e1cido jasm\u00f3nico. Por \u00faltimo, numerosos estudios han demostrado que algunos flavonoides tendr\u00edan un rol en la protecci\u00f3n contra el ataque de pat\u00f3genos y herb\u00edvoros. Si bien las primeras enzimas de la v\u00eda central de los flavonoides han sido caracterizadas en ma\u00edz, tanto a nivel de su expresi\u00f3n, actividad enzim\u00e1tica y regulaci\u00f3n, la informaci\u00f3n contin\u00faa siendo escasa en cuanto a otras enzimas que participan en pasos posteriores de esta v\u00eda. En nuestro laboratorio nos encontramos caracterizando prote\u00ednas reguladoras de la expresi\u00f3n de genes que participan en la bios\u00edntesis de flavonoides en ma\u00edz, enzimas que catalizan los \u00faltimos pasos de la bios\u00edntesis de estos compuestos, y hemos comenzado a estudiar y caracterizar a algunas de estas prote\u00ednas en sorgo.<\/p>\n<p align=\"justify\"><strong>Financiamiento:<\/strong><\/p>\n<p align=\"justify\">\u2022Metabolismo de las flavonas y su relaci\u00f3n con la bios\u00edntesis de lignina y \u00e1cido salic\u00edlico. Regulaci\u00f3n de la respuesta frente a estr\u00e9s PICT 2016 ANPCyT INVESTIGADOR RESPONSABLE: Paula Casati<\/p>\n<p align=\"justify\"><strong>Publicaciones destacadas:<\/strong><\/p>\n<p align=\"justify\">Casas M.I., Falcone Ferreyra M.L., Jiang N., Mej\u00eda-Guerra M.K., Rodr\u00edguez E., Wilson T., Engelmeier J., Casati P., Grotewold E. (2016) Identification and characterization of 1 maize salmon silks genes involved in insecticidal maysin biosynthesis. Plant Cell, 28(6):1297-12309.<\/p>\n<p align=\"justify\">Rius S.P., Emiliani J., Casati P. (2016) P1 epigenetic regulation in leaves of high altitude maize landraces: effect of UV-B radiation. Frontiers in Plant Science, 7: 523.<\/p>\n<p align=\"justify\">Falcone Ferreyra M.L., Emiliani J., Rodriguez E.J., Grotewold E., Casati P. (2015) The identification of maize and Arabidopsis type I flavone synthases links flavones with hormones and biotic interactions. Plant Physiology, 169: 1090-1107.<\/p>\n<p align=\"justify\">Falcone Ferreyra M.L., Rodriguez E., Casas M.I., Labadie G., Grotewold E., Casati P. (2013) Identification of a bifunctional maize C- and O-glucosyltransferase. J. Biol. Chem., 288: 1-11.<\/p>\n<p align=\"justify\">Emiliani J., Grotewold E., Falcone Ferreyra M.L., Casati P. (2013) Flavonols protect Arabidopsis plants against UV-B deleterious effects. Molecular Plant, 6: 1376-1379.<\/p>","protected":false},"excerpt":{"rendered":"<p>Estudio del metabolismo de fenilpropanoides en plantas Investigadores: Dra. Paula Casati, Dra. Mar\u00eda Lorena Falcone Ferreyra, Dr. Sebasti\u00e1n Rius Becarios: Lic. Silvana Righini Aramburu Los flavonoides son metabolitos especializados sintetizados por las plantas, los cuales poseen una amplia variedad de &hellip; <a href=\"http:\/\/www.cefobi-conicet.gov.ar\/en\/metabolismo-de-fenilpropanoides\/\">Continued<\/a><\/p>","protected":false},"author":5,"featured_media":0,"parent":0,"menu_order":0,"comment_status":"closed","ping_status":"closed","template":"","meta":{"kt_blocks_editor_width":"","footnotes":""},"class_list":["post-946","page","type-page","status-publish","hentry"],"_links":{"self":[{"href":"http:\/\/www.cefobi-conicet.gov.ar\/en\/wp-json\/wp\/v2\/pages\/946","targetHints":{"allow":["GET"]}}],"collection":[{"href":"http:\/\/www.cefobi-conicet.gov.ar\/en\/wp-json\/wp\/v2\/pages"}],"about":[{"href":"http:\/\/www.cefobi-conicet.gov.ar\/en\/wp-json\/wp\/v2\/types\/page"}],"author":[{"embeddable":true,"href":"http:\/\/www.cefobi-conicet.gov.ar\/en\/wp-json\/wp\/v2\/users\/5"}],"replies":[{"embeddable":true,"href":"http:\/\/www.cefobi-conicet.gov.ar\/en\/wp-json\/wp\/v2\/comments?post=946"}],"version-history":[{"count":4,"href":"http:\/\/www.cefobi-conicet.gov.ar\/en\/wp-json\/wp\/v2\/pages\/946\/revisions"}],"predecessor-version":[{"id":1973,"href":"http:\/\/www.cefobi-conicet.gov.ar\/en\/wp-json\/wp\/v2\/pages\/946\/revisions\/1973"}],"wp:attachment":[{"href":"http:\/\/www.cefobi-conicet.gov.ar\/en\/wp-json\/wp\/v2\/media?parent=946"}],"curies":[{"name":"wp","href":"https:\/\/api.w.org\/{rel}","templated":true}]}}