{"id":944,"date":"2016-07-26T12:54:08","date_gmt":"2016-07-26T12:54:08","guid":{"rendered":"http:\/\/web2.rosario-conicet.gov.ar\/CEFOBIWP\/?page_id=944"},"modified":"2016-09-06T17:50:04","modified_gmt":"2016-09-06T17:50:04","slug":"estabilidad-genomica","status":"publish","type":"page","link":"http:\/\/www.cefobi-conicet.gov.ar\/en\/estabilidad-genomica\/","title":{"rendered":"ESTABILIDAD GEN\u00d3MICA"},"content":{"rendered":"<p>Mantenimiento de la estabilidad gen\u00f3mica en las plantas<\/p>\n<p align=\"justify\"><strong>Investigadores:<\/strong> Dra. Claudia Spampinato<\/p>\n<p align=\"justify\"><strong>Becarios:<\/strong> Lic. Valentina Gonzalez, Lic. Romina Rosati<\/p>\n<p align=\"justify\">La integridad del genoma de todos los organismos est\u00e1 constantemente amenazada por errores durante la replicaci\u00f3n del ADN, mut\u00e1genos end\u00f3genos y ex\u00f3genos. Para evitar que estos errores y da\u00f1os conduzcan a la mutag\u00e9nesis y\/o a la letalidad, las c\u00e9lulas han evolucionado m\u00faltiples sistemas de reparaci\u00f3n del ADN. Uno de ellos es el sistema de reparaci\u00f3n de las bases incorrectamente apareadas, conocido como MMR (por mismatch repair). B\u00e1sicamente, este sistema reconoce pares de bases incorrectamente apareados e inserciones o supresiones de pocos nucle\u00f3tidos; determina cual es la hebra incorrecta; corrige el error y resintetiza el ADN. Este sistema ha sido ampliamente estudiado en bacterias, levaduras y mam\u00edferos. El objetivo de nuestro laboratorio comprende la caracterizaci\u00f3n del sistema MMR en las plantas. Las plantas, a diferencia de los eucariotas superiores, carecen de una l\u00ednea germinal y no pueden evitar el estr\u00e9s ambiental. Por ello, ha desarrollado diferentes estrategias para mantener la fidelidad gen\u00f3mica. Una de ellas, relacionada con el sistema MMR, es la presencia de una prote\u00edna \u00fanica (MSH7). Nuestros estudios se llevan a cabo en <i>Arabidopsis thaliana<\/i> como planta modelo y estamos interesados en ampliar las investigaciones a plantas de inter\u00e9s agron\u00f3mico.<\/p>\n<p align=\"justify\"><strong>Financiamiento:<\/strong><\/p>\n<p align=\"justify\">\u2022Sistema de reparaci\u00f3n de los apareamientos incorrectos en el ADN de plantas superiores: Funciones especializadas de MSH6 y MSH7 PICT 2014 ANPCyT INVESTIGADOR RESPONSABLE: Claudia Spampinato<\/p>\n<p align=\"justify\">\u2022Mantenimiento de la estabilidad gen\u00f3mica en las plantas 2013 BIO 349 UNR INVESTIGADOR RESPONSABLE: Claudia Spampinato<\/p>\n<p align=\"justify\"><strong>Publicaciones destacadas:<\/strong><\/p>\n<p align=\"justify\">Lario L., Botta P., Casati P., Spampinato C.P. (2015) Role of AtMSH7 in UV-B-induced DNA damage recognition and recombination. J. Exp. Bot., 66: 3019-3026.<\/p>\n<p align=\"justify\">G\u00f3mez R., Spampinato C.P. (2013) Mismatch recognition function of <i>Arabidopsis thaliana<\/i> MutS\u03b3. DNA Repair, 12: 257-264.<\/p>\n<p align=\"justify\">Galles C., Spampinato C.P. (2013) Yeast mutator phenotype enforced by Arabidopsis PMS1 expression. Mol. Biol. Rep., 40: 2107-2114.<\/p>\n<p align=\"justify\">Lario L.D., Ramirez-Parra E., Gutierrez C., Casati P., Spampinato C.P. (2011) Regulation of plant MSH2 and MSH6 genes in the UV-B induced DNA damage response. J. Exp. Bot., 62: 2925-2937.<\/p>\n<p align=\"justify\">Spampinato C.P., Gomez R.L., Galles C., Lario L.D. (2009) From bacteria to plants: A compendium of mismatch repair assays. Mutat. Res., 682: 110-128.<\/p>","protected":false},"excerpt":{"rendered":"<p>Mantenimiento de la estabilidad gen\u00f3mica en las plantas Investigadores: Dra. Claudia Spampinato Becarios: Lic. Valentina Gonzalez, Lic. Romina Rosati La integridad del genoma de todos los organismos est\u00e1 constantemente amenazada por errores durante la replicaci\u00f3n del ADN, mut\u00e1genos end\u00f3genos y &hellip; <a href=\"http:\/\/www.cefobi-conicet.gov.ar\/en\/estabilidad-genomica\/\">Continued<\/a><\/p>","protected":false},"author":5,"featured_media":0,"parent":0,"menu_order":0,"comment_status":"closed","ping_status":"closed","template":"","meta":{"kt_blocks_editor_width":"","footnotes":""},"class_list":["post-944","page","type-page","status-publish","hentry"],"_links":{"self":[{"href":"http:\/\/www.cefobi-conicet.gov.ar\/en\/wp-json\/wp\/v2\/pages\/944","targetHints":{"allow":["GET"]}}],"collection":[{"href":"http:\/\/www.cefobi-conicet.gov.ar\/en\/wp-json\/wp\/v2\/pages"}],"about":[{"href":"http:\/\/www.cefobi-conicet.gov.ar\/en\/wp-json\/wp\/v2\/types\/page"}],"author":[{"embeddable":true,"href":"http:\/\/www.cefobi-conicet.gov.ar\/en\/wp-json\/wp\/v2\/users\/5"}],"replies":[{"embeddable":true,"href":"http:\/\/www.cefobi-conicet.gov.ar\/en\/wp-json\/wp\/v2\/comments?post=944"}],"version-history":[{"count":3,"href":"http:\/\/www.cefobi-conicet.gov.ar\/en\/wp-json\/wp\/v2\/pages\/944\/revisions"}],"predecessor-version":[{"id":1217,"href":"http:\/\/www.cefobi-conicet.gov.ar\/en\/wp-json\/wp\/v2\/pages\/944\/revisions\/1217"}],"wp:attachment":[{"href":"http:\/\/www.cefobi-conicet.gov.ar\/en\/wp-json\/wp\/v2\/media?parent=944"}],"curies":[{"name":"wp","href":"https:\/\/api.w.org\/{rel}","templated":true}]}}