{"id":942,"date":"2016-07-26T12:53:40","date_gmt":"2016-07-26T12:53:40","guid":{"rendered":"http:\/\/web2.rosario-conicet.gov.ar\/CEFOBIWP\/?page_id=942"},"modified":"2016-09-13T16:43:37","modified_gmt":"2016-09-13T16:43:37","slug":"desarrollos-biotecnologicos","status":"publish","type":"page","link":"http:\/\/www.cefobi-conicet.gov.ar\/en\/desarrollos-biotecnologicos\/","title":{"rendered":"DESARROLLOS BIOTECNOL\u00d3GICOS"},"content":{"rendered":"<style type=\"text\/css\"><!--\np { margin-bottom: 0.25cm; direction: ltr; color: rgb(0, 0, 0); line-height: 120%; }p.western { font-family: \"Calibri\",sans-serif; font-size: 11pt; }p.cjk { font-family: \"Calibri\",sans-serif; font-size: 11pt; }p.ctl { font-family: \"Times New Roman\",serif; font-size: 11pt; }a:link {  }\n--><\/style>\n<ul>\n<li>\n<p align=\"justify\"><b style=\"line-height: 16.8px;\"><a title=\"M\u00d3DULOS DE UNI\u00d3N A CARBOHIDRATOS\" href=\"https:\/\/www.cefobi-conicet.gov.ar\/en\/modulos-de-union-a-carbohidratos-2\/\">M\u00d3DULOS DE UNI\u00d3N A CARBOHIDRATOS<\/a><\/b><\/p>\n<\/li>\n<li>\n<p align=\"justify\"><a style=\"line-height: 16.8px;\" title=\"DETOXIFICACI\u00d3N DE METALES\" href=\"https:\/\/www.cefobi-conicet.gov.ar\/en\/detoxificacion-de-metales-2\/\"><b style=\"line-height: 16.8px;\"><\/b><b style=\"line-height: 16.8px;\">DETOXIFICACI\u00d3N DE METALES<\/b><\/a><\/p>\n<\/li>\n<li>\n<p align=\"justify\"><b style=\"line-height: 16.8px;\"><a title=\"ENZIMAS RECOMBINANTES\" href=\"https:\/\/www.cefobi-conicet.gov.ar\/en\/enzimas-recombinantes-2\/\">ENZIMAS RECOMBINANTES<\/a><\/b><\/p>\n<\/li>\n<li>\n<p align=\"justify\"><b style=\"line-height: 16.8px;\"><\/b><a style=\"line-height: 16.8px;\" title=\"EFICIENCIA FOTOSINT\u00c9TICA Y USO DE AGUA\" href=\"https:\/\/www.cefobi-conicet.gov.ar\/en\/eficiencia-fotosintetica-y-uso-de-agua-2\/\"><b style=\"line-height: 16.8px;\">EFICIENCIA FOTOSINT\u00c9TICA Y USO DE AGUA<\/b><\/a><\/p>\n<\/li>\n<\/ul>","protected":false},"excerpt":{"rendered":"<p>M\u00d3DULOS DE UNI\u00d3N A CARBOHIDRATOS DETOXIFICACI\u00d3N DE METALES ENZIMAS RECOMBINANTES EFICIENCIA FOTOSINT\u00c9TICA Y USO DE AGUA<\/p>","protected":false},"author":5,"featured_media":0,"parent":0,"menu_order":0,"comment_status":"closed","ping_status":"closed","template":"","meta":{"kt_blocks_editor_width":"","footnotes":""},"class_list":["post-942","page","type-page","status-publish","hentry"],"_links":{"self":[{"href":"http:\/\/www.cefobi-conicet.gov.ar\/en\/wp-json\/wp\/v2\/pages\/942","targetHints":{"allow":["GET"]}}],"collection":[{"href":"http:\/\/www.cefobi-conicet.gov.ar\/en\/wp-json\/wp\/v2\/pages"}],"about":[{"href":"http:\/\/www.cefobi-conicet.gov.ar\/en\/wp-json\/wp\/v2\/types\/page"}],"author":[{"embeddable":true,"href":"http:\/\/www.cefobi-conicet.gov.ar\/en\/wp-json\/wp\/v2\/users\/5"}],"replies":[{"embeddable":true,"href":"http:\/\/www.cefobi-conicet.gov.ar\/en\/wp-json\/wp\/v2\/comments?post=942"}],"version-history":[{"count":14,"href":"http:\/\/www.cefobi-conicet.gov.ar\/en\/wp-json\/wp\/v2\/pages\/942\/revisions"}],"predecessor-version":[{"id":1149,"href":"http:\/\/www.cefobi-conicet.gov.ar\/en\/wp-json\/wp\/v2\/pages\/942\/revisions\/1149"}],"wp:attachment":[{"href":"http:\/\/www.cefobi-conicet.gov.ar\/en\/wp-json\/wp\/v2\/media?parent=942"}],"curies":[{"name":"wp","href":"https:\/\/api.w.org\/{rel}","templated":true}]}}