{"id":938,"date":"2016-07-26T12:52:48","date_gmt":"2016-07-26T12:52:48","guid":{"rendered":"http:\/\/web2.rosario-conicet.gov.ar\/CEFOBIWP\/?page_id=938"},"modified":"2016-09-12T17:00:36","modified_gmt":"2016-09-12T17:00:36","slug":"interaccion-microorganismo-hospedador-interacciones-beneficiosas-y-patogenesis","status":"publish","type":"page","link":"http:\/\/www.cefobi-conicet.gov.ar\/en\/interaccion-microorganismo-hospedador-interacciones-beneficiosas-y-patogenesis\/","title":{"rendered":"INTERACCI\u00d3N MICROORGANISMO-HOSPEDADOR: INTERACCIONES BENEFICIOSAS Y PATOG\u00c9NESIS"},"content":{"rendered":"<style type=\"text\/css\"><!--\np { margin-bottom: 0.25cm; direction: ltr; color: rgb(0, 0, 0); line-height: 120%; }p.western { font-family: \"Calibri\",sans-serif; font-size: 11pt; }p.cjk { font-family: \"Calibri\",sans-serif; font-size: 11pt; }p.ctl { font-family: \"Times New Roman\",serif; font-size: 11pt; }a:link {  }\n--><\/style>\n<ul>\n<li><a title=\"FOTOPERCEPCI\u00d3N EN PAT\u00d3GENOS\" href=\"https:\/\/www.cefobi-conicet.gov.ar\/en\/fotopercepcion-en-patogenos-2\/\"><b>FOTOPERCEPCI\u00d3N EN PAT\u00d3GENOS<\/b><\/a><\/li>\n<li><a title=\"INTERACCI\u00d3N MA\u00cdZ-FUSARIUM\" href=\"https:\/\/www.cefobi-conicet.gov.ar\/en\/interaccion-maiz-fusarium-2\/\"><b>INTERACCI\u00d3N MA\u00cdZ-<\/b><i><b>FUSARIUM<\/b><\/i><\/a><\/li>\n<li><a title=\"CONTROL BIOL\u00d3GICO CON TRICODERMA\" href=\"https:\/\/www.cefobi-conicet.gov.ar\/en\/control-biologico-con-tricoderma\/\"><b>CONTROL BIOL\u00d3GICO POR\u00a0<\/b><i><b>TRICODERMA<\/b><\/i><\/a><\/li>\n<li><a title=\"MUERTE S\u00daBITA DE LA SOJA\" href=\"https:\/\/www.cefobi-conicet.gov.ar\/en\/muerte-subita-de-la-soja-2\/\"><b>MUERTE S\u00daBITA DE LA SOJA<\/b><\/a><\/li>\n<li><a title=\"PAT\u00d3GENOS F\u00daNGICOS DE DURAZNO\" href=\"https:\/\/www.cefobi-conicet.gov.ar\/en\/patogenos-fungicos-de-durazno-2\/\"><b>PAT\u00d3GENOS F\u00daNGICOS DE DURAZNO<\/b><\/a><\/li>\n<li><a title=\"INFECCIONES POR FITO Y ESPIROPLASMAS\" href=\"https:\/\/www.cefobi-conicet.gov.ar\/en\/infecciones-por-fito-y-espiroplasmas\/\"><b>INFECCIONES POR FITO Y ESPIROPLASMAS<\/b><\/a><\/li>\n<\/ul>","protected":false},"excerpt":{"rendered":"<p>FOTOPERCEPCI\u00d3N EN PAT\u00d3GENOS INTERACCI\u00d3N MA\u00cdZ-FUSARIUM CONTROL BIOL\u00d3GICO POR\u00a0TRICODERMA MUERTE S\u00daBITA DE LA SOJA PAT\u00d3GENOS F\u00daNGICOS DE DURAZNO INFECCIONES POR FITO Y ESPIROPLASMAS<\/p>","protected":false},"author":5,"featured_media":0,"parent":0,"menu_order":0,"comment_status":"closed","ping_status":"closed","template":"","meta":{"kt_blocks_editor_width":"","footnotes":""},"class_list":["post-938","page","type-page","status-publish","hentry"],"_links":{"self":[{"href":"http:\/\/www.cefobi-conicet.gov.ar\/en\/wp-json\/wp\/v2\/pages\/938","targetHints":{"allow":["GET"]}}],"collection":[{"href":"http:\/\/www.cefobi-conicet.gov.ar\/en\/wp-json\/wp\/v2\/pages"}],"about":[{"href":"http:\/\/www.cefobi-conicet.gov.ar\/en\/wp-json\/wp\/v2\/types\/page"}],"author":[{"embeddable":true,"href":"http:\/\/www.cefobi-conicet.gov.ar\/en\/wp-json\/wp\/v2\/users\/5"}],"replies":[{"embeddable":true,"href":"http:\/\/www.cefobi-conicet.gov.ar\/en\/wp-json\/wp\/v2\/comments?post=938"}],"version-history":[{"count":14,"href":"http:\/\/www.cefobi-conicet.gov.ar\/en\/wp-json\/wp\/v2\/pages\/938\/revisions"}],"predecessor-version":[{"id":1263,"href":"http:\/\/www.cefobi-conicet.gov.ar\/en\/wp-json\/wp\/v2\/pages\/938\/revisions\/1263"}],"wp:attachment":[{"href":"http:\/\/www.cefobi-conicet.gov.ar\/en\/wp-json\/wp\/v2\/media?parent=938"}],"curies":[{"name":"wp","href":"https:\/\/api.w.org\/{rel}","templated":true}]}}