{"id":934,"date":"2016-07-26T12:18:07","date_gmt":"2016-07-26T12:18:07","guid":{"rendered":"http:\/\/web2.rosario-conicet.gov.ar\/CEFOBIWP\/?page_id=934"},"modified":"2016-10-21T17:45:06","modified_gmt":"2016-10-21T17:45:06","slug":"metabolismo-del-carbono-en-organismos-fotosinteticos","status":"publish","type":"page","link":"http:\/\/www.cefobi-conicet.gov.ar\/en\/metabolismo-del-carbono-en-organismos-fotosinteticos\/","title":{"rendered":"METABOLISMO DEL CARBONO EN ORGANISMOS FOTOSINT\u00c9TICOS"},"content":{"rendered":"<style type=\"text\/css\"><!--\np { margin-bottom: 0.25cm; direction: ltr; color: rgb(0, 0, 0); line-height: 120%; }p.western { font-family: \"Calibri\",sans-serif; font-size: 11pt; }p.cjk { font-family: \"Calibri\",sans-serif; font-size: 11pt; }p.ctl { font-family: \"Times New Roman\",serif; font-size: 11pt; }a:link {  }\n--><\/style>\n<ul>\n<li><a title=\"METABOLISMO DE ALMID\u00d3N\" href=\"https:\/\/www.cefobi-conicet.gov.ar\/en\/metabolismo-de-almidon\/\"><b style=\"line-height: 16.8px;\">METABOLISMO DE ALMID\u00d3N<\/b><\/a><\/li>\n<li><a title=\"FOTOS\u00cdNTESIS C4\" href=\"https:\/\/www.cefobi-conicet.gov.ar\/en\/fotosintesis-c4\/\"><b>FOTOS\u00cdNTESIS C<\/b><sub><b>4<\/b><\/sub><\/a><\/li>\n<li><a title=\"METABOLISMO EN SEMILLAS OLEAGINOSAS\" href=\"https:\/\/www.cefobi-conicet.gov.ar\/en\/metabolismo-en-semillas-oleaginosas\/\"><b>METABOLISMO EN SEMILLAS OLEAGINOSAS<\/b><\/a><\/li>\n<li><a title=\"METABOLISMO DE \u00c1CIDOS ORG\u00c1NICOS\" href=\"https:\/\/www.cefobi-conicet.gov.ar\/en\/metabolismo-de-acidos-organicos\/\"><b>METABOLISMO DE \u00c1CIDOS ORG\u00c1NICOS<\/b><\/a><\/li>\n<\/ul>","protected":false},"excerpt":{"rendered":"<p>METABOLISMO DE ALMID\u00d3N FOTOS\u00cdNTESIS C4 METABOLISMO EN SEMILLAS OLEAGINOSAS METABOLISMO DE \u00c1CIDOS ORG\u00c1NICOS<\/p>","protected":false},"author":5,"featured_media":0,"parent":0,"menu_order":0,"comment_status":"closed","ping_status":"closed","template":"","meta":{"kt_blocks_editor_width":"","footnotes":""},"class_list":["post-934","page","type-page","status-publish","hentry"],"_links":{"self":[{"href":"http:\/\/www.cefobi-conicet.gov.ar\/en\/wp-json\/wp\/v2\/pages\/934","targetHints":{"allow":["GET"]}}],"collection":[{"href":"http:\/\/www.cefobi-conicet.gov.ar\/en\/wp-json\/wp\/v2\/pages"}],"about":[{"href":"http:\/\/www.cefobi-conicet.gov.ar\/en\/wp-json\/wp\/v2\/types\/page"}],"author":[{"embeddable":true,"href":"http:\/\/www.cefobi-conicet.gov.ar\/en\/wp-json\/wp\/v2\/users\/5"}],"replies":[{"embeddable":true,"href":"http:\/\/www.cefobi-conicet.gov.ar\/en\/wp-json\/wp\/v2\/comments?post=934"}],"version-history":[{"count":10,"href":"http:\/\/www.cefobi-conicet.gov.ar\/en\/wp-json\/wp\/v2\/pages\/934\/revisions"}],"predecessor-version":[{"id":1140,"href":"http:\/\/www.cefobi-conicet.gov.ar\/en\/wp-json\/wp\/v2\/pages\/934\/revisions\/1140"}],"wp:attachment":[{"href":"http:\/\/www.cefobi-conicet.gov.ar\/en\/wp-json\/wp\/v2\/media?parent=934"}],"curies":[{"name":"wp","href":"https:\/\/api.w.org\/{rel}","templated":true}]}}