{"id":2658,"date":"2020-11-10T13:26:25","date_gmt":"2020-11-10T13:26:25","guid":{"rendered":"https:\/\/www.cefobi-conicet.gov.ar\/?page_id=2658"},"modified":"2020-11-10T19:16:43","modified_gmt":"2020-11-10T19:16:43","slug":"contacto","status":"publish","type":"page","link":"http:\/\/www.cefobi-conicet.gov.ar\/en\/contacto\/","title":{"rendered":"Contact"},"content":{"rendered":"<p><b>CENTER OF PHOTOSYNTHETIC AND BIOCHEMICAL STUDIES (CEFOBI)<\/p>\n<p><\/b><\/p>\n<p><b> Phone and Fax: <\/b> (0341) 4371955<br \/>\n<b>E-mail:<\/b> contacto@cefobi-conicet.gov.ar<br \/>\n<b>Address:<\/b> Suipacha 570 \u2013 S2000LRJ<br \/>\nRosario \u2013 Santa Fe \u2013 Argentina<br \/>\n<b>Follow us on:<\/b><\/p>\n<p><a href=\"https:\/\/www.linkedin.com\/company\/cefobi-conicet-unr\/\" target=\"_blank\"><img decoding=\"async\" src=\"https:\/\/web2.rosario-conicet.gov.ar\/wp-content\/themes\/EducationWP_cefobi\/images\/social-profiles\/linkedin.png\" style=\"width:23px;height:23px;\"><\/a>&nbsp;<a href=\"https:\/\/twitter.com\/CEFOBI_CONICET\" target=\"_blank\"><img decoding=\"async\" src=\"https:\/\/web2.rosario-conicet.gov.ar\/wp-content\/themes\/EducationWP_cefobi\/images\/social-profiles\/twitter.png\" style=\"width:23px;height:23px;\"><\/a>&nbsp;<a href=\"http:\/\/www.instagram.com\/cefobi_rosario\/\" target=\"_blank\"><img decoding=\"async\" src=\"https:\/\/web2.rosario-conicet.gov.ar\/wp-content\/themes\/EducationWP_cefobi\/images\/social-profiles\/Instagram.png\" style=\"width:23px;height:23px;\"><\/a>&nbsp;<a href=\"https:\/\/www.facebook.com\/cefobiconicet\/\" target=\"_blank\"><img decoding=\"async\" src=\"https:\/\/web2.rosario-conicet.gov.ar\/wp-content\/themes\/EducationWP_cefobi\/images\/social-profiles\/facebook.png\" style=\"width:23px;height:23px;\"><\/a><\/p>","protected":false},"excerpt":{"rendered":"<p>CENTRO DE ESTUDIOS FOTOSINT\u00c9TICOS Y BIOQU\u00cdMICOS Tel\u00e9fono y FAX: (0341) 4371955 E-mail: contacto@cefobi-conicet.gov.ar Direcci\u00f3n: Suipacha 570 \u2013 S2000LRJ Rosario \u2013 Santa Fe \u2013 Argentina Seguinos en: &nbsp;&nbsp;&nbsp;<\/p>","protected":false},"author":5,"featured_media":0,"parent":0,"menu_order":0,"comment_status":"closed","ping_status":"closed","template":"","meta":{"kt_blocks_editor_width":"","footnotes":""},"class_list":["post-2658","page","type-page","status-publish","hentry"],"_links":{"self":[{"href":"http:\/\/www.cefobi-conicet.gov.ar\/en\/wp-json\/wp\/v2\/pages\/2658","targetHints":{"allow":["GET"]}}],"collection":[{"href":"http:\/\/www.cefobi-conicet.gov.ar\/en\/wp-json\/wp\/v2\/pages"}],"about":[{"href":"http:\/\/www.cefobi-conicet.gov.ar\/en\/wp-json\/wp\/v2\/types\/page"}],"author":[{"embeddable":true,"href":"http:\/\/www.cefobi-conicet.gov.ar\/en\/wp-json\/wp\/v2\/users\/5"}],"replies":[{"embeddable":true,"href":"http:\/\/www.cefobi-conicet.gov.ar\/en\/wp-json\/wp\/v2\/comments?post=2658"}],"version-history":[{"count":10,"href":"http:\/\/www.cefobi-conicet.gov.ar\/en\/wp-json\/wp\/v2\/pages\/2658\/revisions"}],"predecessor-version":[{"id":2670,"href":"http:\/\/www.cefobi-conicet.gov.ar\/en\/wp-json\/wp\/v2\/pages\/2658\/revisions\/2670"}],"wp:attachment":[{"href":"http:\/\/www.cefobi-conicet.gov.ar\/en\/wp-json\/wp\/v2\/media?parent=2658"}],"curies":[{"name":"wp","href":"https:\/\/api.w.org\/{rel}","templated":true}]}}