{"id":1071,"date":"2016-07-27T14:54:25","date_gmt":"2016-07-27T14:54:25","guid":{"rendered":"http:\/\/web2.rosario-conicet.gov.ar\/CEFOBIWP\/?page_id=1071"},"modified":"2016-09-13T17:58:15","modified_gmt":"2016-09-13T17:58:15","slug":"eficiencia-fotosintetica-y-uso-de-agua-2","status":"publish","type":"page","link":"http:\/\/www.cefobi-conicet.gov.ar\/en\/eficiencia-fotosintetica-y-uso-de-agua-2\/","title":{"rendered":"EFICIENCIA FOTOSINT\u00c9TICA Y USO DE AGUA"},"content":{"rendered":"<p align=\"justify\">Modificaci\u00f3n de la din\u00e1mica estom\u00e1tica y descarga de fotoasimilados al floema: impacto en la eficiencia fotosint\u00e9tica y uso del agua<\/p>\n<p align=\"justify\"><strong>Investigadores:<\/strong> Dr. Carlos S. Andreo, Dra. Mar\u00eda Fabiana Drincovich, Dra. Mar\u00eda Valeria Lara, Dra. Gabriela L. M\u00fcller<\/p>\n<p align=\"justify\"><strong>Becarios:<\/strong> Lic. Pablo Oitav\u00e9n<\/p>\n<p align=\"justify\"><strong>Colaboradores:<\/strong> Dra. Ver\u00f3nica G. Maurino (Universidad Heinrich Heine, Alemania)<\/p>\n<p align=\"justify\">La din\u00e1mica de la apertura y cierre estom\u00e1tico, que depende de la turgencia de las c\u00e9lulas de la guarda, controla el intercambio gaseoso y la transpiraci\u00f3n de las plantas, adem\u00e1s del ingreso de varios pat\u00f3genos. Por otro lado, la descarga de los productos de la fijaci\u00f3n fotosint\u00e9tica al floema desempe\u00f1a un papel fundamental en el movimiento de los fotoasimilados desde los \u00f3rganos fotosint\u00e9ticos (fuente) a los \u00f3rganos heter\u00f3trofos (sumidero) y, por lo tanto, coordina muchos aspectos del crecimiento y desarrollo de las plantas. A pesar de la reconocida importancia de estos dos procesos para la productividad y la eficiencia en el uso del agua de todas las especies vegetales, a\u00fan quedan varios aspectos bioqu\u00edmicos y moleculares acerca de su regulaci\u00f3n por dilucidar. En esta l\u00ednea de trabajo, se plantea modificar la din\u00e1mica estom\u00e1tica y la descarga de fotoasimilados al floema, mediante la expresi\u00f3n espec\u00edfica en c\u00e9lulas de la guarda y\/o c\u00e9lulas acompa\u00f1antes del floema, de una enzima capaz de modificar distintos par\u00e1metros bioqu\u00edmicos involucrados en la regulaci\u00f3n de estos procesos, como son el nivel de malato, di\u00f3xido de carbono, pH y\/o poder reductor. La enzima seleccionada es la enzima m\u00e1lica no fotosint\u00e9tica de ma\u00edz (ZmnonC4EM-NADP), la cual cataliza la decarboxilaci\u00f3n oxidativa e irreversible de malato, generando piruvato, CO2 y NADPH con alta eficiencia catal\u00edtica y, a diferencia de otras isoformas, sin regulaci\u00f3n alost\u00e9rica negativa. Estudios realizados en nuestro laboratorio han evidenciado que la expresi\u00f3n de ZmnonC4EM-NADP bajo el promotor canal de potasio 1 (KAT1) de <i>Arabidopsis thaliana<\/i> en <i>Nicotiana tabacum<\/i> (tabaco) resulta en l\u00edneas transg\u00e9nicas con una conductancia estom\u00e1tica disminuida y un aumento en el exporte de az\u00facares al floema desde los \u00f3rganos fuente, con claras diferencias fenot\u00edpicas en comparaci\u00f3n con las l\u00edneas salvajes; tales como, entre otras, mayor producci\u00f3n de biomasa en relaci\u00f3n al agua utilizada y floraci\u00f3n temprana. En esta l\u00ednea, se pretende avanzar en la caracterizaci\u00f3n fenot\u00edpica, bioqu\u00edmica y molecular de las l\u00edneas de tabaco obtenidas y generar l\u00edneas de <i>Solanum lycopersicum<\/i> (tomate), entre otras especies, con el fin\u00a0 de evaluar la transferencia de esta estrategia tecnol\u00f3gica a otras especies de inter\u00e9s agron\u00f3mico y evaluar el impacto en la producci\u00f3n y calidad de frutos.<\/p>\n<p align=\"justify\"><strong>Financiamiento:<\/strong><\/p>\n<p align=\"justify\">\u2022Modificaci\u00f3n de la din\u00e1mica estom\u00e1tica y descarga de fotoasimilados al floema en <i>Nicotiana tabacum<\/i> and <i>Solanum lycopersicum<\/i>: impacto en la eficiencia fotosint\u00e9tica y uso del agua PICT 2014 ANPCyT<\/p>\n<p align=\"justify\"><strong>Publicaciones destacadas:<\/strong><\/p>\n<p align=\"justify\">Patente: \u201cM\u00e9todo para inducir el crecimiento y\/o floraci\u00f3n temprana en plantas\u201d. Inventores: M\u00fcller G.L., Lara M.V., Maurino V.G., Drincovich M.F., Andreo C.S. Acta 090102898. Acuerdo de confidencialidad con la empresa Bayer BioScience N.V., Gent, B\u00e9lgica (CDA CONICET-BAYER BIOSCIENCE). Resoluci\u00f3n Directorio de CONICET RD3423.<\/p>","protected":false},"excerpt":{"rendered":"<p>Modificaci\u00f3n de la din\u00e1mica estom\u00e1tica y descarga de fotoasimilados al floema: impacto en la eficiencia fotosint\u00e9tica y uso del agua Investigadores: Dr. Carlos S. Andreo, Dra. Mar\u00eda Fabiana Drincovich, Dra. Mar\u00eda Valeria Lara, Dra. Gabriela L. M\u00fcller Becarios: Lic. Pablo &hellip; <a href=\"http:\/\/www.cefobi-conicet.gov.ar\/en\/eficiencia-fotosintetica-y-uso-de-agua-2\/\">Continued<\/a><\/p>","protected":false},"author":4,"featured_media":0,"parent":0,"menu_order":0,"comment_status":"closed","ping_status":"closed","template":"","meta":{"kt_blocks_editor_width":"","footnotes":""},"class_list":["post-1071","page","type-page","status-publish","hentry"],"_links":{"self":[{"href":"http:\/\/www.cefobi-conicet.gov.ar\/en\/wp-json\/wp\/v2\/pages\/1071","targetHints":{"allow":["GET"]}}],"collection":[{"href":"http:\/\/www.cefobi-conicet.gov.ar\/en\/wp-json\/wp\/v2\/pages"}],"about":[{"href":"http:\/\/www.cefobi-conicet.gov.ar\/en\/wp-json\/wp\/v2\/types\/page"}],"author":[{"embeddable":true,"href":"http:\/\/www.cefobi-conicet.gov.ar\/en\/wp-json\/wp\/v2\/users\/4"}],"replies":[{"embeddable":true,"href":"http:\/\/www.cefobi-conicet.gov.ar\/en\/wp-json\/wp\/v2\/comments?post=1071"}],"version-history":[{"count":2,"href":"http:\/\/www.cefobi-conicet.gov.ar\/en\/wp-json\/wp\/v2\/pages\/1071\/revisions"}],"predecessor-version":[{"id":1234,"href":"http:\/\/www.cefobi-conicet.gov.ar\/en\/wp-json\/wp\/v2\/pages\/1071\/revisions\/1234"}],"wp:attachment":[{"href":"http:\/\/www.cefobi-conicet.gov.ar\/en\/wp-json\/wp\/v2\/media?parent=1071"}],"curies":[{"name":"wp","href":"https:\/\/api.w.org\/{rel}","templated":true}]}}