{"id":1064,"date":"2016-07-27T14:42:33","date_gmt":"2016-07-27T14:42:33","guid":{"rendered":"http:\/\/web2.rosario-conicet.gov.ar\/CEFOBIWP\/?page_id=1064"},"modified":"2016-09-06T18:08:41","modified_gmt":"2016-09-06T18:08:41","slug":"detoxificacion-de-metales-2","status":"publish","type":"page","link":"http:\/\/www.cefobi-conicet.gov.ar\/en\/detoxificacion-de-metales-2\/","title":{"rendered":"DETOXIFICACI\u00d3N DE METALES"},"content":{"rendered":"<p>Detoxificaci\u00f3n de metales pesados a trav\u00e9s de bioprospecci\u00f3n con algas gen\u00e9ticamente modificadas<\/p>\n<p align=\"justify\">\n<strong>Investigadores:<\/strong> Dra. Mar\u00eda Ayel\u00e9n Pagani, Dra. Mar\u00eda Victoria Busi, Dr. Diego Gomez Casati, Dra. Mariana Mart\u00edn, Dra. Julieta Barchiesi<\/p>\n<p align=\"justify\">\n<strong>Becarios:<\/strong> Dra. Celeste Buchensky<\/p>\n<p align=\"justify\">\nLa contaminaci\u00f3n de suelos y aguas con metales pesados proviene mayoritariamente de actividades humanas, y es perjudicial para todos los seres vivos. La biorremediaci\u00f3n, que consiste en el uso de organismos o material biol\u00f3gico para la remoci\u00f3n de estos t\u00f3xicos, es una soluci\u00f3n efectiva, de bajo costo, y una buena alternativa a los m\u00e9todos tradicionales. En los \u00faltimos a\u00f1os se increment\u00f3 el inter\u00e9s mundial en el uso de biomasa de distintos or\u00edgenes para adsorber metales pesados. En este contexto, la tolerancia y acumulaci\u00f3n de metales por micro y macroalgas resulta de particular utilidad tanto en la protecci\u00f3n del medioambiente como en la recuperaci\u00f3n de metales preciosos y\/o estrat\u00e9gicos. Esta l\u00ednea de investigaci\u00f3n intenta optimizar el proceso a trav\u00e9s de distintas aproximaciones biotecnol\u00f3gicas. Dado que las especies que crecen en \u00e1reas contaminadas presentan mayor resistencia y capacidad de almacenamiento, el aislamiento y la caracterizaci\u00f3n de macroalgas de costas mar\u00edtimas contaminadas permitir\u00e1 en un futuro mejorar la eficiencia de remoci\u00f3n de metales. Asimismo, se buscan genes de resistencia a metales pesados en bibliotecas metagen\u00f3micas, a partir de los cuales se generan algas gen\u00e9ticamente modificadas (microalgas) con capacidad incrementada de detoxificaci\u00f3n de metales. Finalmente, se analiza la biomasa producida a partir de ellas (con o sin modificaciones qu\u00edmicas y f\u00edsicas) para remover iones met\u00e1licos de soluciones acuosas.<\/p>\n<p align=\"justify\">\n<strong>Financiamiento:<\/strong><\/p>\n<p align=\"justify\">\n\u2022Desarrollo de herramientas qu\u00edmicas y biol\u00f3gicas para el saneamiento y biorremediaci\u00f3n de suelos y aguas alterados por perforaciones petrol\u00edferas PIO CONICET-YPF 2015 INVESTIGADOR RESPONSABLE: Alberto A. Iglesias (IAL-CONICET-UNL)<\/p>\n<p align=\"justify\">\n\u2022Detoxificaci\u00f3n de metales pesados de aguas y efluentes PIP CONICET 2015 INVESTIGADOR RESPONSABLE: Diego Gomez Casati<\/p>\n<p align=\"justify\">\n\u2022Unidad de an\u00e1lisis elemental: laboratorio de espectrometr\u00eda de masas con plasma de acoplamiento inductivo (ICP-MS) ASACTeI 2015 DIRECTOR RESPONSABLE: Florencio E. Podest\u00e1<\/p>","protected":false},"excerpt":{"rendered":"<p>Detoxificaci\u00f3n de metales pesados a trav\u00e9s de bioprospecci\u00f3n con algas gen\u00e9ticamente modificadas Investigadores: Dra. Mar\u00eda Ayel\u00e9n Pagani, Dra. Mar\u00eda Victoria Busi, Dr. Diego Gomez Casati, Dra. Mariana Mart\u00edn, Dra. Julieta Barchiesi Becarios: Dra. Celeste Buchensky La contaminaci\u00f3n de suelos y &hellip; <a href=\"http:\/\/www.cefobi-conicet.gov.ar\/en\/detoxificacion-de-metales-2\/\">Continued<\/a><\/p>","protected":false},"author":4,"featured_media":0,"parent":0,"menu_order":0,"comment_status":"closed","ping_status":"closed","template":"","meta":{"kt_blocks_editor_width":"","footnotes":""},"class_list":["post-1064","page","type-page","status-publish","hentry"],"_links":{"self":[{"href":"http:\/\/www.cefobi-conicet.gov.ar\/en\/wp-json\/wp\/v2\/pages\/1064","targetHints":{"allow":["GET"]}}],"collection":[{"href":"http:\/\/www.cefobi-conicet.gov.ar\/en\/wp-json\/wp\/v2\/pages"}],"about":[{"href":"http:\/\/www.cefobi-conicet.gov.ar\/en\/wp-json\/wp\/v2\/types\/page"}],"author":[{"embeddable":true,"href":"http:\/\/www.cefobi-conicet.gov.ar\/en\/wp-json\/wp\/v2\/users\/4"}],"replies":[{"embeddable":true,"href":"http:\/\/www.cefobi-conicet.gov.ar\/en\/wp-json\/wp\/v2\/comments?post=1064"}],"version-history":[{"count":2,"href":"http:\/\/www.cefobi-conicet.gov.ar\/en\/wp-json\/wp\/v2\/pages\/1064\/revisions"}],"predecessor-version":[{"id":1232,"href":"http:\/\/www.cefobi-conicet.gov.ar\/en\/wp-json\/wp\/v2\/pages\/1064\/revisions\/1232"}],"wp:attachment":[{"href":"http:\/\/www.cefobi-conicet.gov.ar\/en\/wp-json\/wp\/v2\/media?parent=1064"}],"curies":[{"name":"wp","href":"https:\/\/api.w.org\/{rel}","templated":true}]}}