{"id":1028,"date":"2016-07-27T14:16:56","date_gmt":"2016-07-27T14:16:56","guid":{"rendered":"http:\/\/web2.rosario-conicet.gov.ar\/CEFOBIWP\/?page_id=1028"},"modified":"2016-09-12T16:51:54","modified_gmt":"2016-09-12T16:51:54","slug":"proteinas-ribosomales-rpl10-2","status":"publish","type":"page","link":"http:\/\/www.cefobi-conicet.gov.ar\/en\/proteinas-ribosomales-rpl10-2\/","title":{"rendered":"PROTE\u00cdNAS RIBOSOMALES RPL10"},"content":{"rendered":"<p align=\"justify\">Roles diferenciales de las prote\u00ednas ribosomales bifuncionales RPL10 de <em>Arabidopsis thaliana<\/em>. Participaci\u00f3n en el desarrollo y en los mecanismos de respuesta al estr\u00e9s<\/p>\n<p align=\"justify\"><strong>Investigadores:<\/strong> Dra. Mar\u00eda Lorena Falcone Ferreyra, Dra. Paula Casati<\/p>\n<p align=\"justify\">En eucariotas, el ribosoma citos\u00f3lico est\u00e1 constituido por la subunidad grande 60S y la subunidad peque\u00f1a 40S. En <i>Arabidopsis thaliana<\/i>, genes codificantes para prote\u00ednas ribosomales existen como familias compuestas de dos a siete miembros, los cuales ser\u00edan incorporados diferencialmente en los ribosomas citos\u00f3licos bajo situaciones espec\u00edficas conduciendo a una poblaci\u00f3n heterog\u00e9nea de ribosomas. Es interesante el hecho que plantas mutantes de Arabidopsis en genes codificantes para prote\u00ednas ribosomales exhiben una amplia escala de fenotipos de desarrollo con anomal\u00edas extremas incluyendo embri\u00f3n letal, lo que sugiere que los ribosomas tendr\u00edan tambi\u00e9n funciones espec\u00edficas regulando la expresi\u00f3n de genes involucrados en el desarrollo. La prote\u00edna RPL10 es un factor clave en la uni\u00f3n de las subunidades 40S y 60S de los ribosomas citos\u00f3licos, no obstante, desempe\u00f1a funciones extra-ribosomales en diferentes organismos. <i>Arabidopsis thaliana<\/i> posee tres genes codificantes para RPL10 (RPL10A-C). Hemos demostrado que los genes RPL10 no son funcionalmente equivalentes, y est\u00e1n involucrados en el desarrollo y traducci\u00f3n bajo estr\u00e9s por UV-B. M\u00e1s aun, diversas evidencias sugieren que RPL10 podr\u00eda tener funciones extra-ribosomales en el n\u00facleo, por ejemplo en respuesta a la exposici\u00f3n por UV-B. En resumen, antecedentes sustanciales proveen evidencias acerca de roles no redundantes para las prote\u00ednas RPL10 en Arabidopsis conduciendo a nuestro inter\u00e9s en investigar en profundidad su participaci\u00f3n en procesos fisiol\u00f3gicos de la planta, en los mecanismos de respuesta frente a distintos tipos de estr\u00e9s as\u00ed como tambi\u00e9n dilucidar posibles funciones extra-ribosomales adem\u00e1s de la participaci\u00f3n en el proceso de traducci\u00f3n. A largo plazo, es nuestro deseo generar nuevas herramientas extrapolables a especies de inter\u00e9s agron\u00f3mico con el fin de incrementar la productividad y tolerancia a diferentes tipos de estr\u00e9s presentes en sus h\u00e1bitats naturales.<\/p>\n<p align=\"justify\"><strong>Financiamiento:<\/strong><\/p>\n<p align=\"justify\">\u2022Mecanismos moleculares que participan en la inhibici\u00f3n del crecimiento de las plantas por la radiaci\u00f3n UV-B PICT 2015 ANPCyT INVESTIGADOR RESPONSABLE: Paula Casati<\/p>\n<p align=\"justify\">\u2022Caracterizaci\u00f3n funcional de genes involucrados en la v\u00eda de los flavonoides en ma\u00edz: s\u00edntesis de C-glicosil flavonas y flavonoides O-glic\u00f3sidos PICT 2013 INVESTIGADOR RESPONSABLE: Mar\u00eda Lorena Falcone Ferreyra<\/p>\n<p align=\"justify\"><strong>Publicaciones destacadas:<\/strong><\/p>\n<p align=\"justify\">Falcone Ferreyra M.L., Casadevall R., D&#8217;Andrea L., AbdElgawad H., Beemster G.T., Casati P. (2016) AtPDCD5 plays a role in programmed cell death after UV-B exposure in Arabidopsis. Plant Physiology, 170: 2444-2460.<\/p>\n<p align=\"justify\">Falcone Ferreyra M.L., Casadevall R., Luciani M.D., Pezza A., Casati P (2013) Differential contribution of <i>Arabidopsis thaliana<\/i> L10 ribosomal proteins in plant viability and UV-B response. Plant Physiology, 163: 378-391.<\/p>\n<p align=\"justify\">Falcone Ferreyra M.L., Biarc J., Burlingame A.L., Casati P. (2010) Arabidopsis L10 ribosomal proteins in UV-B responses. Plant Signaling and Behavior, 5: 1222-1225.<\/p>\n<p align=\"justify\">Falcone Ferreyra M.L., Pezza A., Biarc J., Burlingame A.L., Casati P. (2010) Plant L10 ribosomal proteins have different roles during development and translation under UV-B stress. Plant Physiology, 153: 1878-1894.<\/p>","protected":false},"excerpt":{"rendered":"<p>Roles diferenciales de las prote\u00ednas ribosomales bifuncionales RPL10 de Arabidopsis thaliana. Participaci\u00f3n en el desarrollo y en los mecanismos de respuesta al estr\u00e9s Investigadores: Dra. Mar\u00eda Lorena Falcone Ferreyra, Dra. Paula Casati En eucariotas, el ribosoma citos\u00f3lico est\u00e1 constituido por &hellip; <a href=\"http:\/\/www.cefobi-conicet.gov.ar\/en\/proteinas-ribosomales-rpl10-2\/\">Continued<\/a><\/p>","protected":false},"author":4,"featured_media":0,"parent":0,"menu_order":0,"comment_status":"closed","ping_status":"closed","template":"","meta":{"kt_blocks_editor_width":"","footnotes":""},"class_list":["post-1028","page","type-page","status-publish","hentry"],"_links":{"self":[{"href":"http:\/\/www.cefobi-conicet.gov.ar\/en\/wp-json\/wp\/v2\/pages\/1028","targetHints":{"allow":["GET"]}}],"collection":[{"href":"http:\/\/www.cefobi-conicet.gov.ar\/en\/wp-json\/wp\/v2\/pages"}],"about":[{"href":"http:\/\/www.cefobi-conicet.gov.ar\/en\/wp-json\/wp\/v2\/types\/page"}],"author":[{"embeddable":true,"href":"http:\/\/www.cefobi-conicet.gov.ar\/en\/wp-json\/wp\/v2\/users\/4"}],"replies":[{"embeddable":true,"href":"http:\/\/www.cefobi-conicet.gov.ar\/en\/wp-json\/wp\/v2\/comments?post=1028"}],"version-history":[{"count":3,"href":"http:\/\/www.cefobi-conicet.gov.ar\/en\/wp-json\/wp\/v2\/pages\/1028\/revisions"}],"predecessor-version":[{"id":1255,"href":"http:\/\/www.cefobi-conicet.gov.ar\/en\/wp-json\/wp\/v2\/pages\/1028\/revisions\/1255"}],"wp:attachment":[{"href":"http:\/\/www.cefobi-conicet.gov.ar\/en\/wp-json\/wp\/v2\/media?parent=1028"}],"curies":[{"name":"wp","href":"https:\/\/api.w.org\/{rel}","templated":true}]}}